{"id":31610,"date":"2026-03-18T14:15:01","date_gmt":"2026-03-18T14:15:01","guid":{"rendered":"https:\/\/soydeaqui.ddns.net\/pachuca\/index.php\/producto\/software-de-administracion-de-acceso-para-lectores-suprema-licencia-enterprise-1000-puertas\/"},"modified":"2026-03-18T14:15:02","modified_gmt":"2026-03-18T14:15:02","slug":"software-de-administracion-de-acceso-para-lectores-suprema-licencia-enterprise-1000-puertas","status":"publish","type":"product","link":"https:\/\/soydeaqui.ddns.net\/pachuca\/index.php\/producto\/software-de-administracion-de-acceso-para-lectores-suprema-licencia-enterprise-1000-puertas\/","title":{"rendered":"Software de Administraci\u00f3n de Acceso, para Lectores SUPREMA, Licencia  Enterprise, 1,000 puertas"},"content":{"rendered":"<div style='width: 100%; max-width: 1200px; margin: 0 auto; font-family: sans-serif; line-height: 1.6; color: inherit; background-color: transparent;'> <!-- Aviso importante --> <\/p>\n<div style='margin-bottom: 30px; padding: 20px; border-left: 4px solid #e74c3c; background-color: rgba(231&comma;76&comma;60&comma;0.05);'>\n<h3 style='color: #e74c3c; margin-top: 0; font-size: 18px; border-bottom: 2px solid currentColor; padding-bottom: 5px; opacity: 0.9;'>AVISO IMPORTANTE<\/h3>\n<ul style='padding-left: 20px; font-size: 14px; color: inherit;'>\n<li style='margin-bottom: 5px;'><strong>BIOSTAR 2 llega a su fin de Venta hasta el 31 de MARZO del 2026<\/strong>&comma; la nueva versi\u00f3n de software es Biostar X<\/li>\n<li style='margin-bottom: 5px;'><strong>BIOSTAR 2<\/strong> se seguir\u00e1 soportando para actualizaciones hasta marzo 31 del 2029<\/li>\n<li style='margin-bottom: 5px;'><strong>Migraci\u00f3n gratuita en mismo nivel entre BioStar 2 a BioStar X hasta el 31 de Marzo del 2026<\/strong><\/li>\n<\/ul><\/div>\n<p> <!-- Imagen principal --> <\/p>\n<div style='margin-bottom: 30px;'> <img style='width: 100%; height: auto; border: 1px solid rgba(150&comma;150&comma;150&comma;0.3); border-radius: 8px;' src='http:\/\/ftp3.syscom.mx\/usuarios\/gjimenez\/SUPREMA\/PRESENTACIONES\/ppal%20biostar%202.jpg' alt='biostar 2'> <\/div>\n<p> <!-- Descripci\u00f3n --> <\/p>\n<div style='margin-bottom: 30px;'>\n<h2 style='font-size: 22px; margin-top: 0; color: inherit; opacity: 0.8;'>BioStar 2<\/h2>\n<p style='font-size: 15px; color: inherit;'>BioStar 2 es una plataforma de seguridad integrada&comma; basada en web y abierta&comma; que provee funcionalidad exhaustiva para control de acceso&comma; tiempo &#038; asistencia&comma; gesti\u00f3n de visitantes y registros de video. Encripta todos los datos personales disponibles y soporta ambos SDK y API web para integrar BioStar 2 con software de terceros. Adem\u00e1s&comma; los usuarios pueden controlar la plataforma BioStar 2 de forma remota con la aplicaci\u00f3n m\u00f3vil para BioStar 2 y administrar el acceso a sitios con una tarjeta de acceso m\u00f3vil.<\/p>\n<\/p><\/div>\n<p> <!-- Im\u00e1genes adicionales --> <\/p>\n<div style='display: flex; flex-wrap: wrap; gap: 20px; margin-bottom: 30px;'>\n<div style='flex: 1 1 300px; min-width: 280px;'> <img style='width: 100%; height: auto; border: 1px solid rgba(150&comma;150&comma;150&comma;0.3); border-radius: 8px;' src='http:\/\/ftp3.syscom.mx\/usuarios\/gjimenez\/SUPREMA\/VIDEOS\/biostar2%20imagen%201.jpg' alt=''> <\/div>\n<div style='flex: 1 1 300px; min-width: 280px;'> <img style='width: 100%; height: auto; border: 1px solid rgba(150&comma;150&comma;150&comma;0.3); border-radius: 8px;' src='http:\/\/ftp3.syscom.mx\/usuarios\/gjimenez\/SUPREMA\/VIDEOS\/biostar2%20imagen%202.jpg' alt=''> <\/div>\n<div style='flex: 1 1 300px; min-width: 280px;'> <img style='width: 100%; height: auto; border: 1px solid rgba(150&comma;150&comma;150&comma;0.3); border-radius: 8px;' src='http:\/\/ftp3.syscom.mx\/usuarios\/gjimenez\/SUPREMA\/VIDEOS\/biostar2%20imagen%203.jpg' alt=''> <\/div>\n<div style='flex: 1 1 300px; min-width: 280px;'> <img style='width: 100%; height: auto; border: 1px solid rgba(150&comma;150&comma;150&comma;0.3); border-radius: 8px;' src='http:\/\/ftp3.syscom.mx\/usuarios\/gjimenez\/SUPREMA\/VIDEOS\/licencias%20biostar2%20act%20oct%202021.jpg' alt='licencias'> <\/div>\n<\/p><\/div>\n<p> <!-- Tabla de licencias de tiempo y asistencia --> <\/p>\n<div style='margin-bottom: 30px;'>\n<h3 style='font-size: 18px; margin-top: 0; color: inherit; opacity: 0.8;'>Licencias de Administraci\u00f3n de Tiempo y Asistencia<\/h3>\n<div style='overflow-x: auto; margin-top: 15px;'>\n<table style='width: 100%; border-collapse: collapse; margin-top: 15px; color: inherit;'>\n<thead style='background-color: #f5f5f5;'>\n<tr>\n<th style='padding: 12px; border: 1px solid rgba(150&comma;150&comma;150&comma;0.3); text-align: center; width: 30%;'> <\/th>\n<th style='padding: 12px; border: 1px solid rgba(150&comma;150&comma;150&comma;0.3); text-align: center; width: 17%;'>Inicial<br \/><span style='font-size: 12px;'>(gratis)<\/span><\/th>\n<th style='padding: 12px; border: 1px solid rgba(150&comma;150&comma;150&comma;0.3); text-align: center; width: 17%;'>BIOSTAR2TASTD<br \/><span style='font-size: 12px;'>(Est\u00e1ndar)<\/span><\/th>\n<th style='padding: 12px; border: 1px solid rgba(150&comma;150&comma;150&comma;0.3); text-align: center; width: 17%;'>BIOSTAR2TAADV<br \/><span style='font-size: 12px;'>(Avanzado)<\/span><\/th>\n<th style='padding: 12px; border: 1px solid rgba(150&comma;150&comma;150&comma;0.3); text-align: center; width: 17%;'>BIOSTAR2TAPRO<br \/><span style='font-size: 12px;'>(Profesional)<\/span><\/th>\n<\/tr>\n<\/thead>\n<tbody>\n<tr>\n<th style='padding: 12px; border: 1px solid rgba(150&comma;150&comma;150&comma;0.3); text-align: center; background-color: #f5f5f5;'>No. de Usuarios<\/th>\n<td style='padding: 12px; border: 1px solid rgba(150&comma;150&comma;150&comma;0.3); text-align: center;'>100<\/td>\n<td style='padding: 12px; border: 1px solid rgba(150&comma;150&comma;150&comma;0.3); text-align: center;'>500<\/td>\n<td style='padding: 12px; border: 1px solid rgba(150&comma;150&comma;150&comma;0.3); text-align: center;'>1&comma;000<\/td>\n<td style='padding: 12px; border: 1px solid rgba(150&comma;150&comma;150&comma;0.3); text-align: center;'>Ilimitada<\/td>\n<\/tr>\n<\/tbody>\n<\/table><\/div>\n<\/p><\/div>\n<p> <!-- Tabla de licencias de video --> <\/p>\n<div style='margin-bottom: 30px;'>\n<h3 style='font-size: 18px; margin-top: 0; color: inherit; opacity: 0.8;'>Licencias de registro de video<\/h3>\n<div style='overflow-x: auto; margin-top: 15px;'>\n<table style='width: 100%; border-collapse: collapse; margin-top: 15px; color: inherit;'>\n<thead style='background-color: #f5f5f5;'>\n<tr>\n<th style='padding: 12px; border: 1px solid rgba(150&comma;150&comma;150&comma;0.3); text-align: center; width: 30%;'> <\/th>\n<th style='padding: 12px; border: 1px solid rgba(150&comma;150&comma;150&comma;0.3); text-align: center; width: 35%;'>Inicial<br \/><span style='font-size: 12px;'>(gratis)<\/span><\/th>\n<th style='padding: 12px; border: 1px solid rgba(150&comma;150&comma;150&comma;0.3); text-align: center; width: 35%;'>BIOSTAR2VID<br \/><span style='font-size: 12px;'>(Licencia de video)<\/span><\/th>\n<\/tr>\n<\/thead>\n<tbody>\n<tr>\n<th style='padding: 12px; border: 1px solid rgba(150&comma;150&comma;150&comma;0.3); text-align: center; background-color: #f5f5f5;'>Registros de video<\/th>\n<td style='padding: 12px; border: 1px solid rgba(150&comma;150&comma;150&comma;0.3); text-align: center;'>&#8211;<\/td>\n<td style='padding: 12px; border: 1px solid rgba(150&comma;150&comma;150&comma;0.3); text-align: center;'>\u25cf<\/td>\n<\/tr>\n<\/tbody>\n<\/table><\/div>\n<\/p><\/div>\n<p> <!-- Tabla de licencias de visitantes --> <\/p>\n<div style='margin-bottom: 30px;'>\n<h3 style='font-size: 18px; margin-top: 0; color: inherit; opacity: 0.8;'>Licencia de Gesti\u00f3n de Visitantes<\/h3>\n<div style='overflow-x: auto; margin-top: 15px;'>\n<table style='width: 100%; border-collapse: collapse; margin-top: 15px; color: inherit;'>\n<thead style='background-color: #f5f5f5;'>\n<tr>\n<th style='padding: 12px; border: 1px solid rgba(150&comma;150&comma;150&comma;0.3); text-align: center; width: 30%;'> <\/th>\n<th style='padding: 12px; border: 1px solid rgba(150&comma;150&comma;150&comma;0.3); text-align: center; width: 35%;'>Inicial<br \/><span style='font-size: 12px;'>(gratis)<\/span><\/th>\n<th style='padding: 12px; border: 1px solid rgba(150&comma;150&comma;150&comma;0.3); text-align: center; width: 35%;'>BIOSTAR2VISITOR<br \/><span style='font-size: 12px;'>(Licencia de Visitantes)<\/span><\/th>\n<\/tr>\n<\/thead>\n<tbody>\n<tr>\n<th style='padding: 12px; border: 1px solid rgba(150&comma;150&comma;150&comma;0.3); text-align: center; background-color: #f5f5f5;'>Gesti\u00f3n de Visitantes<\/th>\n<td style='padding: 12px; border: 1px solid rgba(150&comma;150&comma;150&comma;0.3); text-align: center;'>&#8211;<\/td>\n<td style='padding: 12px; border: 1px solid rgba(150&comma;150&comma;150&comma;0.3); text-align: center;'>\u25cf<\/td>\n<\/tr>\n<\/tbody>\n<\/table><\/div>\n<\/p><\/div>\n<p> <!-- Videos --> <\/p>\n<div style='margin-bottom: 30px;'>\n<h3 style='font-size: 18px; margin-top: 0; color: inherit; opacity: 0.8;'>Sencilla interface de uso de BIOSTAR<\/h3>\n<div style='display: flex; flex-wrap: wrap; gap: 20px; margin-top: 15px;'>\n<div style='flex: 1 1 560px; min-width: 300px;'>\n<div style='position: relative; padding-bottom: 56.25%; height: 0; overflow: hidden;'>   <\/div>\n<\/p><\/div>\n<div style='flex: 1 1 560px; min-width: 300px;'>\n<div style='position: relative; padding-bottom: 56.25%; height: 0; overflow: hidden;'>   <\/div>\n<\/p><\/div>\n<\/p><\/div>\n<\/p><\/div>\n<p> <!-- Aviso final --> <\/p>\n<div style='margin-bottom: 30px; padding: 20px; border-left: 4px solid #e74c3c; background-color: rgba(231&comma;76&comma;60&comma;0.05);'>\n<p style='margin: 0; padding: 0; font-size: 14px; color: inherit;'> <strong style='color: #2880b9;'>AVISO.-<\/strong> Las credenciales m\u00f3viles utilizan la plataforma MOCAINC y ahora es posible adquirir credenciales m\u00f3viles bajo demanda&comma; no hay m\u00ednimo ni paquetes&comma; usted adquiere seg\u00fan la cantidad que necesite. Cada credencial m\u00f3vil se solicita como MOBILEACCESSCREDIT <\/p>\n<\/p><\/div>\n<p> <!-- Aviso final duplicado --> <\/p>\n<div style='margin-bottom: 30px; padding: 20px; border-left: 4px solid #e74c3c; background-color: rgba(231&comma;76&comma;60&comma;0.05);'>\n<h3 style='color: #e74c3c; margin-top: 0; font-size: 18px; border-bottom: 2px solid currentColor; padding-bottom: 5px; opacity: 0.9;'>AVISO IMPORTANTE<\/h3>\n<ul style='padding-left: 20px; font-size: 14px; color: inherit;'>\n<li style='margin-bottom: 5px;'><strong>BIOSTAR 2 llega a su fin de Venta hasta el 31 de MARZO del 2026<\/strong>&comma; la nueva versi\u00f3n de software es Biostar X<\/li>\n<li style='margin-bottom: 5px;'><strong>BIOSTAR 2<\/strong> se seguir\u00e1 soportando para actualizaciones hasta marzo 31 del 2029<\/li>\n<li style='margin-bottom: 5px;'><strong>Migraci\u00f3n gratuita en mismo nivel entre BioStar 2 a BioStar X hasta el 31 de Marzo del 2026<\/strong><\/li>\n<\/ul><\/div>\n<\/p><\/div>\n","protected":false},"excerpt":{"rendered":"<p>Software de Administraci\u00f3n de Acceso, para Lectores SUPREMA, Licencia  Enterprise, 1,000 puertas<\/p>\n","protected":false},"featured_media":31609,"comment_status":"open","ping_status":"closed","template":"","meta":[],"product_brand":[],"product_cat":[743],"product_tag":[744,745,798],"class_list":{"0":"post-31610","1":"product","2":"type-product","3":"status-publish","4":"has-post-thumbnail","6":"product_cat-para-tiempo-y-asistencia-checadores","7":"product_tag-biometricos","8":"product_tag-para-tiempo-y-asistencia-checadores","9":"product_tag-suprema","11":"first","12":"outofstock","13":"sale","14":"shipping-taxable","15":"purchasable","16":"product-type-simple"},"_links":{"self":[{"href":"https:\/\/soydeaqui.ddns.net\/pachuca\/index.php\/wp-json\/wp\/v2\/product\/31610","targetHints":{"allow":["GET"]}}],"collection":[{"href":"https:\/\/soydeaqui.ddns.net\/pachuca\/index.php\/wp-json\/wp\/v2\/product"}],"about":[{"href":"https:\/\/soydeaqui.ddns.net\/pachuca\/index.php\/wp-json\/wp\/v2\/types\/product"}],"replies":[{"embeddable":true,"href":"https:\/\/soydeaqui.ddns.net\/pachuca\/index.php\/wp-json\/wp\/v2\/comments?post=31610"}],"wp:featuredmedia":[{"embeddable":true,"href":"https:\/\/soydeaqui.ddns.net\/pachuca\/index.php\/wp-json\/wp\/v2\/media\/31609"}],"wp:attachment":[{"href":"https:\/\/soydeaqui.ddns.net\/pachuca\/index.php\/wp-json\/wp\/v2\/media?parent=31610"}],"wp:term":[{"taxonomy":"product_brand","embeddable":true,"href":"https:\/\/soydeaqui.ddns.net\/pachuca\/index.php\/wp-json\/wp\/v2\/product_brand?post=31610"},{"taxonomy":"product_cat","embeddable":true,"href":"https:\/\/soydeaqui.ddns.net\/pachuca\/index.php\/wp-json\/wp\/v2\/product_cat?post=31610"},{"taxonomy":"product_tag","embeddable":true,"href":"https:\/\/soydeaqui.ddns.net\/pachuca\/index.php\/wp-json\/wp\/v2\/product_tag?post=31610"}],"curies":[{"name":"wp","href":"https:\/\/api.w.org\/{rel}","templated":true}]}}