{"id":31603,"date":"2026-03-18T14:14:49","date_gmt":"2026-03-18T14:14:49","guid":{"rendered":"https:\/\/soydeaqui.ddns.net\/pachuca\/index.php\/producto\/lector-de-huella-ip67-con-teclado-y-lector-de-tarjetas-rfidnfc-y-125khz-em-hid-prox-13-56mhz-mifare-mifare-plus-desfire-ev1-felica-iclass-se-srnfc-y-bluetooth-uso-para-control-de-acceso-y-a\/"},"modified":"2026-03-18T14:14:56","modified_gmt":"2026-03-18T14:14:56","slug":"lector-de-huella-ip67-con-teclado-y-lector-de-tarjetas-rfidnfc-y-125khz-em-hid-prox-13-56mhz-mifare-mifare-plus-desfire-ev1-felica-iclass-se-srnfc-y-bluetooth-uso-para-control-de-acceso-y-a","status":"publish","type":"product","link":"https:\/\/soydeaqui.ddns.net\/pachuca\/index.php\/producto\/lector-de-huella-ip67-con-teclado-y-lector-de-tarjetas-rfidnfc-y-125khz-em-hid-prox-13-56mhz-mifare-mifare-plus-desfire-ev1-felica-iclass-se-srnfc-y-bluetooth-uso-para-control-de-acceso-y-a\/","title":{"rendered":"Lector de Huella IP67 Con Teclado y Lector de Tarjetas RFIDNFC y  (125kHz EM, HID Prox &#038;13.56Mhz MIFARE, MIFARE Plus, DESFire\/EV1, FeliCa, iCLASS SE\/SR),NFC y BLUETOOTH, Uso para Control de Acceso y Asistencia"},"content":{"rendered":"<div style='width: 100%; max-width: 1200px; margin: 0 auto; font-family: sans-serif; line-height: 1.6; color: inherit; background-color: transparent;'>\n<div style='width: 100%; background: linear-gradient(to bottom&comma; #ffffff 0%&comma; #8f0047 100%); padding: 20px; border-radius: 8px; margin-bottom: 30px;'>\n<div style='text-align: center;'> <img style='width: auto; max-width: 100%; height: auto; margin-bottom: 2px;' src='https:\/\/www.germanprotect.com\/media\/catalog\/brand\/cache\/icon\/475x200\/s\/u\/suprema_logo_basic_1.png' alt='Logo Suprema'> <\/div>\n<h2 style='font-size: 24px; color: inherit; margin: 20px 0; text-align: center;'><strong>BioLite N2 Bluetooth y NFC<\/strong><\/h2>\n<p style='text-align: center; font-size: 16px; color: inherit;'>Terminal de Huella IP67 Para exterior Control de Accesos y Asistencias<\/p>\n<\/p><\/div>\n<div style='display: flex; flex-wrap: wrap; gap: 30px; margin-bottom: 30px;'>\n<div style='flex: 1 1 300px; min-width: 280px;'>\n<div style='border-left: 5px solid #7e0548; border-radius: 5px; padding: 15px; box-shadow: 2px 2px 10px rgba(216&comma; 216&comma; 216&comma; 0.5); margin-bottom: 20px;'>\n<p style='margin: 0; color: inherit;'>Suprema&comma; uno de los principales l\u00edderes biom\u00e9tricos en seguridad tecnol\u00f3gica&comma; presenta uno de los mejores algoritmos biom\u00e9tricos con una ingenier\u00eda superior. Se encuentra constantemente desarrollando y produciendo productos l\u00edderes en la industria&comma; extendiendo su portafolio de productos de control de acceso y tiempo y asistencia en todo el mundo.<\/p>\n<\/p><\/div>\n<\/p><\/div>\n<div style='flex: 1 1 300px; min-width: 280px;'>\n<div style='border-left: 5px solid #7e0548; border-radius: 5px; padding: 15px; box-shadow: 2px 2px 10px rgba(216&comma; 216&comma; 216&comma; 0.5); margin-bottom: 20px;'>\n<h3 style='font-size: 20px; margin-top: 0; margin-bottom: 15px; color: inherit;'><strong>Caracter\u00edsticas F\u00edsicas y El\u00e9ctricas:<\/strong><\/h3>\n<ul style='padding-left: 20px; font-size: 15px; color: inherit; list-style-position: inside;'>\n<li style='margin-bottom: 8px;'>Pantalla: 1.77\u201d TFT LCD.<\/li>\n<li style='margin-bottom: 8px;'>Comunicaci\u00f3n: TCP\/IP.<\/li>\n<li style='margin-bottom: 8px;'>Interfaz RS-485 para comunicaci\u00f3n o m\u00f3dulo esclavo SIO2.<\/li>\n<li style='margin-bottom: 8px;'>Salida de relevador.<\/li>\n<li style='margin-bottom: 8px;'>Wiegand: entrada y salida. (seleccionable)<\/li>\n<li style='margin-bottom: 8px;'>Certificados: CE&comma; FCC&comma; KC&comma; RoHS&comma; REACH&comma; WEE.<\/li>\n<li style='margin-bottom: 8px;'>Alimentaci\u00f3n: 12 Vcc&comma; 1 A. (fuente no incluida)<\/li>\n<li style='margin-bottom: 8px;'>Dimensiones: 155 x 155 x 40 mm.<\/li>\n<\/ul><\/div>\n<\/p><\/div>\n<div style='flex: 1 1 300px; min-width: 280px;'>\n<div style='border-left: 5px solid #7e0548; border-radius: 5px; padding: 15px; box-shadow: 2px 2px 10px rgba(216&comma; 216&comma; 216&comma; 0.5); margin-bottom: 20px;'>\n<h3 style='font-size: 20px; margin-top: 0; margin-bottom: 15px; color: inherit;'><strong>Usuarios:<\/strong><\/h3>\n<ul style='padding-left: 20px; font-size: 15px; color: inherit; list-style-position: inside;'>\n<li style='margin-bottom: 8px;'>Usuarios (1:1) 10&comma;000.<\/li>\n<li style='margin-bottom: 8px;'>Usuarios (1:N) 10&comma;000.<\/li>\n<li style='margin-bottom: 8px;'>Plantillas (huellas) (1:1) 20&comma;000.<\/li>\n<li style='margin-bottom: 8px;'>Plantillas (huellas) (1:N) 20&comma;000.<\/li>\n<li style='margin-bottom: 8px;'>Eventos: 1 000 000.<\/li>\n<\/ul><\/div>\n<\/p><\/div>\n<div style='flex: 1 1 300px; min-width: 280px;'>\n<div style='border-left: 5px solid #7e0548; border-radius: 5px; padding: 15px; box-shadow: 2px 2px 10px rgba(216&comma; 216&comma; 216&comma; 0.5);'>\n<h3 style='font-size: 20px; margin-top: 0; margin-bottom: 15px; color: inherit;'><strong>Notas:<\/strong><\/h3>\n<ul style='padding-left: 20px; font-size: 15px; color: inherit; list-style-position: inside;'>\n<li style='margin-bottom: 8px;'>BLN2OAB Con Teclado y Lector de Tarjetas RFIDNFC y (125kHz EM&comma; HID Prox &#038;13.56Mhz MIFARE&comma; MIFARE Plus&comma; DESFire\/EV1&comma; FeliCa&comma; iCLASS SE\/SR)&comma; NFC y BLUETOOTH.<\/li>\n<li style='margin-bottom: 8px;'>Requiere de software BIOSTAR2 2.6 o superior (no incluido)<\/li>\n<\/ul><\/div>\n<\/p><\/div>\n<\/p><\/div>\n<div style='display: grid; grid-template-columns: repeat(auto-fill&comma; minmax(280px&comma; 1fr)); gap: 30px; margin-bottom: 30px;'>\n<div style='width: 100%;'> <img style='width: 100%; height: auto; border: 1px solid rgba(150&comma;150&comma;150&comma;0.3); border-radius: 8px;' src='https:\/\/ftp3.syscom.mx\/usuarios\/fotos\/BLN2ODB\/159169-identificacion1.png' alt=''> <\/div>\n<div style='width: 100%;'> <img style='width: 100%; height: auto; border: 1px solid rgba(150&comma;150&comma;150&comma;0.3); border-radius: 8px;' src='https:\/\/ftp3.syscom.mx\/usuarios\/fotos\/BLN2ODB\/159169-interfaz1.png' alt=''> <\/div>\n<div style='width: 100%;'> <img style='width: 100%; height: auto; border: 1px solid rgba(150&comma;150&comma;150&comma;0.3); border-radius: 8px;' src='https:\/\/ftp3.syscom.mx\/usuarios\/fotos\/BLN2ODB\/159169-ip67.1.png' alt=''> <\/div>\n<div style='width: 100%;'> <img style='width: 100%; height: auto; border: 1px solid rgba(150&comma;150&comma;150&comma;0.3); border-radius: 8px;' src='https:\/\/ftp3.syscom.mx\/usuarios\/fotos\/BLN2ODB\/159169-tarjetas1.png' alt=''> <\/div>\n<\/p><\/div>\n<div style='margin-bottom: 30px;'>\n<div style='position: relative; padding-bottom: 56.25%; height: 0; overflow: hidden;'>   <\/div>\n<\/p><\/div>\n<div style='text-align: center; margin-top: 40px; padding: 20px; border-top: 1px solid rgba(150&comma;150&comma;150&comma;0.3);'>\n<h2 style='font-size: 20px; margin-bottom: 15px; color: inherit;'>Visite nuestra Base de conocimiento de<\/h2>\n<h1 style='margin: 0;'> <a href='http:\/\/conocimiento.syscom.mx\/article-category\/suprema\/' style='color: inherit; text-decoration: none; font-size: 24px; font-weight: bold;'>SUPREMA<\/a> <\/h1>\n<\/p><\/div>\n<\/p><\/div>\n","protected":false},"excerpt":{"rendered":"<p>Lector de Huella IP67 Con Teclado y Lector de Tarjetas RFIDNFC y  (125kHz EM, HID Prox &#038;13.56Mhz MIFARE, MIFARE Plus, DESFire\/EV1, FeliCa, iCLASS SE\/SR),NFC y BLUETOOTH, Uso para Control de Acceso y Asistencia<\/p>\n","protected":false},"featured_media":31602,"comment_status":"open","ping_status":"closed","template":"","meta":[],"product_brand":[],"product_cat":[743],"product_tag":[744,745,798],"class_list":{"0":"post-31603","1":"product","2":"type-product","3":"status-publish","4":"has-post-thumbnail","6":"product_cat-para-tiempo-y-asistencia-checadores","7":"product_tag-biometricos","8":"product_tag-para-tiempo-y-asistencia-checadores","9":"product_tag-suprema","11":"first","12":"instock","13":"sale","14":"shipping-taxable","15":"purchasable","16":"product-type-simple"},"_links":{"self":[{"href":"https:\/\/soydeaqui.ddns.net\/pachuca\/index.php\/wp-json\/wp\/v2\/product\/31603","targetHints":{"allow":["GET"]}}],"collection":[{"href":"https:\/\/soydeaqui.ddns.net\/pachuca\/index.php\/wp-json\/wp\/v2\/product"}],"about":[{"href":"https:\/\/soydeaqui.ddns.net\/pachuca\/index.php\/wp-json\/wp\/v2\/types\/product"}],"replies":[{"embeddable":true,"href":"https:\/\/soydeaqui.ddns.net\/pachuca\/index.php\/wp-json\/wp\/v2\/comments?post=31603"}],"wp:featuredmedia":[{"embeddable":true,"href":"https:\/\/soydeaqui.ddns.net\/pachuca\/index.php\/wp-json\/wp\/v2\/media\/31602"}],"wp:attachment":[{"href":"https:\/\/soydeaqui.ddns.net\/pachuca\/index.php\/wp-json\/wp\/v2\/media?parent=31603"}],"wp:term":[{"taxonomy":"product_brand","embeddable":true,"href":"https:\/\/soydeaqui.ddns.net\/pachuca\/index.php\/wp-json\/wp\/v2\/product_brand?post=31603"},{"taxonomy":"product_cat","embeddable":true,"href":"https:\/\/soydeaqui.ddns.net\/pachuca\/index.php\/wp-json\/wp\/v2\/product_cat?post=31603"},{"taxonomy":"product_tag","embeddable":true,"href":"https:\/\/soydeaqui.ddns.net\/pachuca\/index.php\/wp-json\/wp\/v2\/product_tag?post=31603"}],"curies":[{"name":"wp","href":"https:\/\/api.w.org\/{rel}","templated":true}]}}