{"id":31601,"date":"2026-03-18T14:14:46","date_gmt":"2026-03-18T14:14:46","guid":{"rendered":"https:\/\/soydeaqui.ddns.net\/pachuca\/index.php\/producto\/software-de-administracion-de-acceso-para-lectores-suprema-licencia-standard-50-puertas\/"},"modified":"2026-03-18T14:14:48","modified_gmt":"2026-03-18T14:14:48","slug":"software-de-administracion-de-acceso-para-lectores-suprema-licencia-standard-50-puertas","status":"publish","type":"product","link":"https:\/\/soydeaqui.ddns.net\/pachuca\/index.php\/producto\/software-de-administracion-de-acceso-para-lectores-suprema-licencia-standard-50-puertas\/","title":{"rendered":"Software de Administraci\u00f3n de Acceso, para Lectores SUPREMA, Licencia  Standard, 50 puertas"},"content":{"rendered":"<div style='width: 100%; max-width: 1200px; margin: 0 auto; font-family: sans-serif; line-height: 1.6; color: inherit; background-color: transparent;'>\n<div style='margin: 30px 0; padding: 20px; border-left: 4px solid #e74c3c; background-color: rgba(231&comma;76&comma;60&comma;0.05);'>\n<h3 style='margin-top: 0; color: #e74c3c; font-size: 18px;'>AVISO IMPORTANTE<\/h3>\n<ul style='padding-left: 20px; margin: 15px 0;'>\n<li style='margin-bottom: 8px;'><strong>BIOSTAR 2 llega a su fin de venta hasta el 31 de marzo del 2026<\/strong>&comma; la nueva versi\u00f3n de software es Biostar X<\/li>\n<li style='margin-bottom: 8px;'><strong>BIOSTAR 2 se seguir\u00e1 soportando para actualizaciones hasta marzo 31 del 2029<\/strong><\/li>\n<li><strong>Migraci\u00f3n gratuita en mismo nivel entre BioStar 2 a BioStar X hasta el 31 de Marzo del 2026<\/strong><\/li>\n<\/ul><\/div>\n<h1 style='font-size: 28px; margin: 30px 0 20px; color: inherit;'>BIOSTAR 2<\/h1>\n<p> <img style='width: 100%; height: auto; border: 1px solid rgba(150&comma;150&comma;150&comma;0.3); border-radius: 8px; margin-bottom: 30px;' src='http:\/\/ftp3.syscom.mx\/usuarios\/gjimenez\/SUPREMA\/PRESENTACIONES\/ppal%20biostar%202.jpg' alt='biostar 2'> <\/p>\n<div style='margin-bottom: 30px;'>\n<p style='font-size: 16px; color: inherit;'>BioStar 2 es una plataforma de seguridad integrada&comma; basada en web y abierta&comma; que provee funcionalidad exhaustiva para control de acceso&comma; tiempo &#038; asistencia&comma; gesti\u00f3n de visitantes y registros de video. Encripta todos los datos personales disponibles y soporta ambos SDK y API web para integrar BioStar 2 con software de terceros. Adem\u00e1s&comma; los usuarios pueden controlar la plataforma BioStar 2 de forma remota con la aplicaci\u00f3n m\u00f3vil para BioStar 2 y administrar el acceso a sitios con una tarjeta de acceso m\u00f3vil.<\/p>\n<\/p><\/div>\n<div style='margin-bottom: 30px;'> <img style='width: 100%; height: auto; border: 1px solid rgba(150&comma;150&comma;150&comma;0.3); border-radius: 8px; margin-bottom: 15px;' src='http:\/\/ftp3.syscom.mx\/usuarios\/gjimenez\/SUPREMA\/VIDEOS\/biostar2%20imagen%201.jpg' alt=''> <img style='width: 100%; height: auto; border: 1px solid rgba(150&comma;150&comma;150&comma;0.3); border-radius: 8px; margin-bottom: 15px;' src='http:\/\/ftp3.syscom.mx\/usuarios\/gjimenez\/SUPREMA\/VIDEOS\/biostar2%20imagen%202.jpg' alt=''> <img style='width: 100%; height: auto; border: 1px solid rgba(150&comma;150&comma;150&comma;0.3); border-radius: 8px; margin-bottom: 15px;' src='http:\/\/ftp3.syscom.mx\/usuarios\/gjimenez\/SUPREMA\/VIDEOS\/biostar2%20imagen%203.jpg' alt=''> <img style='width: 100%; height: auto; border: 1px solid rgba(150&comma;150&comma;150&comma;0.3); border-radius: 8px;' src='http:\/\/ftp3.syscom.mx\/usuarios\/gjimenez\/SUPREMA\/VIDEOS\/licencias%20biostar2%20act%20oct%202021.jpg' alt='licencias'> <\/div>\n<h2 style='font-size: 22px; margin: 30px 0 15px; color: inherit;'>Licencias de Administraci\u00f3n de Tiempo y Asistencia<\/h2>\n<div style='overflow-x: auto; margin-bottom: 30px;'>\n<table style='width: 100%; border-collapse: collapse; min-width: 600px;'>\n<thead>\n<tr>\n<th style='padding: 15px; text-align: center; background-color: #f5f5f5; border: 1px solid rgba(150&comma;150&comma;150&comma;0.3); color: inherit; font-weight: bold;'><\/th>\n<th style='padding: 15px; text-align: center; background-color: #f5f5f5; border: 1px solid rgba(150&comma;150&comma;150&comma;0.3); color: inherit; font-weight: bold;'>Inicial<br \/>(gratis)<\/th>\n<th style='padding: 15px; text-align: center; background-color: #f5f5f5; border: 1px solid rgba(150&comma;150&comma;150&comma;0.3); color: inherit; font-weight: bold;'>BIOSTAR2TASTD<br \/>(Est\u00e1ndar)<\/th>\n<th style='padding: 15px; text-align: center; background-color: #f5f5f5; border: 1px solid rgba(150&comma;150&comma;150&comma;0.3); color: inherit; font-weight: bold;'>BIOSTAR2TAADV<br \/>(Avanzado)<\/th>\n<th style='padding: 15px; text-align: center; background-color: #f5f5f5; border: 1px solid rgba(150&comma;150&comma;150&comma;0.3); color: inherit; font-weight: bold;'>BIOSTAR2TAPRO<br \/>(Profesional)<\/th>\n<\/tr>\n<\/thead>\n<tbody>\n<tr>\n<td style='padding: 12px; border: 1px solid rgba(150&comma;150&comma;150&comma;0.3); color: inherit;'>No. de Usuarios<\/td>\n<td style='padding: 12px; text-align: center; border: 1px solid rgba(150&comma;150&comma;150&comma;0.3); color: inherit;'>100<\/td>\n<td style='padding: 12px; text-align: center; border: 1px solid rgba(150&comma;150&comma;150&comma;0.3); color: inherit;'>500<\/td>\n<td style='padding: 12px; text-align: center; border: 1px solid rgba(150&comma;150&comma;150&comma;0.3); color: inherit;'>1&comma;000<\/td>\n<td style='padding: 12px; text-align: center; border: 1px solid rgba(150&comma;150&comma;150&comma;0.3); color: inherit;'>Ilimitada<\/td>\n<\/tr>\n<\/tbody>\n<\/table><\/div>\n<h3 style='font-size: 20px; margin: 30px 0 15px; color: inherit;'>Licencias de registro de video<\/h3>\n<div style='overflow-x: auto; margin-bottom: 30px;'>\n<table style='width: 100%; border-collapse: collapse; min-width: 600px;'>\n<thead>\n<tr>\n<th style='padding: 15px; text-align: center; background-color: #f5f5f5; border: 1px solid rgba(150&comma;150&comma;150&comma;0.3); color: inherit; font-weight: bold;'><\/th>\n<th style='padding: 15px; text-align: center; background-color: #f5f5f5; border: 1px solid rgba(150&comma;150&comma;150&comma;0.3); color: inherit; font-weight: bold;'>Inicial<br \/>(gratis)<\/th>\n<th style='padding: 15px; text-align: center; background-color: #f5f5f5; border: 1px solid rgba(150&comma;150&comma;150&comma;0.3); color: inherit; font-weight: bold;'>BIOSTAR2VID<br \/>Licencia de video<\/th>\n<\/tr>\n<\/thead>\n<tbody>\n<tr>\n<td style='padding: 12px; border: 1px solid rgba(150&comma;150&comma;150&comma;0.3); color: inherit;'>Registros de video<\/td>\n<td style='padding: 12px; text-align: center; border: 1px solid rgba(150&comma;150&comma;150&comma;0.3); color: inherit;'>&#8211;<\/td>\n<td style='padding: 12px; text-align: center; border: 1px solid rgba(150&comma;150&comma;150&comma;0.3); color: inherit;'>\u25cf<\/td>\n<\/tr>\n<\/tbody>\n<\/table><\/div>\n<h3 style='font-size: 20px; margin: 30px 0 15px; color: inherit;'>Licencia de Gesti\u00f3n de Visitantes<\/h3>\n<div style='overflow-x: auto; margin-bottom: 30px;'>\n<table style='width: 100%; border-collapse: collapse; min-width: 600px;'>\n<thead>\n<tr>\n<th style='padding: 15px; text-align: center; background-color: #f5f5f5; border: 1px solid rgba(150&comma;150&comma;150&comma;0.3); color: inherit; font-weight: bold;'><\/th>\n<th style='padding: 15px; text-align: center; background-color: #f5f5f5; border: 1px solid rgba(150&comma;150&comma;150&comma;0.3); color: inherit; font-weight: bold;'>Inicial<br \/>(gratis)<\/th>\n<th style='padding: 15px; text-align: center; background-color: #f5f5f5; border: 1px solid rgba(150&comma;150&comma;150&comma;0.3); color: inherit; font-weight: bold;'>BIOSTAR2VISITOR<br \/>(Licencia de Visitantes)<\/th>\n<\/tr>\n<\/thead>\n<tbody>\n<tr>\n<td style='padding: 12px; border: 1px solid rgba(150&comma;150&comma;150&comma;0.3); color: inherit;'>Gesti\u00f3n de Visitantes<\/td>\n<td style='padding: 12px; text-align: center; border: 1px solid rgba(150&comma;150&comma;150&comma;0.3); color: inherit;'>&#8211;<\/td>\n<td style='padding: 12px; text-align: center; border: 1px solid rgba(150&comma;150&comma;150&comma;0.3); color: inherit;'>\u25cf<\/td>\n<\/tr>\n<\/tbody>\n<\/table><\/div>\n<h3 style='font-size: 20px; margin: 30px 0 15px; color: inherit;'>Sencilla interface de uso de BIOSTAR<\/h3>\n<div style='position: relative; padding-bottom: 56.25%; height: 0; overflow: hidden; margin-bottom: 30px;'>   <\/div>\n<div style='position: relative; padding-bottom: 56.25%; height: 0; overflow: hidden; margin-bottom: 30px;'>   <\/div>\n<div style='margin: 30px 0; padding: 20px; border-left: 4px solid #2880b9; background-color: rgba(40&comma;128&comma;185&comma;0.05);'>\n<p style='margin: 0; color: #2880b9;'><strong>AVISO.- Las credenciales m\u00f3viles utilizan la plataforma MOCAINC<\/strong><\/p>\n<p style='margin: 10px 0 0 0; color: #2880b9;'>Y ahora es posible adquirir credenciales m\u00f3viles bajo demanda&comma; no hay m\u00ednimo ni paquetes&comma; usted adquiere seg\u00fan la cantidad que necesite.<\/p>\n<p style='margin: 10px 0 0 0; color: #2880b9;'>Cada Credencial m\u00f3vil se solicita como MOBILEACCESSCREDIT<\/p>\n<\/p><\/div>\n<div style='margin: 30px 0; padding: 20px; border-left: 4px solid #e74c3c; background-color: rgba(231&comma;76&comma;60&comma;0.05);'>\n<h3 style='margin-top: 0; color: #e74c3c; font-size: 18px;'>AVISO IMPORTANTE<\/h3>\n<ul style='padding-left: 20px; margin: 15px 0;'>\n<li style='margin-bottom: 8px;'><strong>BIOSTAR 2 llega a su fin de venta hasta el 31 de marzo del 2026<\/strong>&comma; la nueva versi\u00f3n de software es Biostar X<\/li>\n<li style='margin-bottom: 8px;'><strong>BIOSTAR 2 se seguir\u00e1 soportando para actualizaciones hasta marzo 31 del 2029<\/strong><\/li>\n<li><strong>Migraci\u00f3n gratuita en mismo nivel entre BioStar 2 a BioStar X hasta el 31 de Marzo del 2026<\/strong><\/li>\n<\/ul><\/div>\n<\/p><\/div>\n","protected":false},"excerpt":{"rendered":"<p>Software de Administraci\u00f3n de Acceso, para Lectores SUPREMA, Licencia  Standard, 50 puertas<\/p>\n","protected":false},"featured_media":31600,"comment_status":"open","ping_status":"closed","template":"","meta":[],"product_brand":[],"product_cat":[743],"product_tag":[744,745,798],"class_list":{"0":"post-31601","1":"product","2":"type-product","3":"status-publish","4":"has-post-thumbnail","6":"product_cat-para-tiempo-y-asistencia-checadores","7":"product_tag-biometricos","8":"product_tag-para-tiempo-y-asistencia-checadores","9":"product_tag-suprema","11":"first","12":"outofstock","13":"sale","14":"shipping-taxable","15":"purchasable","16":"product-type-simple"},"_links":{"self":[{"href":"https:\/\/soydeaqui.ddns.net\/pachuca\/index.php\/wp-json\/wp\/v2\/product\/31601","targetHints":{"allow":["GET"]}}],"collection":[{"href":"https:\/\/soydeaqui.ddns.net\/pachuca\/index.php\/wp-json\/wp\/v2\/product"}],"about":[{"href":"https:\/\/soydeaqui.ddns.net\/pachuca\/index.php\/wp-json\/wp\/v2\/types\/product"}],"replies":[{"embeddable":true,"href":"https:\/\/soydeaqui.ddns.net\/pachuca\/index.php\/wp-json\/wp\/v2\/comments?post=31601"}],"wp:featuredmedia":[{"embeddable":true,"href":"https:\/\/soydeaqui.ddns.net\/pachuca\/index.php\/wp-json\/wp\/v2\/media\/31600"}],"wp:attachment":[{"href":"https:\/\/soydeaqui.ddns.net\/pachuca\/index.php\/wp-json\/wp\/v2\/media?parent=31601"}],"wp:term":[{"taxonomy":"product_brand","embeddable":true,"href":"https:\/\/soydeaqui.ddns.net\/pachuca\/index.php\/wp-json\/wp\/v2\/product_brand?post=31601"},{"taxonomy":"product_cat","embeddable":true,"href":"https:\/\/soydeaqui.ddns.net\/pachuca\/index.php\/wp-json\/wp\/v2\/product_cat?post=31601"},{"taxonomy":"product_tag","embeddable":true,"href":"https:\/\/soydeaqui.ddns.net\/pachuca\/index.php\/wp-json\/wp\/v2\/product_tag?post=31601"}],"curies":[{"name":"wp","href":"https:\/\/api.w.org\/{rel}","templated":true}]}}