{"id":31596,"date":"2026-03-18T14:14:39","date_gmt":"2026-03-18T14:14:39","guid":{"rendered":"https:\/\/soydeaqui.ddns.net\/pachuca\/index.php\/producto\/lector-de-huella-ip67-con-teclado-y-lector-de-tarjetas-rfid125khz-em-13-56mhz-mifare-mifareplus-desfire-ev1-y-bluetooth-uso-para-control-de-acceso-y-asistencia\/"},"modified":"2026-03-18T14:14:45","modified_gmt":"2026-03-18T14:14:45","slug":"lector-de-huella-ip67-con-teclado-y-lector-de-tarjetas-rfid125khz-em-13-56mhz-mifare-mifareplus-desfire-ev1-y-bluetooth-uso-para-control-de-acceso-y-asistencia","status":"publish","type":"product","link":"https:\/\/soydeaqui.ddns.net\/pachuca\/index.php\/producto\/lector-de-huella-ip67-con-teclado-y-lector-de-tarjetas-rfid125khz-em-13-56mhz-mifare-mifareplus-desfire-ev1-y-bluetooth-uso-para-control-de-acceso-y-asistencia\/","title":{"rendered":"Lector de Huella IP67 Con Teclado y Lector de Tarjetas RFID(125kHz EM &#038; 13.56MHz MIFARE, MIFAREPlus, DESFire\/EV1), y BLUETOOTH, Uso para Control de Acceso y Asistencia"},"content":{"rendered":"<div style='width: 100%; max-width: 1200px; margin: 0 auto; font-family: sans-serif; line-height: 1.6; color: inherit; background-color: transparent;'> <!-- Logo y t\u00edtulo --> <\/p>\n<div style='text-align: center; margin: 30px 0;'> <img style='width: auto; max-width: 100%; height: auto; border: 1px solid rgba(150&comma;150&comma;150&comma;0.3); border-radius: 8px; margin-bottom: 15px;' src='https:\/\/www.germanprotect.com\/media\/catalog\/brand\/cache\/icon\/475x200\/s\/u\/suprema_logo_basic_1.png' alt='Logo Suprema'> <\/p>\n<h2 style='font-size: 24px; margin: 0 0 10px; color: inherit;'><strong>BioLite N2 Bluetooth<\/strong><\/h2>\n<p style='font-size: 16px; color: inherit;'>Terminal de Huella IP67 Para exterior Control de Accesos y Asistencias<\/p>\n<\/p><\/div>\n<p> <!-- Informaci\u00f3n de la marca --> <\/p>\n<div style='border-left: 5px solid #7e0548; border-radius: 5px; padding: 15px; margin: 30px 0; box-shadow: 2px 2px 10px rgba(216&comma;216&comma;216&comma;0.5); background-color: rgba(255&comma;255&comma;255&comma;0.9);'>\n<p style='font-size: 15px; color: inherit;'>Suprema&comma; uno de los principales l\u00edderes biom\u00e9tricos en seguridad tecnol\u00f3gica&comma; presenta uno de los mejores algoritmos biom\u00e9tricos con una ingenier\u00eda superior. Se encuentra constantemente desarrollando y produciendo productos l\u00edderes en la industria&comma; extendiendo su portafolio de productos de control de acceso y tiempo y asistencia en todo el mundo.<\/p>\n<\/p><\/div>\n<p> <!-- Secci\u00f3n de especificaciones --> <\/p>\n<div style='margin: 50px 0 30px;'>\n<h3 style='font-size: 22px; border-bottom: 2px solid currentColor; padding-bottom: 5px; margin-top: 0; color: inherit; opacity: 0.8; font-size: 36px; margin-bottom: 10px;'>Especificaciones<\/h3>\n<p style='text-align: right; font-size: 16px; color: #9c2c49; font-weight: 400; margin: 0 0 30px 0;'>Desplazamiento a izquierda y derecha<\/p>\n<p> <!-- Contenedor de especificaciones --> <\/p>\n<div style='overflow-x: auto; -webkit-overflow-scrolling: touch; margin-bottom: 30px;'>\n<div style='min-width: 1612px; display: grid; grid-template-columns: repeat(10&comma; 1fr); gap: 20px;'> <!-- Secci\u00f3n Credencial --> <\/p>\n<div style='border: 1px solid rgba(150&comma;150&comma;150&comma;0.4); border-radius: 8px; overflow: hidden;'>\n<div style='padding: 15px; background-color: #f5f5f5; font-weight: bold; color: inherit;'>Credencial<\/div>\n<div style='padding: 15px;'>\n<ul style='padding-left: 20px; margin: 0; font-size: 14px; list-style-type: disc; color: inherit;'>\n<li style='margin-bottom: 10px;'><strong>Opci\u00f3n de RF:<\/strong> 125kHz EM &#038; 13.56MHz MIFARE&comma; MIFARE Plus&comma; DESFire&comma; DESFire EV1\/EV2\/EV3&comma; FeliCa&comma; NFC &#038; 2.4GHz BLE<\/li>\n<li style='margin-bottom: 10px;'><strong>Rango de lectura de RF:<\/strong> MIFARE\/DESFire: 50 mm&comma; EM\/FeliCa: 30 mm<\/li>\n<li style='margin-bottom: 10px;'><strong>Tarjeta m\u00f3vil:<\/strong> NFC&comma; BLE<\/li>\n<\/ul><\/div>\n<\/p><\/div>\n<p> <!-- Secci\u00f3n Protecciones --> <\/p>\n<div style='border: 1px solid rgba(150&comma;150&comma;150&comma;0.4); border-radius: 8px; overflow: hidden;'>\n<div style='padding: 15px; background-color: #f5f5f5; font-weight: bold; color: inherit;'>Protecciones<\/div>\n<div style='padding: 15px;'>\n<ul style='padding-left: 20px; margin: 0; font-size: 14px; list-style-type: disc; color: inherit;'>\n<li style='margin-bottom: 10px;'><strong>Clasificaci\u00f3n IP:<\/strong> IP67<\/li>\n<li style='margin-bottom: 10px;'><strong>Clasificaci\u00f3n IK:<\/strong> Not supported<\/li>\n<\/ul><\/div>\n<\/p><\/div>\n<p> <!-- Secci\u00f3n Huella digital --> <\/p>\n<div style='border: 1px solid rgba(150&comma;150&comma;150&comma;0.4); border-radius: 8px; overflow: hidden;'>\n<div style='padding: 15px; background-color: #f5f5f5; font-weight: bold; color: inherit;'>Huella digital<\/div>\n<div style='padding: 15px;'>\n<ul style='padding-left: 20px; margin: 0; font-size: 14px; list-style-type: disc; color: inherit;'>\n<li style='margin-bottom: 10px;'><strong>Plantilla:<\/strong> SUPREMA \/ ISO 19794-2 \/ ANSI 378<\/li>\n<li style='margin-bottom: 10px;'><strong>Extractor\/buscador de coincidencias:<\/strong> MINEX certified and compliant<\/li>\n<li style='margin-bottom: 10px;'><strong>Identificaci\u00f3n de huella dactilar en vivo:<\/strong> Soportado (SW-based)<\/li>\n<\/ul><\/div>\n<\/p><\/div>\n<p> <!-- Secci\u00f3n Capacidad --> <\/p>\n<div style='border: 1px solid rgba(150&comma;150&comma;150&comma;0.4); border-radius: 8px; overflow: hidden;'>\n<div style='padding: 15px; background-color: #f5f5f5; font-weight: bold; color: inherit;'>Capacidad<\/div>\n<div style='padding: 15px;'>\n<ul style='padding-left: 20px; margin: 0; font-size: 14px; list-style-type: disc; color: inherit;'>\n<li style='margin-bottom: 10px;'><strong>M\u00e1x. Usuarios:<\/strong> 10&comma;000<\/li>\n<li style='margin-bottom: 10px;'><strong>Credenciales M\u00e1ximas (1:N):<\/strong> Huella dactilar: 10&comma;000<\/li>\n<li style='margin-bottom: 10px;'><strong>Credenciales M\u00e1ximas (1:1):<\/strong> Huella dactilar: 10&comma;000 \/ Tarjeta: 10&comma;000 \/ PIN: 10&comma;000<\/li>\n<li style='margin-bottom: 10px;'><strong>Registro de texto:<\/strong> 1&comma;000&comma;000<\/li>\n<li style='margin-bottom: 10px;'><strong>Registro de im\u00e1genes:<\/strong> Not supported<\/li>\n<\/ul><\/div>\n<\/p><\/div>\n<p> <!-- Secci\u00f3n General --> <\/p>\n<div style='border: 1px solid rgba(150&comma;150&comma;150&comma;0.4); border-radius: 8px; overflow: hidden;'>\n<div style='padding: 15px; background-color: #f5f5f5; font-weight: bold; color: inherit;'>General<\/div>\n<div style='padding: 15px;'>\n<ul style='padding-left: 20px; margin: 0; font-size: 14px; list-style-type: disc; color: inherit;'>\n<li style='margin-bottom: 10px;'><strong>CPU:<\/strong> 1.2 GHz<\/li>\n<li style='margin-bottom: 10px;'><strong>Memoria:<\/strong> 4GB Flash + 64Mb RAM<\/li>\n<li style='margin-bottom: 10px;'><strong>Chip Criptogr\u00e1fico:<\/strong> Soportado<\/li>\n<li style='margin-bottom: 10px;'><strong>Tipo de LCD:<\/strong> 1.77&#8242; color TFT LCD<\/li>\n<li style='margin-bottom: 10px;'><strong>LED:<\/strong> Not supported<\/li>\n<li style='margin-bottom: 10px;'><strong>Sonido:<\/strong> 16-bit<\/li>\n<li style='margin-bottom: 10px;'><strong>Temperatura de funcionamiento:<\/strong> -20\u00b0C ~ 50\u00b0C (-4\u00b0F ~ 122\u00b0F)<\/li>\n<li style='margin-bottom: 10px;'><strong>Temperatura de almacenamiento:<\/strong> -40\u00b0C ~ 70\u00b0C (-40\u00b0F ~ 158\u00b0F)<\/li>\n<li style='margin-bottom: 10px;'><strong>Humedad de funcionamiento:<\/strong> 0% ~ 80%&comma; non-condensing<\/li>\n<li style='margin-bottom: 10px;'><strong>Humedad de almacenamiento:<\/strong> 0% ~ 90%&comma; non-condensing<\/li>\n<li style='margin-bottom: 10px;'><strong>Peso:<\/strong> Device: 255g&comma; Bracket: 57g (including washers and bolts)<\/li>\n<li style='margin-bottom: 10px;'><strong>Dimensiones:<\/strong> 58 x 190 x 44 (Bottom) \/ 34.6 (Top) (mm)<\/li>\n<li style='margin-bottom: 10px;'><strong>Certificaciones:<\/strong> CE&comma; UKCA&comma; KC&comma; FCC&comma; IC&comma; RCM&comma; BIS&comma; SIG&comma; RoHS&comma; REACH&comma; WEEE<\/li>\n<\/ul><\/div>\n<\/p><\/div>\n<p> <!-- Secci\u00f3n Interfaz --> <\/p>\n<div style='border: 1px solid rgba(150&comma;150&comma;150&comma;0.4); border-radius: 8px; overflow: hidden;'>\n<div style='padding: 15px; background-color: #f5f5f5; font-weight: bold; color: inherit;'>Interfaz<\/div>\n<div style='padding: 15px;'>\n<ul style='padding-left: 20px; margin: 0; font-size: 14px; list-style-type: disc; color: inherit;'>\n<li style='margin-bottom: 10px;'><strong>Wifi:<\/strong> Not supported<\/li>\n<li style='margin-bottom: 10px;'><strong>Ethernet:<\/strong> Supported (10\/100 Mbps&comma; auto MDI\/MDI-X)<\/li>\n<li style='margin-bottom: 10px;'><strong>RS-485:<\/strong> 1 ch Master \/ Slave (Selectable)<\/li>\n<li style='margin-bottom: 10px;'><strong>Protocolo de comunicaci\u00f3n RS-485:<\/strong> OSDP V2 Compliant<\/li>\n<li style='margin-bottom: 10px;'><strong>Wiegand:<\/strong> 1 ch Input \/ Output (Selectable)<\/li>\n<li style='margin-bottom: 10px;'><strong>Entrada TTL:<\/strong> 2ch Inputs<\/li>\n<li style='margin-bottom: 10px;'><strong>Rel\u00e9:<\/strong> 1 Relay<\/li>\n<li style='margin-bottom: 10px;'><strong>USB:<\/strong> Not supported<\/li>\n<li style='margin-bottom: 10px;'><strong>Tarjeta SD:<\/strong> Not supported<\/li>\n<li style='margin-bottom: 10px;'><strong>PoE:<\/strong> Not supported<\/li>\n<li style='margin-bottom: 10px;'><strong>Intercomunicador:<\/strong> Soportado<\/li>\n<li style='margin-bottom: 10px;'><strong>Seguro contra alteraciones (Tamper):<\/strong> Soportado<\/li>\n<\/ul><\/div>\n<\/p><\/div>\n<p> <!-- Secci\u00f3n Electricidad --> <\/p>\n<div style='border: 1px solid rgba(150&comma;150&comma;150&comma;0.4); border-radius: 8px; overflow: hidden;'>\n<div style='padding: 15px; background-color: #f5f5f5; font-weight: bold; color: inherit;'>Electricidad<\/div>\n<div style='padding: 15px;'>\n<ul style='padding-left: 20px; margin: 0; font-size: 14px; list-style-type: disc; color: inherit;'>\n<li style='margin-bottom: 10px;'><strong>Corriente:<\/strong> Voltage: 12 Vdc&comma; Current: Max. 0.4 A<\/li>\n<\/ul><\/div>\n<\/p><\/div>\n<\/p><\/div>\n<\/p><\/div>\n<p> <!-- Nota al pie --> <\/p>\n<div style='font-size: 14px; color: inherit; margin-top: 20px;'>\n<p style='margin: 0;'><sup>1<\/sup>) Soporta m\u00faltiples tecnolog\u00edas de tarjetas incluyendo MIFARE&comma; MIFARE Plus&comma; DESFire&comma; DESFire EV1\/EV2\/EV3&comma; FeliCa&comma; iCLASS SE\/SR\/Seos&comma; NFC &#038; 2.4GHz BLE<\/p>\n<\/p><\/div>\n<\/p><\/div>\n<\/p><\/div>\n","protected":false},"excerpt":{"rendered":"<p>Lector de Huella IP67 Con Teclado y Lector de Tarjetas RFID(125kHz EM &#038; 13.56MHz MIFARE, MIFAREPlus, DESFire\/EV1), y BLUETOOTH, Uso para Control de Acceso y Asistencia<\/p>\n","protected":false},"featured_media":31595,"comment_status":"open","ping_status":"closed","template":"","meta":[],"product_brand":[],"product_cat":[743],"product_tag":[744,745,798],"class_list":{"0":"post-31596","1":"product","2":"type-product","3":"status-publish","4":"has-post-thumbnail","6":"product_cat-para-tiempo-y-asistencia-checadores","7":"product_tag-biometricos","8":"product_tag-para-tiempo-y-asistencia-checadores","9":"product_tag-suprema","11":"first","12":"instock","13":"sale","14":"shipping-taxable","15":"purchasable","16":"product-type-simple"},"_links":{"self":[{"href":"https:\/\/soydeaqui.ddns.net\/pachuca\/index.php\/wp-json\/wp\/v2\/product\/31596","targetHints":{"allow":["GET"]}}],"collection":[{"href":"https:\/\/soydeaqui.ddns.net\/pachuca\/index.php\/wp-json\/wp\/v2\/product"}],"about":[{"href":"https:\/\/soydeaqui.ddns.net\/pachuca\/index.php\/wp-json\/wp\/v2\/types\/product"}],"replies":[{"embeddable":true,"href":"https:\/\/soydeaqui.ddns.net\/pachuca\/index.php\/wp-json\/wp\/v2\/comments?post=31596"}],"wp:featuredmedia":[{"embeddable":true,"href":"https:\/\/soydeaqui.ddns.net\/pachuca\/index.php\/wp-json\/wp\/v2\/media\/31595"}],"wp:attachment":[{"href":"https:\/\/soydeaqui.ddns.net\/pachuca\/index.php\/wp-json\/wp\/v2\/media?parent=31596"}],"wp:term":[{"taxonomy":"product_brand","embeddable":true,"href":"https:\/\/soydeaqui.ddns.net\/pachuca\/index.php\/wp-json\/wp\/v2\/product_brand?post=31596"},{"taxonomy":"product_cat","embeddable":true,"href":"https:\/\/soydeaqui.ddns.net\/pachuca\/index.php\/wp-json\/wp\/v2\/product_cat?post=31596"},{"taxonomy":"product_tag","embeddable":true,"href":"https:\/\/soydeaqui.ddns.net\/pachuca\/index.php\/wp-json\/wp\/v2\/product_tag?post=31596"}],"curies":[{"name":"wp","href":"https:\/\/api.w.org\/{rel}","templated":true}]}}