{"id":31572,"date":"2026-03-18T14:14:03","date_gmt":"2026-03-18T14:14:03","guid":{"rendered":"https:\/\/soydeaqui.ddns.net\/pachuca\/index.php\/producto\/kit-impresora-tarjetas-pvc-doble-cara-incluye-2-x-ribbon-100-tarjetas-pvc-software-kit-limpieza\/"},"modified":"2026-03-18T14:14:10","modified_gmt":"2026-03-18T14:14:10","slug":"kit-impresora-tarjetas-pvc-doble-cara-incluye-2-x-ribbon-100-tarjetas-pvc-software-kit-limpieza","status":"publish","type":"product","link":"https:\/\/soydeaqui.ddns.net\/pachuca\/index.php\/producto\/kit-impresora-tarjetas-pvc-doble-cara-incluye-2-x-ribbon-100-tarjetas-pvc-software-kit-limpieza\/","title":{"rendered":"Kit Impresora tarjetas PVC \/Doble Cara \/incluye: 2 x Ribbon, 100 Tarjetas PVC, Software, Kit Limpieza"},"content":{"rendered":"<div style='width: 100%; max-width: 1200px; margin: 0 auto; font-family: sans-serif; line-height: 1.6; color: inherit; background-color: transparent;'> <!-- Secci\u00f3n de introducci\u00f3n --> <\/p>\n<div style='margin-bottom: 30px;'>\n<h3 style='font-size: 22px; border-bottom: 2px solid currentColor; padding-bottom: 5px; margin-top: 0; color: inherit; opacity: 0.8;'>IDPs f\u00e1cil de usar!<\/h3>\n<p>La impresora SMART-31D producir\u00e1 tarjetas a todo color o monocromas de manera confiable durante a\u00f1os. Su dise\u00f1o de prueba de tiempo brinda velocidades de impresi\u00f3n robustas&comma; excelente reproducci\u00f3n de im\u00e1genes y ahorro de costos.<\/p>\n<\/p><\/div>\n<p> <!-- Secci\u00f3n de caracter\u00edsticas destacadas --> <\/p>\n<div style='margin-bottom: 30px;'>\n<h3 style='font-size: 22px; border-bottom: 2px solid currentColor; padding-bottom: 5px; margin-top: 0; color: inherit; opacity: 0.8;'>Admite impresi\u00f3n en UV (holograma que solo se ve con Luz Negra UV)<\/h3>\n<p>SMART-31D ofrece una amplia gama de funciones opcionales que incluyen Ethernet&comma; codificaci\u00f3n de tarjeta inteligente y impresi\u00f3n ultravioleta (UV). Ahora las peque\u00f1as empresas pueden permitirse producir sus propias tarjetas de identificaci\u00f3n.<\/p>\n<\/p><\/div>\n<p> <!-- Secci\u00f3n de SMARTMARK --> <\/p>\n<div style='margin-bottom: 30px;'>\n<h3 style='font-size: 22px; border-bottom: 2px solid currentColor; padding-bottom: 5px; margin-top: 0; color: inherit; opacity: 0.8;'>Nuevo!! Admite marca de Agua en imagen Overlay<\/h3>\n<p style='font-size: 15px; color: inherit;'>La funci\u00f3n SMARTMARK&comma; es un elemento de seguridad mejorado similar a una marca de agua. Aplica una imagen a su elecci\u00f3n como logotipo&comma; texto&comma; etc. La impresi\u00f3n no es vista a simple vista si no a contraluz.<\/p>\n<ul style='padding-left: 20px; font-size: 15px; color: inherit;'>\n<li style='margin-bottom: 5px;'><a href='https:\/\/www.youtube.com\/watch?v=SNij1qaPl9g&#038;feature=youtu.be' target='_blank' rel='noopener' style='color: inherit; text-decoration: underline;'>Vea como se hace en siguiente v\u00eddeo<\/a><\/li>\n<li style='margin-bottom: 5px;'><a href='http:\/\/ftp3.syscom.mx\/usuarios\/ftp\/2020\/06\/08\/cd6b3\/IDPUserDefinedMask_SMARTMark_UVWatermark20200528.pdf' target='_blank' rel='noopener' style='color: inherit; text-decoration: underline;'>Tutorial de uso<\/a><\/li>\n<li style='margin-bottom: 5px;'><strong style='color: inherit;'>No requiere un consumible adicional<\/strong><\/li>\n<\/ul><\/div>\n<p> <!-- Secci\u00f3n de cards con especificaciones --> <\/p>\n<div style='display: flex; flex-wrap: wrap; gap: 20px; margin-bottom: 30px;'>\n<div style='flex: 1 1 250px; border: 1px solid rgba(150&comma; 150&comma; 150&comma; 0.4); border-radius: 8px; overflow: hidden; display: flex; flex-direction: column;'>\n<div style='padding: 15px; border-bottom: 1px solid rgba(150&comma; 150&comma; 150&comma; 0.2); font-weight: bold; font-size: 18px; color: inherit;'>Cualidades<\/div>\n<div style='padding: 15px; color: inherit;'>\n<ul style='padding-left: 20px; margin: 0; font-size: 14px; list-style-type: disc;'>\n<li style='margin-bottom: 5px;'>Impresora de tarjetas de identificaci\u00f3n de nivel b\u00e1sico<\/li>\n<li style='margin-bottom: 5px;'>Soporta Ribbon Full Color <a href='https:\/\/www.syscom.mx\/principal\/searchcont?route=659366-IDP-141109&#038;autodetect=659366' style='color: inherit; text-decoration: none; font-weight: 600;'>659366<\/a><\/li>\n<li style='margin-bottom: 5px;'><strong style='color: inherit;'>Admite impresi\u00f3n en UV (holograma que solo se ve con Luz Negra UV)&comma; requiere ribbon<\/strong> <a href='https:\/\/www.syscom.mx\/principal\/searchcont?route=659380-IDP-141108&#038;autodetect=smart51' style='color: inherit; text-decoration: none; font-weight: 600;'>659380<\/a><\/li>\n<li style='margin-bottom: 5px;'>Peque\u00f1o y ligero (7.5 lbs)<\/li>\n<li style='margin-bottom: 5px;'>Operaci\u00f3n f\u00e1cil<\/li>\n<li style='margin-bottom: 5px;'>Tecnolog\u00eda de im\u00e1genes FINE \u2122<\/li>\n<li style='margin-bottom: 5px;'>Costo m\u00e1s bajo por impresi\u00f3n<\/li>\n<li style='margin-bottom: 5px;'>Garant\u00eda de 3 A\u00f1os (La garant\u00eda del cabezal es de 2 a\u00f1os con impresiones ilimitadas)<\/li>\n<li style='margin-bottom: 5px;'><strong style='color: inherit;'>Aunque puede imprimir cualquier tarjeta CR80 (Delgada)&comma; la calidad de la impresi\u00f3n puede variar por la calidad del material de la misma&comma; se recomienda usar Tarjetas de PVC o poli\u00e9ster con acabado en PVC pulido<\/strong><\/li>\n<\/ul><\/div>\n<\/p><\/div>\n<div style='flex: 1 1 250px; border: 1px solid rgba(150&comma; 150&comma; 150&comma; 0.4); border-radius: 8px; overflow: hidden; display: flex; flex-direction: column;'>\n<div style='padding: 15px; border-bottom: 1px solid rgba(150&comma; 150&comma; 150&comma; 0.2); font-weight: bold; font-size: 18px; color: inherit;'>Caracter\u00edsticas<\/div>\n<div style='padding: 15px; color: inherit;'>\n<ul style='padding-left: 20px; margin: 0; font-size: 14px; list-style-type: disc;'>\n<li style='margin-bottom: 5px;'>Impresi\u00f3n lateral en color y mono<\/li>\n<li style='margin-bottom: 5px;'>Velocidad de impresi\u00f3n: Max. 23 sec\/tarjeta (YMCKO)<\/li>\n<li style='margin-bottom: 5px;'>300dpi con impresi\u00f3n de borde a borde<\/li>\n<li style='margin-bottom: 5px;'>Bot\u00f3n LED para funcionamiento frontal<\/li>\n<li style='margin-bottom: 5px;'>Bajo costo de seguridad con impresi\u00f3n UV<\/li>\n<li style='margin-bottom: 5px;'>Codificadores opcionales: MS&comma; contacto y sin contacto<\/li>\n<\/ul><\/div>\n<\/p><\/div>\n<div style='flex: 1 1 250px; border: 1px solid rgba(150&comma; 150&comma; 150&comma; 0.4); border-radius: 8px; overflow: hidden; display: flex; flex-direction: column;'>\n<div style='padding: 15px; border-bottom: 1px solid rgba(150&comma; 150&comma; 150&comma; 0.2); font-weight: bold; font-size: 18px; color: inherit;'>Especificaciones<\/div>\n<div style='padding: 15px; color: inherit;'>\n<ul style='padding-left: 20px; margin: 0; font-size: 14px; list-style-type: disc;'>\n<li style='margin-bottom: 5px;'>Tipo de impresi\u00f3n: Sublimaci\u00f3n<\/li>\n<li style='margin-bottom: 5px;'>\u00c1rea de impresi\u00f3n: Borde a borde<\/li>\n<li style='margin-bottom: 5px;'>Resoluci\u00f3n: 300 dpi<\/li>\n<li style='margin-bottom: 5px;'>Tama\u00f1o de tarjeta: ISO CR80 (54 x 86 mm)&comma; grosor 0.38 mm<\/li>\n<li style='margin-bottom: 5px;'>Velocidad monocrom\u00e1tico: 5 seg\/ tarjeta (720 tarjetas por hora)<\/li>\n<li style='margin-bottom: 5px;'>Velocidad impresi\u00f3n YMCKO: 23 seg por tarjeta \/ 156 tarjetas por hora<\/li>\n<li style='margin-bottom: 5px;'>Bandeja de entrada: 80 tarjetas<\/li>\n<li style='margin-bottom: 5px;'>Bandeja de Salida: 25 tarjetas<\/li>\n<li style='margin-bottom: 5px;'>Comunicaci\u00f3n USB<\/li>\n<li style='margin-bottom: 5px;'>Dimensiones: 172 x 377 x 190 mm<\/li>\n<li style='margin-bottom: 5px;'>Peso: 3.4 Kgs<\/li>\n<\/ul><\/div>\n<\/p><\/div>\n<div style='flex: 1 1 250px; border: 1px solid rgba(150&comma; 150&comma; 150&comma; 0.4); border-radius: 8px; overflow: hidden; display: flex; flex-direction: column;'>\n<div style='padding: 15px; border-bottom: 1px solid rgba(150&comma; 150&comma; 150&comma; 0.2); font-weight: bold; font-size: 18px; color: inherit;'>Kit<\/div>\n<div style='padding: 15px; color: inherit;'>\n<p style='margin-top: 0; margin-bottom: 10px;'>El kit incluye:<\/p>\n<ul style='padding-left: 20px; margin: 0; font-size: 14px; list-style-type: disc;'>\n<li style='margin-bottom: 5px;'>100 tarjetas de PVC sin tecnolog\u00eda <a href='https:\/\/www.syscom.mx\/principal\/searchcont?route=DIC10293-100-ACCESSPRO-65201&#038;autodetect=dic10293' style='color: inherit; text-decoration: none; font-weight: 600;'>DIC10293-100<\/a><\/li>\n<li style='margin-bottom: 5px;'><strong style='color: inherit;'>Ahora incluye 2 Ribbon Full Color YMCKOK de 250 impresiones de regalo!<\/strong><\/li>\n<li style='margin-bottom: 5px;'>Software Smart Designer<\/li>\n<li style='margin-bottom: 5px;'>Un kit de limpieza<\/li>\n<\/ul><\/div>\n<\/p><\/div>\n<\/p><\/div>\n<p> <!-- Secci\u00f3n de mejoras --> <\/p>\n<div style='margin-bottom: 30px;'>\n<h3 style='font-size: 22px; border-bottom: 2px solid currentColor; padding-bottom: 5px; margin-top: 0; color: inherit; opacity: 0.8;'>Mejoras<\/h3>\n<p>IDP se complace en presentar las nuevas impresoras de la serie SMART-31! M\u00e1s all\u00e1 de su aspecto nuevo y elegante&comma; la nueva serie ofrece algunas mejoras sobre su predecesora (la SMART-30):<\/p>\n<ul style='padding-left: 20px; font-size: 15px; color: inherit;'>\n<li style='margin-bottom: 5px;'>Velocidad mejorada: hasta 23 segundos por tarjeta en YMCKO y 29 segundos en YMCKOK<\/li>\n<li style='margin-bottom: 5px;'>A\u00fan mejor calidad de reproducci\u00f3n de la imagen<\/li>\n<li style='margin-bottom: 5px;'>Seguridad de cinta mejorada y compatibilidad de cinta con la serie SMART-51<\/li>\n<\/ul><\/div>\n<p> <!-- Secci\u00f3n de mantenimiento --> <\/p>\n<div style='margin-bottom: 30px;'>\n<h3 style='font-size: 22px; border-bottom: 2px solid currentColor; padding-bottom: 5px; margin-top: 0; color: inherit; opacity: 0.8;'>Rutinas de Mantenimiento<\/h3>\n<p style='margin-top: 0; color: inherit;'>\u00a1Aseg\u00farese de LIMPIAR SU IMPRESORA!<\/p>\n<p style='color: inherit;'>Ventajas de Limpiar su Impresora de Tarjetas:<\/p>\n<ul style='padding-left: 20px; font-size: 15px; color: inherit;'>\n<li style='margin-bottom: 5px;'>Mejora la funcionalidad de la impresora<\/li>\n<li style='margin-bottom: 5px;'>Previene da\u00f1os internos<\/li>\n<li style='margin-bottom: 5px;'>Asegura la calidad de impresi\u00f3n y la productividad<\/li>\n<li style='margin-bottom: 5px;'>Previene da\u00f1os o fallos en el cabezal<\/li>\n<li style='margin-bottom: 5px;'>Ampl\u00eda la duraci\u00f3n de la impresora<\/li>\n<\/ul><\/div>\n<p> <!-- Secci\u00f3n de videos --> <\/p>\n<div style='margin-bottom: 30px;'>\n<h3 style='font-size: 22px; border-bottom: 2px solid currentColor; padding-bottom: 5px; margin-top: 0; color: inherit; opacity: 0.8;'>V\u00eddeos<\/h3>\n<div style='display: flex; flex-direction: column; gap: 15px; margin-top: 15px;'>\n<div style='position: relative; padding-bottom: 56.25%; height: 0; overflow: hidden;'>   <\/div>\n<div style='position: relative; padding-bottom: 56.25%; height: 0; overflow: hidden;'>   <\/div>\n<div style='position: relative; padding-bottom: 56.25%; height: 0; overflow: hidden;'>   <\/div>\n<div style='position: relative; padding-bottom: 56.25%; height: 0; overflow: hidden;'>   <\/div>\n<div style='position: relative; padding-bottom: 56.25%; height: 0; overflow: hidden;'>   <\/div>\n<\/p><\/div>\n<\/p><\/div>\n<\/p><\/div>\n","protected":false},"excerpt":{"rendered":"<p>Kit Impresora tarjetas PVC \/Doble Cara \/incluye: 2 x Ribbon, 100 Tarjetas PVC, Software, Kit Limpieza<\/p>\n","protected":false},"featured_media":31571,"comment_status":"open","ping_status":"closed","template":"","meta":[],"product_brand":[],"product_cat":[823],"product_tag":[812,824,62],"class_list":{"0":"post-31572","1":"product","2":"type-product","3":"status-publish","4":"has-post-thumbnail","6":"product_cat-todos-identificacion-y-credencializacion","7":"product_tag-identificacion-y-credencializacion","8":"product_tag-idp","9":"product_tag-todos","11":"first","12":"instock","13":"sale","14":"shipping-taxable","15":"purchasable","16":"product-type-simple"},"_links":{"self":[{"href":"https:\/\/soydeaqui.ddns.net\/pachuca\/index.php\/wp-json\/wp\/v2\/product\/31572","targetHints":{"allow":["GET"]}}],"collection":[{"href":"https:\/\/soydeaqui.ddns.net\/pachuca\/index.php\/wp-json\/wp\/v2\/product"}],"about":[{"href":"https:\/\/soydeaqui.ddns.net\/pachuca\/index.php\/wp-json\/wp\/v2\/types\/product"}],"replies":[{"embeddable":true,"href":"https:\/\/soydeaqui.ddns.net\/pachuca\/index.php\/wp-json\/wp\/v2\/comments?post=31572"}],"wp:featuredmedia":[{"embeddable":true,"href":"https:\/\/soydeaqui.ddns.net\/pachuca\/index.php\/wp-json\/wp\/v2\/media\/31571"}],"wp:attachment":[{"href":"https:\/\/soydeaqui.ddns.net\/pachuca\/index.php\/wp-json\/wp\/v2\/media?parent=31572"}],"wp:term":[{"taxonomy":"product_brand","embeddable":true,"href":"https:\/\/soydeaqui.ddns.net\/pachuca\/index.php\/wp-json\/wp\/v2\/product_brand?post=31572"},{"taxonomy":"product_cat","embeddable":true,"href":"https:\/\/soydeaqui.ddns.net\/pachuca\/index.php\/wp-json\/wp\/v2\/product_cat?post=31572"},{"taxonomy":"product_tag","embeddable":true,"href":"https:\/\/soydeaqui.ddns.net\/pachuca\/index.php\/wp-json\/wp\/v2\/product_tag?post=31572"}],"curies":[{"name":"wp","href":"https:\/\/api.w.org\/{rel}","templated":true}]}}