{"id":31555,"date":"2026-03-18T14:13:38","date_gmt":"2026-03-18T14:13:38","guid":{"rendered":"https:\/\/soydeaqui.ddns.net\/pachuca\/index.php\/producto\/montaje-para-sensor-laser-lzri30-lzrh110\/"},"modified":"2026-03-18T14:13:46","modified_gmt":"2026-03-18T14:13:46","slug":"montaje-para-sensor-laser-lzri30-lzrh110","status":"publish","type":"product","link":"https:\/\/soydeaqui.ddns.net\/pachuca\/index.php\/producto\/montaje-para-sensor-laser-lzri30-lzrh110\/","title":{"rendered":"Montaje para Sensor Laser \/ LZRI30 \/ LZRH110"},"content":{"rendered":"<div style='width: 100%; max-width: 1200px; margin: 0 auto; font-family: sans-serif; line-height: 1.6; color: inherit; background-color: transparent;'> <!-- Descripci\u00f3n principal --> <\/p>\n<div style='margin-bottom: 30px;'>\n<p style='font-size: 16px; color: inherit; margin: 0 0 15px 0;'>Montaje para sensores industriales LZR.<\/p>\n<p style='font-size: 14px; color: inherit; margin: 0; opacity: 0.8;'><em>NOTA: Solo montaje&comma; el sensor laser debe ser adquirido por separado.<\/em><\/p>\n<\/p><\/div>\n<p> <!-- Secci\u00f3n de compatibilidad --> <\/p>\n<div style='margin-bottom: 30px;'>\n<h1 style='font-size: 24px; border-bottom: 2px solid currentColor; padding-bottom: 8px; margin-top: 0; color: inherit; opacity: 0.9;'>Compatibilidad:<\/h1>\n<ul style='padding-left: 20px; margin: 15px 0 0 0; color: inherit;'>\n<li style='margin-bottom: 5px;'>LZR-i30<\/li>\n<li style='margin-bottom: 5px;'>LZR-s600<\/li>\n<li style='margin-bottom: 5px;'>LZR-H110<\/li>\n<li style='margin-bottom: 5px;'>LZR-U920\/U921<\/li>\n<li style='margin-bottom: 5px;'>10LZRH100KIT19327<\/li>\n<li style='margin-bottom: 5px;'>10LZRH100<\/li>\n<\/ul><\/div>\n<p> <!-- Secci\u00f3n de caracter\u00edsticas --> <\/p>\n<div style='margin-bottom: 30px;'>\n<h3 style='font-size: 22px; border-bottom: 2px solid currentColor; padding-bottom: 5px; margin-top: 0; color: inherit; opacity: 0.8;'>CARACTER\u00cdSTICAS PRINCIPALES DEL PRODUCTO:<\/h3>\n<ul style='padding-left: 20px; font-size: 15px; color: inherit;'>\n<li style='margin-bottom: 5px;'>Compatibilidad con modelos LZR-I30&comma; LZR-S600&comma; LZR-H110<\/li>\n<li style='margin-bottom: 5px;'>F\u00e1cil instalaci\u00f3n para sensores industriales<\/li>\n<li style='margin-bottom: 5px;'>Dise\u00f1o robusto para ambientes industriales exigentes<\/li>\n<li style='margin-bottom: 5px;'>Montaje seguro para estabilidad del sensor<\/li>\n<li style='margin-bottom: 5px;'>Espec\u00edfico para sensores l\u00e1ser de precisi\u00f3n<\/li>\n<\/ul><\/div>\n<p> <!-- Separador final --> <\/p>\n<hr style='border: 0; border-top: 1px solid rgba(150&comma; 150&comma; 150&comma; 0.3); margin: 30px 0;'> <\/div>\n","protected":false},"excerpt":{"rendered":"<p>Montaje para Sensor Laser \/ LZRI30 \/ LZRH110<\/p>\n","protected":false},"featured_media":31554,"comment_status":"open","ping_status":"closed","template":"","meta":[],"product_brand":[],"product_cat":[777],"product_tag":[401,93,843],"class_list":{"0":"post-31555","1":"product","2":"type-product","3":"status-publish","4":"has-post-thumbnail","6":"product_cat-accesorios-acceso-vehicular","7":"product_tag-acceso-vehicular","8":"product_tag-accesorios","9":"product_tag-bea","11":"first","12":"instock","13":"sale","14":"shipping-taxable","15":"purchasable","16":"product-type-simple"},"_links":{"self":[{"href":"https:\/\/soydeaqui.ddns.net\/pachuca\/index.php\/wp-json\/wp\/v2\/product\/31555","targetHints":{"allow":["GET"]}}],"collection":[{"href":"https:\/\/soydeaqui.ddns.net\/pachuca\/index.php\/wp-json\/wp\/v2\/product"}],"about":[{"href":"https:\/\/soydeaqui.ddns.net\/pachuca\/index.php\/wp-json\/wp\/v2\/types\/product"}],"replies":[{"embeddable":true,"href":"https:\/\/soydeaqui.ddns.net\/pachuca\/index.php\/wp-json\/wp\/v2\/comments?post=31555"}],"wp:featuredmedia":[{"embeddable":true,"href":"https:\/\/soydeaqui.ddns.net\/pachuca\/index.php\/wp-json\/wp\/v2\/media\/31554"}],"wp:attachment":[{"href":"https:\/\/soydeaqui.ddns.net\/pachuca\/index.php\/wp-json\/wp\/v2\/media?parent=31555"}],"wp:term":[{"taxonomy":"product_brand","embeddable":true,"href":"https:\/\/soydeaqui.ddns.net\/pachuca\/index.php\/wp-json\/wp\/v2\/product_brand?post=31555"},{"taxonomy":"product_cat","embeddable":true,"href":"https:\/\/soydeaqui.ddns.net\/pachuca\/index.php\/wp-json\/wp\/v2\/product_cat?post=31555"},{"taxonomy":"product_tag","embeddable":true,"href":"https:\/\/soydeaqui.ddns.net\/pachuca\/index.php\/wp-json\/wp\/v2\/product_tag?post=31555"}],"curies":[{"name":"wp","href":"https:\/\/api.w.org\/{rel}","templated":true}]}}