{"id":31547,"date":"2026-03-18T14:13:28","date_gmt":"2026-03-18T14:13:28","guid":{"rendered":"https:\/\/soydeaqui.ddns.net\/pachuca\/index.php\/producto\/kit-de-impresora-smart70-con-modulo-de-volteo-automatico-super-rapida-caja-abierta-b\/"},"modified":"2026-03-18T14:13:29","modified_gmt":"2026-03-18T14:13:29","slug":"kit-de-impresora-smart70-con-modulo-de-volteo-automatico-super-rapida-caja-abierta-b","status":"publish","type":"product","link":"https:\/\/soydeaqui.ddns.net\/pachuca\/index.php\/producto\/kit-de-impresora-smart70-con-modulo-de-volteo-automatico-super-rapida-caja-abierta-b\/","title":{"rendered":"Kit de Impresora SMART70 con M\u00f3dulo de Volteo Autom\u00e1tico Super R\u00e1pida \/ Caja Abierta * B"},"content":{"rendered":"<div style='width: 100%; max-width: 1200px; margin: 0 auto; font-family: sans-serif; line-height: 1.6; color: inherit; background-color: transparent;'>\n<div style='display: flex; flex-wrap: wrap; gap: 30px; margin-bottom: 30px;'>\n<div style='flex: 1 1 300px; min-width: 280px;'>\n<h3 style='font-size: 22px; border-bottom: 2px solid currentColor; padding-bottom: 5px; margin-top: 0; color: inherit; opacity: 0.8;'>Caracter\u00edsticas principales<\/h3>\n<ul style='padding-left: 20px; font-size: 15px; color: inherit;'>\n<li style='margin-bottom: 5px;'>Velocidad de impresi\u00f3n en <strong>Monocrom\u00e1tico<\/strong>: 1&comma;000 tarjetas\/hora (3.6 seg\/tarjeta)<\/li>\n<li style='margin-bottom: 5px;'>Velocidad de impresi\u00f3n en <strong>YMCKO<\/strong>: 225 tarjetas\/hora (18 seg\/tarjeta)<\/li>\n<li style='margin-bottom: 5px;'><strong>Tipo de Impresi\u00f3n<\/strong>: Directa por sublimaci\u00f3n<\/li>\n<li style='margin-bottom: 5px;'><strong>\u00c1rea de Impresi\u00f3n<\/strong>: De extremo a extremo<\/li>\n<li style='margin-bottom: 5px;'><strong>Tama\u00f1o de las Tarjetas compatibles<\/strong>: ISO CR80 (54 mm x 86 mm \/ 2.12\u00b4 x 3.38\u00b4)<\/li>\n<li style='margin-bottom: 5px;'><strong>Tipo de tarjetas<\/strong>: PVC&comma; PVC compuesto&comma; PET<\/li>\n<li style='margin-bottom: 5px;'><strong>Capacidad de tarjetas de Entrada y salidas<\/strong>: 500 tarjetas<\/li>\n<li style='margin-bottom: 5px;'><strong>Plataformas soportadas por el driver<\/strong>: Microsoft Windows 2000 \/ 2003 \/ XP \/ Vista \/ 7 \/ 8&comma; Mac OS&comma; Linux<\/li>\n<\/ul><\/div>\n<\/p><\/div>\n<div style='display: flex; flex-wrap: wrap; gap: 20px; margin-bottom: 30px;'>\n<div style='flex: 1 1 250px; border: 1px solid rgba(150&comma; 150&comma; 150&comma; 0.4); border-radius: 8px; overflow: hidden; display: flex; flex-direction: column;'>\n<div style='padding: 15px; border-bottom: 1px solid rgba(150&comma; 150&comma; 150&comma; 0.2); font-weight: bold; font-size: 18px; color: inherit;'>M\u00f3dulos incluidos<\/div>\n<div style='padding: 15px; color: inherit;'>\n<ul style='padding-left: 20px; margin: 0; font-size: 14px; list-style-type: disc;'>\n<li style='margin-bottom: 5px;'>651155 &#8211; M\u00f3dulo de Volteo Autom\u00e1tico<\/li>\n<li style='margin-bottom: 5px;'>651156 &#8211; M\u00f3dulo de Entrada de tarjetas<\/li>\n<li style='margin-bottom: 5px;'>651159 &#8211; Impresora<\/li>\n<\/ul><\/div>\n<\/p><\/div>\n<div style='flex: 1 1 250px; border: 1px solid rgba(150&comma; 150&comma; 150&comma; 0.4); border-radius: 8px; overflow: hidden; display: flex; flex-direction: column;'>\n<div style='padding: 15px; border-bottom: 1px solid rgba(150&comma; 150&comma; 150&comma; 0.2); font-weight: bold; font-size: 18px; color: inherit;'>Consumibles requeridos<\/div>\n<div style='padding: 15px; color: inherit;'>\n<ul style='padding-left: 20px; margin: 0; font-size: 14px; list-style-type: disc;'>\n<li style='margin-bottom: 5px;'><a href='https:\/\/www.syscom.mx\/principal\/searchcont?route=659111-IDP-80331&#038;autodetect=659111' style='color: inherit; text-decoration: none; font-weight: 600;' target='_blank'>659111<\/a> &#8211; Cinta impresi\u00f3n YMCKOP<\/li>\n<li style='margin-bottom: 5px;'><a href='https:\/\/www.syscom.mx\/principal\/searchcont?route=659121-IDP-80332&#038;autodetect=659121' style='color: inherit; text-decoration: none; font-weight: 600;' target='_blank'>659121<\/a> &#8211; Cinta de laminaci\u00f3n con holograma<\/li>\n<\/ul><\/div>\n<\/p><\/div>\n<\/p><\/div>\n<div style='margin-bottom: 30px; text-align: center;'> <strong style='font-size: 16px; color: inherit;'>Hasta agotar existencias<\/strong> <\/div>\n<div style='display: flex; flex-wrap: wrap; gap: 20px; justify-content: center;'>\n<div style='flex: 1 1 300px; max-width: 450px;'> <img style='width: 100%; height: auto; border: 1px solid rgba(150&comma;150&comma;150&comma;0.3); border-radius: 8px;' src='http:\/\/ftp3.syscom.mx\/usuarios\/fotos\/651155_6_7_9\/651156.png' alt=''> <\/div>\n<div style='flex: 1 1 300px; max-width: 450px;'> <img style='width: 100%; height: auto; border: 1px solid rgba(150&comma;150&comma;150&comma;0.3); border-radius: 8px;' src='http:\/\/ftp3.syscom.mx\/usuarios\/fotos\/651155_6_7_9\/651156_3.png' alt=''> <\/div>\n<\/p><\/div>\n<\/p><\/div>\n","protected":false},"excerpt":{"rendered":"<p>Kit de Impresora SMART70 con M\u00f3dulo de Volteo Autom\u00e1tico Super R\u00e1pida \/ Caja Abierta * B<\/p>\n","protected":false},"featured_media":31546,"comment_status":"open","ping_status":"closed","template":"","meta":[],"product_brand":[],"product_cat":[823],"product_tag":[812,824,62],"class_list":{"0":"post-31547","1":"product","2":"type-product","3":"status-publish","4":"has-post-thumbnail","6":"product_cat-todos-identificacion-y-credencializacion","7":"product_tag-identificacion-y-credencializacion","8":"product_tag-idp","9":"product_tag-todos","11":"first","12":"outofstock","13":"sale","14":"shipping-taxable","15":"purchasable","16":"product-type-simple"},"_links":{"self":[{"href":"https:\/\/soydeaqui.ddns.net\/pachuca\/index.php\/wp-json\/wp\/v2\/product\/31547","targetHints":{"allow":["GET"]}}],"collection":[{"href":"https:\/\/soydeaqui.ddns.net\/pachuca\/index.php\/wp-json\/wp\/v2\/product"}],"about":[{"href":"https:\/\/soydeaqui.ddns.net\/pachuca\/index.php\/wp-json\/wp\/v2\/types\/product"}],"replies":[{"embeddable":true,"href":"https:\/\/soydeaqui.ddns.net\/pachuca\/index.php\/wp-json\/wp\/v2\/comments?post=31547"}],"wp:featuredmedia":[{"embeddable":true,"href":"https:\/\/soydeaqui.ddns.net\/pachuca\/index.php\/wp-json\/wp\/v2\/media\/31546"}],"wp:attachment":[{"href":"https:\/\/soydeaqui.ddns.net\/pachuca\/index.php\/wp-json\/wp\/v2\/media?parent=31547"}],"wp:term":[{"taxonomy":"product_brand","embeddable":true,"href":"https:\/\/soydeaqui.ddns.net\/pachuca\/index.php\/wp-json\/wp\/v2\/product_brand?post=31547"},{"taxonomy":"product_cat","embeddable":true,"href":"https:\/\/soydeaqui.ddns.net\/pachuca\/index.php\/wp-json\/wp\/v2\/product_cat?post=31547"},{"taxonomy":"product_tag","embeddable":true,"href":"https:\/\/soydeaqui.ddns.net\/pachuca\/index.php\/wp-json\/wp\/v2\/product_tag?post=31547"}],"curies":[{"name":"wp","href":"https:\/\/api.w.org\/{rel}","templated":true}]}}