{"id":3153,"date":"2026-03-18T06:05:10","date_gmt":"2026-03-18T06:05:10","guid":{"rendered":"https:\/\/soydeaqui.ddns.net\/pachuca\/index.php\/producto\/detector-de-movimiento-doble-tecnologia-mw-de-cobertura-instalacion-a-3-metros-compatible-con-cualquier-panel-de-alarma\/"},"modified":"2026-03-18T06:05:11","modified_gmt":"2026-03-18T06:05:11","slug":"detector-de-movimiento-doble-tecnologia-mw-de-cobertura-instalacion-a-3-metros-compatible-con-cualquier-panel-de-alarma","status":"publish","type":"product","link":"https:\/\/soydeaqui.ddns.net\/pachuca\/index.php\/producto\/detector-de-movimiento-doble-tecnologia-mw-de-cobertura-instalacion-a-3-metros-compatible-con-cualquier-panel-de-alarma\/","title":{"rendered":"Detector de Movimiento doble tecnologia MW&#038;PIR\/ 100% Exterior \/  Cableado \/ Hasta 12 metros a 85\u00b0; de cobertura\/ Instalaci\u00f3n a 3 metros \/ Compatible con cualquier panel de alarma"},"content":{"rendered":"<div style='width: 100%; max-width: 1200px; margin: 0 auto; font-family: sans-serif; line-height: 1.6; color: inherit; background-color: transparent;'>\n<div style='display: flex; flex-wrap: wrap; gap: 30px; margin-bottom: 30px;'>\n<div style='flex: 1 1 300px; min-width: 280px;'> <img style='width: 100%; height: auto; border: 1px solid rgba(150&comma;150&comma;150&comma;0.3); border-radius: 8px;' src='https:\/\/www.optex.co.jp\/e\/products\/intrusion-detection\/passivesensor\/htq74l00000020es-img\/tdphtg00000031el.png' alt=''> <\/div>\n<div style='flex: 1 1 300px; min-width: 280px;'>\n<h2 style='font-size: 22px; border-bottom: 2px solid currentColor; padding-bottom: 5px; margin-top: 0; color: inherit; opacity: 0.8;'>\u00a1DETECCION A MAS DE 2 METROS DE ALTURA!<\/h2>\n<p style='text-align: justify; color: inherit; font-size: 16px;'> Los PIR HX-40DAM se montan a una distancia de entre 2&comma;5 y 3 metros de alto y ofrecen detecci\u00f3n volum\u00e9trica de intrusiones en exteriores de hasta 12 m. La serie HX-40 resulta ideal para proteger las \u00e1reas de aproximaci\u00f3n de edificios y se ha dise\u00f1ado para distinguir entre personas y mascotas de un tama\u00f1o de peque\u00f1o a mediano&comma; lo que reduce mucho el riesgo de falsas alarmas. Es una incorporaci\u00f3n perfecta para un hogar seguro. <\/p>\n<\/p><\/div>\n<\/p><\/div>\n<div style='display: flex; flex-wrap: wrap; gap: 20px; margin-bottom: 30px;'>\n<div style='flex: 1 1 250px; border: 1px solid rgba(150&comma; 150&comma; 150&comma; 0.4); border-radius: 8px; overflow: hidden; display: flex; flex-direction: column;'>\n<div style='padding: 15px; border-bottom: 1px solid rgba(150&comma; 150&comma; 150&comma; 0.2); font-weight: bold; font-size: 18px; color: inherit;'>Capacidad de adaptaci\u00f3n a la configuraci\u00f3n del sitio<\/div>\n<div style='padding: 15px; color: inherit; font-size: 14px;'> Cada sitio tiene sus caracter\u00edsticas particulares&comma; por eso la serie HX-40 se ha dise\u00f1ado para adaptarse a una gran variedad de configuraciones de sitios. La abrazadera puede girar horizontalmente 180 grados y se puede inclinar hacia arriba o hacia abajo verticalmente para adaptarse a la pendiente del terreno. El \u00e1rea de detecci\u00f3n se puede acortar a 9&comma; 5&comma;5 o 4 m&comma; o modificarse mediante la utilizaci\u00f3n de los sellos de m\u00e1scara que se proporcionan. <\/div>\n<\/p><\/div>\n<div style='flex: 1 1 250px; border: 1px solid rgba(150&comma; 150&comma; 150&comma; 0.4); border-radius: 8px; overflow: hidden; display: flex; flex-direction: column;'>\n<div style='padding: 15px; border-bottom: 1px solid rgba(150&comma; 150&comma; 150&comma; 0.2); font-weight: bold; font-size: 18px; color: inherit;'>Antienmascaramiento para mayor tranquilidad<\/div>\n<div style='padding: 15px; color: inherit; font-size: 14px;'> Si el sensor HX-40DAM se roc\u00eda con pintura&comma; se cubre o se obstruye mientras est\u00e1 armado o desarmado&comma; el antienmascaramiento de infrarrojo activo podr\u00e1 detectar la amenaza cuando el sistema de alarma se active y enviar\u00e1 una notificaci\u00f3n. <\/div>\n<\/p><\/div>\n<div style='flex: 1 1 250px; border: 1px solid rgba(150&comma; 150&comma; 150&comma; 0.4); border-radius: 8px; overflow: hidden; display: flex; flex-direction: column;'>\n<div style='padding: 15px; border-bottom: 1px solid rgba(150&comma; 150&comma; 150&comma; 0.2); font-weight: bold; font-size: 18px; color: inherit;'>Tecnolog\u00eda dual para mayor estabilidad<\/div>\n<div style='padding: 15px; color: inherit; font-size: 14px;'> Si la luz del sol es fuerte o si la temperatura ambiente es parecida a la del cuerpo humano&comma; la tecnolog\u00eda de infrarrojo pasivo podr\u00eda activar falsas alarmas. Para este tipo de entornos&comma; resulta ventajoso combinar la tecnolog\u00eda de infrarrojo pasivo con la tecnolog\u00eda de microondas. Esta \u00faltima confirma la alarma y aporta un nivel extra de estabilidad. <\/div>\n<\/p><\/div>\n<\/p><\/div>\n<hr style='border: 0; border-top: 1px solid rgba(150&comma; 150&comma; 150&comma; 0.3); margin: 30px 0;'>\n<div style='margin-bottom: 30px;'>\n<h3 style='font-size: 18px; margin: 0 0 15px; color: inherit; opacity: 0.8;'>Aplicaciones<\/h3>\n<p> <img style='width: 100%; height: auto; border: 1px solid rgba(150&comma;150&comma;150&comma;0.3); border-radius: 8px;' src='https:\/\/i.ibb.co\/g4PJPd7\/dfgegregrgergr.png' alt=''> <\/div>\n<\/p><\/div>\n","protected":false},"excerpt":{"rendered":"<p>Detector de Movimiento doble tecnologia MW&#038;PIR\/ 100% Exterior \/  Cableado \/ Hasta 12 metros a 85\u00b0; de cobertura\/ Instalaci\u00f3n a 3 metros \/ Compatible con cualquier panel de alarma<\/p>\n","protected":false},"featured_media":3152,"comment_status":"open","ping_status":"closed","template":"","meta":[],"product_brand":[],"product_cat":[202],"product_tag":[19,203,106],"class_list":{"0":"post-3153","1":"product","2":"type-product","3":"status-publish","4":"has-post-thumbnail","6":"product_cat-movimiento-para-exterior","7":"product_tag-detectores-sensores","8":"product_tag-movimiento-para-exterior","9":"product_tag-optex","11":"first","12":"outofstock","13":"sale","14":"shipping-taxable","15":"purchasable","16":"product-type-simple"},"_links":{"self":[{"href":"https:\/\/soydeaqui.ddns.net\/pachuca\/index.php\/wp-json\/wp\/v2\/product\/3153","targetHints":{"allow":["GET"]}}],"collection":[{"href":"https:\/\/soydeaqui.ddns.net\/pachuca\/index.php\/wp-json\/wp\/v2\/product"}],"about":[{"href":"https:\/\/soydeaqui.ddns.net\/pachuca\/index.php\/wp-json\/wp\/v2\/types\/product"}],"replies":[{"embeddable":true,"href":"https:\/\/soydeaqui.ddns.net\/pachuca\/index.php\/wp-json\/wp\/v2\/comments?post=3153"}],"wp:featuredmedia":[{"embeddable":true,"href":"https:\/\/soydeaqui.ddns.net\/pachuca\/index.php\/wp-json\/wp\/v2\/media\/3152"}],"wp:attachment":[{"href":"https:\/\/soydeaqui.ddns.net\/pachuca\/index.php\/wp-json\/wp\/v2\/media?parent=3153"}],"wp:term":[{"taxonomy":"product_brand","embeddable":true,"href":"https:\/\/soydeaqui.ddns.net\/pachuca\/index.php\/wp-json\/wp\/v2\/product_brand?post=3153"},{"taxonomy":"product_cat","embeddable":true,"href":"https:\/\/soydeaqui.ddns.net\/pachuca\/index.php\/wp-json\/wp\/v2\/product_cat?post=3153"},{"taxonomy":"product_tag","embeddable":true,"href":"https:\/\/soydeaqui.ddns.net\/pachuca\/index.php\/wp-json\/wp\/v2\/product_tag?post=3153"}],"curies":[{"name":"wp","href":"https:\/\/api.w.org\/{rel}","templated":true}]}}