{"id":31507,"date":"2026-03-18T14:12:26","date_gmt":"2026-03-18T14:12:26","guid":{"rendered":"https:\/\/soydeaqui.ddns.net\/pachuca\/index.php\/producto\/kit-de-barrera-vehicular-1601-de-uso-continuo-con-mastil-de-aluminio-4-metros-incluye-sensor-de-masa-y-loop\/"},"modified":"2026-03-18T14:12:27","modified_gmt":"2026-03-18T14:12:27","slug":"kit-de-barrera-vehicular-1601-de-uso-continuo-con-mastil-de-aluminio-4-metros-incluye-sensor-de-masa-y-loop","status":"publish","type":"product","link":"https:\/\/soydeaqui.ddns.net\/pachuca\/index.php\/producto\/kit-de-barrera-vehicular-1601-de-uso-continuo-con-mastil-de-aluminio-4-metros-incluye-sensor-de-masa-y-loop\/","title":{"rendered":"Kit de Barrera Vehicular 1601 de Uso CONTINUO Con M\u00e1stil de Aluminio 4 Metros \/ Incluye Sensor de Masa y Loop."},"content":{"rendered":"<div style='width: 100%; max-width: 1200px; margin: 0 auto; font-family: sans-serif; line-height: 1.6; color: inherit; background-color: transparent;'>\n<div style='display: flex; flex-wrap: wrap; gap: 30px; margin-bottom: 30px;'>\n<div style='flex: 1 1 300px; min-width: 280px;'>\n<div style='border-left: 5px solid #0091ff; border-radius: 5px; padding: 5px; box-shadow: 2px 2px 10px rgba(216&comma; 216&comma; 216&comma; 0.5);'> <strong style='font-size: 16px; color: inherit;'>Caracter\u00edsticas principales:<\/strong> <\/p>\n<ul style='padding-left: 20px; font-size: 14px; color: inherit; list-style-type: disc;'>\n<li style='margin-bottom: 5px;'>Barrera de uso continuo con motor de 1\/2 Hp<\/li>\n<li style='margin-bottom: 5px;'>Soporta brazo de hasta 4 metros<\/li>\n<li style='margin-bottom: 5px;'>Clase de operacion II&comma; III y IV (Segun UL 325)<\/li>\n<\/ul><\/div>\n<\/p><\/div>\n<div style='flex: 1 1 300px; min-width: 280px;'>\n<div style='border-left: 5px solid #0091ff; border-radius: 5px; padding: 5px; box-shadow: 2px 2px 10px rgba(216&comma; 216&comma; 216&comma; 0.5);'> <strong style='font-size: 16px; color: inherit;'>Caracter\u00edsticas F\u00edsicas y El\u00e9ctricas:<\/strong> <\/p>\n<ul style='padding-left: 20px; font-size: 14px; color: inherit; list-style-type: disc;'>\n<li style='margin-bottom: 5px;'>Alimentacion 115 Vac<\/li>\n<li style='margin-bottom: 5px;'>Dimensiones: 387.35 x 1105 x 394 mm<\/li>\n<li style='margin-bottom: 5px;'>Consumo de corriente de 5.4 Amp.<\/li>\n<\/ul><\/div>\n<\/p><\/div>\n<div style='flex: 1 1 300px; min-width: 280px;'>\n<div style='border-left: 5px solid #0091ff; border-radius: 5px; padding: 5px; box-shadow: 2px 2px 10px rgba(216&comma; 216&comma; 216&comma; 0.5);'> <strong style='font-size: 16px; color: inherit;'>Caracter\u00edsticas Destacadas:<\/strong> <\/p>\n<ul style='padding-left: 20px; font-size: 14px; color: inherit; list-style-type: disc;'>\n<li style='margin-bottom: 5px;'>Interruptor de encendido \/ apagado integrado.<\/li>\n<li style='margin-bottom: 5px;'>Barrera Izquierda o derecha configurable en campo.<\/li>\n<\/ul><\/div>\n<\/p><\/div>\n<\/p><\/div>\n<hr style='border: 0; border-top: 1px solid rgba(150&comma; 150&comma; 150&comma; 0.3); margin: 30px 0;'>\n<div style='display: flex; flex-wrap: wrap; gap: 30px; margin-bottom: 30px;'>\n<div style='flex: 1 1 400px; min-width: 280px;'>\n<h3 style='font-size: 20px; margin-top: 0; color: inherit;'>Kit de barrera vehicular de uso continuo<\/h3>\n<h3 style='font-size: 20px; color: inherit;'>\u00bfQu\u00e9 incluye el kit?<\/h3>\n<ul style='padding-left: 20px; font-size: 14px; color: inherit; list-style-type: disc;'>\n<li style='margin-bottom: 5px;'>1 x <strong>1601-380<\/strong> Barrera Doorking de uso continuo color blanco.<\/li>\n<li style='margin-bottom: 5px;'>1 x <strong>1601-516<\/strong> Mastil tubular de aluminio de 4 metros.<\/li>\n<li style='margin-bottom: 5px;'>1 x <strong>1601-242<\/strong> Kit de instalaci\u00f3n para brazo tubular.<\/li>\n<li style='margin-bottom: 5px;'>1 x <strong>9410-010<\/strong> Sensor de masa plug and play de un canal.<\/li>\n<li style='margin-bottom: 5px;'>1 x <strong>SYS-LM6<\/strong> Lazo magnetico para sensor de masa.<\/li>\n<\/ul><\/div>\n<div style='flex: 1 1 300px; min-width: 280px;'> <img style='width: 100%; height: auto; border: 1px solid rgba(150&comma;150&comma;150&comma;0.3); border-radius: 8px;' src='https:\/\/ftp3.syscom.mx\/usuarios\/fmedina\/erp-images\/kit_dks_1.jpg' alt='Kit de Barrera Vehicular 1601'> <\/div>\n<\/p><\/div>\n<hr style='border: 0; border-top: 1px solid rgba(150&comma; 150&comma; 150&comma; 0.3); margin: 30px 0;'>\n<div style='margin-bottom: 30px;'>\n<h3 style='text-align: center; font-size: 18px; margin-bottom: 15px; color: inherit;'>\u00bfQu\u00e9 accesorios puedo agregar a una instalaci\u00f3n?<\/h3>\n<p style='text-align: center; margin: 5px 0; color: inherit; font-size: 14px;'> <strong style='color: inherit;'>XBSSW01<\/strong> Botonera triple de uso rudo. <\/p>\n<p style='text-align: center; margin: 5px 0; color: inherit; font-size: 14px;'> <strong style='color: inherit;'>10LZR-H100-KIT-19327<\/strong> Sensor laser de seguridad en accesos vehiculares. <\/p>\n<\/p><\/div>\n<hr style='border: 0; border-top: 1px solid rgba(150&comma; 150&comma; 150&comma; 0.3); margin: 30px 0;'>\n<div style='margin-bottom: 30px;'>\n<h3 style='text-align: center; font-size: 18px; margin-bottom: 15px; color: inherit;'>Notas adicionales<\/h3>\n<p style='text-align: center; margin: 5px 0; color: inherit; font-size: 14px;'> La garantia del kit varia de acuerdo a cada elemento <\/p>\n<p style='text-align: center; margin: 5px 0; color: inherit; font-size: 14px;'> Garantia de 5 a\u00f1os en el modelo 1601-380 <\/p>\n<\/p><\/div>\n<hr style='border: 0; border-top: 1px solid rgba(150&comma; 150&comma; 150&comma; 0.3); margin: 30px 0;'>\n<div style='display: flex; flex-wrap: wrap; gap: 20px; margin-bottom: 30px;'>\n<div style='flex: 1 1 300px; min-width: 280px;'>\n<div style='position: relative; padding-bottom: 56.25%; height: 0; overflow: hidden; margin-bottom: 30px;'>   <\/div>\n<\/p><\/div>\n<div style='flex: 1 1 300px; min-width: 280px;'>\n<div style='position: relative; padding-bottom: 56.25%; height: 0; overflow: hidden; margin-bottom: 30px;'>   <\/div>\n<\/p><\/div>\n<div style='flex: 1 1 300px; min-width: 280px;'>\n<div style='position: relative; padding-bottom: 56.25%; height: 0; overflow: hidden; margin-bottom: 30px;'>   <\/div>\n<\/p><\/div>\n<\/p><\/div>\n<div style='display: flex; flex-wrap: wrap; gap: 20px; margin-bottom: 30px;'>\n<div style='flex: 1 1 300px; min-width: 280px;'>\n<div style='position: relative; padding-bottom: 56.25%; height: 0; overflow: hidden; margin-bottom: 30px;'>   <\/div>\n<\/p><\/div>\n<div style='flex: 1 1 300px; min-width: 280px;'>\n<div style='position: relative; padding-bottom: 56.25%; height: 0; overflow: hidden; margin-bottom: 30px;'>   <\/div>\n<\/p><\/div>\n<div style='flex: 1 1 300px; min-width: 280px;'>\n<div style='position: relative; padding-bottom: 56.25%; height: 0; overflow: hidden; margin-bottom: 30px;'>   <\/div>\n<\/p><\/div>\n<\/p><\/div>\n<hr style='border: 0; border-top: 1px solid rgba(150&comma; 150&comma; 150&comma; 0.3); margin: 30px 0;'> <\/div>\n","protected":false},"excerpt":{"rendered":"<p>Kit de Barrera Vehicular 1601 de Uso CONTINUO Con M\u00e1stil de Aluminio 4 Metros \/ Incluye Sensor de Masa y Loop.<\/p>\n","protected":false},"featured_media":31506,"comment_status":"open","ping_status":"closed","template":"","meta":[],"product_brand":[],"product_cat":[748],"product_tag":[401,749,781],"class_list":{"0":"post-31507","1":"product","2":"type-product","3":"status-publish","4":"has-post-thumbnail","6":"product_cat-barreras-vehiculares","7":"product_tag-acceso-vehicular","8":"product_tag-barreras-vehiculares","9":"product_tag-dks-doorking","11":"first","12":"instock","13":"sale","14":"shipping-taxable","15":"purchasable","16":"product-type-simple"},"_links":{"self":[{"href":"https:\/\/soydeaqui.ddns.net\/pachuca\/index.php\/wp-json\/wp\/v2\/product\/31507","targetHints":{"allow":["GET"]}}],"collection":[{"href":"https:\/\/soydeaqui.ddns.net\/pachuca\/index.php\/wp-json\/wp\/v2\/product"}],"about":[{"href":"https:\/\/soydeaqui.ddns.net\/pachuca\/index.php\/wp-json\/wp\/v2\/types\/product"}],"replies":[{"embeddable":true,"href":"https:\/\/soydeaqui.ddns.net\/pachuca\/index.php\/wp-json\/wp\/v2\/comments?post=31507"}],"wp:featuredmedia":[{"embeddable":true,"href":"https:\/\/soydeaqui.ddns.net\/pachuca\/index.php\/wp-json\/wp\/v2\/media\/31506"}],"wp:attachment":[{"href":"https:\/\/soydeaqui.ddns.net\/pachuca\/index.php\/wp-json\/wp\/v2\/media?parent=31507"}],"wp:term":[{"taxonomy":"product_brand","embeddable":true,"href":"https:\/\/soydeaqui.ddns.net\/pachuca\/index.php\/wp-json\/wp\/v2\/product_brand?post=31507"},{"taxonomy":"product_cat","embeddable":true,"href":"https:\/\/soydeaqui.ddns.net\/pachuca\/index.php\/wp-json\/wp\/v2\/product_cat?post=31507"},{"taxonomy":"product_tag","embeddable":true,"href":"https:\/\/soydeaqui.ddns.net\/pachuca\/index.php\/wp-json\/wp\/v2\/product_tag?post=31507"}],"curies":[{"name":"wp","href":"https:\/\/api.w.org\/{rel}","templated":true}]}}