{"id":3150,"date":"2026-03-18T06:05:09","date_gmt":"2026-03-18T06:05:09","guid":{"rendered":"https:\/\/soydeaqui.ddns.net\/pachuca\/index.php\/producto\/axpro-kit-de-alarma-axpro-conversion-de-zonas-cableadas-a-inalambricas-incluye-1-hub-ip-wifi-y-3g-4g-con-bateria-de-respaldo-1-expansor-de-16-zonas-cableadas-1-bateria-de-respaldo-12vcc-a-7\/"},"modified":"2026-03-18T06:05:09","modified_gmt":"2026-03-18T06:05:09","slug":"axpro-kit-de-alarma-axpro-conversion-de-zonas-cableadas-a-inalambricas-incluye-1-hub-ip-wifi-y-3g-4g-con-bateria-de-respaldo-1-expansor-de-16-zonas-cableadas-1-bateria-de-respaldo-12vcc-a-7","status":"publish","type":"product","link":"https:\/\/soydeaqui.ddns.net\/pachuca\/index.php\/producto\/axpro-kit-de-alarma-axpro-conversion-de-zonas-cableadas-a-inalambricas-incluye-1-hub-ip-wifi-y-3g-4g-con-bateria-de-respaldo-1-expansor-de-16-zonas-cableadas-1-bateria-de-respaldo-12vcc-a-7\/","title":{"rendered":"(AXPRO) KIT  de alarma AXPRO conversi\u00f3n de zonas cableadas a inal\u00e1mbricas \/ Incluye: 1 Hub IP, Wifi y 3G\/4G con Bateria de respaldo\/ 1 Expansor de 16 zonas cableadas \/ 1 Bateria de respaldo 12Vcc a 7 Amp\/ Compatible con Hik-Connect P2P"},"content":{"rendered":"<p><!---------------------------------- LOGO ------------------------------------------------------------ --> <\/p>\n<p style='text-align: center;'><img class='fr-fic fr-dii' style='width: 45%;' src='https:\/\/ftp3.syscom.mx\/usuarios\/jsosa\/HIKVISION\/imagenes\/logo\/hikvision%20see%20far.png' \/><\/p>\n<\/p>\n<p> <!---------------------------------- Video AX PRO Conoce la Soluci\u00f3n ---------------------- --> <\/p>\n<h3 style='text-align: center;'><strong><span style='font-family: verdana&comma; geneva&comma; sans-serif;'>Conoce la serie AX PRO de alarmas Hikvision<\/span><\/strong><\/h3>\n<\/p>\n<p> <!---------------------------------- SEGUNDO BLOQUE DE VIDEOS ---------------------- --> <\/p>\n<div class='row'>\n<div class='col-sm-6 col-md-4'>\n<h4 style='text-align: center;'><strong><span style='font-family: verdana&comma; geneva&comma; sans-serif;'>Configuraci\u00f3n de la alarma AX PRO de Hikvision<\/span><\/strong><\/h4>\n<div class='embed-responsive embed-responsive-16by9'> <\/div>\n<\/p><\/div>\n<div class='col-sm-6 col-md-4'>\n<h4 style='text-align: center;'><strong><span style='font-family: verdana&comma; geneva&comma; sans-serif;'>Bienvenido al futuro con AX PRO Hikvision<\/span><\/strong><\/h4>\n<div class='embed-responsive embed-responsive-16by9'> <\/div>\n<\/p><\/div>\n<div class='col-sm-6 col-md-4'>\n<h4 style='text-align: center;'><strong><span style='font-family: verdana&comma; geneva&comma; sans-serif;'>Sistema Robusto contra Intrusiones AX PRO<\/span><\/strong><\/h4>\n<div class='embed-responsive embed-responsive-16by9'> <\/div>\n<\/p><\/div>\n<\/p><\/div>\n<\/p>\n<p> <!---------------------------------- DESCRIPCI\u00c3\u201cN QUE INCLUYE EL KIT---------------------- --> <\/p>\n<div class='row'>\n<h1 style='color: black; text-align: center;'><span style='font-family: verdana&comma; geneva&comma; sans-serif;'>DS-PWA48-KS-EX<\/span><\/h1>\n<h3 style='color: black; text-align: center;'><span style='font-family: verdana&comma; geneva&comma; sans-serif;'>KIT Alarma Hikvision&comma; Incluye:<\/span><\/h3>\n<p class='col-xs-12' style='text-align: center;'><span style='font-family: verdana&comma; geneva&comma; sans-serif;'><span style='font-family: verdana&comma; geneva&comma; sans-serif;'>1 x <\/span><a href='https:\/\/www.syscom.mx\/producto\/DS-PWA48-M-WB-HIKVISION-196110.html' target='_blank' rel='noopener'><span style='color: #0000ee; font-family: verdana&comma; geneva&comma; sans-serif;'><strong><u>DS-PWA48-M-WB<\/u><\/strong><\/span><\/a><u><\/u><\/span><\/p>\n<p class='col-xs-12' style='text-align: center;'><span style='font-family: verdana&comma; geneva&comma; sans-serif;'>1 x <\/span><a href='https:\/\/www.syscom.mx\/producto\/hikvision-ds-pm1-i16o2-wb-205682.html' target='_blank' rel='noopener'><span style='color: #0000ee; font-family: verdana&comma; geneva&comma; sans-serif;'><strong><u>DS-PM1-I16O2-WB<\/u><\/strong><\/span><\/a><\/p>\n<p class='col-xs-12' style='text-align: center;'><span style='font-family: verdana&comma; geneva&comma; sans-serif;'>1 x <\/span><a href='https:\/\/www.syscom.mx\/producto\/PL-7-12-EPCOM-POWERLINE-67467.html' target='_blank' rel='noopener'><span style='color: #0000ee; font-family: verdana&comma; geneva&comma; sans-serif;'><strong><u>PL-7-12<\/u><\/strong><\/span><\/a><\/p>\n<p class='col-xs-12' style='text-align: center;'><span style='font-family: verdana&comma; geneva&comma; sans-serif;'><strong>(EL kit incluye una )<\/strong><\/span><\/p>\n<\/p><\/div>\n<p> <!---------------------------------- PANEL --------------------------------------------------------- --> <\/p>\n<div class='row'>\n<div class='col-sm-12' style='margin-top: 30px;'>\n<div class='panel_segmento' style='padding: 0px;'>\n<div style='background-color: #eeeeee; text-align: center;'><a href='https:\/\/www.syscom.mx\/producto\/DS-PWA48-M-WB-HIKVISION-196110.html' target='_blank' rel='noopener'><img class='' src='https:\/\/ftp3.syscom.mx\/usuarios\/fotos\/BancoFotografiasSyscom\/HIKVISION\/DSPWA48EWB\/DSPWA48EWB-p.PNG' alt='...' width='400' height='400' \/><\/a><\/div>\n<div style='border-top: 5px solid #DF001D; padding: 0px 15px;'>\n<h3 style='color: black;'><span style='font-family: verdana&comma; geneva&comma; sans-serif;'>1 x <a href='https:\/\/www.syscom.mx\/producto\/DS-PWA48-M-WB-HIKVISION-196110.html' target='_blank' rel='noopener'>DS-PWA48-M-WB<\/a><\/span><\/h3>\n<h4 style='color: gray;'><span style='font-family: verdana&comma; geneva&comma; sans-serif;'>Caracter\u00edsticas:<\/span><\/h4>\n<ul>\n<li><span style='font-family: verdana&comma; geneva&comma; sans-serif;'>48 Zonas o Salidas de Alarma&comma;<\/span><strong style='font-family: verdana&comma; geneva&comma; sans-serif;'>Incluye bateria de respaldo<\/strong><\/li>\n<li><span style='font-family: verdana&comma; geneva&comma; sans-serif;'>Soporta 4 Sirenas<\/span><\/li>\n<li><span style='font-family: verdana&comma; geneva&comma; sans-serif;'>Soporta 8 Lectores o Teclados<\/span><\/li>\n<li><span style='font-family: verdana&comma; geneva&comma; sans-serif;'>Soporta 16 controles<\/span><\/li>\n<li><span style='font-family: verdana&comma; geneva&comma; sans-serif;'>Soporta 2 Repetidores<\/span><\/li>\n<\/ul><\/div>\n<\/p><\/div>\n<\/p>\n<p> <!---------------------------------- SEGUNDO BLOQUE EXPANSOR Y BATERIA ------------------------------------------------------------ --> <\/p>\n<div class='row'>\n<div class='col-sm-6' style='margin-top: 30px;'>\n<div class='panel_segmento' style='padding: 0px;'>\n<div style='background-color: #eeeeee; text-align: center;'><a href='https:\/\/www.syscom.mx\/producto\/hikvision-ds-pm1-i16o2-wb-205682.html' target='_blank' rel='noopener'><img class='img-responsive ' src='https:\/\/ftp3.syscom.mx\/usuarios\/fotos\/BancoFotografiasSyscom\/HIKVISION\/DSPM1I16O2WB\/DSPM1I16O2WB-p.PNG' alt='...' width='400' height='400' \/><\/a><\/div>\n<div style='border-top: 5px solid #DF001D; padding: 0px 15px;'>\n<h4 style='color: black;'><span style='font-family: verdana&comma; geneva&comma; sans-serif;'>1 x <a href='https:\/\/www.syscom.mx\/producto\/hikvision-ds-pm1-i16o2-wb-205682.html' target='_blank' rel='noopener'>DS-PM1-I16O2-WB<\/a><\/span><\/h4>\n<h4 style='color: gray;'><span style='font-family: verdana&comma; geneva&comma; sans-serif;'>Caracter\u00edsticas:<\/span><\/h4>\n<ul>\n<li><span style='font-family: verdana&comma; geneva&comma; sans-serif;'>Soporta 16 zonas cableadas.<\/span><\/li>\n<li><span style='font-family: verdana&comma; geneva&comma; sans-serif;'>Comunicacion inalambrica con el panel.<\/span><\/li>\n<li><span style='font-family: verdana&comma; geneva&comma; sans-serif;'>Supervisi\u00f3n por medio de resistencias de fin de l\u00ednea 1k&comma; 2.2k&comma; 4.7k&comma; 8.2k&comma; NO\/NC.<\/span><\/li>\n<\/ul><\/div>\n<\/p><\/div>\n<\/p><\/div>\n<div class='col-sm-6' style='margin-top: 30px;'>\n<div class='panel_segmento' style='padding: 0px;'>\n<div style='background-color: #eee;'><a href='https:\/\/www.syscom.mx\/producto\/PL-7-12-EPCOM-POWERLINE-67467.html' target='_blank' rel='noopener'><img class='img-responsive ' style='display: block; margin-left: auto; margin-right: auto;' src='https:\/\/ftp3.syscom.mx\/usuarios\/fotos\/BancoFotografiasSyscom\/EPCOMPOWERLINE\/PL712\/PL712-p.PNG' alt='...' width='400' height='400' \/><\/a><\/div>\n<div style='border-top: 5px solid #DF001D; padding: 0px 15px;'>\n<h4 style='color: black;'><span style='font-family: verdana&comma; geneva&comma; sans-serif;'>1 x <a href='https:\/\/www.syscom.mx\/producto\/PL-7-12-EPCOM-POWERLINE-67467.html' target='_blank' rel='noopener'>PL-7-12<\/a><\/span><\/h4>\n<h4 style='color: gray;'><span style='font-family: verdana&comma; geneva&comma; sans-serif;'>Caracter\u00edsticas:<\/span><\/h4>\n<ul>\n<li><span style='font-family: verdana&comma; geneva&comma; sans-serif;'>Bateria de 12 Vcc a 7 Amp.<\/span><\/li>\n<li><span style='font-family: verdana&comma; geneva&comma; sans-serif;'>Bateria de alto rendimiento.<\/span><\/li>\n<li><span style='font-family: verdana&comma; geneva&comma; sans-serif;'>Dise\u00f1ada para aplicaciones de alta confiabilidad.<\/span><\/li>\n<\/ul><\/div>\n<\/p><\/div>\n<\/p><\/div>\n<\/p><\/div>\n<\/p>\n<p> <!---------------------------------- SERIE AX PRO ------------------------------------------------------------ --> <\/p>\n<div class='row'>\n<div class='col-sm-6'>\n<p><a href='https:\/\/www.syscom.mx\/principal\/listadoproductosazul\/intrusion-hikvision-paneles-de-alarma-y-accesorios-ax-pro-series-66286.html?ordenar=Precio_de_Menor_a_Mayor&#038;pag=1' target='_blank' rel='noopener'><img class='fr-fic fr-dii' style='width: 100%;' src='https:\/\/ftp3.syscom.mx\/usuarios\/jsosa\/HIKVISION\/alarmas\/AXPPRO\/Serie%20AXPRO.png' \/><\/a><\/p>\n<\/p><\/div>\n<div class='col-sm-6'>\n<h2><span style='font-family: verdana&comma; geneva&comma; sans-serif;'>Serie AX PRO<\/span><\/h2>\n<p><span style='font-family: verdana&comma; geneva&comma; sans-serif;'>\u00bfNecesita proteger su hogar&comma; oficina o tienda?<\/span><\/p>\n<p><span style='font-family: verdana&comma; geneva&comma; sans-serif;'>\u00bfCansado de tantos cables y mucho tiempo de instalaci\u00f3n?<\/span><\/p>\n<p><span style='font-family: verdana&comma; geneva&comma; sans-serif;'>\u00a1Utilice una soluci\u00f3n de alarma inal\u00e1mbrica profesional!<\/span><\/p>\n<p><span style='font-family: verdana&comma; geneva&comma; sans-serif;'>Conozca todos los dispositivos que pueden integrar en la Serie AX PRO dando clic <a href='https:\/\/www.syscom.mx\/principal\/listadoproductosazul\/intrusion-hikvision-paneles-de-alarma-y-accesorios-ax-pro-series-66286.html?ordenar=Precio_de_Menor_a_Mayor&#038;pag=1' target='_blank' rel='noopener'><strong>aqu\u00ed<\/strong><\/a>.<\/span><\/p>\n<\/p><\/div>\n<\/p><\/div>\n<\/p>\n<p> <!---------------------------------- FAMILIA AX PRO --------------------------------------------- --> <\/p>\n<h2 style='text-align: center;'><strong><span style='font-family: verdana&comma; geneva&comma; sans-serif;'>Asegur\u00e9 que todos sus equipos son compatibles con la linea AX PRO.<\/span><\/strong><\/h2>\n<p><a href='https:\/\/www.syscom.mx\/principal\/listadoproductosazul\/intrusion-hikvision-paneles-de-alarma-y-accesorios-ax-pro-series-66286.html?ordenar=Precio_de_Menor_a_Mayor&#038;pag=1' target='_blank' rel='noopener'><img class='fr-fic fr-dii' style='width: 100%;' src='https:\/\/ftp3.syscom.mx\/usuarios\/jsosa\/HIKVISION\/alarmas\/imagenes\/panel%20ax%20pro%20diagrama%20hikvision%202.jpg' \/><\/a><\/p>\n<\/p>\n<p> <!---------------------------------- VIDEO ALTA Y RESET ------------------------------------------- --> <\/p>\n<div class='row'>\n<div class='col-sm-6 '>\n<h3 style='text-align: center;'><strong><span style='font-family: verdana&comma; geneva&comma; sans-serif;'>Alta del panel AX PRO en Hik-Connect<\/span><\/strong><\/h3>\n<div class='embed-responsive embed-responsive-16by9'> <\/div>\n<\/p><\/div>\n<div class='col-sm-6'>\n<h3 style='text-align: center;'><strong><span style='font-family: verdana&comma; geneva&comma; sans-serif;'>Reset del panel AX PRO por medio de bot\u00f3n<\/span><\/strong><\/h3>\n<div class='embed-responsive embed-responsive-16by9'> <\/div>\n<\/p><\/div>\n<\/p><\/div>\n<\/p>\n<p> <!---------------------------------- VIDEO PIR CAM Y C\u00c3\u0081MARA IP ------------------------------------------------ --> <\/p>\n<div class='row'>\n<div class='col-sm-6 '>\n<h3 style='text-align: center;'><strong><span style='font-family: verdana&comma; geneva&comma; sans-serif;'>Video Verificaci\u00f3n con PIR con C\u00e1mara<\/span><\/strong><\/h3>\n<div class='embed-responsive embed-responsive-16by9'> <\/div>\n<\/p><\/div>\n<div class='col-sm-6'>\n<h3 style='text-align: center;'><strong><span style='font-family: verdana&comma; geneva&comma; sans-serif;'>Vinculo de Sensor Magn\u00e9tico con C\u00e1mara IP<\/span><\/strong><\/h3>\n<div class='embed-responsive embed-responsive-16by9'> <\/div>\n<\/p><\/div>\n<\/p><\/div>\n<\/p>\n<p> <!---------------------------------- DIAGRAMA DE APLICACI\u00c3\u201cN --------------------------------------------------- --> <\/p>\n<h2 style='text-align: center;'><strong><span style='font-family: verdana&comma; geneva&comma; sans-serif;'>DIAGRAMA DE APLICACI\u00d3N<\/span><\/strong><\/h2>\n<p><img class='fr-fic fr-dii' style='width: 100%;' src='https:\/\/ftp3.syscom.mx\/usuarios\/jsosa\/HIKVISION\/alarmas\/AXPPRO\/banner\/diagrama%20AX%20Pro.png' \/><\/p>\n<\/p>\n<p> <!---------------------------------- NOVEDADES ----------------------------------------------- --> <\/p>\n<h2 style='text-align: center;'><strong><span style='font-family: verdana&comma; geneva&comma; sans-serif;'>NOVEDADES DE LA SERIE AX-PRO<\/span><\/strong><\/h2>\n<\/p>\n<p> <!---------------------------------- REPETIDOR ------------------------------------------------ --> <\/p>\n<div class='row'>\n<div class='col-sm-6'><a href='https:\/\/www.syscom.mx\/producto\/DS-PR1-WB-HIKVISION-191817.html' target='_blank' rel='noopener'><img class='img-responsive' style='display: block; margin-left: auto; margin-right: auto;' src='https:\/\/ftp3.syscom.mx\/usuarios\/fotos\/BancoFotografiasSyscom\/HIKVISION\/DSPR1WB\/DSPR1WB-p.PNG' \/><\/a><\/div>\n<div class='col-sm-6'>\n<h2><span style='font-family: verdana&comma; geneva&comma; sans-serif;'>REPETIDOR DE SE\u00d1AL <strong><a href='https:\/\/www.syscom.mx\/producto\/DS-PR1-WB-HIKVISION-191817.html' target='_blank' rel='noopener'>DS-PR1-WB<\/a><\/strong><\/span><\/h2>\n<p><strong><span style='font-family: verdana&comma; geneva&comma; sans-serif;'>Aumenta la cobertura de tus dispositivos<\/span><\/strong><\/p>\n<p><span style='font-family: verdana&comma; geneva&comma; sans-serif;'>Extiende la se\u00f1al de los dispositivos de la serie AXPRO&comma; r<span style='background-color: #ffffff; color: #333333; font-size: 14px; text-align: justify;'>ecibe mensajes de alarma&comma; estado y control de los dispositivos y repite estos mensajes al panel de control.<\/span><\/span><\/p>\n<\/p>\n<ul style='box-sizing: border-box; margin-top: 0px; margin-bottom: 10px; color: #333333; font-family: 'Helvetica Neue'&comma; Helvetica&comma; Arial&comma; sans-serif; font-size: 14px; background-color: #ffffff; list-style-type: circle;'>\n<li style='box-sizing: border-box;'><span style='box-sizing: border-box; font-family: verdana&comma; geneva&comma; sans-serif;'>\u00e2\u0153\u201cComunicaci\u00f3n inal\u00e1mbrica bidireccional de 433 MHz <\/span><span style='box-sizing: border-box; font-family: verdana&comma; geneva&comma; sans-serif;'>estable y segura.<\/span><\/li>\n<li style='box-sizing: border-box;'><span style='box-sizing: border-box; font-family: verdana&comma; geneva&comma; sans-serif;'>\u00e2\u0153\u201cIndicador LED&comma; muestra los diferentes estatus del dispositivo con f\u00e1cil comprensi\u00f3n.<\/span><\/li>\n<li style='box-sizing: border-box;'><span style='box-sizing: border-box; font-family: verdana&comma; geneva&comma; sans-serif;'>\u00e2\u0153\u201cHasta 12 horas de respaldo de bater\u00eda despu\u00e9s de la p\u00e9rdida energ\u00eda principal.<\/span><\/li>\n<li style='box-sizing: border-box;'><span style='box-sizing: border-box; font-family: verdana&comma; geneva&comma; sans-serif;'>\u00e2\u0153\u201cEncuentra y conecta detectores autom\u00e1ticamente&comma; emparejamiento autom\u00e1tico inteligente.<\/span><\/li>\n<li style='box-sizing: border-box;'><span style='box-sizing: border-box; font-family: verdana&comma; geneva&comma; sans-serif;'>\u00e2\u0153\u201cF\u00e1cil instalaci\u00f3n debido nuevo dise\u00f1ado.<\/span><\/li>\n<\/ul><\/div>\n<\/p><\/div>\n<\/p>\n<p> <!---------------------------------- PIR CAM ------------------------------------------------- --> <\/p>\n<div class='row default_padding_bottom'>\n<div class='col-sm-6'>\n<h2><span style='font-family: verdana&comma; geneva&comma; sans-serif;'>DETECTOR PIR CON CAMARA INALAMBRICO <\/span><a href='https:\/\/www.syscom.mx\/producto\/DS-PDPC12P-EG2-WB-HIKVISION-189862.html' target='_blank' rel='noopener'><span style='font-family: verdana&comma; geneva&comma; sans-serif;'>DS-PDPC12P-EG2-WB<\/span><\/a><\/h2>\n<p class='MsoNormal'><span style='font-family: verdana&comma; geneva&comma; sans-serif;'>Detector inal\u00e1mbrico bidireccional totalmente supervisado con c\u00e1mara incorporada de alta calidad que puede proporcionar un ideal soluci\u00f3n para la verificaci\u00f3n de video.<\/span><\/p>\n<p class='MsoNormal'>\n<ul style='box-sizing: border-box; margin-top: 0px; margin-bottom: 10px; color: #333333; font-family: 'Helvetica Neue'&comma; Helvetica&comma; Arial&comma; sans-serif; font-size: 14px; background-color: #ffffff; list-style-type: circle;'>\n<li style='box-sizing: border-box;'><span style='box-sizing: border-box; font-family: verdana&comma; geneva&comma; sans-serif;'>\u00e2\u0153\u201cRango de detecci\u00f3n: 12 m.<\/span><\/li>\n<li style='box-sizing: border-box;'><span style='box-sizing: border-box; font-family: verdana&comma; geneva&comma; sans-serif;'>\u00e2\u0153\u201cAngulo de detecci\u00f3n: 85.9\u00b0.<\/span><\/li>\n<li style='box-sizing: border-box;'><span style='box-sizing: border-box; font-family: verdana&comma; geneva&comma; sans-serif;'>\u00e2\u0153\u201cInmunidad contra mascotas: 30Kg.<\/span><\/li>\n<li style='box-sizing: border-box;'><span style='box-sizing: border-box; font-family: verdana&comma; geneva&comma; sans-serif;'>\u00e2\u0153\u201cResoluci\u00f3n m\u00e1xima de la c\u00e1mara: 640 x 480.<\/span><\/li>\n<li style='box-sizing: border-box;'><span style='box-sizing: border-box; font-family: verdana&comma; geneva&comma; sans-serif;'>\u00e2\u0153\u201cVoltaje de Operaci\u00f3n: 3 x <strong><a style='box-sizing: border-box; background-color: transparent; color: #005cb9; text-decoration-line: none;' href='https:\/\/www.syscom.mx\/producto\/CR123A-EPCOM-POWERLINE-13896.html' target='_blank' rel='noopener'>CR123A<\/a><\/strong> (Incluida).<\/span><\/li>\n<li style='box-sizing: border-box;'><span style='box-sizing: border-box; font-family: verdana&comma; geneva&comma; sans-serif;'>\u00e2\u0153\u201cTiempo util de la bater\u00eda: 6 a\u00f1os<\/span><\/li>\n<li style='box-sizing: border-box;'><span style='box-sizing: border-box; font-family: verdana&comma; geneva&comma; sans-serif;'>\u00e2\u0153\u201cTamper antisabotaje.<\/span><\/li>\n<\/ul><\/div>\n<div class='col-sm-6'><a href='https:\/\/www.syscom.mx\/producto\/DS-PDPC12P-EG2-WB-HIKVISION-189862.html' target='_blank' rel='noopener'><img class='img-responsive' style='display: block; margin-left: auto; margin-right: auto;' src='https:\/\/ftp3.syscom.mx\/usuarios\/fotos\/BancoFotografiasSyscom\/HIKVISION\/DSPDPC12PEG2WB\/DSPDPC12PEG2WB-p.PNG' \/><\/a><\/div>\n<\/p><\/div>\n<p> <!---------------------------------- ACCESORIOS PARA AUTOMATIZACI\u00c3\u201cN ---------------------------------------- --> <\/p>\n<h2 style='text-align: center;'><strong><span style='font-family: verdana&comma; geneva&comma; sans-serif;'>ACCESORIOS PARA AUTOMATIZAR:<\/span><\/strong><\/h2>\n<\/p>\n<div class='row default_margin_bottom'>\n<div class='col-sm-6'>\n<p><a href='https:\/\/www.syscom.mx\/producto\/DS-PM1-O1H-WB-HIKVISION-191822.html' target='_blank' rel='noopener'><img class='fr-fic fr-dii' style='width: 60%; display: block; margin-left: auto; margin-right: auto;' src='https:\/\/ftp3.syscom.mx\/usuarios\/fotos\/BancoFotografiasSyscom\/HIKVISION\/DSPM1O1HWB\/DSPM1O1HWB-p.PNG' \/><\/a><\/p>\n<h2><strong><a href='https:\/\/www.syscom.mx\/producto\/DS-PM1-O1H-WB-HIKVISION-191822.html' target='_blank' rel='noopener'><span style='font-family: verdana&comma; geneva&comma; sans-serif;'>DS-PM1-O1H-WB<\/span><\/a><\/strong><\/h2>\n<ul>\n<li><span style='font-family: verdana&comma; geneva&comma; sans-serif;'>\u00e2\u0153\u201cComunicaci\u00f3n inal\u00e1mbrica bidireccional de 433 MHz \/ Cifrado AES-128.<\/span><\/li>\n<li><span style='font-family: verdana&comma; geneva&comma; sans-serif;'>\u00e2\u0153\u201cPantalla LED&comma; muestra el estado del dispositivo: encendido \/ apagado.<\/span><\/li>\n<li><span style='font-family: verdana&comma; geneva&comma; sans-serif;'>\u00e2\u0153\u201cDise\u00f1o de caja peque\u00f1a&comma; que se puede esconder f\u00e1cilmente.<\/span><\/li>\n<li><span style='font-family: verdana&comma; geneva&comma; sans-serif;'>\u00e2\u0153\u201cOperaci\u00f3n de automatizaci\u00f3n&comma; bot\u00f3n de encendido\/apagado desde: aplicaci\u00f3n \/ control \/ teclado<\/span><\/li>\n<li><span style='font-family: verdana&comma; geneva&comma; sans-serif;'>\u00e2\u0153\u201cConfiguraci\u00f3n de escenarios por diferentes eventos.<\/span><\/li>\n<li><span style='font-family: verdana&comma; geneva&comma; sans-serif;'>\u00e2\u0153\u201c1 Salida de relevador: NO\/NC (100 to 240 VAC \/ Max. 13 A\u00ef\u00bc\u2030<\/span><\/li>\n<li><span style='font-family: verdana&comma; geneva&comma; sans-serif;'>\u00e2\u0153\u201cVoltaje de Operaci\u00f3n: 100 VCA a 240 VCA.<\/span><\/li>\n<li><span style='font-family: verdana&comma; geneva&comma; sans-serif;'>\u00e2\u0153\u201cTemperatura de operaci\u00f3n: -10\u00b0 a 55\u00b0C.<\/span><\/li>\n<\/ul><\/div>\n<div class='col-sm-6'>\n<p><a href='https:\/\/www.syscom.mx\/producto\/DS-PM1-O1L-WB-HIKVISION-191819.html' target='_blank' rel='noopener'><img class='fr-fic fr-dii' style='width: 60%; display: block; margin-left: auto; margin-right: auto;' src='https:\/\/ftp3.syscom.mx\/usuarios\/fotos\/BancoFotografiasSyscom\/HIKVISION\/DSPM1O1LWB\/DSPM1O1LWB-p.PNG' \/><\/a><\/p>\n<h2><strong><a href='https:\/\/www.syscom.mx\/producto\/DS-PM1-O1L-WB-HIKVISION-191819.html' target='_blank' rel='noopener'><span style='font-family: verdana&comma; geneva&comma; sans-serif;'>DS-PM1-O1L-WB<\/span><\/a><\/strong><\/h2>\n<ul>\n<li><span style='font-family: verdana&comma; geneva&comma; sans-serif;'>\u00e2\u0153\u201cComunicaci\u00f3n inal\u00e1mbrica bidireccional de 433 MHz \/ Cifrado AES-128.<\/span><\/li>\n<li><span style='font-family: verdana&comma; geneva&comma; sans-serif;'>\u00e2\u0153\u201cPantalla LED&comma; muestra el estado del dispositivo: encendido \/ apagado.<\/span><\/li>\n<li><span style='font-family: verdana&comma; geneva&comma; sans-serif;'>\u00e2\u0153\u201cDise\u00f1o de caja peque\u00f1a&comma; que se puede esconder f\u00e1cilmente.<\/span><\/li>\n<li><span style='font-family: verdana&comma; geneva&comma; sans-serif;'>\u00e2\u0153\u201cOperaci\u00f3n de automatizaci\u00f3n&comma; bot\u00f3n de encendido\/apagado desde: aplicaci\u00f3n \/ control \/ teclado<\/span><\/li>\n<li><span style='font-family: verdana&comma; geneva&comma; sans-serif;'>\u00e2\u0153\u201cConfiguraci\u00f3n de escenarios por diferentes eventos<\/span><\/li>\n<li><span style='font-family: verdana&comma; geneva&comma; sans-serif;'>\u00e2\u0153\u201cUsando la entrada de alarma&comma; se puede utilizar como entrada de zona para el panel.<\/span><\/li>\n<li><span style='font-family: verdana&comma; geneva&comma; sans-serif;'>\u00e2\u0153\u201c1 Salida de relevador: NO\/NC (0 a 36Vcc \/ Max. 5 A).<\/span><\/li>\n<li><span style='font-family: verdana&comma; geneva&comma; sans-serif;'>\u00e2\u0153\u201c1 Entrada de alarma: NO\/NC.<\/span><\/li>\n<li><span style='font-family: verdana&comma; geneva&comma; sans-serif;'>\u00e2\u0153\u201cVoltaje de Operaci\u00f3n: 7Vcc a 24 Vcc.<\/span><\/li>\n<li><span style='font-family: verdana&comma; geneva&comma; sans-serif;'>\u00e2\u0153\u201cTemperatura de operaci\u00f3n: -10\u00b0 a 55\u00b0C.<\/span><\/li>\n<\/ul><\/div>\n<\/p><\/div>\n<\/p>\n<p> <!---------------------------------- BANER --------------------------------------------------- --> <\/p>\n<p><a title='Serie AX PRO' href='https:\/\/www.syscom.mx\/principal\/promociones\/serie_ax_pro_alarmas_hikvision-5416.html?ordenar=Relevancia&#038;pag=1' target='_blank' rel='noopener'><img class='fr-fic fr-dii' style='width: 100%;' src='https:\/\/ftp3.syscom.mx\/usuarios\/jsosa\/HIKVISION\/alarmas\/AXPPRO\/banner\/HIKVISION-AXPRO-SERIES.jpg' \/><\/a><\/p>\n<\/p><\/div>\n<\/p><\/div><\/p>\n","protected":false},"excerpt":{"rendered":"<p>(AXPRO) KIT  de alarma AXPRO conversi\u00f3n de zonas cableadas a inal\u00e1mbricas \/ Incluye: 1 Hub IP, Wifi y 3G\/4G con Bateria de respaldo\/ 1 Expansor de 16 zonas cableadas \/ 1 Bateria de respaldo 12Vcc a 7 Amp\/ Compatible con Hik-Connect P2P<\/p>\n","protected":false},"featured_media":32,"comment_status":"open","ping_status":"closed","template":"","meta":[],"product_brand":[],"product_cat":[68],"product_tag":[70,54,69],"class_list":{"0":"post-3150","1":"product","2":"type-product","3":"status-publish","4":"has-post-thumbnail","6":"product_cat-ax-pro-series","7":"product_tag-ax-pro-series","8":"product_tag-hikvision","9":"product_tag-paneles-de-alarma-y-accesorios-hikvision","11":"first","12":"outofstock","13":"sale","14":"shipping-taxable","15":"purchasable","16":"product-type-simple"},"_links":{"self":[{"href":"https:\/\/soydeaqui.ddns.net\/pachuca\/index.php\/wp-json\/wp\/v2\/product\/3150","targetHints":{"allow":["GET"]}}],"collection":[{"href":"https:\/\/soydeaqui.ddns.net\/pachuca\/index.php\/wp-json\/wp\/v2\/product"}],"about":[{"href":"https:\/\/soydeaqui.ddns.net\/pachuca\/index.php\/wp-json\/wp\/v2\/types\/product"}],"replies":[{"embeddable":true,"href":"https:\/\/soydeaqui.ddns.net\/pachuca\/index.php\/wp-json\/wp\/v2\/comments?post=3150"}],"wp:featuredmedia":[{"embeddable":true,"href":"https:\/\/soydeaqui.ddns.net\/pachuca\/index.php\/wp-json\/wp\/v2\/media\/32"}],"wp:attachment":[{"href":"https:\/\/soydeaqui.ddns.net\/pachuca\/index.php\/wp-json\/wp\/v2\/media?parent=3150"}],"wp:term":[{"taxonomy":"product_brand","embeddable":true,"href":"https:\/\/soydeaqui.ddns.net\/pachuca\/index.php\/wp-json\/wp\/v2\/product_brand?post=3150"},{"taxonomy":"product_cat","embeddable":true,"href":"https:\/\/soydeaqui.ddns.net\/pachuca\/index.php\/wp-json\/wp\/v2\/product_cat?post=3150"},{"taxonomy":"product_tag","embeddable":true,"href":"https:\/\/soydeaqui.ddns.net\/pachuca\/index.php\/wp-json\/wp\/v2\/product_tag?post=3150"}],"curies":[{"name":"wp","href":"https:\/\/api.w.org\/{rel}","templated":true}]}}