{"id":31499,"date":"2026-03-18T14:12:17","date_gmt":"2026-03-18T14:12:17","guid":{"rendered":"https:\/\/soydeaqui.ddns.net\/pachuca\/index.php\/producto\/bajo-pedido-expansion-checador-adicional-para-software-de-tiempo-asistencia-compatible-con-sistemas-de-nomina-acceso3-titanium\/"},"modified":"2026-03-18T14:12:18","modified_gmt":"2026-03-18T14:12:18","slug":"bajo-pedido-expansion-checador-adicional-para-software-de-tiempo-asistencia-compatible-con-sistemas-de-nomina-acceso3-titanium","status":"publish","type":"product","link":"https:\/\/soydeaqui.ddns.net\/pachuca\/index.php\/producto\/bajo-pedido-expansion-checador-adicional-para-software-de-tiempo-asistencia-compatible-con-sistemas-de-nomina-acceso3-titanium\/","title":{"rendered":"[BAJO PEDIDO] Expansi\u00f3n (Checador adicional) para Software de Tiempo &#038; Asistencia compatible con SISTEMAS DE NOMINA \/ Acceso3 &#8211; TITANIUM"},"content":{"rendered":"<div style='width: 100%; max-width: 1200px; margin: 0 auto; font-family: sans-serif; line-height: 1.6; color: inherit;'>\n<div style='display: flex; flex-direction: column; gap: 20px;'>\n<div style='display: flex; justify-content: center;'> <a href='https:\/\/www.syscom.mx\/producto\/TITANIUMACCESO3-ACCESSPRO-154936.html' target='_blank' rel='noopener'> <img style='width: 100%; max-width: 350px; height: auto; border: 1px solid rgba(150&comma;150&comma;150&comma;0.3); border-radius: 8px;' src='https:\/\/ftp3.syscom.mx\/usuarios\/fespinoza\/Acceso3_TITANIUM\/Recursos\/LOGOTITANIUM.png' alt='' \/> <\/a> <\/div>\n<div style='display: flex; flex-direction: column; gap: 15px;'>\n<p>La licencia permite <strong>a\u00f1adir un checador adicional<\/strong> al software Acceso3 TITANIUM&comma; la m\u00e1s completa soluci\u00f3n de Asistencia que permite administrar los horarios&comma; incidencias&comma; faltas&comma; tiempo extra etc de los empleados&comma; con posibilidad de integrarse con los <strong>softwares de n\u00f3mina m\u00e1s utilizados en M\u00e9xico<\/strong> y los relojes checadores de la marca <strong>ZKTeco<\/strong>.<\/p>\n<p>\u00c9sta licencia puede adicionarse una vez que ya cuente con alguna de las LICENCIAS BASE:<\/p>\n<p>Existen otras licencias que tambi\u00e9n pueden ser consideradas para expansi\u00f3n del sistema&comma; las encuentra en el listado de <em>Accesorios Opcionales<\/em> y <em>Productos relacionados<\/em> (m\u00e1s arriba).<\/p>\n<p><em>* Estas licencias son virtuales&comma; se hacen llegar por correo electr\u00f3nico.<\/em><\/p>\n<div style='margin-top: 15px;'> <a style='font-size: 15.21px; font-style: italic; color: inherit; text-decoration: none;' href='https:\/\/www.syscom.mx\/producto\/TITANIUMACCESO3-ACCESSPRO-154936.html'>Click aqu\u00ed<\/a> <span style='font-size: 15.21px; font-style: italic; color: #aaaaaa;'> para ver la informaci\u00f3n completa del software.<\/span> <\/div>\n<\/p><\/div>\n<\/p><\/div>\n<\/p><\/div>\n","protected":false},"excerpt":{"rendered":"<p>[BAJO PEDIDO] Expansi\u00f3n (Checador adicional) para Software de Tiempo &#038; Asistencia compatible con SISTEMAS DE NOMINA \/ Acceso3 &#8211; TITANIUM<\/p>\n","protected":false},"featured_media":31498,"comment_status":"open","ping_status":"closed","template":"","meta":[],"product_brand":[],"product_cat":[846],"product_tag":[234,792,847],"class_list":{"0":"post-31499","1":"product","2":"type-product","3":"status-publish","4":"has-post-thumbnail","6":"product_cat-tiempo-y-asistencia","7":"product_tag-accesspro","8":"product_tag-software-de-asistencia","9":"product_tag-tiempo-y-asistencia","11":"first","12":"outofstock","13":"sale","14":"shipping-taxable","15":"purchasable","16":"product-type-simple"},"_links":{"self":[{"href":"https:\/\/soydeaqui.ddns.net\/pachuca\/index.php\/wp-json\/wp\/v2\/product\/31499","targetHints":{"allow":["GET"]}}],"collection":[{"href":"https:\/\/soydeaqui.ddns.net\/pachuca\/index.php\/wp-json\/wp\/v2\/product"}],"about":[{"href":"https:\/\/soydeaqui.ddns.net\/pachuca\/index.php\/wp-json\/wp\/v2\/types\/product"}],"replies":[{"embeddable":true,"href":"https:\/\/soydeaqui.ddns.net\/pachuca\/index.php\/wp-json\/wp\/v2\/comments?post=31499"}],"wp:featuredmedia":[{"embeddable":true,"href":"https:\/\/soydeaqui.ddns.net\/pachuca\/index.php\/wp-json\/wp\/v2\/media\/31498"}],"wp:attachment":[{"href":"https:\/\/soydeaqui.ddns.net\/pachuca\/index.php\/wp-json\/wp\/v2\/media?parent=31499"}],"wp:term":[{"taxonomy":"product_brand","embeddable":true,"href":"https:\/\/soydeaqui.ddns.net\/pachuca\/index.php\/wp-json\/wp\/v2\/product_brand?post=31499"},{"taxonomy":"product_cat","embeddable":true,"href":"https:\/\/soydeaqui.ddns.net\/pachuca\/index.php\/wp-json\/wp\/v2\/product_cat?post=31499"},{"taxonomy":"product_tag","embeddable":true,"href":"https:\/\/soydeaqui.ddns.net\/pachuca\/index.php\/wp-json\/wp\/v2\/product_tag?post=31499"}],"curies":[{"name":"wp","href":"https:\/\/api.w.org\/{rel}","templated":true}]}}