{"id":31495,"date":"2026-03-18T14:12:09","date_gmt":"2026-03-18T14:12:09","guid":{"rendered":"https:\/\/soydeaqui.ddns.net\/pachuca\/index.php\/producto\/bajo-pedido-licencia-para-software-de-tiempo-asistencia-compatible-con-sistemas-de-nomina-1000-empleados-10-relojes-checadores-10-pc-acceso3-titanium\/"},"modified":"2026-03-18T14:12:10","modified_gmt":"2026-03-18T14:12:10","slug":"bajo-pedido-licencia-para-software-de-tiempo-asistencia-compatible-con-sistemas-de-nomina-1000-empleados-10-relojes-checadores-10-pc-acceso3-titanium","status":"publish","type":"product","link":"https:\/\/soydeaqui.ddns.net\/pachuca\/index.php\/producto\/bajo-pedido-licencia-para-software-de-tiempo-asistencia-compatible-con-sistemas-de-nomina-1000-empleados-10-relojes-checadores-10-pc-acceso3-titanium\/","title":{"rendered":"[BAJO PEDIDO] Licencia para software de Tiempo &#038; Asistencia compatible con SISTEMAS DE NOMINA \/ 1,000 Empleados \/ 10 Relojes checadores \/ 10 PC \/ Acceso3 &#8211; TITANIUM"},"content":{"rendered":"<div style='width: 100%; max-width: 1200px; margin: 0 auto; font-family: sans-serif; line-height: 1.6; color: inherit; background-color: transparent;'>\n<div style='display: flex; flex-wrap: wrap; gap: 30px; margin-bottom: 30px;'>\n<div style='flex: 1 1 300px; min-width: 280px;'>\n<div style='margin-bottom: 20px;'> <a href='https:\/\/www.syscom.mx\/producto\/TITANIUMACCESO3-ACCESSPRO-154936.html' target='_blank' rel='noopener'> <img style='width: 100%; height: auto; border: 1px solid rgba(150&comma;150&comma;150&comma;0.3); border-radius: 8px;' src='https:\/\/ftp3.syscom.mx\/usuarios\/fespinoza\/Acceso3_TITANIUM\/Recursos\/LOGOTITANIUM.png' alt=''> <\/a> <\/div>\n<p style='font-size: 15px; color: inherit;'>La licencia permite utilizar el software Acceso3 TITANIUM&comma; la m\u00e1s completa soluci\u00f3n de Asistencia que permite administrar los horarios&comma; incidencias&comma; faltas&comma; tiempo extra etc de los empleados&comma; con posibilidad de integrarse con los softwares de n\u00f3mina m\u00e1s utilizados en M\u00e9xico.<\/p>\n<p style='font-size: 15px; color: inherit;'>Un mes de garant\u00eda en la licencia&comma; posterior a \u00e9ste tiempo si la PC llegara a da\u00f1arse ser\u00e1 necesario facturar una licencia de activaci\u00f3n adicional (modelo TITANIUMEST).<\/p>\n<p style='font-size: 15px; color: inherit;'>La licencia permite administrar:<\/p>\n<ul style='padding-left: 20px; font-size: 15px; color: inherit;'>\n<li>1&comma;000 Empleados<\/li>\n<li>10 Relojes checadores (No incluidos).<\/li>\n<li>10 Estaciones (PC\u00b4s)<\/li>\n<\/ul><\/div>\n<div style='flex: 1 1 300px; min-width: 280px;'>\n<h3 style='font-size: 22px; border-bottom: 2px solid currentColor; padding-bottom: 5px; margin-top: 0; color: inherit; opacity: 0.8;'>Caracteristicas Destacadas de Acceso3 TITANIUM<\/h3>\n<ul style='padding-left: 20px; font-size: 15px; color: inherit;'>\n<li>Compatibilidad con sistemas de n\u00f3mina (<strong>ASPEL NOI<\/strong>&comma; <strong>NOMIPAQ\/iNOMINAS<\/strong>)<\/li>\n<li>Reportes precisos | <em>Entrada \u2013 Salida a comer \u2013 Entrada de comida \u2013 Salida<\/em> | (Entre otros).<\/li>\n<li>Firma de conformidad de los empleados en cada reporte.<\/li>\n<li>Posibilidad de visualizar empleados que llegaron \/ no han llegado \/ no llegaron.<\/li>\n<li>Licencia vitalicia (un solo pago).<\/li>\n<li>El m\u00f3dulo m\u00e1s completo de R.H. para la administraci\u00f3n de los empleados (Historial laboral&comma; acad\u00e9mico&comma; m\u00e9dico y psicom\u00e9trico).<\/li>\n<li><strong>Compatible con los relojes checadores de la marca ZKTeco<\/strong> y <strong>ACCESSPRO by ZKTeco<\/strong> (A excepci\u00f3n de la linea Green Label).<\/li>\n<li>Acceso a la Base de Datos del gestor Firebird 2.5 para desarrollos.<\/li>\n<\/ul>\n<p style='font-size: 15px; color: inherit; margin-top: 20px;'> <a href='https:\/\/www.syscom.mx\/producto\/TITANIUMACCESO3-ACCESSPRO-154936.html' style='color: inherit; text-decoration: underline;'>Click aqu\u00ed<\/a> para ver la informaci\u00f3n completa del software. <\/p>\n<\/p><\/div>\n<\/p><\/div>\n<div style='margin-bottom: 30px;'> <a href='https:\/\/www.syscom.mx\/principal\/promociones\/zkteco-1753.html?ordenar=Relevancia' target='_blank' rel='noopener'> <img style='width: 100%; height: auto; border: 1px solid rgba(150&comma;150&comma;150&comma;0.3); border-radius: 8px;' src='https:\/\/ftp3.syscom.mx\/usuarios\/fmedina\/erp-images\/zktn3_001.jpg' alt=''> <\/a> <\/div>\n<\/p><\/div>\n","protected":false},"excerpt":{"rendered":"<p>[BAJO PEDIDO] Licencia para software de Tiempo &#038; Asistencia compatible con SISTEMAS DE NOMINA \/ 1,000 Empleados \/ 10 Relojes checadores \/ 10 PC \/ Acceso3 &#8211; TITANIUM<\/p>\n","protected":false},"featured_media":31494,"comment_status":"open","ping_status":"closed","template":"","meta":[],"product_brand":[],"product_cat":[846],"product_tag":[234,792,847],"class_list":{"0":"post-31495","1":"product","2":"type-product","3":"status-publish","4":"has-post-thumbnail","6":"product_cat-tiempo-y-asistencia","7":"product_tag-accesspro","8":"product_tag-software-de-asistencia","9":"product_tag-tiempo-y-asistencia","11":"first","12":"outofstock","13":"sale","14":"shipping-taxable","15":"purchasable","16":"product-type-simple"},"_links":{"self":[{"href":"https:\/\/soydeaqui.ddns.net\/pachuca\/index.php\/wp-json\/wp\/v2\/product\/31495","targetHints":{"allow":["GET"]}}],"collection":[{"href":"https:\/\/soydeaqui.ddns.net\/pachuca\/index.php\/wp-json\/wp\/v2\/product"}],"about":[{"href":"https:\/\/soydeaqui.ddns.net\/pachuca\/index.php\/wp-json\/wp\/v2\/types\/product"}],"replies":[{"embeddable":true,"href":"https:\/\/soydeaqui.ddns.net\/pachuca\/index.php\/wp-json\/wp\/v2\/comments?post=31495"}],"wp:featuredmedia":[{"embeddable":true,"href":"https:\/\/soydeaqui.ddns.net\/pachuca\/index.php\/wp-json\/wp\/v2\/media\/31494"}],"wp:attachment":[{"href":"https:\/\/soydeaqui.ddns.net\/pachuca\/index.php\/wp-json\/wp\/v2\/media?parent=31495"}],"wp:term":[{"taxonomy":"product_brand","embeddable":true,"href":"https:\/\/soydeaqui.ddns.net\/pachuca\/index.php\/wp-json\/wp\/v2\/product_brand?post=31495"},{"taxonomy":"product_cat","embeddable":true,"href":"https:\/\/soydeaqui.ddns.net\/pachuca\/index.php\/wp-json\/wp\/v2\/product_cat?post=31495"},{"taxonomy":"product_tag","embeddable":true,"href":"https:\/\/soydeaqui.ddns.net\/pachuca\/index.php\/wp-json\/wp\/v2\/product_tag?post=31495"}],"curies":[{"name":"wp","href":"https:\/\/api.w.org\/{rel}","templated":true}]}}