{"id":31489,"date":"2026-03-18T14:12:02","date_gmt":"2026-03-18T14:12:02","guid":{"rendered":"https:\/\/soydeaqui.ddns.net\/pachuca\/index.php\/producto\/bajo-pedido-licencia-para-software-de-tiempo-asistencia-compatible-con-sistemas-de-nomina-500-empleados-1-reloj-checador-1-pc-acceso3-titanium\/"},"modified":"2026-03-18T14:12:03","modified_gmt":"2026-03-18T14:12:03","slug":"bajo-pedido-licencia-para-software-de-tiempo-asistencia-compatible-con-sistemas-de-nomina-500-empleados-1-reloj-checador-1-pc-acceso3-titanium","status":"publish","type":"product","link":"https:\/\/soydeaqui.ddns.net\/pachuca\/index.php\/producto\/bajo-pedido-licencia-para-software-de-tiempo-asistencia-compatible-con-sistemas-de-nomina-500-empleados-1-reloj-checador-1-pc-acceso3-titanium\/","title":{"rendered":"[BAJO PEDIDO] Licencia para software de Tiempo &#038; Asistencia compatible con SISTEMAS DE NOMINA \/ 500 Empleados \/ 1 Reloj checador \/ 1 PC \/ Acceso3 &#8211; TITANIUM"},"content":{"rendered":"<div style='width: 100%; max-width: 1200px; margin: 0 auto; font-family: sans-serif; line-height: 1.6; color: inherit;'>\n<div style='display: flex; flex-direction: column; gap: 30px;'>\n<div style='text-align: center;'> <a href='https:\/\/www.syscom.mx\/producto\/TITANIUMACCESO3-ACCESSPRO-154936.html' target='_blank' rel='noopener'> <img style='width: 100%; max-width: 350px; height: auto; border: 1px solid rgba(150&comma;150&comma;150&comma;0.3); border-radius: 8px;' src='https:\/\/ftp3.syscom.mx\/usuarios\/fespinoza\/Acceso3_TITANIUM\/Recursos\/LOGOTITANIUM.png' alt=''> <\/a> <\/div>\n<div>\n<p>La licencia permite utilizar el software Acceso3 TITANIUM&comma; la m\u00e1s completa soluci\u00f3n de Asistencia que permite administrar los horarios&comma; incidencias&comma; faltas&comma; tiempo extra etc de los empleados&comma; con posibilidad de integrarse con los softwares de n\u00f3mina m\u00e1s utilizados en M\u00e9xico.<\/p>\n<\/p><\/div>\n<div style='display: flex; flex-wrap: wrap; gap: 30px;'>\n<div style='flex: 1 1 300px; min-width: 280px;'>\n<h3 style='font-size: 22px; border-bottom: 2px solid currentColor; padding-bottom: 5px; margin-top: 0; color: inherit; opacity: 0.8;'>Administraci\u00f3n<\/h3>\n<ul style='padding-left: 20px; font-size: 15px; color: inherit;'>\n<li style='margin-bottom: 5px;'>500 Empleados<\/li>\n<li style='margin-bottom: 5px;'>1 Reloj checador (No incluido).<\/li>\n<li style='margin-bottom: 5px;'>1 Estaci\u00f3n (PC)<\/li>\n<\/ul><\/div>\n<div style='flex: 1 1 300px; min-width: 280px;'>\n<h3 style='font-size: 22px; border-bottom: 2px solid currentColor; padding-bottom: 5px; margin-top: 0; color: inherit; opacity: 0.8;'>Detalles<\/h3>\n<ul style='padding-left: 20px; font-size: 15px; color: inherit;'>\n<li style='margin-bottom: 5px;'><strong>Vigencia:<\/strong> Vitalicia (Un solo pago)<\/li>\n<\/ul><\/div>\n<\/p><\/div>\n<div style='display: flex; flex-direction: column; gap: 15px;'>\n<h3 style='font-size: 22px; border-bottom: 2px solid currentColor; padding-bottom: 5px; margin-top: 0; color: inherit; opacity: 0.8;'>Caracter\u00edsticas Destacadas de Acceso3 TITANIUM<\/h3>\n<ul style='padding-left: 20px; font-size: 15px; color: inherit;'>\n<li style='margin-bottom: 5px;'>Compatibilidad con sistemas de n\u00f3mina (<strong>ASPEL NOI<\/strong>&comma; <strong>NOMIPAQ\/iNOMINAS<\/strong>)<\/li>\n<li style='margin-bottom: 5px;'>Reportes precisos | <em>Entrada \u2013 Salida a comer \u2013 Entrada de comida \u2013 Salida<\/em> | (Entre otros).<\/li>\n<li style='margin-bottom: 5px;'>Firma de conformidad de los empleados en cada reporte.<\/li>\n<li style='margin-bottom: 5px;'>Posibilidad de visualizar empleados que llegaron \/ no han llegado \/ no llegaron.<\/li>\n<li style='margin-bottom: 5px;'>Licencia vitalicia (un solo pago).<\/li>\n<li style='margin-bottom: 5px;'>El m\u00f3dulo m\u00e1s completo de R.H. para la administraci\u00f3n de los empleados (Historial laboral&comma; acad\u00e9mico&comma; m\u00e9dico y psicom\u00e9trico).<\/li>\n<li style='margin-bottom: 5px;'>Compatible con los relojes checadores de la marca ZKTeco y ACCESSPRO by ZKTeco (A excepci\u00f3n de la linea Green Label).<\/li>\n<\/ul><\/div>\n<div style='display: flex; flex-direction: column; gap: 10px; padding: 15px; border: 1px solid rgba(150&comma;150&comma;150&comma;0.3); border-radius: 8px;'>\n<p style='margin: 5px 0; font-size: 14px; color: inherit;'>* Las licencias <strong>NO<\/strong> son transferibles de PC.<\/p>\n<p style='margin: 5px 0; font-size: 14px; color: inherit;'>* Un mes de garant\u00eda en la licencia&comma; posterior a \u00e9ste tiempo si la PC llegara a da\u00f1arse <strong>ser\u00e1 necesario facturar una licencia de activaci\u00f3n adicional (modelo TITANIUMEST).<\/strong><\/p>\n<p style='margin: 5px 0; font-size: 14px; color: inherit;'><em>* Estas licencias son virtuales&comma; se hacen llegar por correo electr\u00f3nico.<\/em><\/p>\n<\/p><\/div>\n<div style='text-align: center;'> <a href='https:\/\/www.syscom.mx\/principal\/promociones\/zkteco-1753.html?ordenar=Relevancia' target='_blank' rel='noopener'> <img style='width: 100%; max-width: 700px; height: auto; border: 1px solid rgba(150&comma;150&comma;150&comma;0.3); border-radius: 8px;' src='https:\/\/ftp3.syscom.mx\/usuarios\/fmedina\/erp-images\/zktn3_001.jpg' alt=''> <\/a> <\/div>\n<div style='text-align: center;'> <a href='https:\/\/www.syscom.mx\/producto\/TITANIUMACCESO3-ACCESSPRO-154936.html' target='_blank' rel='noopener' style='color: inherit; text-decoration: underline; font-weight: bold;'> Click aqu\u00ed para ver la informaci\u00f3n completa del software <\/a> <\/div>\n<\/p><\/div>\n<\/p><\/div>\n","protected":false},"excerpt":{"rendered":"<p>[BAJO PEDIDO] Licencia para software de Tiempo &#038; Asistencia compatible con SISTEMAS DE NOMINA \/ 500 Empleados \/ 1 Reloj checador \/ 1 PC \/ Acceso3 &#8211; TITANIUM<\/p>\n","protected":false},"featured_media":31488,"comment_status":"open","ping_status":"closed","template":"","meta":[],"product_brand":[],"product_cat":[846],"product_tag":[234,792,847],"class_list":{"0":"post-31489","1":"product","2":"type-product","3":"status-publish","4":"has-post-thumbnail","6":"product_cat-tiempo-y-asistencia","7":"product_tag-accesspro","8":"product_tag-software-de-asistencia","9":"product_tag-tiempo-y-asistencia","11":"first","12":"outofstock","13":"sale","14":"shipping-taxable","15":"purchasable","16":"product-type-simple"},"_links":{"self":[{"href":"https:\/\/soydeaqui.ddns.net\/pachuca\/index.php\/wp-json\/wp\/v2\/product\/31489","targetHints":{"allow":["GET"]}}],"collection":[{"href":"https:\/\/soydeaqui.ddns.net\/pachuca\/index.php\/wp-json\/wp\/v2\/product"}],"about":[{"href":"https:\/\/soydeaqui.ddns.net\/pachuca\/index.php\/wp-json\/wp\/v2\/types\/product"}],"replies":[{"embeddable":true,"href":"https:\/\/soydeaqui.ddns.net\/pachuca\/index.php\/wp-json\/wp\/v2\/comments?post=31489"}],"wp:featuredmedia":[{"embeddable":true,"href":"https:\/\/soydeaqui.ddns.net\/pachuca\/index.php\/wp-json\/wp\/v2\/media\/31488"}],"wp:attachment":[{"href":"https:\/\/soydeaqui.ddns.net\/pachuca\/index.php\/wp-json\/wp\/v2\/media?parent=31489"}],"wp:term":[{"taxonomy":"product_brand","embeddable":true,"href":"https:\/\/soydeaqui.ddns.net\/pachuca\/index.php\/wp-json\/wp\/v2\/product_brand?post=31489"},{"taxonomy":"product_cat","embeddable":true,"href":"https:\/\/soydeaqui.ddns.net\/pachuca\/index.php\/wp-json\/wp\/v2\/product_cat?post=31489"},{"taxonomy":"product_tag","embeddable":true,"href":"https:\/\/soydeaqui.ddns.net\/pachuca\/index.php\/wp-json\/wp\/v2\/product_tag?post=31489"}],"curies":[{"name":"wp","href":"https:\/\/api.w.org\/{rel}","templated":true}]}}