{"id":3147,"date":"2026-03-18T06:05:07","date_gmt":"2026-03-18T06:05:07","guid":{"rendered":"https:\/\/soydeaqui.ddns.net\/pachuca\/index.php\/producto\/axpro-kit-de-alarma-axpro-conversion-de-zonas-cableadas-a-inalambricas-incluye-1-hub-con-bateria-de-respaldo-1-expansor-de-16-zonas-cableadas-1-bateria-de-respaldo-12vcc-a-7-amp-compatible-c\/"},"modified":"2026-03-18T06:05:08","modified_gmt":"2026-03-18T06:05:08","slug":"axpro-kit-de-alarma-axpro-conversion-de-zonas-cableadas-a-inalambricas-incluye-1-hub-con-bateria-de-respaldo-1-expansor-de-16-zonas-cableadas-1-bateria-de-respaldo-12vcc-a-7-amp-compatible-c","status":"publish","type":"product","link":"https:\/\/soydeaqui.ddns.net\/pachuca\/index.php\/producto\/axpro-kit-de-alarma-axpro-conversion-de-zonas-cableadas-a-inalambricas-incluye-1-hub-con-bateria-de-respaldo-1-expansor-de-16-zonas-cableadas-1-bateria-de-respaldo-12vcc-a-7-amp-compatible-c\/","title":{"rendered":"(AXPRO) KIT  de alarma AXPRO conversi\u00f3n de zonas cableadas a inal\u00e1mbricas \/ Incluye: 1 Hub con Bateria de respaldo\/ 1 Expansor de 16 zonas cableadas \/ 1 Bateria de respaldo 12Vcc a 7 Amp\/ Compatible con Hik-Connect P2P"},"content":{"rendered":"<div style='width: 100%; max-width: 1200px; margin: 0 auto; font-family: sans-serif; line-height: 1.6; color: inherit; background-color: transparent;'> <!-- Logo --> <\/p>\n<p style='text-align: center; margin: 20px 0;'><img style='width: 45%; height: auto; border: 1px solid rgba(150&comma;150&comma;150&comma;0.3); border-radius: 8px;' src='https:\/\/ftp3.syscom.mx\/usuarios\/jsosa\/HIKVISION\/imagenes\/logo\/hikvision%20see%20far.png' alt='Logo Hikvision'><\/p>\n<p> <!-- Video principal --> <\/p>\n<div style='margin: 30px 0; position: relative; padding-bottom: 56.25%; height: 0; overflow: hidden;'> <\/div>\n<p> <!-- Videos secundarios --> <\/p>\n<div style='display: flex; flex-wrap: wrap; gap: 20px; margin: 30px 0;'>\n<div style='flex: 1 1 300px; min-width: 280px;'>\n<h3 style='font-size: 18px; text-align: center; margin-top: 0; margin-bottom: 10px; color: inherit; opacity: 0.8;'>Configuraci\u00f3n de la alarma AX PRO de Hikvision<\/h3>\n<div style='position: relative; padding-bottom: 56.25%; height: 0; overflow: hidden;'> <\/div>\n<\/p><\/div>\n<div style='flex: 1 1 300px; min-width: 280px;'>\n<h3 style='font-size: 18px; text-align: center; margin-top: 0; margin-bottom: 10px; color: inherit; opacity: 0.8;'>Bienvenido al futuro con AX PRO Hikvision<\/h3>\n<div style='position: relative; padding-bottom: 56.25%; height: 0; overflow: hidden;'> <\/div>\n<\/p><\/div>\n<div style='flex: 1 1 300px; min-width: 280px;'>\n<h3 style='font-size: 18px; text-align: center; margin-top: 0; margin-bottom: 10px; color: inherit; opacity: 0.8;'>Sistema Robusto contra Intrusiones AX PRO<\/h3>\n<div style='position: relative; padding-bottom: 56.25%; height: 0; overflow: hidden;'> <\/div>\n<\/p><\/div>\n<\/p><\/div>\n<p> <!-- Informaci\u00f3n del Kit --> <\/p>\n<div style='margin: 30px 0; text-align: center;'>\n<h2 style='font-size: 24px; margin: 0 0 15px; color: inherit;'>DS-PWA48-K-EX<\/h2>\n<h3 style='font-size: 20px; margin: 0 0 20px; color: inherit;'>KIT Alarma Hikvision&comma; Incluye:<\/h3>\n<div style='display: flex; flex-wrap: wrap; justify-content: center; gap: 10px; margin-bottom: 20px;'>\n<p style='flex: 1 1 200px; margin: 5px 0; font-size: 15px;'><a style='color: inherit; text-decoration: underline;' href='https:\/\/www.syscom.mx\/producto\/DS-PWA48-E-WB-HIKVISION-191682.html' target='_blank' rel='noopener'>DS-PWA48-E-WB<\/a><\/p>\n<p style='flex: 1 1 200px; margin: 5px 0; font-size: 15px;'><a style='color: inherit; text-decoration: underline;' href='https:\/\/www.syscom.mx\/producto\/hikvision-ds-pm1-i16o2-wb-205682.html' target='_blank' rel='noopener'>DS-PM1-I16O2-WB<\/a><\/p>\n<p style='flex: 1 1 200px; margin: 5px 0; font-size: 15px;'><a style='color: inherit; text-decoration: underline;' href='https:\/\/www.syscom.mx\/producto\/PL-7-12-EPCOM-POWERLINE-67467.html' target='_blank' rel='noopener'>PL-7-12<\/a><\/p>\n<p style='flex: 1 1 200px; margin: 5px 0; font-size: 15px;'><strong>(EL kit incluye una )<\/strong><\/p>\n<\/p><\/div>\n<\/p><\/div>\n<p> <!-- Componentes del Kit --> <\/p>\n<div style='display: flex; flex-wrap: wrap; gap: 20px; margin: 30px 0;'> <!-- Panel DS-PWA48-E-WB --> <\/p>\n<div style='flex: 1 1 350px; min-width: 300px; border: 1px solid rgba(150&comma;150&comma;150&comma;0.3); border-radius: 8px; overflow: hidden; background-color: rgba(238&comma;238&comma;238&comma;0.3);'>\n<div style='text-align: center; padding: 15px; background-color: rgba(238&comma;238&comma;238&comma;0.8);'><a href='https:\/\/www.syscom.mx\/producto\/DS-PWA48-E-WB-HIKVISION-191682.html' target='_blank' rel='noopener'><img style='width: 100%; height: auto; max-width: 400px; border: none;' src='https:\/\/ftp3.syscom.mx\/usuarios\/fotos\/BancoFotografiasSyscom\/HIKVISION\/DSPWA48EWB\/DSPWA48EWB-p.PNG' alt='Panel DS-PWA48-E-WB'><\/a><\/div>\n<div style='padding: 15px;'>\n<h3 style='font-size: 18px; margin-top: 0; color: inherit;'><a style='color: inherit; text-decoration: underline;' href='https:\/\/www.syscom.mx\/producto\/DS-PWA48-E-WB-HIKVISION-191682.html' target='_blank' rel='noopener'>DS-PWA48-E-WB<\/a><\/h3>\n<h4 style='font-size: 16px; color: rgba(128&comma;128&comma;128&comma;0.8); margin: 10px 0 5px;'>Caracter\u00edsticas:<\/h4>\n<ul style='padding-left: 20px; font-size: 14px; color: inherit; list-style-type: disc;'>\n<li style='margin-bottom: 5px;'>48 Zonas o Salidas de Alarma&comma; <strong>Incluye bateria de respaldo<\/strong><\/li>\n<li style='margin-bottom: 5px;'>Soporta 4 Sirenas<\/li>\n<li style='margin-bottom: 5px;'>Soporta 8 Lectores o Teclados<\/li>\n<li style='margin-bottom: 5px;'>Soporta 16 controles<\/li>\n<li style='margin-bottom: 5px;'>Soporta 2 Repetidores<\/li>\n<\/ul><\/div>\n<\/p><\/div>\n<p> <!-- Expansor DS-PM1-I16O2-WB --> <\/p>\n<div style='flex: 1 1 350px; min-width: 300px; border: 1px solid rgba(150&comma;150&comma;150&comma;0.3); border-radius: 8px; overflow: hidden; background-color: rgba(238&comma;238&comma;238&comma;0.3);'>\n<div style='text-align: center; padding: 15px; background-color: rgba(238&comma;238&comma;238&comma;0.8);'><a href='https:\/\/www.syscom.mx\/producto\/hikvision-ds-pm1-i16o2-wb-205682.html' target='_blank' rel='noopener'><img style='width: 100%; height: auto; max-width: 400px; border: none;' src='https:\/\/ftp3.syscom.mx\/usuarios\/fotos\/BancoFotografiasSyscom\/HIKVISION\/DSPM1I16O2WB\/DSPM1I16O2WB-p.PNG' alt='Expansor DS-PM1-I16O2-WB'><\/a><\/div>\n<div style='padding: 15px;'>\n<h4 style='font-size: 16px; margin-top: 0; color: inherit;'><a style='color: inherit; text-decoration: underline;' href='https:\/\/www.syscom.mx\/producto\/hikvision-ds-pm1-i16o2-wb-205682.html' target='_blank' rel='noopener'>DS-PM1-I16O2-WB<\/a><\/h4>\n<h4 style='font-size: 14px; color: rgba(128&comma;128&comma;128&comma;0.8); margin: 10px 0 5px;'>Caracter\u00edsticas:<\/h4>\n<ul style='padding-left: 20px; font-size: 14px; color: inherit; list-style-type: disc;'>\n<li style='margin-bottom: 5px;'>Soporta 16 zonas cableadas.<\/li>\n<li style='margin-bottom: 5px;'>Comunicacion inalambrica con el panel.<\/li>\n<li style='margin-bottom: 5px;'>Supervisi\u00f3n por medio de resistencias de fin de l\u00ednea 1k&comma; 2.2k&comma; 4.7k&comma; 8.2k&comma; NO\/NC.<\/li>\n<\/ul><\/div>\n<\/p><\/div>\n<p> <!-- Bater\u00eda PL-7-12 --> <\/p>\n<div style='flex: 1 1 350px; min-width: 300px; border: 1px solid rgba(150&comma;150&comma;150&comma;0.3); border-radius: 8px; overflow: hidden; background-color: rgba(238&comma;238&comma;238&comma;0.3);'>\n<div style='text-align: center; padding: 15px; background-color: rgba(238&comma;238&comma;238&comma;0.8);'><a href='https:\/\/www.syscom.mx\/producto\/PL-7-12-EPCOM-POWERLINE-67467.html' target='_blank' rel='noopener'><img style='width: 100%; height: auto; max-width: 400px; border: none;' src='https:\/\/ftp3.syscom.mx\/usuarios\/fotos\/BancoFotografiasSyscom\/EPCOMPOWERLINE\/PL712\/PL712-p.PNG' alt='Bater\u00eda PL-7-12'><\/a><\/div>\n<div style='padding: 15px;'>\n<h4 style='font-size: 16px; margin-top: 0; color: inherit;'><a style='color: inherit; text-decoration: underline;' href='https:\/\/www.syscom.mx\/producto\/PL-7-12-EPCOM-POWERLINE-67467.html' target='_blank' rel='noopener'>PL-7-12<\/a><\/h4>\n<h4 style='font-size: 14px; color: rgba(128&comma;128&comma;128&comma;0.8); margin: 10px 0 5px;'>Caracter\u00edsticas:<\/h4>\n<ul style='padding-left: 20px; font-size: 14px; color: inherit; list-style-type: disc;'>\n<li style='margin-bottom: 5px;'>Bateria de 12 Vcc a 7 Amp.<\/li>\n<li style='margin-bottom: 5px;'>Bateria de alto rendimiento.<\/li>\n<li style='margin-bottom: 5px;'>Dise\u00f1ada para aplicaciones de alta confiabilidad.<\/li>\n<\/ul><\/div>\n<\/p><\/div>\n<\/p><\/div>\n<p> <!-- Serie AX PRO --> <\/p>\n<div style='display: flex; flex-wrap: wrap; gap: 30px; margin: 30px 0; align-items: center;'>\n<div style='flex: 1 1 300px; min-width: 250px;'>\n<p style='margin: 0;'><a style='display: block;' href='https:\/\/www.syscom.mx\/principal\/listadoproductosazul\/intrusion-hikvision-paneles-de-alarma-y-accesorios-ax-pro-series-66286.html?ordenar=Precio_de_Menor_a_Mayor&#038;pag=1' target='_blank' rel='noopener'><img style='width: 100%; height: auto; border: 1px solid rgba(150&comma;150&comma;150&comma;0.3); border-radius: 8px;' src='https:\/\/ftp3.syscom.mx\/usuarios\/jsosa\/HIKVISION\/alarmas\/AXPPRO\/Serie%20AXPRO.png' alt='Serie AX PRO'><\/a><\/p>\n<\/p><\/div>\n<div style='flex: 2 1 400px; min-width: 300px;'>\n<h2 style='font-size: 20px; margin: 0 0 15px; color: inherit;'>Serie AX PRO<\/h2>\n<p style='margin: 10px 0;'>\u00bfNecesita proteger su hogar&comma; oficina o tienda?<\/p>\n<p style='margin: 10px 0;'>\u00bfCansado de tantos cables y mucho tiempo de instalaci\u00f3n?<\/p>\n<p style='margin: 10px 0;'>\u00a1Utilice una soluci\u00f3n de alarma inal\u00e1mbrica profesional!<\/p>\n<p style='margin: 10px 0;'>Conozca todos los dispositivos que pueden integrar en la Serie AX PRO dando clic <a style='color: inherit; text-decoration: underline;' href='https:\/\/www.syscom.mx\/principal\/listadoproductosazul\/intrusion-hikvision-paneles-de-alarma-y-accesorios-ax-pro-series-66286.html?ordenar=Precio_de_Menor_a_Mayor&#038;pag=1' target='_blank' rel='noopener'><strong>aqu\u00ed<\/strong><\/a>.<\/p>\n<\/p><\/div>\n<\/p><\/div>\n<p> <!-- Familia AX PRO --> <\/p>\n<div style='margin: 30px 0; text-align: center;'>\n<h2 style='font-size: 20px; margin: 0 0 20px; color: inherit;'>Aseg\u00farese que todos sus equipos son compatibles con la linea AX PRO.<\/h2>\n<p style='margin: 0;'><a style='display: block;' href='https:\/\/www.syscom.mx\/principal\/listadoproductosazul\/intrusion-hikvision-paneles-de-alarma-y-accesorios-ax-pro-series-66286.html?ordenar=Precio_de_Menor_a_Mayor&#038;pag=1' target='_blank' rel='noopener'><img style='width: 100%; height: auto; border: 1px solid rgba(150&comma;150&comma;150&comma;0.3); border-radius: 8px;' src='https:\/\/ftp3.syscom.mx\/usuarios\/jsosa\/HIKVISION\/alarmas\/imagenes\/panel%20ax%20pro%20diagrama%20hikvision%202.jpg' alt='Familia AX PRO'><\/a><\/p>\n<\/p><\/div>\n<p> <!-- Videos de configuraci\u00f3n --> <\/p>\n<div style='display: flex; flex-wrap: wrap; gap: 30px; margin: 30px 0;'>\n<div style='flex: 1 1 350px; min-width: 300px; border: 1px solid rgba(150&comma;150&comma;150&comma;0.3); border-radius: 8px; overflow: hidden; background-color: rgba(238&comma;238&comma;238&comma;0.3);'>\n<div style='text-align: center; padding: 15px; background-color: rgba(238&comma;238&comma;238&comma;0.8);'>\n<h3 style='font-size: 16px; margin: 0; color: inherit;'>Alta del panel AX PRO en Hik-Connect<\/h3>\n<\/p><\/div>\n<div style='position: relative; padding-bottom: 56.25%; height: 0; overflow: hidden;'> <\/div>\n<\/p><\/div>\n<div style='flex: 1 1 350px; min-width: 300px; border: 1px solid rgba(150&comma;150&comma;150&comma;0.3); border-radius: 8px; overflow: hidden; background-color: rgba(238&comma;238&comma;238&comma;0.3);'>\n<div style='text-align: center; padding: 15px; background-color: rgba(238&comma;238&comma;238&comma;0.8);'>\n<h3 style='font-size: 16px; margin: 0; color: inherit;'>Reset del panel AX PRO por medio de bot\u00f3n<\/h3>\n<\/p><\/div>\n<div style='position: relative; padding-bottom: 56.25%; height: 0; overflow: hidden;'> <\/div>\n<\/p><\/div>\n<\/p><\/div>\n<p> <!-- Videos de verificaci\u00f3n --> <\/p>\n<div style='display: flex; flex-wrap: wrap; gap: 30px; margin: 30px 0;'>\n<div style='flex: 1 1 350px; min-width: 300px; border: 1px solid rgba(150&comma;150&comma;150&comma;0.3); border-radius: 8px; overflow: hidden; background-color: rgba(238&comma;238&comma;238&comma;0.3);'>\n<div style='text-align: center; padding: 15px; background-color: rgba(238&comma;238&comma;238&comma;0.8);'>\n<h3 style='font-size: 16px; margin: 0; color: inherit;'>Video Verificaci\u00f3n con PIR con C\u00e1mara<\/h3>\n<\/p><\/div>\n<div style='position: relative; padding-bottom: 56.25%; height: 0; overflow: hidden;'> <\/div>\n<\/p><\/div>\n<div style='flex: 1 1 350px; min-width: 300px; border: 1px solid rgba(150&comma;150&comma;150&comma;0.3); border-radius: 8px; overflow: hidden; background-color: rgba(238&comma;238&comma;238&comma;0.3);'>\n<div style='text-align: center; padding: 15px; background-color: rgba(238&comma;238&comma;238&comma;0.8);'>\n<h3 style='font-size: 16px; margin: 0; color: inherit;'>Vinculo de Sensor Magn\u00e9tico con C\u00e1mara IP<\/h3>\n<\/p><\/div>\n<div style='position: relative; padding-bottom: 56.25%; height: 0; overflow: hidden;'> <\/div>\n<\/p><\/div>\n<\/p><\/div>\n<p> <!-- Diagrama de aplicaci\u00f3n --> <\/p>\n<div style='margin: 30px 0; text-align: center;'>\n<h2 style='font-size: 20px; margin: 0 0 20px; color: inherit;'>DIAGRAMA DE APLICACI\u00d3N<\/h2>\n<p style='margin: 0;'><img style='width: 100%; height: auto; border: 1px solid rgba(150&comma;150&comma;150&comma;0.3); border-radius: 8px;' src='https:\/\/ftp3.syscom.mx\/usuarios\/jsosa\/HIKVISION\/alarmas\/AXPPRO\/banner\/diagrama%20AX%20Pro.png' alt='Diagrama de aplicaci\u00f3n'><\/p>\n<\/p><\/div>\n<p> <!-- Novedades de la serie AX-PRO --> <\/p>\n<div style='margin: 30px 0; text-align: center;'>\n<h2 style='font-size: 20px; margin: 0 0 20px; color: inherit;'>NOVEDADES DE LA SERIE AX-PRO<\/h2>\n<\/p><\/div>\n<p> <!-- Repetidor DS-PR1-WB --> <\/p>\n<div style='display: flex; flex-wrap: wrap; gap: 30px; margin: 30px 0; align-items: center; border: 1px solid rgba(150&comma;150&comma;150&comma;0.3); border-radius: 8px; overflow: hidden; background-color: rgba(238&comma;238&comma;238&comma;0.3);'>\n<div style='flex: 1 1 300px; min-width: 250px; text-align: center; padding: 15px;'> <a href='https:\/\/www.syscom.mx\/producto\/DS-PR1-WB-HIKVISION-191817.html' target='_blank' rel='noopener'><img style='width: 100%; height: auto; max-width: 400px; border: none;' src='https:\/\/ftp3.syscom.mx\/usuarios\/fotos\/BancoFotografiasSyscom\/HIKVISION\/DSPR1WB\/DSPR1WB-p.PNG' alt='Repetidor DS-PR1-WB'><\/a> <\/div>\n<div style='flex: 2 1 400px; min-width: 300px; padding: 15px;'>\n<h2 style='font-size: 18px; margin: 0 0 15px; color: inherit;'>REPETIDOR DE SE\u00d1AL <a style='color: inherit; text-decoration: underline;' href='https:\/\/www.syscom.mx\/producto\/DS-PR1-WB-HIKVISION-191817.html' target='_blank' rel='noopener'>DS-PR1-WB<\/a><\/h2>\n<p style='margin: 10px 0;'><strong>Aumenta la cobertura de tus dispositivos<\/strong><\/p>\n<p style='margin: 10px 0;'>Extiende la se\u00f1al de los dispositivos de la serie AXPRO&comma; recibe mensajes de alarma&comma; estado y control de los dispositivos y repite estos mensajes al panel de control.<\/p>\n<ul style='padding-left: 20px; font-size: 14px; color: inherit; list-style-type: disc;'>\n<li style='margin-bottom: 5px;'>Comunicaci\u00f3n inal\u00e1mbrica bidireccional de 433 MHz estable y segura.<\/li>\n<li style='margin-bottom: 5px;'>Indicador LED&comma; muestra los diferentes estatus del dispositivo con f\u00e1cil comprensi\u00f3n.<\/li>\n<li style='margin-bottom: 5px;'>Hasta 12 horas de respaldo de bater\u00eda despu\u00e9s de la p\u00e9rdida energ\u00eda principal.<\/li>\n<li style='margin-bottom: 5px;'>Encuentra y conecta detectores autom\u00e1ticamente&comma; emparejamiento autom\u00e1tico inteligente.<\/li>\n<li style='margin-bottom: 5px;'>F\u00e1cil instalaci\u00f3n debido nuevo dise\u00f1ado.<\/li>\n<\/ul><\/div>\n<\/p><\/div>\n<p> <!-- Detector PIR con c\u00e1mara --> <\/p>\n<div style='display: flex; flex-wrap: wrap; gap: 30px; margin: 30px 0; align-items: center; border: 1px solid rgba(150&comma;150&comma;150&comma;0.3); border-radius: 8px; overflow: hidden; background-color: rgba(238&comma;238&comma;238&comma;0.3);'>\n<div style='flex: 1 1 300px; min-width: 250px; padding: 15px;'>\n<h2 style='font-size: 18px; margin: 0 0 15px; color: inherit;'>DETECTOR PIR CON CAMARA INALAMBRICO <a style='color: inherit; text-decoration: underline;' href='https:\/\/www.syscom.mx\/producto\/DS-PDPC12P-EG2-WB-HIKVISION-189862.html' target='_blank' rel='noopener'>DS-PDPC12P-EG2-WB<\/a><\/h2>\n<p style='margin: 10px 0;'>Detector inal\u00e1mbrico bidireccional totalmente supervisado con c\u00e1mara incorporada de alta calidad que puede proporcionar un ideal soluci\u00f3n para la verificaci\u00f3n de video.<\/p>\n<ul style='padding-left: 20px; font-size: 14px; color: inherit; list-style-type: disc;'>\n<li style='margin-bottom: 5px;'>Rango de detecci\u00f3n: 12 m.<\/li>\n<li style='margin-bottom: 5px;'>Angulo de detecci\u00f3n: 85.9\u00b0.<\/li>\n<li style='margin-bottom: 5px;'>Inmunidad contra mascotas: 30Kg.<\/li>\n<li style='margin-bottom: 5px;'>Resoluci\u00f3n m\u00e1xima de la c\u00e1mara: 640 x 480.<\/li>\n<li style='margin-bottom: 5px;'>Voltaje de Operaci\u00f3n: 3 x <a style='color: inherit; text-decoration: underline;' href='https:\/\/www.syscom.mx\/producto\/CR123A-EPCOM-POWERLINE-13896.html' target='_blank' rel='noopener'>CR123A<\/a> (Incluida).<\/li>\n<li style='margin-bottom: 5px;'>Tiempo util de la bater\u00eda: 6 a\u00f1os<\/li>\n<li style='margin-bottom: 5px;'>Tamper antisabotaje.<\/li>\n<\/ul><\/div>\n<div style='flex: 1 1 300px; min-width: 250px; text-align: center; padding: 15px;'> <a href='https:\/\/www.syscom.mx\/producto\/DS-PDPC12P-EG2-WB-HIKVISION-189862.html' target='_blank' rel='noopener'><img style='width: 100%; height: auto; max-width: 400px; border: none;' src='https:\/\/ftp3.syscom.mx\/usuarios\/fotos\/BancoFotografiasSyscom\/HIKVISION\/DSPDPC12PEG2WB\/DSPDPC12PEG2WB-p.PNG' alt='Detector PIR con c\u00e1mara'><\/a> <\/div>\n<\/p><\/div>\n<p> <!-- Accesorios para automatizaci\u00f3n --> <\/p>\n<div style='margin: 30px 0; text-align: center;'>\n<h2 style='font-size: 20px; margin: 0 0 20px; color: inherit;'>ACCESORIOS PARA AUTOMATIZAR:<\/h2>\n<\/p><\/div>\n<p> <!-- Accesorios DS-PM1-O1H-WB y DS-PM1-O1L-WB --> <\/p>\n<div style='display: flex; flex-wrap: wrap; gap: 30px; margin: 30px 0;'> <!-- Accesorio DS-PM1-O1H-WB --> <\/p>\n<div style='flex: 1 1 350px; min-width: 300px; border: 1px solid rgba(150&comma;150&comma;150&comma;0.3); border-radius: 8px; overflow: hidden; background-color: rgba(238&comma;238&comma;238&comma;0.3);'>\n<div style='text-align: center; padding: 15px; background-color: rgba(238&comma;238&comma;238&comma;0.8);'> <a href='https:\/\/www.syscom.mx\/producto\/DS-PM1-O1H-WB-HIKVISION-191822.html' target='_blank' rel='noopener'><img style='width: 60%; height: auto; border: none;' src='https:\/\/ftp3.syscom.mx\/usuarios\/fotos\/BancoFotografiasSyscom\/HIKVISION\/DSPM1O1HWB\/DSPM1O1HWB-p.PNG' alt='Accesorio DS-PM1-O1H-WB'><\/a> <\/div>\n<div style='padding: 15px;'>\n<h3 style='font-size: 16px; margin: 0 0 10px; color: inherit;'><a style='color: inherit; text-decoration: underline;' href='https:\/\/www.syscom.mx\/producto\/DS-PM1-O1H-WB-HIKVISION-191822.html' target='_blank' rel='noopener'>DS-PM1-O1H-WB<\/a><\/h3>\n<ul style='padding-left: 20px; font-size: 14px; color: inherit; list-style-type: disc;'>\n<li style='margin-bottom: 5px;'>Comunicaci\u00f3n inal\u00e1mbrica bidireccional de 433 MHz \/ Cifrado AES-128.<\/li>\n<li style='margin-bottom: 5px;'>Pantalla LED&comma; muestra el estado del dispositivo: encendido \/ apagado.<\/li>\n<li style='margin-bottom: 5px;'>Dise\u00f1o de caja peque\u00f1a&comma; que se puede esconder f\u00e1cilmente.<\/li>\n<li style='margin-bottom: 5px;'>Operaci\u00f3n de automatizaci\u00f3n&comma; bot\u00f3n de encendido\/apagado desde: aplicaci\u00f3n \/ control \/ teclado<\/li>\n<li style='margin-bottom: 5px;'>Configuraci\u00f3n de escenarios por diferentes eventos.<\/li>\n<li style='margin-bottom: 5px;'>1 Salida de relevador: NO\/NC (100 to 240 VAC \/ Max. 13 A)<\/li>\n<li style='margin-bottom: 5px;'>Voltaje de Operaci\u00f3n: 100 VCA a 240 VCA.<\/li>\n<li style='margin-bottom: 5px;'>Temperatura de operaci\u00f3n: -10\u00b0 a 55\u00b0C.<\/li>\n<\/ul><\/div>\n<\/p><\/div>\n<p> <!-- Accesorio DS-PM1-O1L-WB --> <\/p>\n<div style='flex: 1 1 350px; min-width: 300px; border: 1px solid rgba(150&comma;150&comma;150&comma;0.3); border-radius: 8px; overflow: hidden; background-color: rgba(238&comma;238&comma;238&comma;0.3);'>\n<div style='text-align: center; padding: 15px; background-color: rgba(238&comma;238&comma;238&comma;0.8);'> <a href='https:\/\/www.syscom.mx\/producto\/DS-PM1-O1L-WB-HIKVISION-191819.html' target='_blank' rel='noopener'><img style='width: 60%; height: auto; border: none;' src='https:\/\/ftp3.syscom.mx\/usuarios\/fotos\/BancoFotografiasSyscom\/HIKVISION\/DSPM1O1LWB\/DSPM1O1LWB-p.PNG' alt='Accesorio DS-PM1-O1L-WB'><\/a> <\/div>\n<div style='padding: 15px;'>\n<h3 style='font-size: 16px; margin: 0 0 10px; color: inherit;'><a style='color: inherit; text-decoration: underline;' href='https:\/\/www.syscom.mx\/producto\/DS-PM1-O1L-WB-HIKVISION-191819.html' target='_blank' rel='noopener'>DS-PM1-O1L-WB<\/a><\/h3>\n<ul style='padding-left: 20px; font-size: 14px; color: inherit; list-style-type: disc;'>\n<li style='margin-bottom: 5px;'>Comunicaci\u00f3n inal\u00e1mbrica bidireccional de 433 MHz \/ Cifrado AES-128.<\/li>\n<li style='margin-bottom: 5px;'>Pantalla LED&comma; muestra el estado del dispositivo: encendido \/ apagado.<\/li>\n<li style='margin-bottom: 5px;'>Dise\u00f1o de caja peque\u00f1a&comma; que se puede esconder f\u00e1cilmente.<\/li>\n<li style='margin-bottom: 5px;'>Operaci\u00f3n de automatizaci\u00f3n&comma; bot\u00f3n de encendido\/apagado desde: aplicaci\u00f3n \/ control \/ teclado<\/li>\n<li style='margin-bottom: 5px;'>Configuraci\u00f3n de escenarios por diferentes eventos<\/li>\n<li style='margin-bottom: 5px;'>Usando la entrada de alarma&comma; se puede utilizar como entrada de zona para el panel.<\/li>\n<li style='margin-bottom: 5px;'>1 Salida de relevador: NO\/NC (0 a 36Vcc \/ Max. 5 A).<\/li>\n<li style='margin-bottom: 5px;'>1 Entrada de alarma: NO\/NC.<\/li>\n<li style='margin-bottom: 5px;'>Voltaje de Operaci\u00f3n: 7Vcc a 24 Vcc.<\/li>\n<li style='margin-bottom: 5px;'>Temperatura de operaci\u00f3n: -10\u00b0 a 55\u00b0C.<\/li>\n<\/ul><\/div>\n<\/p><\/div>\n<\/p><\/div>\n<p> <!-- Banner final --> <\/p>\n<div style='margin: 30px 0; text-align: center;'>\n<p style='margin: 0;'><a style='display: block;' href='https:\/\/www.syscom.mx\/principal\/promociones\/serie_ax_pro_alarmas_hikvision-5416.html?ordenar=Relevancia&#038;pag=1' target='_blank' rel='noopener'><img style='width: 100%; height: auto; border: 1px solid rgba(150&comma;150&comma;150&comma;0.3); border-radius: 8px;' src='https:\/\/ftp3.syscom.mx\/usuarios\/jsosa\/HIKVISION\/alarmas\/AXPPRO\/banner\/HIKVISION-AXPRO-SERIES.jpg' alt='Serie AX PRO'><\/a><\/p>\n<\/p><\/div>\n<\/p><\/div>\n","protected":false},"excerpt":{"rendered":"<p>(AXPRO) KIT  de alarma AXPRO conversi\u00f3n de zonas cableadas a inal\u00e1mbricas \/ Incluye: 1 Hub con Bateria de respaldo\/ 1 Expansor de 16 zonas cableadas \/ 1 Bateria de respaldo 12Vcc a 7 Amp\/ Compatible con Hik-Connect P2P<\/p>\n","protected":false},"featured_media":32,"comment_status":"open","ping_status":"closed","template":"","meta":[],"product_brand":[],"product_cat":[68],"product_tag":[70,54,69],"class_list":{"0":"post-3147","1":"product","2":"type-product","3":"status-publish","4":"has-post-thumbnail","6":"product_cat-ax-pro-series","7":"product_tag-ax-pro-series","8":"product_tag-hikvision","9":"product_tag-paneles-de-alarma-y-accesorios-hikvision","11":"first","12":"outofstock","13":"sale","14":"shipping-taxable","15":"purchasable","16":"product-type-simple"},"_links":{"self":[{"href":"https:\/\/soydeaqui.ddns.net\/pachuca\/index.php\/wp-json\/wp\/v2\/product\/3147","targetHints":{"allow":["GET"]}}],"collection":[{"href":"https:\/\/soydeaqui.ddns.net\/pachuca\/index.php\/wp-json\/wp\/v2\/product"}],"about":[{"href":"https:\/\/soydeaqui.ddns.net\/pachuca\/index.php\/wp-json\/wp\/v2\/types\/product"}],"replies":[{"embeddable":true,"href":"https:\/\/soydeaqui.ddns.net\/pachuca\/index.php\/wp-json\/wp\/v2\/comments?post=3147"}],"wp:featuredmedia":[{"embeddable":true,"href":"https:\/\/soydeaqui.ddns.net\/pachuca\/index.php\/wp-json\/wp\/v2\/media\/32"}],"wp:attachment":[{"href":"https:\/\/soydeaqui.ddns.net\/pachuca\/index.php\/wp-json\/wp\/v2\/media?parent=3147"}],"wp:term":[{"taxonomy":"product_brand","embeddable":true,"href":"https:\/\/soydeaqui.ddns.net\/pachuca\/index.php\/wp-json\/wp\/v2\/product_brand?post=3147"},{"taxonomy":"product_cat","embeddable":true,"href":"https:\/\/soydeaqui.ddns.net\/pachuca\/index.php\/wp-json\/wp\/v2\/product_cat?post=3147"},{"taxonomy":"product_tag","embeddable":true,"href":"https:\/\/soydeaqui.ddns.net\/pachuca\/index.php\/wp-json\/wp\/v2\/product_tag?post=3147"}],"curies":[{"name":"wp","href":"https:\/\/api.w.org\/{rel}","templated":true}]}}