{"id":31445,"date":"2026-03-18T14:10:59","date_gmt":"2026-03-18T14:10:59","guid":{"rendered":"https:\/\/soydeaqui.ddns.net\/pachuca\/index.php\/producto\/kit-de-receptor-assabloy-con-3-controles\/"},"modified":"2026-03-18T14:11:00","modified_gmt":"2026-03-18T14:11:00","slug":"kit-de-receptor-assabloy-con-3-controles","status":"publish","type":"product","link":"https:\/\/soydeaqui.ddns.net\/pachuca\/index.php\/producto\/kit-de-receptor-assabloy-con-3-controles\/","title":{"rendered":"Kit de Receptor Assabloy con 3 controles"},"content":{"rendered":"<div style='width: 100%; max-width: 1200px; margin: 0 auto; font-family: sans-serif; line-height: 1.6; color: inherit; background-color: transparent;'> <!-- Secci\u00f3n de descripci\u00f3n --> <\/p>\n<div style='margin-bottom: 30px;'>\n<p style='font-size: 15px; margin: 0 0 15px; color: inherit;'>Soluci\u00f3n c\u00f3moda para apertura de puertas peatonales a distancia que incluye control remoto.<\/p>\n<ul style='padding-left: 20px; font-size: 15px; color: inherit;'>\n<li style='margin-bottom: 5px;'>Para accesos perimetrales&comma; puertas principales y puertas de usos comunes<\/li>\n<li style='margin-bottom: 5px;'>Salida de relevador 12 Vcc&comma; 1.2 A<\/li>\n<li style='margin-bottom: 5px;'>Soporta hasta 30 controles remotos (solo compatible con <span style='color: #005cb9;'>4778<\/span>)<\/li>\n<li style='margin-bottom: 5px;'>Alimentaci\u00f3n: 110Vca<\/li>\n<li style='margin-bottom: 5px;'>Preparado para trabajar en modo HUB <a style='color: #005cb9; text-decoration: none; font-weight: 600;' href='https:\/\/www.syscom.mx\/principal\/searchcont?route=51020-ASSA-ABLOY-143439&#038;autodetect=hub'>51020<\/a><\/li>\n<\/ul>\n<p style='font-size: 15px; margin: 15px 0 0; color: inherit;'>Producto sobre pedido<\/p>\n<\/p><\/div>\n<p> <!-- Secci\u00f3n de caracter\u00edsticas t\u00e9cnicas --> <\/p>\n<div style='display: flex; flex-wrap: wrap; gap: 30px; margin-bottom: 30px;'>\n<div style='flex: 1 1 300px; min-width: 280px;'>\n<h3 style='font-size: 22px; border-bottom: 2px solid currentColor; padding-bottom: 5px; margin-top: 0; color: inherit; opacity: 0.8;'>Caracter\u00edsticas t\u00e9cnicas<\/h3>\n<ul style='padding-left: 20px; font-size: 15px; color: inherit;'>\n<li style='margin-bottom: 5px;'><strong>Tipo:<\/strong> Receptor para control remoto<\/li>\n<li style='margin-bottom: 5px;'><strong>Alimentaci\u00f3n:<\/strong> 110-127Vca 60Hz<\/li>\n<li style='margin-bottom: 5px;'><strong>Salida:<\/strong> 12Vcc&comma; 1.2A<\/li>\n<li style='margin-bottom: 5px;'><strong>Temperatura operaci\u00f3n:<\/strong> -40\u00b0C a +80\u00b0C<\/li>\n<li style='margin-bottom: 5px;'><strong>Frecuencia:<\/strong> 433MHz<\/li>\n<li style='margin-bottom: 5px;'><strong>Alcance:<\/strong> Hasta 40 metros<\/li>\n<li style='margin-bottom: 5px;'><strong>Capacidad:<\/strong> Hasta 30 controles remotos<\/li>\n<li style='margin-bottom: 5px;'><strong>Consumo:<\/strong> \u00b16mA<\/li>\n<\/ul><\/div>\n<p> <!-- Secci\u00f3n de aplicaciones --> <\/p>\n<div style='flex: 1 1 300px; min-width: 280px;'>\n<h3 style='font-size: 22px; border-bottom: 2px solid currentColor; padding-bottom: 5px; margin-top: 0; color: inherit; opacity: 0.8;'>Aplicaciones<\/h3>\n<ul style='padding-left: 20px; font-size: 15px; color: inherit;'>\n<li style='margin-bottom: 5px;'>Complemento ideal para interf\u00f3n<\/li>\n<li style='margin-bottom: 5px;'>Accesos perimetrales<\/li>\n<li style='margin-bottom: 5px;'>Puertas principales<\/li>\n<li style='margin-bottom: 5px;'>Puertas de usos comunes<\/li>\n<\/ul><\/div>\n<p> <!-- Secci\u00f3n de detalles t\u00e9cnicos --> <\/p>\n<div style='flex: 1 1 300px; min-width: 280px;'>\n<h3 style='font-size: 22px; border-bottom: 2px solid currentColor; padding-bottom: 5px; margin-top: 0; color: inherit; opacity: 0.8;'>Detalles t\u00e9cnicos<\/h3>\n<ul style='padding-left: 20px; font-size: 15px; color: inherit;'>\n<li style='margin-bottom: 5px;'><strong>Bot\u00f3n:<\/strong> Interruptor moment\u00e1neo (SPST)<\/li>\n<li style='margin-bottom: 5px;'><strong>Instalaci\u00f3n:<\/strong> En puertas de 35 a 45 mm de espesor<\/li>\n<li style='margin-bottom: 5px;'><strong>Material:<\/strong> Caja&comma; tapa y contra de acero con acabado electrost\u00e1tico<\/li>\n<li style='margin-bottom: 5px;'><strong>Pestillo:<\/strong> Rodamiento de acero y cilindros de lat\u00f3n macizo<\/li>\n<li style='margin-bottom: 5px;'><strong>Acabado:<\/strong> Beige<\/li>\n<\/ul><\/div>\n<\/p><\/div>\n<p> <!-- Secci\u00f3n de diagrama de instalaci\u00f3n --> <\/p>\n<div style='margin-bottom: 30px;'>\n<h3 style='font-size: 22px; border-bottom: 2px solid currentColor; padding-bottom: 5px; margin-top: 0; color: inherit; opacity: 0.8;'>Diagrama de instalaci\u00f3n<\/h3>\n<p style='font-size: 15px; margin: 15px 0; color: inherit;'>Conectar salida: 12Vcc (-) a cerradura<\/p>\n<p style='font-size: 15px; margin: 15px 0; color: inherit;'>Conectar salida C al pulsador<\/p>\n<p style='font-size: 15px; margin: 15px 0; color: inherit;'>Entrada de corriente terminal B: 110-220Vca<\/p>\n<p style='font-size: 15px; margin: 15px 0; color: inherit;'>12Vcc cables marr\u00f3n\/amarillo-verde<\/p>\n<p style='font-size: 15px; margin: 15px 0; color: inherit;'>12Vca cables azul\/amarillo-verde<\/p>\n<\/p><\/div>\n<p> <!-- Secci\u00f3n de seguridad y advertencias --> <\/p>\n<div style='margin-bottom: 30px;'>\n<h3 style='font-size: 22px; border-bottom: 2px solid currentColor; padding-bottom: 5px; margin-top: 0; color: inherit; opacity: 0.8;'>Seguridad y advertencias<\/h3>\n<ul style='padding-left: 20px; font-size: 15px; color: inherit;'>\n<li style='margin-bottom: 5px;'>Verificar funcionamiento despu\u00e9s del montaje<\/li>\n<li style='margin-bottom: 5px;'>No exponer a lluvia o humedad<\/li>\n<li style='margin-bottom: 5px;'>No mezclar con basura municipal<\/li>\n<li style='margin-bottom: 5px;'>Desechar en centros de acopio especializados<\/li>\n<\/ul><\/div>\n<p> <!-- Separador --> <\/p>\n<hr style='border: 0; border-top: 1px solid rgba(150&comma; 150&comma; 150&comma; 0.3); margin: 30px 0;'> <\/div>\n","protected":false},"excerpt":{"rendered":"<p>Kit de Receptor Assabloy con 3 controles<\/p>\n","protected":false},"featured_media":31444,"comment_status":"open","ping_status":"closed","template":"","meta":[],"product_brand":[],"product_cat":[214],"product_tag":[93,215,870],"class_list":{"0":"post-31445","1":"product","2":"type-product","3":"status-publish","4":"has-post-thumbnail","6":"product_cat-controles-inalambricos","7":"product_tag-accesorios","8":"product_tag-controles-inalambricos","9":"product_tag-phillips-assa-abloy","11":"first","12":"instock","13":"sale","14":"shipping-taxable","15":"purchasable","16":"product-type-simple"},"_links":{"self":[{"href":"https:\/\/soydeaqui.ddns.net\/pachuca\/index.php\/wp-json\/wp\/v2\/product\/31445","targetHints":{"allow":["GET"]}}],"collection":[{"href":"https:\/\/soydeaqui.ddns.net\/pachuca\/index.php\/wp-json\/wp\/v2\/product"}],"about":[{"href":"https:\/\/soydeaqui.ddns.net\/pachuca\/index.php\/wp-json\/wp\/v2\/types\/product"}],"replies":[{"embeddable":true,"href":"https:\/\/soydeaqui.ddns.net\/pachuca\/index.php\/wp-json\/wp\/v2\/comments?post=31445"}],"wp:featuredmedia":[{"embeddable":true,"href":"https:\/\/soydeaqui.ddns.net\/pachuca\/index.php\/wp-json\/wp\/v2\/media\/31444"}],"wp:attachment":[{"href":"https:\/\/soydeaqui.ddns.net\/pachuca\/index.php\/wp-json\/wp\/v2\/media?parent=31445"}],"wp:term":[{"taxonomy":"product_brand","embeddable":true,"href":"https:\/\/soydeaqui.ddns.net\/pachuca\/index.php\/wp-json\/wp\/v2\/product_brand?post=31445"},{"taxonomy":"product_cat","embeddable":true,"href":"https:\/\/soydeaqui.ddns.net\/pachuca\/index.php\/wp-json\/wp\/v2\/product_cat?post=31445"},{"taxonomy":"product_tag","embeddable":true,"href":"https:\/\/soydeaqui.ddns.net\/pachuca\/index.php\/wp-json\/wp\/v2\/product_tag?post=31445"}],"curies":[{"name":"wp","href":"https:\/\/api.w.org\/{rel}","templated":true}]}}