{"id":31443,"date":"2026-03-18T14:10:54","date_gmt":"2026-03-18T14:10:54","guid":{"rendered":"https:\/\/soydeaqui.ddns.net\/pachuca\/index.php\/producto\/control-remoto-assabloy-para-receptor-5226-cerradura-xtr-89236\/"},"modified":"2026-03-18T14:10:55","modified_gmt":"2026-03-18T14:10:55","slug":"control-remoto-assabloy-para-receptor-5226-cerradura-xtr-89236","status":"publish","type":"product","link":"https:\/\/soydeaqui.ddns.net\/pachuca\/index.php\/producto\/control-remoto-assabloy-para-receptor-5226-cerradura-xtr-89236\/","title":{"rendered":"Control Remoto  Assabloy para Receptor 5226, Cerradura XTR 89236"},"content":{"rendered":"<div style='width: 100%; max-width: 1200px; margin: 0 auto; font-family: sans-serif; line-height: 1.6; color: inherit; background-color: transparent;'> <!-- Secci\u00f3n de descripci\u00f3n principal --> <\/p>\n<div style='margin-bottom: 30px;'>\n<h2 style='font-size: 24px; margin-top: 0; color: inherit; opacity: 0.9;'>Descripci\u00f3n del producto<\/h2>\n<p style='font-size: 15px; margin-bottom: 15px;'>Comoda soluci\u00f3n para apertura de puertas peatonales a distancia que incluye control remoto.<\/p>\n<ul style='padding-left: 20px; font-size: 15px; margin-bottom: 15px;'>\n<li>Para accesos perimetrales&comma; puertas principales y puertas de usos comunes<\/li>\n<li>El receptor soporta hasta 30 controles remotos<\/li>\n<li>Compatible solo con 5226 y 89236<\/li>\n<\/ul>\n<p style='font-size: 15px; margin-bottom: 15px;'>Producto sobre pedido<\/p>\n<\/p><\/div>\n<p> <!-- Secci\u00f3n de caracter\u00edsticas principales --> <\/p>\n<div style='display: flex; flex-wrap: wrap; gap: 30px; margin-bottom: 30px;'>\n<div style='flex: 1 1 300px; min-width: 280px;'>\n<h3 style='font-size: 22px; border-bottom: 2px solid currentColor; padding-bottom: 5px; margin-top: 0; color: inherit; opacity: 0.8;'>Caracter\u00edsticas principales<\/h3>\n<ul style='padding-left: 20px; font-size: 15px; color: inherit;'>\n<li style='margin-bottom: 5px;'>Soluci\u00f3n para apertura de puertas a distancia<\/li>\n<li style='margin-bottom: 5px;'>Control remoto para accesos perimetrales<\/li>\n<li style='margin-bottom: 5px;'>Receptor soporta hasta 30 controles remotos<\/li>\n<li style='margin-bottom: 5px;'>Compatible con productos 5226 y 89236<\/li>\n<li style='margin-bottom: 5px;'>Ideal para puertas principales y comunes<\/li>\n<\/ul><\/div>\n<\/p><\/div>\n<p> <!-- Secci\u00f3n de especificaciones t\u00e9cnicas --> <\/p>\n<div style='display: flex; flex-wrap: wrap; gap: 20px; margin-bottom: 30px;'>\n<div style='flex: 1 1 250px; border: 1px solid rgba(150&comma; 150&comma; 150&comma; 0.4); border-radius: 8px; overflow: hidden; display: flex; flex-direction: column;'>\n<div style='padding: 15px; border-bottom: 1px solid rgba(150&comma; 150&comma; 150&comma; 0.2); font-weight: bold; font-size: 18px; color: inherit;'>Especificaciones el\u00e9ctricas<\/div>\n<div style='padding: 15px; color: inherit;'>\n<ul style='padding-left: 20px; margin: 0; font-size: 14px; list-style-type: disc;'>\n<li style='margin-bottom: 5px;'><strong>Entrada:<\/strong> 110-127Vca 60Hz<\/li>\n<li style='margin-bottom: 5px;'><strong>Salida:<\/strong> 12Vcc<\/li>\n<li style='margin-bottom: 5px;'><strong>Corriente de operaci\u00f3n:<\/strong> \u00b16mA<\/li>\n<li style='margin-bottom: 5px;'><strong>Tensi\u00f3n de operaci\u00f3n:<\/strong> 12Vcc<\/li>\n<li style='margin-bottom: 5px;'><strong>Temperatura de operaci\u00f3n:<\/strong> -40\u00b0C a +80\u00b0C<\/li>\n<li style='margin-bottom: 5px;'><strong>Frecuencia de operaci\u00f3n:<\/strong> 433MHz<\/li>\n<li style='margin-bottom: 5px;'><strong>Bater\u00eda:<\/strong> LR27A o 8LR50 de 12Vcc<\/li>\n<li style='margin-bottom: 5px;'><strong>Alcance:<\/strong> Hasta 40 m<\/li>\n<\/ul><\/div>\n<\/p><\/div>\n<div style='flex: 1 1 250px; border: 1px solid rgba(150&comma; 150&comma; 150&comma; 0.4); border-radius: 8px; overflow: hidden; display: flex; flex-direction: column;'>\n<div style='padding: 15px; border-bottom: 1px solid rgba(150&comma; 150&comma; 150&comma; 0.2); font-weight: bold; font-size: 18px; color: inherit;'>Caracter\u00edsticas f\u00edsicas<\/div>\n<div style='padding: 15px; color: inherit;'>\n<ul style='padding-left: 20px; margin: 0; font-size: 14px; list-style-type: disc;'>\n<li style='margin-bottom: 5px;'><strong>Acabado:<\/strong> Beige<\/li>\n<li style='margin-bottom: 5px;'><strong>Caja&comma; tapa y contra:<\/strong> L\u00e1mina de acero con pintura electrost\u00e1tica<\/li>\n<li style='margin-bottom: 5px;'><strong>Cuerpos:<\/strong> Pestillo con rodamiento de acero y cilindros de lat\u00f3n macizo<\/li>\n<li style='margin-bottom: 5px;'><strong>Espesor de puerta:<\/strong> 35 a 45 mm<\/li>\n<\/ul><\/div>\n<\/p><\/div>\n<div style='flex: 1 1 250px; border: 1px solid rgba(150&comma; 150&comma; 150&comma; 0.4); border-radius: 8px; overflow: hidden; display: flex; flex-direction: column;'>\n<div style='padding: 15px; border-bottom: 1px solid rgba(150&comma; 150&comma; 150&comma; 0.2); font-weight: bold; font-size: 18px; color: inherit;'>Funcionalidades<\/div>\n<div style='padding: 15px; color: inherit;'>\n<ul style='padding-left: 20px; margin: 0; font-size: 14px; list-style-type: disc;'>\n<li style='margin-bottom: 5px;'>Cerradura en versi\u00f3n instaf\u00e1cil<\/li>\n<li style='margin-bottom: 5px;'>Operaci\u00f3n mec\u00e1nica (sin energ\u00eda el\u00e9ctrica) mediante llave desde exterior<\/li>\n<li style='margin-bottom: 5px;'>Bot\u00f3n de liberaci\u00f3n desde interior<\/li>\n<li style='margin-bottom: 5px;'>Llave desde interior bloquea funci\u00f3n del bot\u00f3n<\/li>\n<li style='margin-bottom: 5px;'>Opera con llave Y-55 para 5 pernos de combinaci\u00f3n<\/li>\n<li style='margin-bottom: 5px;'>Key-way tipo &#8216;Y&#8217; para mayor protecci\u00f3n contra ganz\u00faas<\/li>\n<li style='margin-bottom: 5px;'>Bot\u00f3n interruptor moment\u00e1neo (SPST) incluido<\/li>\n<\/ul><\/div>\n<\/p><\/div>\n<\/p><\/div>\n<p> <!-- Secci\u00f3n de aplicaciones --> <\/p>\n<div style='margin-bottom: 30px;'>\n<h3 style='font-size: 22px; border-bottom: 2px solid currentColor; padding-bottom: 5px; margin-top: 0; color: inherit; opacity: 0.8;'>Aplicaciones<\/h3>\n<ul style='padding-left: 20px; font-size: 15px; color: inherit;'>\n<li style='margin-bottom: 5px;'>Comoda soluci\u00f3n para apertura de puertas a distancia<\/li>\n<li style='margin-bottom: 5px;'>Se adapta al interf\u00f3n como complemento ideal<\/li>\n<li style='margin-bottom: 5px;'>Para accesos perimetrales<\/li>\n<li style='margin-bottom: 5px;'>Para puertas principales<\/li>\n<li style='margin-bottom: 5px;'>Para puertas de usos comunes<\/li>\n<\/ul><\/div>\n<p> <!-- Separador --> <\/p>\n<hr style='border: 0; border-top: 1px solid rgba(150&comma; 150&comma; 150&comma; 0.3); margin: 30px 0;'> <\/div>\n","protected":false},"excerpt":{"rendered":"<p>Control Remoto  Assabloy para Receptor 5226, Cerradura XTR 89236<\/p>\n","protected":false},"featured_media":31442,"comment_status":"open","ping_status":"closed","template":"","meta":[],"product_brand":[],"product_cat":[214],"product_tag":[93,215,870],"class_list":{"0":"post-31443","1":"product","2":"type-product","3":"status-publish","4":"has-post-thumbnail","6":"product_cat-controles-inalambricos","7":"product_tag-accesorios","8":"product_tag-controles-inalambricos","9":"product_tag-phillips-assa-abloy","11":"first","12":"instock","13":"sale","14":"shipping-taxable","15":"purchasable","16":"product-type-simple"},"_links":{"self":[{"href":"https:\/\/soydeaqui.ddns.net\/pachuca\/index.php\/wp-json\/wp\/v2\/product\/31443","targetHints":{"allow":["GET"]}}],"collection":[{"href":"https:\/\/soydeaqui.ddns.net\/pachuca\/index.php\/wp-json\/wp\/v2\/product"}],"about":[{"href":"https:\/\/soydeaqui.ddns.net\/pachuca\/index.php\/wp-json\/wp\/v2\/types\/product"}],"replies":[{"embeddable":true,"href":"https:\/\/soydeaqui.ddns.net\/pachuca\/index.php\/wp-json\/wp\/v2\/comments?post=31443"}],"wp:featuredmedia":[{"embeddable":true,"href":"https:\/\/soydeaqui.ddns.net\/pachuca\/index.php\/wp-json\/wp\/v2\/media\/31442"}],"wp:attachment":[{"href":"https:\/\/soydeaqui.ddns.net\/pachuca\/index.php\/wp-json\/wp\/v2\/media?parent=31443"}],"wp:term":[{"taxonomy":"product_brand","embeddable":true,"href":"https:\/\/soydeaqui.ddns.net\/pachuca\/index.php\/wp-json\/wp\/v2\/product_brand?post=31443"},{"taxonomy":"product_cat","embeddable":true,"href":"https:\/\/soydeaqui.ddns.net\/pachuca\/index.php\/wp-json\/wp\/v2\/product_cat?post=31443"},{"taxonomy":"product_tag","embeddable":true,"href":"https:\/\/soydeaqui.ddns.net\/pachuca\/index.php\/wp-json\/wp\/v2\/product_tag?post=31443"}],"curies":[{"name":"wp","href":"https:\/\/api.w.org\/{rel}","templated":true}]}}