{"id":31424,"date":"2026-03-18T14:10:31","date_gmt":"2026-03-18T14:10:31","guid":{"rendered":"https:\/\/soydeaqui.ddns.net\/pachuca\/index.php\/producto\/tarjeta-iclass-2k-delgada-garantia-de-por-vida-delgada-imprimible\/"},"modified":"2026-03-18T14:10:31","modified_gmt":"2026-03-18T14:10:31","slug":"tarjeta-iclass-2k-delgada-garantia-de-por-vida-delgada-imprimible","status":"publish","type":"product","link":"https:\/\/soydeaqui.ddns.net\/pachuca\/index.php\/producto\/tarjeta-iclass-2k-delgada-garantia-de-por-vida-delgada-imprimible\/","title":{"rendered":"Tarjeta iCLASS 2k Delgada \/ Garant\u00eda de por Vida\/Delgada (imprimible)"},"content":{"rendered":"<div style='width: 100%; max-width: 1200px; margin: 0 auto; font-family: sans-serif; line-height: 1.6; color: inherit; background-color: transparent;'> <!-- Secci\u00f3n de caracter\u00edsticas --> <\/p>\n<div style='display: flex; flex-wrap: wrap; gap: 30px; margin-bottom: 30px;'>\n<div style='flex: 1 1 300px; min-width: 280px;'>\n<h3 style='font-size: 22px; border-bottom: 2px solid currentColor; padding-bottom: 5px; margin-top: 0; color: inherit; opacity: 0.8;'>Caracter\u00edsticas<\/h3>\n<ul style='padding-left: 20px; font-size: 15px; color: inherit;'>\n<li style='margin-bottom: 5px;'>Tarjeta iClass (2000PGGMN)<\/li>\n<li style='margin-bottom: 5px;'>Memoria de 2KB<\/li>\n<li style='margin-bottom: 5px;'>Material PVC<\/li>\n<li style='margin-bottom: 5px; background-color: rgba(241&comma; 196&comma; 15&comma; 0.3); color: inherit;'><strong style='color: inherit;'>Producto Bajo Pedido<\/strong>: No puede comprarse en l\u00ednea puesto que es indispensable para ordenar indicar formato&comma; c\u00f3digo de sitio&comma; consecutivo de tarjeta.<\/li>\n<\/ul><\/div>\n<\/p><\/div>\n<p> <!-- Secci\u00f3n de informaci\u00f3n importante --> <\/p>\n<div style='display: flex; flex-wrap: wrap; gap: 30px; margin-bottom: 30px;'>\n<div style='flex: 1 1 300px; min-width: 280px;'>\n<h3 style='font-size: 22px; border-bottom: 2px solid currentColor; padding-bottom: 5px; margin-top: 0; color: inherit; opacity: 0.8;'>Informaci\u00f3n Importante<\/h3>\n<ul style='padding-left: 20px; font-size: 15px; color: inherit;'>\n<li style='margin-bottom: 5px;'>En formatos diferentes a 26 bits (H10301)&comma; el m\u00ednimo de orden es 100 piezas<\/li>\n<li style='margin-bottom: 5px;'>Tarjeta en material PVC Compuesto de mayor resistencia&comma; encu\u00e9ntrala como <a href='https:\/\/www.syscom.mx\/principal\/searchcont?route=2100PGGMN-HID-161248&#038;autodetect=2000PGGMN' style='color: inherit; text-decoration: underline;'>2100PGGMN<\/a><\/li>\n<li style='margin-bottom: 5px;'>Si desea comprar una programaci\u00f3n random ofrecer el modelo <a href='https:\/\/www.syscom.mx\/principal\/searchcont?route=2000-PGG-MN26-HID-87505&#038;autodetect=2000pggmn' style='color: inherit; text-decoration: underline;'>2000-PGG-MN26<\/a><\/li>\n<li style='margin-bottom: 5px;'>Garant\u00eda de por Vida<\/li>\n<li style='margin-bottom: 5px;'><strong style='color: inherit;'>Para perforar debe tener en cuenta lo siguiente:<\/strong> Las ubicaciones de perforaci\u00f3n disponibles est\u00e1n marcadas por 3 puntos en la parte posterior de la tarjeta. Si los puntos no est\u00e1n presentes&comma; la tarjeta no se puede perforar con seguridad<\/li>\n<\/ul><\/div>\n<\/p><\/div>\n<p> <!-- Secci\u00f3n de proceso de compra --> <\/p>\n<div style='display: flex; flex-wrap: wrap; gap: 30px; margin-bottom: 30px;'>\n<div style='flex: 1 1 300px; min-width: 280px;'>\n<h3 style='font-size: 22px; border-bottom: 2px solid currentColor; padding-bottom: 5px; margin-top: 0; color: inherit; opacity: 0.8;'>\u00bfC\u00f3mo comprar tarjetas HID?<\/h3>\n<p style='font-size: 15px; color: inherit; margin-bottom: 15px;'>Todas las tarjetas de HID son de programaci\u00f3n personalizadas por lo que es necesario proporcionar informaci\u00f3n adicional.<\/p>\n<ul style='padding-left: 20px; font-size: 15px; color: inherit;'>\n<li style='margin-bottom: 5px;'><strong style='color: inherit;'>Indispensable<\/strong> para procesar cualquier orden de compra<\/li>\n<li style='margin-bottom: 5px;'><strong style='color: inherit;'>Para formatos abiertos:<\/strong><\/li>\n<ul style='padding-left: 30px; margin-top: 5px; margin-bottom: 15px;'>\n<li style='margin-bottom: 5px;'><strong style='color: inherit;'>Formato:<\/strong> Confirmar que es H10301&comma; es decir&comma; 26 bits<\/li>\n<li style='margin-bottom: 5px;'><strong style='color: inherit;'>C\u00f3digo de sitio<\/strong> (Site Code \/ Facility Code): (0 a 255&comma; si es formato 26 bits H10301)<\/li>\n<li style='margin-bottom: 5px;'><strong style='color: inherit;'>Consecutivo<\/strong> (rango): La numeraci\u00f3n que tendr\u00e1n las tarjetas (Entre 0-65535 si es a 26 bits H10301)<\/li>\n<li style='margin-bottom: 5px;'>Se puede llenar el siguiente <a href='https:\/\/ftp3.syscom.mx\/usuarios\/ftp\/2021\/05\/04\/4ba4d\/FOR%208.4%20025%20CMP%20Formato%20para%20solicitud%20de%20tarjetas%20REV.%20002.docx' target='_blank' rel='noopener' style='color: inherit; text-decoration: underline;'>formulario<\/a> y enviarlo a su ejecutivo de ventas para procesar su solicitud<\/li>\n<\/ul>\n<\/ul><\/div>\n<\/p><\/div>\n<p> <!-- Secci\u00f3n de detalles adicionales --> <\/p>\n<div style='display: flex; flex-wrap: wrap; gap: 30px; margin-bottom: 30px;'>\n<div style='flex: 1 1 300px; min-width: 280px;'>\n<ul style='padding-left: 20px; font-size: 15px; color: inherit;'>\n<li style='margin-bottom: 5px;'>En SYSCOM contamos con equipo especializado para la programaci\u00f3n de tarjetas en formato H10301&comma; por lo que una vez entregada la informaci\u00f3n y puesta la orden de compra&comma; el tiempo de entrega aproximado es de 3 d\u00edas salvo excepciones donde se confirme lo contrario por parte de su ejecutivo<\/li>\n<li style='margin-bottom: 5px;'>En formatos diferentes a H10301 (26 bits) es necesario solicitar validaci\u00f3n y tiempo de entrega al dpto de ingenier\u00eda<\/li>\n<li style='margin-bottom: 5px;'>En formatos <strong style='color: inherit;'>corporativos<\/strong> el m\u00ednimo de compra es de 100 piezas&comma; deber\u00e1 cotizar <a href='https:\/\/www.syscom.mx\/principal\/searchcont?route=MC-1000-HID-156476&#038;autodetect=mc1000' style='color: inherit; text-decoration: underline;'>MC-1000<\/a> y seguir el proceso ah\u00ed descrito<\/li>\n<li style='margin-bottom: 5px;'>Cualquier variaci\u00f3n en el modelo o formato el tiempo de entrega estimado es de 3 semanas<\/li>\n<li style='margin-bottom: 5px; background-color: rgba(241&comma; 196&comma; 15&comma; 0.3); color: inherit;'><strong style='color: inherit;'>Todas las compras de este modelo a trav\u00e9s de este portal est\u00e1n sujetas al env\u00edo de la informaci\u00f3n indispensable para procesar la compra&comma; esta informaci\u00f3n es requerida directamente por f\u00e1brica por normas de seguridad para clientes y usuarios<\/strong><\/li>\n<li style='margin-bottom: 5px;'><strong style='color: inherit;'>Es recomendable si se tiene una tarjeta existente enviar a SYSCOM para su identificaci\u00f3n previa a la compra<\/strong><\/li>\n<\/ul><\/div>\n<\/p><\/div>\n<p> <!-- Secci\u00f3n de Corporate 1000 --> <\/p>\n<div style='display: flex; flex-wrap: wrap; gap: 30px; margin-bottom: 30px;'>\n<div style='flex: 1 1 300px; min-width: 280px;'>\n<h3 style='font-size: 22px; border-bottom: 2px solid currentColor; padding-bottom: 5px; margin-top: 0; color: inherit; opacity: 0.8;'>Conozca que es <a href='http:\/\/ftp3.syscom.mx\/usuarios\/ftp\/2017\/09\/08\/ae5a5\/corporate1000_ds_es.pdf' target='_blank' rel='noopener' style='color: inherit; text-decoration: underline;'>Corporate 1000<\/a><\/h3>\n<ul style='padding-left: 20px; font-size: 15px; color: inherit;'>\n<li style='margin-bottom: 5px;'>Agregue un formato controlado por el usuario<\/li>\n<li style='margin-bottom: 5px;'>Disponible en SYSCOM a 48 bits<\/li>\n<li style='margin-bottom: 5px;'><strong style='color: inherit;'>Para formatos Corporate 1000<\/strong> es necesario llenar una documentaci\u00f3n adicional al momento de la compra:<\/li>\n<ul style='padding-left: 30px; margin-top: 5px; margin-bottom: 15px;'>\n<li style='margin-bottom: 5px;'>Nuevos proyectos: <a href='http:\/\/ftp3.syscom.mx\/usuarios\/ftp\/2017\/09\/15\/96cc8\/Corporate_1000_nuevo.pdf' target='_blank' rel='noopener' style='color: inherit; text-decoration: underline;'>Solicitud<\/a> <a href='http:\/\/ftp3.syscom.mx\/usuarios\/ftp\/2018\/01\/16\/6a208\/Credential_Program_License_Agreement%20(1).pdf' target='_blank' rel='noopener' style='color: inherit; text-decoration: underline;'>Credential Program<\/a><\/li>\n<li style='margin-bottom: 5px;'><a href='http:\/\/ftp3.syscom.mx\/usuarios\/ftp\/2017\/09\/15\/e939a\/Corporate_1000_existente.pdf' target='_top' style='color: inherit; text-decoration: underline;'>Proyectos existentes<\/a><\/li>\n<\/ul>\n<li style='margin-bottom: 5px;'>Debe considerarse un costo adicional cuando se solicita este formato Corporativo&comma; al precio de lista de la tarjeta agregar el modelo <a href='https:\/\/www.syscom.mx\/principal\/searchcont?route=MC-1000-HID-156476&#038;autodetect=mc100' style='color: inherit; text-decoration: underline;'>MC-1000<\/a> correspondiente a un cargo por tarjeta por programar en C1000<\/li>\n<\/ul><\/div>\n<\/p><\/div>\n<p> <!-- Secci\u00f3n de informaci\u00f3n adicional --> <\/p>\n<div style='display: flex; flex-wrap: wrap; gap: 30px; margin-bottom: 30px;'>\n<div style='flex: 1 1 300px; min-width: 280px;'>\n<h3 style='font-size: 22px; border-bottom: 2px solid currentColor; padding-bottom: 5px; margin-top: 0; color: inherit; opacity: 0.8;'>\u00bfCon qu\u00e9 va a imprimir sus tarjetas?<\/h3>\n<p style='font-size: 15px; color: inherit; margin: 0;'>Mayor informaci\u00f3n <a href='https:\/\/www.syscom.mx\/principal\/listadoportadasazul\/control-de-acceso-credencializacion-434.html' style='color: inherit; text-decoration: underline;'>aqu\u00ed<\/a><\/p>\n<\/p><\/div>\n<\/p><\/div>\n<p> <!-- Separador final --> <\/p>\n<hr style='border: 0; border-top: 1px solid rgba(150&comma; 150&comma; 150&comma; 0.3); margin: 30px 0;'> <\/div>\n","protected":false},"excerpt":{"rendered":"<p>Tarjeta iCLASS 2k Delgada \/ Garant\u00eda de por Vida\/Delgada (imprimible)<\/p>\n","protected":false},"featured_media":31423,"comment_status":"open","ping_status":"closed","template":"","meta":[],"product_brand":[],"product_cat":[770],"product_tag":[814,466,771],"class_list":{"0":"post-31424","1":"product","2":"type-product","3":"status-publish","4":"has-post-thumbnail","6":"product_cat-mifare-iclass-13-56-mhz","7":"product_tag-hid","8":"product_tag-lectoras-y-tarjetas","9":"product_tag-mifare-iclass-13-56-mhz","11":"first","12":"instock","13":"sale","14":"shipping-taxable","15":"purchasable","16":"product-type-simple"},"_links":{"self":[{"href":"https:\/\/soydeaqui.ddns.net\/pachuca\/index.php\/wp-json\/wp\/v2\/product\/31424","targetHints":{"allow":["GET"]}}],"collection":[{"href":"https:\/\/soydeaqui.ddns.net\/pachuca\/index.php\/wp-json\/wp\/v2\/product"}],"about":[{"href":"https:\/\/soydeaqui.ddns.net\/pachuca\/index.php\/wp-json\/wp\/v2\/types\/product"}],"replies":[{"embeddable":true,"href":"https:\/\/soydeaqui.ddns.net\/pachuca\/index.php\/wp-json\/wp\/v2\/comments?post=31424"}],"wp:featuredmedia":[{"embeddable":true,"href":"https:\/\/soydeaqui.ddns.net\/pachuca\/index.php\/wp-json\/wp\/v2\/media\/31423"}],"wp:attachment":[{"href":"https:\/\/soydeaqui.ddns.net\/pachuca\/index.php\/wp-json\/wp\/v2\/media?parent=31424"}],"wp:term":[{"taxonomy":"product_brand","embeddable":true,"href":"https:\/\/soydeaqui.ddns.net\/pachuca\/index.php\/wp-json\/wp\/v2\/product_brand?post=31424"},{"taxonomy":"product_cat","embeddable":true,"href":"https:\/\/soydeaqui.ddns.net\/pachuca\/index.php\/wp-json\/wp\/v2\/product_cat?post=31424"},{"taxonomy":"product_tag","embeddable":true,"href":"https:\/\/soydeaqui.ddns.net\/pachuca\/index.php\/wp-json\/wp\/v2\/product_tag?post=31424"}],"curies":[{"name":"wp","href":"https:\/\/api.w.org\/{rel}","templated":true}]}}