{"id":31420,"date":"2026-03-18T14:10:25","date_gmt":"2026-03-18T14:10:25","guid":{"rendered":"https:\/\/soydeaqui.ddns.net\/pachuca\/index.php\/producto\/control-remoto-universal-bea-accesorio-para-configuracion-de-sensores-lzrh110-lzri30\/"},"modified":"2026-03-18T14:10:26","modified_gmt":"2026-03-18T14:10:26","slug":"control-remoto-universal-bea-accesorio-para-configuracion-de-sensores-lzrh110-lzri30","status":"publish","type":"product","link":"https:\/\/soydeaqui.ddns.net\/pachuca\/index.php\/producto\/control-remoto-universal-bea-accesorio-para-configuracion-de-sensores-lzrh110-lzri30\/","title":{"rendered":"Control remoto universal BEA \/ Accesorio para configuraci\u00f3n de sensores LZRH110\/LZRi30"},"content":{"rendered":"<div style='width: 100%; max-width: 1200px; margin: 0 auto; font-family: sans-serif; line-height: 1.6; color: inherit; background-color: transparent;'> <!-- Secci\u00f3n de descripci\u00f3n --> <\/p>\n<div style='margin-bottom: 30px;'>\n<h2 style='font-size: 24px; margin-top: 0; color: inherit; opacity: 0.9;'>Control remoto universal para configuraci\u00f3n de sensores<\/h2>\n<p style='font-size: 15px; color: inherit; margin-top: 15px; margin-bottom: 15px;'>Control remoto universal para configuraci\u00f3n de sensores BEA compatibles&comma; permitiendo ajustes r\u00e1pidos y precisos de par\u00e1metros de detecci\u00f3n y operaci\u00f3n.<\/p>\n<\/p><\/div>\n<p> <!-- Secci\u00f3n de compatibilidad --> <\/p>\n<div style='display: flex; flex-wrap: wrap; gap: 30px; margin-bottom: 30px;'>\n<div style='flex: 1 1 300px; min-width: 280px;'>\n<h3 style='font-size: 22px; border-bottom: 2px solid currentColor; padding-bottom: 5px; margin-top: 0; color: inherit; opacity: 0.8;'>Compatibilidad<\/h3>\n<ul style='padding-left: 20px; font-size: 15px; color: inherit;'>\n<li>H110<\/li>\n<li>I30<\/li>\n<li>FALCON<\/li>\n<li>IS40<\/li>\n<li>EAGLE<\/li>\n<li>BODYGUARD<\/li>\n<li>IXIO<\/li>\n<li>IRIS<\/li>\n<li>WIZARD<\/li>\n<\/ul><\/div>\n<p> <!-- Secci\u00f3n de caracter\u00edsticas --> <\/p>\n<div style='flex: 1 1 300px; min-width: 280px;'>\n<h3 style='font-size: 22px; border-bottom: 2px solid currentColor; padding-bottom: 5px; margin-top: 0; color: inherit; opacity: 0.8;'>Caracter\u00edsticas principales<\/h3>\n<ul style='padding-left: 20px; font-size: 15px; color: inherit;'>\n<li>Configuraci\u00f3n r\u00e1pida de sensores BEA compatibles<\/li>\n<li>Compatible con m\u00faltiples modelos H110&comma; i30&comma; Falcon<\/li>\n<li>Interfaz de usuario intuitiva y sencilla de operar<\/li>\n<li>Alcanza distancias de hasta 30 metros<\/li>\n<li>Dise\u00f1o compacto y f\u00e1cil de transportar<\/li>\n<\/ul><\/div>\n<\/p><\/div>\n<p> <!-- Secci\u00f3n de par\u00e1metros --> <\/p>\n<div style='display: flex; flex-wrap: wrap; gap: 20px; margin-bottom: 30px;'>\n<div style='flex: 1 1 250px; border: 1px solid rgba(150&comma; 150&comma; 150&comma; 0.4); border-radius: 8px; overflow: hidden; display: flex; flex-direction: column;'>\n<div style='padding: 15px; border-bottom: 1px solid rgba(150&comma; 150&comma; 150&comma; 0.2); font-weight: bold; font-size: 18px; color: inherit;'>Par\u00e1metros configurables<\/div>\n<div style='padding: 15px; color: inherit;'>\n<ul style='padding-left: 20px; margin: 0; font-size: 14px; list-style-type: disc; color: inherit;'>\n<li>Supervisi\u00f3n \/ test<\/li>\n<li>Dimensiones del campo &#8211; opcional &#8211; anchura<\/li>\n<li>Dimensiones del campo &#8211; opcional &#8211; altura<\/li>\n<li>Zona sin cobertura &#8211; dimensiones del campo &#8211; seguridad &#8211; anchura<\/li>\n<li>Altura de montaje \/ Frecuencia &#8211; dimensiones del campo &#8211; seguridad &#8211; altura<\/li>\n<li>Redirecci\u00f3n de salida &#8211; redireccionamiento del campo de detecci\u00f3n<\/li>\n<\/ul><\/div>\n<\/p><\/div>\n<div style='flex: 1 1 250px; border: 1px solid rgba(150&comma; 150&comma; 150&comma; 0.4); border-radius: 8px; overflow: hidden; display: flex; flex-direction: column;'>\n<div style='padding: 15px; border-bottom: 1px solid rgba(150&comma; 150&comma; 150&comma; 0.2); font-weight: bold; font-size: 18px; color: inherit;'>Configuraci\u00f3n y funciones<\/div>\n<div style='padding: 15px; color: inherit;'>\n<ul style='padding-left: 20px; margin: 0; font-size: 14px; list-style-type: disc; color: inherit;'>\n<li>Control de puerta<\/li>\n<li>Tama\u00f1o m\u00ednimo de objeto<\/li>\n<li>Tiempo de mantenimiento \/ espera<\/li>\n<li>Modo de detecci\u00f3n<\/li>\n<li>Filtro de inmunidad radar<\/li>\n<li>Lado de montaje<\/li>\n<\/ul><\/div>\n<\/p><\/div>\n<div style='flex: 1 1 250px; border: 1px solid rgba(150&comma; 150&comma; 150&comma; 0.4); border-radius: 8px; overflow: hidden; display: flex; flex-direction: column;'>\n<div style='padding: 15px; border-bottom: 1px solid rgba(150&comma; 150&comma; 150&comma; 0.2); font-weight: bold; font-size: 18px; color: inherit;'>Funciones avanzadas<\/div>\n<div style='padding: 15px; color: inherit;'>\n<ul style='padding-left: 20px; margin: 0; font-size: 14px; list-style-type: disc; color: inherit;'>\n<li>Configuraci\u00f3n de salidas<\/li>\n<li>Duraci\u00f3n m\u00e1xima de presencia<\/li>\n<li>Filtro de inmunidad infrarroja<\/li>\n<li>Filtro de inmunidad<\/li>\n<\/ul><\/div>\n<\/p><\/div>\n<\/p><\/div>\n<p> <!-- Secci\u00f3n de teclas y funciones --> <\/p>\n<div style='margin-bottom: 30px;'>\n<h3 style='font-size: 22px; border-bottom: 2px solid currentColor; padding-bottom: 5px; margin-top: 0; color: inherit; opacity: 0.8;'>Teclas y funciones<\/h3>\n<div style='display: grid; grid-template-columns: repeat(auto-fill&comma; minmax(250px&comma; 1fr)); gap: 20px; margin-top: 20px;'>\n<div style='border: 1px solid rgba(150&comma; 150&comma; 150&comma; 0.4); border-radius: 8px; padding: 15px; color: inherit;'>\n<h4 style='margin-top: 0; font-size: 16px; color: inherit; opacity: 0.9;'>Teclas generales<\/h4>\n<ul style='padding-left: 20px; margin: 0; font-size: 14px; list-style-type: disc; color: inherit;'>\n<li>Flatscan<\/li>\n<li>Widescan<\/li>\n<li>Desbloqueo \/ Tirador<\/li>\n<li>Bloqueo<\/li>\n<li>Seguridad<\/li>\n<li>Comprobaci\u00f3n de valores<\/li>\n<\/ul><\/div>\n<div style='border: 1px solid rgba(150&comma; 150&comma; 150&comma; 0.4); border-radius: 8px; padding: 15px; color: inherit;'>\n<h4 style='margin-top: 0; font-size: 16px; color: inherit; opacity: 0.9;'>Teclas de colores<\/h4>\n<ul style='padding-left: 20px; margin: 0; font-size: 14px; list-style-type: disc; color: inherit;'>\n<li>Reapertura<\/li>\n<li>Movimiento<\/li>\n<li>Presencia<\/li>\n<li>Aumentar valores<\/li>\n<li>Disminuir valores<\/li>\n<li>Setup \/ Aprendizaje<\/li>\n<\/ul><\/div>\n<div style='border: 1px solid rgba(150&comma; 150&comma; 150&comma; 0.4); border-radius: 8px; padding: 15px; color: inherit;'>\n<h4 style='margin-top: 0; font-size: 16px; color: inherit; opacity: 0.9;'>Funciones especiales<\/h4>\n<ul style='padding-left: 20px; margin: 0; font-size: 14px; list-style-type: disc; color: inherit;'>\n<li>Valores de f\u00e1brica<\/li>\n<li>Preajustes<\/li>\n<li>Guardar c\u00f3digo de acceso<\/li>\n<li>Eliminar c\u00f3digo de acceso<\/li>\n<li>Cambiar c\u00f3digo de acceso<\/li>\n<\/ul><\/div>\n<\/p><\/div>\n<\/p><\/div>\n<p> <!-- Secci\u00f3n de instrucciones de uso --> <\/p>\n<div style='margin-bottom: 30px;'>\n<h3 style='font-size: 22px; border-bottom: 2px solid currentColor; padding-bottom: 5px; margin-top: 0; color: inherit; opacity: 0.8;'>Instrucciones de uso<\/h3>\n<div style='display: grid; grid-template-columns: repeat(auto-fill&comma; minmax(250px&comma; 1fr)); gap: 20px; margin-top: 20px;'>\n<div style='border: 1px solid rgba(150&comma; 150&comma; 150&comma; 0.4); border-radius: 8px; padding: 15px; color: inherit;'>\n<h4 style='margin-top: 0; font-size: 16px; color: inherit; opacity: 0.9;'>Configuraci\u00f3n b\u00e1sica<\/h4>\n<ul style='padding-left: 20px; margin: 0; font-size: 14px; list-style-type: disc; color: inherit;'>\n<li>Tras el desbloqueo&comma; el LED rojo parpadea<\/li>\n<li>Es posible ajustar el sensor<\/li>\n<li>Para finalizar la sesi\u00f3n de ajuste&comma; bloquear siempre el sensor<\/li>\n<\/ul><\/div>\n<div style='border: 1px solid rgba(150&comma; 150&comma; 150&comma; 0.4); border-radius: 8px; padding: 15px; color: inherit;'>\n<h4 style='margin-top: 0; font-size: 16px; color: inherit; opacity: 0.9;'>C\u00f3digo de acceso<\/h4>\n<ul style='padding-left: 20px; margin: 0; font-size: 14px; list-style-type: disc; color: inherit;'>\n<li>Si el LED rojo parpadea r\u00e1pidamente tras desbloqueo&comma; introducir c\u00f3digo de acceso (1-4 d\u00edgitos)<\/li>\n<li>Para eliminar c\u00f3digo: Interrumpir y restablecer suministro el\u00e9ctrico<\/li>\n<li>Sin c\u00f3digo durante primer minuto tras conexi\u00f3n<\/li>\n<\/ul><\/div>\n<div style='border: 1px solid rgba(150&comma; 150&comma; 150&comma; 0.4); border-radius: 8px; padding: 15px; color: inherit;'>\n<h4 style='margin-top: 0; font-size: 16px; color: inherit; opacity: 0.9;'>Funciones avanzadas<\/h4>\n<ul style='padding-left: 20px; margin: 0; font-size: 14px; list-style-type: disc; color: inherit;'>\n<li>Comprobaci\u00f3n de valor: N\u00famero de destellos = valor del par\u00e1metro<\/li>\n<li>Restablecer valores de f\u00e1brica: Mantener pulsado durante 1 minuto<\/li>\n<li>Cambiar c\u00f3digo: Introducir c\u00f3digo existente<\/li>\n<\/ul><\/div>\n<\/p><\/div>\n<\/p><\/div>\n<p> <!-- Separador final --> <\/p>\n<hr style='border: 0; border-top: 1px solid rgba(150&comma; 150&comma; 150&comma; 0.3); margin: 30px 0;'> <\/div>\n","protected":false},"excerpt":{"rendered":"<p>Control remoto universal BEA \/ Accesorio para configuraci\u00f3n de sensores LZRH110\/LZRi30<\/p>\n","protected":false},"featured_media":31419,"comment_status":"open","ping_status":"closed","template":"","meta":[],"product_brand":[],"product_cat":[777],"product_tag":[401,93,843],"class_list":{"0":"post-31420","1":"product","2":"type-product","3":"status-publish","4":"has-post-thumbnail","6":"product_cat-accesorios-acceso-vehicular","7":"product_tag-acceso-vehicular","8":"product_tag-accesorios","9":"product_tag-bea","11":"first","12":"outofstock","13":"sale","14":"shipping-taxable","15":"purchasable","16":"product-type-simple"},"_links":{"self":[{"href":"https:\/\/soydeaqui.ddns.net\/pachuca\/index.php\/wp-json\/wp\/v2\/product\/31420","targetHints":{"allow":["GET"]}}],"collection":[{"href":"https:\/\/soydeaqui.ddns.net\/pachuca\/index.php\/wp-json\/wp\/v2\/product"}],"about":[{"href":"https:\/\/soydeaqui.ddns.net\/pachuca\/index.php\/wp-json\/wp\/v2\/types\/product"}],"replies":[{"embeddable":true,"href":"https:\/\/soydeaqui.ddns.net\/pachuca\/index.php\/wp-json\/wp\/v2\/comments?post=31420"}],"wp:featuredmedia":[{"embeddable":true,"href":"https:\/\/soydeaqui.ddns.net\/pachuca\/index.php\/wp-json\/wp\/v2\/media\/31419"}],"wp:attachment":[{"href":"https:\/\/soydeaqui.ddns.net\/pachuca\/index.php\/wp-json\/wp\/v2\/media?parent=31420"}],"wp:term":[{"taxonomy":"product_brand","embeddable":true,"href":"https:\/\/soydeaqui.ddns.net\/pachuca\/index.php\/wp-json\/wp\/v2\/product_brand?post=31420"},{"taxonomy":"product_cat","embeddable":true,"href":"https:\/\/soydeaqui.ddns.net\/pachuca\/index.php\/wp-json\/wp\/v2\/product_cat?post=31420"},{"taxonomy":"product_tag","embeddable":true,"href":"https:\/\/soydeaqui.ddns.net\/pachuca\/index.php\/wp-json\/wp\/v2\/product_tag?post=31420"}],"curies":[{"name":"wp","href":"https:\/\/api.w.org\/{rel}","templated":true}]}}