{"id":31413,"date":"2026-03-18T14:10:16","date_gmt":"2026-03-18T14:10:16","guid":{"rendered":"https:\/\/soydeaqui.ddns.net\/pachuca\/index.php\/producto\/monitor-adicional-para-videoportero-009ck0005\/"},"modified":"2026-03-18T14:10:17","modified_gmt":"2026-03-18T14:10:17","slug":"monitor-adicional-para-videoportero-009ck0005","status":"publish","type":"product","link":"https:\/\/soydeaqui.ddns.net\/pachuca\/index.php\/producto\/monitor-adicional-para-videoportero-009ck0005\/","title":{"rendered":"Monitor adicional para VideoPortero 009CK0005"},"content":{"rendered":"<div style='width: 100%; max-width: 1200px; margin: 0 auto; font-family: sans-serif; line-height: 1.6; color: inherit; background-color: transparent;'> <!-- Secci\u00f3n de descripci\u00f3n --> <\/p>\n<div style='margin-bottom: 30px; font-size: 15px; color: inherit;'>\n<p>Monitor El receptor de v\u00eddeo est\u00e1 compuesto por una unidad de montaje sobre pared manos libres equipado con un monitor TFT de 3&comma;5\u2019\u2019 a color. El receptor de v\u00eddeo contiene:<\/p>\n<\/p><\/div>\n<p> <!-- Secci\u00f3n de caracter\u00edsticas --> <\/p>\n<div style='display: flex; flex-wrap: wrap; gap: 30px; margin-bottom: 30px;'>\n<div style='flex: 1 1 300px; min-width: 280px;'>\n<h3 style='font-size: 22px; border-bottom: 2px solid currentColor; padding-bottom: 5px; margin-top: 0; color: inherit; opacity: 0.8;'>Caracter\u00edsticas principales<\/h3>\n<ul style='padding-left: 20px; font-size: 15px; color: inherit;'>\n<li style='margin-bottom: 5px;'>Botones para activar la comunicaci\u00f3n&comma; apertura de la contrachapa el\u00e9ctrica&comma; vista previa de la c\u00e1mara&comma; activaci\u00f3n de audio intercomunicaci\u00f3n<\/li>\n<li style='margin-bottom: 5px;'>Tres potenci\u00f3metros para ajuste de volumen&comma; color e iluminaci\u00f3n del frente<\/li>\n<li style='margin-bottom: 5px;'>Voltaje de alimentaci\u00f3n: 14.5 VDC<\/li>\n<li style='margin-bottom: 5px;'>Consumo: 400mA (50 mA en reposo)<\/li>\n<li style='margin-bottom: 5px;'>Modo de audio: Duplex<\/li>\n<li style='margin-bottom: 5px;'>Tiempo de hablar: 2 minutos<\/li>\n<li style='margin-bottom: 5px;'>Dimensiones: 128 x 180 x 24 mm<\/li>\n<li style='margin-bottom: 5px;'>Temperatura de operaci\u00f3n: -10\u00b0C +55\u00b0C<\/li>\n<li style='margin-bottom: 5px;'>Monitor: 3.5&#8242; TFT<\/li>\n<\/ul><\/div>\n<\/p><\/div>\n<p> <!-- Galer\u00eda de im\u00e1genes --> <\/p>\n<div style='display: flex; flex-wrap: wrap; gap: 15px; margin-bottom: 30px;'>\n<div style='flex: 1 1 300px; min-width: 280px;'> <img style='width: 100%; height: auto; border: 1px solid rgba(150&comma;150&comma;150&comma;0.3); border-radius: 8px;' src='http:\/\/ftp3.syscom.mx\/usuarios\/fotos\/009CK0005\/009CK0005_1.png' alt=''> <\/div>\n<div style='flex: 1 1 300px; min-width: 280px;'> <img style='width: 100%; height: auto; border: 1px solid rgba(150&comma;150&comma;150&comma;0.3); border-radius: 8px;' src='http:\/\/ftp3.syscom.mx\/usuarios\/fotos\/009CK0005\/009CK0005_2.png' alt=''> <\/div>\n<\/p><\/div>\n<p> <!-- Separador --> <\/p>\n<hr style='border: 0; border-top: 1px solid rgba(150&comma; 150&comma; 150&comma; 0.3); margin: 30px 0;'> <\/div>\n","protected":false},"excerpt":{"rendered":"<p>Monitor adicional para VideoPortero 009CK0005<\/p>\n","protected":false},"featured_media":31412,"comment_status":"open","ping_status":"closed","template":"","meta":[],"product_brand":[],"product_cat":[871],"product_tag":[779,872,557],"class_list":{"0":"post-31413","1":"product","2":"type-product","3":"status-publish","4":"has-post-thumbnail","6":"product_cat-videoporteros-analogicos","7":"product_tag-came","8":"product_tag-videoporteros-analogicos","9":"product_tag-videoporteros-e-interfonos","11":"first","12":"outofstock","13":"sale","14":"shipping-taxable","15":"purchasable","16":"product-type-simple"},"_links":{"self":[{"href":"https:\/\/soydeaqui.ddns.net\/pachuca\/index.php\/wp-json\/wp\/v2\/product\/31413","targetHints":{"allow":["GET"]}}],"collection":[{"href":"https:\/\/soydeaqui.ddns.net\/pachuca\/index.php\/wp-json\/wp\/v2\/product"}],"about":[{"href":"https:\/\/soydeaqui.ddns.net\/pachuca\/index.php\/wp-json\/wp\/v2\/types\/product"}],"replies":[{"embeddable":true,"href":"https:\/\/soydeaqui.ddns.net\/pachuca\/index.php\/wp-json\/wp\/v2\/comments?post=31413"}],"wp:featuredmedia":[{"embeddable":true,"href":"https:\/\/soydeaqui.ddns.net\/pachuca\/index.php\/wp-json\/wp\/v2\/media\/31412"}],"wp:attachment":[{"href":"https:\/\/soydeaqui.ddns.net\/pachuca\/index.php\/wp-json\/wp\/v2\/media?parent=31413"}],"wp:term":[{"taxonomy":"product_brand","embeddable":true,"href":"https:\/\/soydeaqui.ddns.net\/pachuca\/index.php\/wp-json\/wp\/v2\/product_brand?post=31413"},{"taxonomy":"product_cat","embeddable":true,"href":"https:\/\/soydeaqui.ddns.net\/pachuca\/index.php\/wp-json\/wp\/v2\/product_cat?post=31413"},{"taxonomy":"product_tag","embeddable":true,"href":"https:\/\/soydeaqui.ddns.net\/pachuca\/index.php\/wp-json\/wp\/v2\/product_tag?post=31413"}],"curies":[{"name":"wp","href":"https:\/\/api.w.org\/{rel}","templated":true}]}}