{"id":31411,"date":"2026-03-18T14:10:14","date_gmt":"2026-03-18T14:10:14","guid":{"rendered":"https:\/\/soydeaqui.ddns.net\/pachuca\/index.php\/producto\/software-de-administracion-compatible-con-equipos-de-control-de-acceso-zk-accesspro\/"},"modified":"2026-03-18T14:10:15","modified_gmt":"2026-03-18T14:10:15","slug":"software-de-administracion-compatible-con-equipos-de-control-de-acceso-zk-accesspro","status":"publish","type":"product","link":"https:\/\/soydeaqui.ddns.net\/pachuca\/index.php\/producto\/software-de-administracion-compatible-con-equipos-de-control-de-acceso-zk-accesspro\/","title":{"rendered":"Software de administracion compatible con equipos de CONTROL DE ACCESO ZK &#8211; AccessPRO"},"content":{"rendered":"<div style='width: 100%; max-width: 1200px; margin: 0 auto; font-family: sans-serif; line-height: 1.6; color: inherit; background-color: transparent;'> <!-- Logo del software --> <\/p>\n<div style='text-align: center; margin: 20px 0;'> <img style='width: 100%; max-width: 450px; height: auto; border: 1px solid rgba(150&comma;150&comma;150&comma;0.3); border-radius: 8px;' src='https:\/\/ftp3.syscom.mx\/usuarios\/fespinoza\/ZKTECO\/Software\/ZKAccess3.5\/ZKAccess.PNG' alt='Logo ZKAccess3.5'> <\/div>\n<p> <!-- Descripci\u00f3n principal --> <\/p>\n<div style='margin: 30px 0;'>\n<p style='font-size: 15px; color: inherit; margin-bottom: 20px;'>ZKAccess3.5 est\u00e1 dise\u00f1ado para administrar todos los dispositivos de control de acceso compatibles de la l\u00ednea ZKTeco&comma; as\u00ed como tambi\u00e9n&comma; los equipos compatibles de la l\u00ednea AccessPRO. El software puede gestionar simult\u00e1neamente el control de acceso y adem\u00e1s generar informes b\u00e1sicos de asistencia.<\/p>\n<p> <!-- Im\u00e1genes principales --> <\/p>\n<div style='display: flex; flex-wrap: wrap; gap: 20px; justify-content: center; margin: 30px 0;'> <img style='width: 100%; max-width: 600px; height: auto; border: 1px solid rgba(150&comma;150&comma;150&comma;0.3); border-radius: 8px;' src='https:\/\/ftp3.syscom.mx\/usuarios\/fespinoza\/ZKTECO\/Software\/ZKAccess3.5\/1.PNG' alt='Interfaz ZKAccess3.5'> <img style='width: 100%; max-width: 600px; height: auto; border: 1px solid rgba(150&comma;150&comma;150&comma;0.3); border-radius: 8px;' src='https:\/\/ftp3.syscom.mx\/usuarios\/fespinoza\/ZKTECO\/Software\/ZKAccess3.5\/2.PNG' alt='Interfaz ZKAccess3.5'> <\/div>\n<p> <!-- Caracter\u00edsticas principales --> <\/p>\n<div style='margin: 30px 0;'>\n<h3 style='font-size: 22px; border-bottom: 2px solid currentColor; padding-bottom: 5px; margin-top: 0; color: inherit; opacity: 0.8;'>Caracter\u00edsticas principales<\/h3>\n<ul style='padding-left: 20px; font-size: 15px; color: inherit; list-style-type: disc;'>\n<li style='margin-bottom: 5px;'>Supervisi\u00f3n de eventos en tiempo real con icono de estado de puerta<\/li>\n<li style='margin-bottom: 5px;'>Apertura y cierre de puertas de forma remota<\/li>\n<li style='margin-bottom: 5px;'>Esclusamiento de puertas<\/li>\n<\/ul><\/div>\n<p> <!-- Compatibilidad --> <\/p>\n<div style='margin: 30px 0;'>\n<h3 style='font-size: 22px; border-bottom: 2px solid currentColor; padding-bottom: 5px; margin-top: 0; color: inherit; opacity: 0.8;'>Compatibilidad<\/h3>\n<p> <!-- Paneles de Control de Acceso --> <\/p>\n<div style='margin: 20px 0;'>\n<h4 style='font-size: 18px; color: inherit; margin-top: 0;'>Paneles de Control de Acceso<\/h4>\n<p style='font-size: 15px; color: inherit; margin: 10px 0 20px 0;'>ZKAccess 3.5 es compatible con todos los paneles de control de acceso de la l\u00ednea AccessPRO y ZKTeco que cuenten con firmware pull.<\/p>\n<p> <!-- Tarjetas de compatibilidad - Paneles --> <\/p>\n<div style='display: flex; flex-wrap: wrap; gap: 15px; justify-content: center; margin-top: 20px;'>\n<div style='flex: 1 1 150px; min-width: 120px; text-align: center;'> <a href='https:\/\/www.syscom.mx\/producto\/SYSCA-2R-1D-ZKTECO-\/-AccessPRO-37828.html'> <img style='width: 100%; max-width: 110px; height: auto; border: 1px solid rgba(150&comma;150&comma;150&comma;0.3); border-radius: 8px;' src='https:\/\/ftp3.syscom.mx\/usuarios\/fespinoza\/ZKTECO\/Software\/ZKAccess3.5\/SYSCA.PNG' alt='SYSCA-2R-1D'> <\/a> <\/p>\n<p style='margin-top: 8px; font-size: 14px; color: inherit;'>SYSCA-2R-1D<\/p>\n<\/p><\/div>\n<div style='flex: 1 1 150px; min-width: 120px; text-align: center;'> <a href='https:\/\/www.syscom.mx\/producto\/SYSCA-2R-2D-ZKTECO-\/-AccessPRO-36920.html'> <img style='width: 100%; max-width: 110px; height: auto; border: 1px solid rgba(150&comma;150&comma;150&comma;0.3); border-radius: 8px;' src='https:\/\/ftp3.syscom.mx\/usuarios\/fespinoza\/ZKTECO\/Software\/ZKAccess3.5\/SYSCA.PNG' alt='SYSCA-2R-2D'> <\/a> <\/p>\n<p style='margin-top: 8px; font-size: 14px; color: inherit;'>SYSCA-2R-2D<\/p>\n<\/p><\/div>\n<div style='flex: 1 1 150px; min-width: 120px; text-align: center;'> <a href='https:\/\/www.syscom.mx\/producto\/SYSCA-4R-4D-ZKTECO-\/-AccessPRO-37121.html'> <img style='width: 100%; max-width: 110px; height: auto; border: 1px solid rgba(150&comma;150&comma;150&comma;0.3); border-radius: 8px;' src='https:\/\/ftp3.syscom.mx\/usuarios\/fespinoza\/ZKTECO\/Software\/ZKAccess3.5\/SYSCA.PNG' alt='SYSCA-4R-4D'> <\/a> <\/p>\n<p style='margin-top: 8px; font-size: 14px; color: inherit;'>SYSCA-4R-4D<\/p>\n<\/p><\/div>\n<div style='flex: 1 1 150px; min-width: 120px; text-align: center;'> <a href='https:\/\/www.syscom.mx\/producto\/APX-2000-ACCESSPRO-72557.html'> <img style='width: 100%; max-width: 100px; height: auto; border: 1px solid rgba(150&comma;150&comma;150&comma;0.3); border-radius: 8px;' src='https:\/\/ftp3.syscom.mx\/usuarios\/fespinoza\/ZKTECO\/Software\/ZKAccess3.5\/APX.PNG' alt='APX2000'> <\/a> <\/p>\n<p style='margin-top: 8px; font-size: 14px; color: inherit;'>APX2000<\/p>\n<\/p><\/div>\n<div style='flex: 1 1 150px; min-width: 120px; text-align: center;'> <a href='https:\/\/www.syscom.mx\/producto\/APX-4000-ACCESSPRO-72556.html'> <img style='width: 100%; max-width: 100px; height: auto; border: 1px solid rgba(150&comma;150&comma;150&comma;0.3); border-radius: 8px;' src='https:\/\/ftp3.syscom.mx\/usuarios\/fespinoza\/ZKTECO\/Software\/ZKAccess3.5\/APX.PNG' alt='APX4000'> <\/a> <\/p>\n<p style='margin-top: 8px; font-size: 14px; color: inherit;'>APX4000<\/p>\n<\/p><\/div>\n<div style='flex: 1 1 150px; min-width: 120px; text-align: center;'> <a href='https:\/\/www.syscom.mx\/producto\/INBIO-260-ZKTECO-80166.html'> <img style='width: 100%; max-width: 140px; height: auto; border: 1px solid rgba(150&comma;150&comma;150&comma;0.3); border-radius: 8px;' src='https:\/\/ftp3.syscom.mx\/usuarios\/fespinoza\/ZKTECO\/Software\/ZKAccess3.5\/INBIOS.PNG' alt='INBIO260'> <\/a> <\/p>\n<p style='margin-top: 8px; font-size: 14px; color: inherit;'>INBIO260<\/p>\n<\/p><\/div>\n<div style='flex: 1 1 150px; min-width: 120px; text-align: center;'> <a href='https:\/\/www.syscom.mx\/producto\/INBIO-460-ZKTECO-80167.html'> <img style='width: 100%; max-width: 140px; height: auto; border: 1px solid rgba(150&comma;150&comma;150&comma;0.3); border-radius: 8px;' src='https:\/\/ftp3.syscom.mx\/usuarios\/fespinoza\/ZKTECO\/Software\/ZKAccess3.5\/INBIOS.PNG' alt='INBIO460'> <\/a> <\/p>\n<p style='margin-top: 8px; font-size: 14px; color: inherit;'>INBIO460<\/p>\n<\/p><\/div>\n<\/p><\/div>\n<\/p><\/div>\n<p> <!-- Dispositivos Aut\u00f3nomos --> <\/p>\n<div style='margin: 20px 0;'>\n<h4 style='font-size: 18px; color: inherit; margin-top: 0;'>Dispositivos Aut\u00f3nomos<\/h4>\n<p style='font-size: 15px; color: inherit; margin: 10px 0 20px 0;'>ZKAccess 3.5 es compatible con los siguientes dispositivos aut\u00f3nomos.<\/p>\n<p> <!-- Tarjetas de compatibilidad - Dispositivos Aut\u00f3nomos --> <\/p>\n<div style='display: flex; flex-wrap: wrap; gap: 15px; justify-content: center; margin-top: 20px;'>\n<div style='flex: 1 1 120px; min-width: 100px; text-align: center;'> <a href='https:\/\/www.syscom.mx\/producto\/F19-ZKTECO-\/-AccessPRO-67766.html'> <img style='width: 100%; max-width: 55px; height: auto; border: 1px solid rgba(150&comma;150&comma;150&comma;0.3); border-radius: 8px;' src='https:\/\/ftp3.syscom.mx\/usuarios\/fespinoza\/ZKTECO\/Software\/ZKAccess3.5\/f19.PNG' alt='F19'> <\/a> <\/p>\n<p style='margin-top: 8px; font-size: 14px; color: inherit;'>F19<\/p>\n<\/p><\/div>\n<div style='flex: 1 1 120px; min-width: 100px; text-align: center;'> <a href='https:\/\/www.syscom.mx\/producto\/F21-ZKTECO-80817.html'> <img style='width: 100%; max-width: 50px; height: auto; border: 1px solid rgba(150&comma;150&comma;150&comma;0.3); border-radius: 8px;' src='https:\/\/ftp3.syscom.mx\/usuarios\/fespinoza\/ZKTECO\/Software\/ZKAccess3.5\/f21.PNG' alt='F21'> <\/a> <\/p>\n<p style='margin-top: 8px; font-size: 14px; color: inherit;'>F21<\/p>\n<\/p><\/div>\n<div style='flex: 1 1 120px; min-width: 100px; text-align: center;'> <a href='https:\/\/www.syscom.mx\/producto\/TF-1700-ZKTECO-80154.html'> <img style='width: 100%; max-width: 55px; height: auto; border: 1px solid rgba(150&comma;150&comma;150&comma;0.3); border-radius: 8px;' src='https:\/\/ftp3.syscom.mx\/usuarios\/fespinoza\/ZKTECO\/Software\/ZKAccess3.5\/tf1700.PNG' alt='TF1700'> <\/a> <\/p>\n<p style='margin-top: 8px; font-size: 14px; color: inherit;'>TF1700<\/p>\n<\/p><\/div>\n<div style='flex: 1 1 120px; min-width: 100px; text-align: center;'> <a href='https:\/\/www.syscom.mx\/producto\/MULTIBIO-800-ZKTECO-80160.html'> <img style='width: 100%; max-width: 62px; height: auto; border: 1px solid rgba(150&comma;150&comma;150&comma;0.3); border-radius: 8px;' src='https:\/\/ftp3.syscom.mx\/usuarios\/fespinoza\/ZKTECO\/Software\/ZKAccess3.5\/multibio800.PNG' alt='MULTIBIO800'> <\/a> <\/p>\n<p style='margin-top: 8px; font-size: 14px; color: inherit;'>MULTIBIO800<\/p>\n<\/p><\/div>\n<div style='flex: 1 1 120px; min-width: 100px; text-align: center;'> <a href='https:\/\/www.syscom.mx\/producto\/ICLOCK-3000-ZKTECO-80157.html'> <img style='width: 100%; max-width: 100px; height: auto; border: 1px solid rgba(150&comma;150&comma;150&comma;0.3); border-radius: 8px;' src='https:\/\/ftp3.syscom.mx\/usuarios\/fespinoza\/ZKTECO\/Software\/ZKAccess3.5\/iclock3000.PNG' alt='ICLOCK3000'> <\/a> <\/p>\n<p style='margin-top: 8px; font-size: 14px; color: inherit;'>ICLOCK3000<\/p>\n<\/p><\/div>\n<div style='flex: 1 1 120px; min-width: 100px; text-align: center;'> <a href='https:\/\/www.syscom.mx\/producto\/ICLOCK-990-ZKTECO-\/-AccessPRO-19169.html'> <img style='width: 100%; max-width: 100px; height: auto; border: 1px solid rgba(150&comma;150&comma;150&comma;0.3); border-radius: 8px;' src='https:\/\/ftp3.syscom.mx\/usuarios\/fespinoza\/ZKTECO\/Software\/ZKAccess3.5\/iclock990.PNG' alt='ICLOCK990'> <\/a> <\/p>\n<p style='margin-top: 8px; font-size: 14px; color: inherit;'>ICLOCK990<\/p>\n<\/p><\/div>\n<div style='flex: 1 1 120px; min-width: 100px; text-align: center;'> <a href='https:\/\/www.syscom.mx\/producto\/MB-160-ZKTECO-87927.html'> <img style='width: 100%; max-width: 100px; height: auto; border: 1px solid rgba(150&comma;150&comma;150&comma;0.3); border-radius: 8px;' src='https:\/\/ftp3.syscom.mx\/usuarios\/fespinoza\/ZKTECO\/Software\/ZKAccess3.5\/mb160.PNG' alt='MB160'> <\/a> <\/p>\n<p style='margin-top: 8px; font-size: 14px; color: inherit;'>MB160<\/p>\n<\/p><\/div>\n<div style='flex: 1 1 120px; min-width: 100px; text-align: center;'> <a href='https:\/\/www.syscom.mx\/producto\/SF-300-ZKTECO-80155.html'> <img style='width: 100%; max-width: 90px; height: auto; border: 1px solid rgba(150&comma;150&comma;150&comma;0.3); border-radius: 8px;' src='https:\/\/ftp3.syscom.mx\/usuarios\/fespinoza\/ZKTECO\/Software\/ZKAccess3.5\/sf300.PNG' alt='SF300'> <\/a> <\/p>\n<p style='margin-top: 8px; font-size: 14px; color: inherit;'>SF300<\/p>\n<\/p><\/div>\n<div style='flex: 1 1 120px; min-width: 100px; text-align: center;'> <a href='https:\/\/www.syscom.mx\/producto\/XT5-ACCESSPRO-70027.html'> <img style='width: 100%; max-width: 65px; height: auto; border: 1px solid rgba(150&comma;150&comma;150&comma;0.3); border-radius: 8px;' src='https:\/\/ftp3.syscom.mx\/usuarios\/fespinoza\/ZKTECO\/Software\/ZKAccess3.5\/xt5.PNG' alt='XT5'> <\/a> <\/p>\n<p style='margin-top: 8px; font-size: 14px; color: inherit;'>XT5<\/p>\n<\/p><\/div>\n<\/p><\/div>\n<\/p><\/div>\n<\/p><\/div>\n<p> <!-- Especificaciones --> <\/p>\n<div style='margin: 30px 0;'>\n<h3 style='font-size: 22px; border-bottom: 2px solid currentColor; padding-bottom: 5px; margin-top: 0; color: inherit; opacity: 0.8;'>Especificaciones<\/h3>\n<p> <!-- Imagen de especificaciones --> <\/p>\n<div style='text-align: center; margin: 20px 0;'> <img style='width: 100%; max-width: 450px; height: auto; border: 1px solid rgba(150&comma;150&comma;150&comma;0.3); border-radius: 8px;' src='https:\/\/ftp3.syscom.mx\/usuarios\/fespinoza\/ZKTECO\/Software\/ZKAccess3.5\/specs.PNG' alt='Especificaciones ZKAccess3.5'> <\/div>\n<p> <!-- Notas importantes --> <\/p>\n<div style='margin-top: 20px;'>\n<h4 style='font-size: 18px; color: inherit; margin-top: 0;'>Notas:<\/h4>\n<ul style='padding-left: 20px; font-size: 15px; color: inherit; list-style-type: disc;'>\n<li style='margin-bottom: 5px;'>El software no admite conexiones Cliente-Servidor<\/li>\n<li style='margin-bottom: 5px;'>La funci\u00f3n de <strong>Vigencia de Usuario<\/strong> es \u00fanicamente compatible con PANELES<\/li>\n<li style='margin-bottom: 5px;'>Se recomienda realizar respaldos de la base de datos peri\u00f3dicamente<\/li>\n<li style='margin-bottom: 5px;'>M\u00e1ximo 100 dispositivos<\/li>\n<li style='margin-bottom: 5px;'><strong>Requiere enrolador USB modelo ZK9500 para dar de alta huellas dactilares<\/strong><\/li>\n<\/ul>\n<p> <!-- Nota de soporte --> <\/p>\n<p style='font-size: 14px; color: inherit; margin-top: 15px;'>Solo se da soporte al software suministrado con el equipo o proporcionado por SYSCOM y siempre y cuando se utilice el mismo motor de base de datos que se incluye. Cualquier otra implementaci\u00f3n hacia otro software u otra versi\u00f3n de base de datos&comma; es responsabilidad del integrador o desarrollador a cargo. El software puede presentar cambios sin previo aviso.<\/p>\n<\/p><\/div>\n<\/p><\/div>\n<\/p><\/div>\n<p> <!-- Separador final --> <\/p>\n<hr style='border: 0; border-top: 1px solid rgba(150&comma; 150&comma; 150&comma; 0.3); margin: 30px 0;'> <\/div>\n","protected":false},"excerpt":{"rendered":"<p>Software de administracion compatible con equipos de CONTROL DE ACCESO ZK &#8211; AccessPRO<\/p>\n","protected":false},"featured_media":31410,"comment_status":"open","ping_status":"closed","template":"","meta":[],"product_brand":[],"product_cat":[801],"product_tag":[802,784,844],"class_list":{"0":"post-31411","1":"product","2":"type-product","3":"status-publish","4":"has-post-thumbnail","6":"product_cat-licencias-y-softwares","7":"product_tag-licencias-y-softwares","8":"product_tag-paneles-de-control-de-acceso","9":"product_tag-zkteco","11":"first","12":"outofstock","13":"sale","14":"shipping-taxable","15":"purchasable","16":"product-type-simple"},"_links":{"self":[{"href":"https:\/\/soydeaqui.ddns.net\/pachuca\/index.php\/wp-json\/wp\/v2\/product\/31411","targetHints":{"allow":["GET"]}}],"collection":[{"href":"https:\/\/soydeaqui.ddns.net\/pachuca\/index.php\/wp-json\/wp\/v2\/product"}],"about":[{"href":"https:\/\/soydeaqui.ddns.net\/pachuca\/index.php\/wp-json\/wp\/v2\/types\/product"}],"replies":[{"embeddable":true,"href":"https:\/\/soydeaqui.ddns.net\/pachuca\/index.php\/wp-json\/wp\/v2\/comments?post=31411"}],"wp:featuredmedia":[{"embeddable":true,"href":"https:\/\/soydeaqui.ddns.net\/pachuca\/index.php\/wp-json\/wp\/v2\/media\/31410"}],"wp:attachment":[{"href":"https:\/\/soydeaqui.ddns.net\/pachuca\/index.php\/wp-json\/wp\/v2\/media?parent=31411"}],"wp:term":[{"taxonomy":"product_brand","embeddable":true,"href":"https:\/\/soydeaqui.ddns.net\/pachuca\/index.php\/wp-json\/wp\/v2\/product_brand?post=31411"},{"taxonomy":"product_cat","embeddable":true,"href":"https:\/\/soydeaqui.ddns.net\/pachuca\/index.php\/wp-json\/wp\/v2\/product_cat?post=31411"},{"taxonomy":"product_tag","embeddable":true,"href":"https:\/\/soydeaqui.ddns.net\/pachuca\/index.php\/wp-json\/wp\/v2\/product_tag?post=31411"}],"curies":[{"name":"wp","href":"https:\/\/api.w.org\/{rel}","templated":true}]}}