{"id":31380,"date":"2026-03-18T14:09:29","date_gmt":"2026-03-18T14:09:29","guid":{"rendered":"https:\/\/soydeaqui.ddns.net\/pachuca\/index.php\/producto\/brazo-abatible-de-aluminio-sin-iluminacion-requiere-kit-de-instalacion-1601-295\/"},"modified":"2026-03-18T14:09:30","modified_gmt":"2026-03-18T14:09:30","slug":"brazo-abatible-de-aluminio-sin-iluminacion-requiere-kit-de-instalacion-1601-295","status":"publish","type":"product","link":"https:\/\/soydeaqui.ddns.net\/pachuca\/index.php\/producto\/brazo-abatible-de-aluminio-sin-iluminacion-requiere-kit-de-instalacion-1601-295\/","title":{"rendered":"Brazo abatible de aluminio sin iluminaci\u00f3n \/ Requiere kit de Instalaci\u00f3n 1601-295"},"content":{"rendered":"<div style='width: 100%; max-width: 1200px; margin: 0 auto; font-family: sans-serif; line-height: 1.6; color: inherit; background-color: transparent;'>\n<div style='display: flex; flex-wrap: wrap; gap: 30px; margin-bottom: 30px;'>\n<div style='flex: 1 1 300px; min-width: 280px;'>\n<h3 style='font-size: 22px; border-bottom: 2px solid currentColor; padding-bottom: 5px; margin-top: 0; color: inherit; opacity: 0.8;'>Caracter\u00edsticas principales<\/h3>\n<ul style='padding-left: 20px; font-size: 15px; color: inherit;'>\n<li style='margin-bottom: 5px;'>Kit de instalaci\u00f3n modelo 1601-295 de 4 metros<\/li>\n<li style='margin-bottom: 5px;'>Compatible con barreras 1601-080 y 1601-380<\/li>\n<li style='margin-bottom: 5px;'>Incluye descansabrazos XB-POST para mayor durabilidad<\/li>\n<li style='margin-bottom: 5px;'>Dise\u00f1ado para brazos de 4 metros o m\u00e1s<\/li>\n<li style='margin-bottom: 5px;'>Previene da\u00f1o prematuro del mecanismo del brazo<\/li>\n<\/ul><\/div>\n<div style='flex: 1 1 300px; min-width: 280px;'>\n<h3 style='font-size: 22px; border-bottom: 2px solid currentColor; padding-bottom: 5px; margin-top: 0; color: inherit; opacity: 0.8;'>Especificaciones t\u00e9cnicas<\/h3>\n<ul style='padding-left: 20px; font-size: 15px; color: inherit;'>\n<li style='margin-bottom: 5px;'><strong>Material:<\/strong> Aluminio<\/li>\n<li style='margin-bottom: 5px;'><strong>Longitud m\u00e1xima:<\/strong> 14 Ft (4.3 m)<\/li>\n<li style='margin-bottom: 5px;'><strong>Tipo de motor:<\/strong> AC Motor<\/li>\n<li style='margin-bottom: 5px;'><strong>Voltaje:<\/strong> 460 VAC&comma; 60 Hz<\/li>\n<li style='margin-bottom: 5px;'><strong>Corriente:<\/strong> 1.4A<\/li>\n<li style='margin-bottom: 5px;'><strong>Potencia:<\/strong> 1\/2 HP<\/li>\n<li style='margin-bottom: 5px;'><strong>Reducci\u00f3n primaria:<\/strong> 40:1 engranaje de tornillo sinf\u00edn<\/li>\n<li style='margin-bottom: 5px;'><strong>Temperatura operaci\u00f3n:<\/strong> -12\u00b0C a 62\u00b0C<\/li>\n<li style='margin-bottom: 5px;'><strong>Peso:<\/strong> 15 Lbs (7 kg)<\/li>\n<\/ul><\/div>\n<\/p><\/div>\n<div style='display: flex; flex-wrap: wrap; gap: 20px; margin-bottom: 30px;'>\n<div style='flex: 1 1 250px; border: 1px solid rgba(150&comma; 150&comma; 150&comma; 0.4); border-radius: 8px; overflow: hidden; display: flex; flex-direction: column;'>\n<div style='padding: 15px; border-bottom: 1px solid rgba(150&comma; 150&comma; 150&comma; 0.2); font-weight: bold; font-size: 18px; color: inherit;'>Aplicaciones<\/div>\n<div style='padding: 15px; color: inherit;'>\n<ul style='padding-left: 20px; margin: 0; font-size: 14px; list-style-type: disc;'>\n<li style='margin-bottom: 5px;'>Control vehicular en carriles individuales<\/li>\n<li style='margin-bottom: 5px;'>Alta demanda de tr\u00e1fico<\/li>\n<li style='margin-bottom: 5px;'>Montaje en lado izquierdo o derecho<\/li>\n<\/ul><\/div>\n<\/p><\/div>\n<div style='flex: 1 1 250px; border: 1px solid rgba(150&comma; 150&comma; 150&comma; 0.4); border-radius: 8px; overflow: hidden; display: flex; flex-direction: column;'>\n<div style='padding: 15px; border-bottom: 1px solid rgba(150&comma; 150&comma; 150&comma; 0.2); font-weight: bold; font-size: 18px; color: inherit;'>Caracter\u00edsticas mec\u00e1nicas<\/div>\n<div style='padding: 15px; color: inherit;'>\n<ul style='padding-left: 20px; margin: 0; font-size: 14px; list-style-type: disc;'>\n<li style='margin-bottom: 5px;'>Reducci\u00f3n 40:1<\/li>\n<li style='margin-bottom: 5px;'>Operaci\u00f3n en ba\u00f1o de aceite continuo<\/li>\n<li style='margin-bottom: 5px;'>Giratorio 360\u00b0 antes de cambiar direcci\u00f3n<\/li>\n<li style='margin-bottom: 5px;'>Rotaci\u00f3n de 90\u00b0 en aproximadamente 1.5 segundos<\/li>\n<\/ul><\/div>\n<\/p><\/div>\n<div style='flex: 1 1 250px; border: 1px solid rgba(150&comma; 150&comma; 150&comma; 0.4); border-radius: 8px; overflow: hidden; display: flex; flex-direction: column;'>\n<div style='padding: 15px; border-bottom: 1px solid rgba(150&comma; 150&comma; 150&comma; 0.2); font-weight: bold; font-size: 18px; color: inherit;'>Caracter\u00edsticas el\u00e9ctricas<\/div>\n<div style='padding: 15px; color: inherit;'>\n<ul style='padding-left: 20px; margin: 0; font-size: 14px; list-style-type: disc;'>\n<li style='margin-bottom: 5px;'>Controles electr\u00f3nicos de l\u00edmite<\/li>\n<li style='margin-bottom: 5px;'>Temporizador de cierre autom\u00e1tico 1-23 segundos<\/li>\n<li style='margin-bottom: 5px;'>Memoria de subida\/bajada<\/li>\n<li style='margin-bottom: 5px;'>Detector de subida\/bajada programable<\/li>\n<\/ul><\/div>\n<\/p><\/div>\n<div style='flex: 1 1 250px; border: 1px solid rgba(150&comma; 150&comma; 150&comma; 0.4); border-radius: 8px; overflow: hidden; display: flex; flex-direction: column;'>\n<div style='padding: 15px; border-bottom: 1px solid rgba(150&comma; 150&comma; 150&comma; 0.2); font-weight: bold; font-size: 18px; color: inherit;'>Caracter\u00edsticas adicionales<\/div>\n<div style='padding: 15px; color: inherit;'>\n<ul style='padding-left: 20px; margin: 0; font-size: 14px; list-style-type: disc;'>\n<li style='margin-bottom: 5px;'>Sistema DKS Loop Logic<\/li>\n<li style='margin-bottom: 5px;'>Opci\u00f3n de brazo abatible<\/li>\n<li style='margin-bottom: 5px;'>Sistema Fail-secure<\/li>\n<li style='margin-bottom: 5px;'>Conexi\u00f3n para sistema de control de acceso<\/li>\n<\/ul><\/div>\n<\/p><\/div>\n<\/p><\/div>\n<div style='display: flex; flex-wrap: wrap; gap: 30px; margin-bottom: 30px;'>\n<div style='flex: 1 1 300px; min-width: 280px;'>\n<h3 style='font-size: 22px; border-bottom: 2px solid currentColor; padding-bottom: 5px; margin-top: 0; color: inherit; opacity: 0.8;'>Opciones compatibles<\/h3>\n<ul style='padding-left: 20px; font-size: 15px; color: inherit;'>\n<li style='margin-bottom: 5px;'>Sistema DKS Loop Logic para detecci\u00f3n vehicular y peatonal<\/li>\n<li style='margin-bottom: 5px;'>Brazos iluminados con LEDs<\/li>\n<li style='margin-bottom: 5px;'>Kit de hardware abatible<\/li>\n<li style='margin-bottom: 5px;'>Kit de calefacci\u00f3n y ventilador<\/li>\n<li style='margin-bottom: 5px;'>Kit de brazo plegable<\/li>\n<\/ul><\/div>\n<div style='flex: 1 1 300px; min-width: 280px;'>\n<h3 style='font-size: 22px; border-bottom: 2px solid currentColor; padding-bottom: 5px; margin-top: 0; color: inherit; opacity: 0.8;'>Caracter\u00edsticas de seguridad<\/h3>\n<ul style='padding-left: 20px; font-size: 15px; color: inherit;'>\n<li style='margin-bottom: 5px;'>Reversa autom\u00e1tica con detecci\u00f3n de obst\u00e1culos<\/li>\n<li style='margin-bottom: 5px;'>Sistema Fail-secure para cierre seguro<\/li>\n<li style='margin-bottom: 5px;'>Sistema Loop Logic para detecci\u00f3n peatonal<\/li>\n<li style='margin-bottom: 5px;'>Indicaci\u00f3n visual mediante LEDs en brazos iluminados<\/li>\n<\/ul><\/div>\n<\/p><\/div>\n<hr style='border: 0; border-top: 1px solid rgba(150&comma; 150&comma; 150&comma; 0.3); margin: 30px 0;'>\n<div style='margin-bottom: 30px;'>\n<h3 style='font-size: 22px; border-bottom: 2px solid currentColor; padding-bottom: 5px; margin-top: 0; color: inherit; opacity: 0.8;'>Aplicaciones recomendadas<\/h3>\n<p style='font-size: 15px; color: inherit;'>El brazo abatible de aluminio est\u00e1 dise\u00f1ado espec\u00edficamente para aplicaciones de control vehicular en carriles individuales con demanda de tr\u00e1fico alta. Su dise\u00f1o permite montaje en ambos lados del camino y ofrece opciones de seguridad avanzadas como el sistema Loop Logic de DKS&comma; que detecta la presencia de peatones o veh\u00edculos no autorizados.<\/p>\n<p style='font-size: 15px; color: inherit;'>Para brazos de 4 metros o m\u00e1s&comma; se recomienda el uso del descansabrazos XB-POST para evitar da\u00f1o prematuro al mecanismo&comma; asegurando una operaci\u00f3n suave y prolongando la vida \u00fatil del equipo.<\/p>\n<\/p><\/div>\n<div style='margin-bottom: 30px;'>\n<h3 style='font-size: 22px; border-bottom: 2px solid currentColor; padding-bottom: 5px; margin-top: 0; color: inherit; opacity: 0.8;'>Consideraciones de instalaci\u00f3n<\/h3>\n<p style='font-size: 15px; color: inherit;'>El brazo requiere el kit de instalaci\u00f3n modelo 1601-295 para configuraciones de 4 metros. Es compatible con las barreras 1601-080 y 1601-380. Para ambientes fr\u00edos se recomienda el kit de calefacci\u00f3n y ventilador. El sistema permite programaci\u00f3n de temporizadores y detectores para adaptarse a diferentes condiciones de operaci\u00f3n.<\/p>\n<\/p><\/div>\n<\/p><\/div>\n","protected":false},"excerpt":{"rendered":"<p>Brazo abatible de aluminio sin iluminaci\u00f3n \/ Requiere kit de Instalaci\u00f3n 1601-295<\/p>\n","protected":false},"featured_media":31379,"comment_status":"open","ping_status":"closed","template":"","meta":[],"product_brand":[],"product_cat":[777],"product_tag":[401,93,781],"class_list":{"0":"post-31380","1":"product","2":"type-product","3":"status-publish","4":"has-post-thumbnail","6":"product_cat-accesorios-acceso-vehicular","7":"product_tag-acceso-vehicular","8":"product_tag-accesorios","9":"product_tag-dks-doorking","11":"first","12":"instock","13":"sale","14":"shipping-taxable","15":"purchasable","16":"product-type-simple"},"_links":{"self":[{"href":"https:\/\/soydeaqui.ddns.net\/pachuca\/index.php\/wp-json\/wp\/v2\/product\/31380","targetHints":{"allow":["GET"]}}],"collection":[{"href":"https:\/\/soydeaqui.ddns.net\/pachuca\/index.php\/wp-json\/wp\/v2\/product"}],"about":[{"href":"https:\/\/soydeaqui.ddns.net\/pachuca\/index.php\/wp-json\/wp\/v2\/types\/product"}],"replies":[{"embeddable":true,"href":"https:\/\/soydeaqui.ddns.net\/pachuca\/index.php\/wp-json\/wp\/v2\/comments?post=31380"}],"wp:featuredmedia":[{"embeddable":true,"href":"https:\/\/soydeaqui.ddns.net\/pachuca\/index.php\/wp-json\/wp\/v2\/media\/31379"}],"wp:attachment":[{"href":"https:\/\/soydeaqui.ddns.net\/pachuca\/index.php\/wp-json\/wp\/v2\/media?parent=31380"}],"wp:term":[{"taxonomy":"product_brand","embeddable":true,"href":"https:\/\/soydeaqui.ddns.net\/pachuca\/index.php\/wp-json\/wp\/v2\/product_brand?post=31380"},{"taxonomy":"product_cat","embeddable":true,"href":"https:\/\/soydeaqui.ddns.net\/pachuca\/index.php\/wp-json\/wp\/v2\/product_cat?post=31380"},{"taxonomy":"product_tag","embeddable":true,"href":"https:\/\/soydeaqui.ddns.net\/pachuca\/index.php\/wp-json\/wp\/v2\/product_tag?post=31380"}],"curies":[{"name":"wp","href":"https:\/\/api.w.org\/{rel}","templated":true}]}}