{"id":31375,"date":"2026-03-18T14:09:23","date_gmt":"2026-03-18T14:09:23","guid":{"rendered":"https:\/\/soydeaqui.ddns.net\/pachuca\/index.php\/producto\/barrera-vehicular-uso-continuo-bajo-mantenimiento-compatible-con-picos-poncha-llantas-dks-1603-165-2\/"},"modified":"2026-03-18T14:09:28","modified_gmt":"2026-03-18T14:09:28","slug":"barrera-vehicular-uso-continuo-bajo-mantenimiento-compatible-con-picos-poncha-llantas-dks-1603-165-2","status":"publish","type":"product","link":"https:\/\/soydeaqui.ddns.net\/pachuca\/index.php\/producto\/barrera-vehicular-uso-continuo-bajo-mantenimiento-compatible-con-picos-poncha-llantas-dks-1603-165-2\/","title":{"rendered":"Barrera Vehicular \/Uso Continuo  \/ Bajo Mantenimiento  Compatible con Picos Poncha Llantas DKS 1603-165"},"content":{"rendered":"<div style='width: 100%; max-width: 1200px; margin: 0 auto; font-family: sans-serif; line-height: 1.6; color: inherit; background-color: transparent;'> <!-- Imagen principal --> <\/p>\n<div style='width: 100%; margin-bottom: 30px;'> <img style='width: 100%; height: auto; border: 1px solid rgba(150&comma;150&comma;150&comma;0.3); border-radius: 8px;' src='https:\/\/ftp3.syscom.mx\/usuarios\/fmedina\/erp-images\/1603_master_02.png' alt=''> <\/div>\n<p> <!-- Secci\u00f3n de qu\u00e9 incluye --> <\/p>\n<div style='margin-bottom: 30px;'>\n<h1 style='font-size: 24px; margin-top: 0; margin-bottom: 15px; color: inherit; opacity: 0.9;'>\u00bfQu\u00e9 incluye el modelo 1603-180?<\/h1>\n<div style='overflow-x: auto;'>\n<table style='width: 100%; border-collapse: collapse; min-width: 600px;'>\n<thead>\n<tr>\n<th style='background-color: rgba(150&comma;150&comma;150&comma;0.2); padding: 12px; border: 1px solid rgba(150&comma;150&comma;150&comma;0.3); color: inherit; font-size: 13px; text-align: left;'>Cantidad<\/th>\n<th style='background-color: rgba(150&comma;150&comma;150&comma;0.2); padding: 12px; border: 1px solid rgba(150&comma;150&comma;150&comma;0.3); color: inherit; font-size: 13px; text-align: left;'>Modelo<\/th>\n<th style='background-color: rgba(150&comma;150&comma;150&comma;0.2); padding: 12px; border: 1px solid rgba(150&comma;150&comma;150&comma;0.3); color: inherit; font-size: 13px; text-align: left;'>Imagen<\/th>\n<th style='background-color: rgba(150&comma;150&comma;150&comma;0.2); padding: 12px; border: 1px solid rgba(150&comma;150&comma;150&comma;0.3); color: inherit; font-size: 13px; text-align: left;'>Descripci\u00f3n<\/th>\n<\/tr>\n<\/thead>\n<tbody>\n<tr>\n<td style='padding: 12px; border: 1px solid rgba(150&comma;150&comma;150&comma;0.3); color: inherit; font-size: 13px;'>1 pieza<\/td>\n<td style='padding: 12px; border: 1px solid rgba(150&comma;150&comma;150&comma;0.3); color: inherit; font-size: 13px;'>1603-180<\/td>\n<td style='padding: 12px; border: 1px solid rgba(150&comma;150&comma;150&comma;0.3);'> <img style='width: 100%; height: auto; border: 1px solid rgba(150&comma;150&comma;150&comma;0.3); border-radius: 8px;' src='http:\/\/ftp3.syscom.mx\/usuarios\/fmedina\/erp-images\/1601w-02.jpg' alt=''> <\/td>\n<td style='padding: 12px; border: 1px solid rgba(150&comma;150&comma;150&comma;0.3); color: inherit; font-size: 13px;'>Operador de barrera vehicular para uso continuo&comma; compatible con picos poncha llantas (Requiere picos y accesorios por separado)<br \/>Gabinete color blanco.<br \/>Bajo mantenimiento<\/td>\n<\/tr>\n<\/tbody>\n<\/table><\/div>\n<\/p><\/div>\n<p> <!-- Secci\u00f3n de componentes adicionales --> <\/p>\n<div style='margin-bottom: 30px;'>\n<h1 style='font-size: 24px; margin-top: 0; margin-bottom: 15px; color: inherit; opacity: 0.9;'>\u00bfQu\u00e9 componentes adicionales debe cotizar para armar un sistema completo de picos poncha llantas autom\u00e1tico?<\/h1>\n<div style='margin-bottom: 20px;'>\n<h2 style='font-size: 20px; margin-top: 0; margin-bottom: 10px; color: inherit; opacity: 0.8;'>Paso 1<\/h2>\n<ul style='padding-left: 20px; color: inherit; font-size: 14px;'>\n<li><em>Elegir un mastil y kit de instalaci\u00f3n:<\/em>\n<ul style='padding-left: 20px;'>\n<li>Mastil de madera: 1601-348&comma; requiere un kit de instalaci\u00f3n 1601-240<\/li>\n<li>Mastil de aluminio SIN iluminaci\u00f3n: 1601-516&comma; requiere un kit de instalaci\u00f3n 1601-242.<\/li>\n<li>Mastil de aluminio con iluminaci\u00f3n (tira de LED color blanco): 1601-518&comma; requiere un kit de instalaci\u00f3n 1601-242&comma; un arn\u00e9s modelo 1601-539 y una fuente P12DC3A.<\/li>\n<\/ul>\n<\/li>\n<\/ul><\/div>\n<div style='margin-bottom: 20px;'>\n<h2 style='font-size: 20px; margin-top: 0; margin-bottom: 10px; color: inherit; opacity: 0.8;'>Paso 2<\/h2>\n<ul style='padding-left: 20px; color: inherit; font-size: 14px;'>\n<li><em>Agregar los componentes del sistema de picos poncha llantas:<\/em>\n<ul style='padding-left: 20px;'>\n<li>Enganche 1603-168&comma; requiere 1 pieza.<\/li>\n<li>Secci\u00f3n de picos poncha llantas (3ft \/ 91.5) 1603-165. Se pueden agregar un m\u00e1ximo de 4 piezas&comma; seg\u00fan el ancho del carril.<\/li>\n<li>Bisel 1610-240&comma; requiere 1 pieza.<\/li>\n<\/ul>\n<\/li>\n<\/ul><\/div>\n<div style='margin-bottom: 20px;'>\n<h2 style='font-size: 20px; margin-top: 0; margin-bottom: 10px; color: inherit; opacity: 0.8;'>Paso 3<\/h2>\n<ul style='padding-left: 20px; color: inherit; font-size: 14px;'>\n<li><em>Elegir los componentes opcionales:<\/em>\n<ul style='padding-left: 20px;'>\n<li>Sensor de masa original DKS&comma; 9410-010&comma; requiere 2 lazos magn\u00e9ticos SYSLM6.<\/li>\n<li>Kit de operaci\u00f3n manual&comma; 1601-270.<\/li>\n<li>Kit de ventilaci\u00f3n para aplicaciones en ambientes h\u00famedos o calurosos&comma; 1601-093.<\/li>\n<li>Kit de calefactor para ambientes de baja temperatura (por debajo de -12\u00b0 C)&comma; 1601-292.<\/li>\n<li>Sem\u00e1foro con m\u00e1stil original DKS. 1603-210.<\/li>\n<li>Botonera triple compatible&comma; XBSSW01<\/li>\n<\/ul>\n<\/li>\n<\/ul><\/div>\n<div style='margin-bottom: 20px;'> <a href='https:\/\/www.syscom.mx\/principal\/all_accessories\/1603-180-DKS%20DOORKING-82927.html' target='_blank' rel='noopener' style='color: inherit; text-decoration: underline; font-weight: bold;'>Ver todos los accesorios disponibles<\/a> <\/div>\n<\/p><\/div>\n<p> <!-- Imagen enlace --> <\/p>\n<div style='width: 100%; margin-bottom: 30px;'> <a href='http:\/\/soporte.syscom.mx\/control-de-acceso\/doorking\/1603-barrera-dks-doorking-con-picos-poncha-llantas' style='display: block;'> <img style='width: 100%; height: auto; border: 1px solid rgba(150&comma;150&comma;150&comma;0.3); border-radius: 8px;' src='https:\/\/ftp3.syscom.mx\/usuarios\/fmedina\/erp-images\/1603_07.png' alt=''> <\/a> <\/div>\n<p> <!-- Notas y recomendaciones --> <\/p>\n<div style='margin-bottom: 30px;'>\n<h1 style='font-size: 24px; margin-top: 0; margin-bottom: 15px; color: inherit; opacity: 0.9;'>Notas y Recomendaciones Adicionales<\/h1>\n<ul style='padding-left: 20px; color: inherit; font-size: 14px;'>\n<li>Todos los componentes y accesorios se venden por separado.<\/li>\n<li>Los dispositivos de acceso vehicular requieren ser instalados por personal certificado.<\/li>\n<li>Los aplican para el modelo 1603-180.<\/li>\n<li>La garant\u00eda cubre espec\u00edficamente da\u00f1os y\/o mal funcionamiento derivados de un defecto de fabricaci\u00f3n en el producto.<\/li>\n<li>Cualquier da\u00f1o causado por una operaci\u00f3n o instalaci\u00f3n incorrecta&comma; invalida la p\u00f3liza de garant\u00eda del producto.<\/li>\n<li>El cumplimiento de la norma UL325 exige el uso de dispositivos de seguridad adicionales. Para mayor informaci\u00f3n puede consultar el siguiente enlace <a href='https:\/\/www.doorking.com\/safety\/ul-325' target='_blank' rel='noopener' style='color: inherit; text-decoration: underline;'>UL 325 Safety Standard<\/a><\/li>\n<li>Con el fin de asegurar una mejor protecci\u00f3n contra descargas el\u00e9ctricas&comma; es necesario conectar una linea de Tierra Fisica en las terminales designadas en la barrera vehicular&comma; as\u00ed como tambi\u00e9n debe agregar un dispositivo protector de linea contra descargas el\u00e9ctricas.<\/li>\n<\/ul><\/div>\n<p> <!-- Video principal --> <\/p>\n<div style='margin-bottom: 30px;'>\n<div style='position: relative; padding-bottom: 56.25%; height: 0; overflow: hidden;'>   <\/div>\n<\/p><\/div>\n<p> <!-- Caracter\u00edsticas --> <\/p>\n<div style='margin-bottom: 30px;'>\n<h1 style='font-size: 24px; margin-top: 0; margin-bottom: 15px; color: inherit; opacity: 0.9;'>Caracter\u00edsticas:<\/h1>\n<ul style='padding-left: 20px; color: inherit; font-size: 14px;'>\n<li>Interruptor de encendido \/ apagado integrado.<\/li>\n<li>Barrera izquierda o derecha configurable en campo.<\/li>\n<li>Compatible con m\u00e1stil de hasta 12 ft (3.65m)&comma; no incluido.<\/li>\n<li>Compatible con secciones de picos 1603-165 (Requiere enganche 1603-168)&comma; no incluidos.<\/li>\n<\/ul><\/div>\n<p> <!-- Especificaciones --> <\/p>\n<div style='margin-bottom: 30px;'>\n<h1 style='font-size: 24px; margin-top: 0; margin-bottom: 15px; color: inherit; opacity: 0.9;'>Especificaciones<\/h1>\n<ul style='padding-left: 20px; color: inherit; font-size: 14px;'>\n<li>Motor de servicio continuo de 1\/2 HP.<\/li>\n<li>Voltaje de operaci\u00f3n: 115 Vca<\/li>\n<li>El m\u00e1stil gira 90\u00b0 en aproximadamente 1&comma;5 segundos.<\/li>\n<li>Clase II&comma; III y IV (seg\u00fan UL325)<\/li>\n<li>Dimensiones: 387.35 x 1105 x 394 mm<\/li>\n<\/ul><\/div>\n<p> <!-- Secci\u00f3n de videos adicionales --> <\/p>\n<div style='margin-bottom: 30px;'>\n<h1 style='font-size: 24px; margin-top: 0; margin-bottom: 15px; color: inherit; opacity: 0.9;'>Videos adicionales<\/h1>\n<div style='display: flex; flex-wrap: wrap; gap: 20px;'>\n<div style='flex: 1 1 300px; min-width: 280px;'>\n<div style='position: relative; padding-bottom: 56.25%; height: 0; overflow: hidden;'>   <\/div>\n<\/p><\/div>\n<div style='flex: 1 1 300px; min-width: 280px;'>\n<div style='position: relative; padding-bottom: 56.25%; height: 0; overflow: hidden;'>   <\/div>\n<\/p><\/div>\n<div style='flex: 1 1 300px; min-width: 280px;'>\n<div style='position: relative; padding-bottom: 56.25%; height: 0; overflow: hidden;'>   <\/div>\n<\/p><\/div>\n<div style='flex: 1 1 300px; min-width: 280px;'>\n<div style='position: relative; padding-bottom: 56.25%; height: 0; overflow: hidden;'>   <\/div>\n<\/p><\/div>\n<div style='flex: 1 1 300px; min-width: 280px;'>\n<div style='position: relative; padding-bottom: 56.25%; height: 0; overflow: hidden;'>   <\/div>\n<\/p><\/div>\n<div style='flex: 1 1 300px; min-width: 280px;'>\n<div style='position: relative; padding-bottom: 56.25%; height: 0; overflow: hidden;'>   <\/div>\n<\/p><\/div>\n<\/p><\/div>\n<\/p><\/div>\n<p> <!-- Separador final --> <\/p>\n<hr style='border: 0; border-top: 1px solid rgba(150&comma; 150&comma; 150&comma; 0.3); margin: 30px 0;'> <\/div>\n","protected":false},"excerpt":{"rendered":"<p>Barrera Vehicular \/Uso Continuo  \/ Bajo Mantenimiento  Compatible con Picos Poncha Llantas DKS 1603-165<\/p>\n","protected":false},"featured_media":31374,"comment_status":"open","ping_status":"closed","template":"","meta":[],"product_brand":[],"product_cat":[748],"product_tag":[401,749,781],"class_list":{"0":"post-31375","1":"product","2":"type-product","3":"status-publish","4":"has-post-thumbnail","6":"product_cat-barreras-vehiculares","7":"product_tag-acceso-vehicular","8":"product_tag-barreras-vehiculares","9":"product_tag-dks-doorking","11":"first","12":"outofstock","13":"sale","14":"shipping-taxable","15":"purchasable","16":"product-type-simple"},"_links":{"self":[{"href":"https:\/\/soydeaqui.ddns.net\/pachuca\/index.php\/wp-json\/wp\/v2\/product\/31375","targetHints":{"allow":["GET"]}}],"collection":[{"href":"https:\/\/soydeaqui.ddns.net\/pachuca\/index.php\/wp-json\/wp\/v2\/product"}],"about":[{"href":"https:\/\/soydeaqui.ddns.net\/pachuca\/index.php\/wp-json\/wp\/v2\/types\/product"}],"replies":[{"embeddable":true,"href":"https:\/\/soydeaqui.ddns.net\/pachuca\/index.php\/wp-json\/wp\/v2\/comments?post=31375"}],"wp:featuredmedia":[{"embeddable":true,"href":"https:\/\/soydeaqui.ddns.net\/pachuca\/index.php\/wp-json\/wp\/v2\/media\/31374"}],"wp:attachment":[{"href":"https:\/\/soydeaqui.ddns.net\/pachuca\/index.php\/wp-json\/wp\/v2\/media?parent=31375"}],"wp:term":[{"taxonomy":"product_brand","embeddable":true,"href":"https:\/\/soydeaqui.ddns.net\/pachuca\/index.php\/wp-json\/wp\/v2\/product_brand?post=31375"},{"taxonomy":"product_cat","embeddable":true,"href":"https:\/\/soydeaqui.ddns.net\/pachuca\/index.php\/wp-json\/wp\/v2\/product_cat?post=31375"},{"taxonomy":"product_tag","embeddable":true,"href":"https:\/\/soydeaqui.ddns.net\/pachuca\/index.php\/wp-json\/wp\/v2\/product_tag?post=31375"}],"curies":[{"name":"wp","href":"https:\/\/api.w.org\/{rel}","templated":true}]}}