{"id":31333,"date":"2026-03-18T14:08:26","date_gmt":"2026-03-18T14:08:26","guid":{"rendered":"https:\/\/soydeaqui.ddns.net\/pachuca\/index.php\/producto\/kit-de-control-de-acceso-con-controlador-netaxsinterfaz-web-para-2-puertas-2-lectoras\/"},"modified":"2026-03-18T14:08:26","modified_gmt":"2026-03-18T14:08:26","slug":"kit-de-control-de-acceso-con-controlador-netaxsinterfaz-web-para-2-puertas-2-lectoras","status":"publish","type":"product","link":"https:\/\/soydeaqui.ddns.net\/pachuca\/index.php\/producto\/kit-de-control-de-acceso-con-controlador-netaxsinterfaz-web-para-2-puertas-2-lectoras\/","title":{"rendered":"Kit de Control de Acceso con Controlador NETAXS(Interfaz WEB para 2 Puertas) \/ 2 Lectoras"},"content":{"rendered":"<div style='width: 100%; max-width: 1200px; margin: 0 auto; font-family: sans-serif; line-height: 1.6; color: inherit; background-color: transparent;'> <!-- Secci\u00f3n principal --> <\/p>\n<div style='display: flex; flex-wrap: wrap; gap: 30px; margin-bottom: 30px;'>\n<div style='flex: 1 1 300px; min-width: 280px;'>\n<h3 style='font-size: 22px; border-bottom: 2px solid currentColor; padding-bottom: 5px; margin-top: 0; color: inherit; opacity: 0.8;'>Descripci\u00f3n del producto<\/h3>\n<p style='font-size: 15px; color: inherit; margin-top: 0;'> NetAXS\u2122 es un controlador de acceso de Honeywell basado en la web que ofrece soluciones para instalaciones de cualquier tama\u00f1o. NetAxs le da todas las ventajas del control de acceso tradicional&comma; como la protecci\u00f3n de sus puertas&comma; gesti\u00f3n de usuarios y administraci\u00f3n remota. <\/p>\n<ul style='padding-left: 20px; font-size: 15px; color: inherit; margin-top: 0;'>\n<li style='margin-bottom: 5px;'>Simple: Gestionar su controlador de acceso en cualquier lugar con una conexi\u00f3n de red.<\/li>\n<li style='margin-bottom: 5px;'>Escalable: Adquirir la cantidad exacta de controladores que sean necesarios en un momento y f\u00e1cilmente agregar m\u00e1s controladores en caso de ser necesario.<\/li>\n<li style='margin-bottom: 5px;'>Flexible: Compatible con WIN-PAK\u00ae XE&comma; WIN-PAK SE&comma; WIN-PAK PE y WIN-PAK PRO CS.<\/li>\n<\/ul><\/div>\n<\/p><\/div>\n<p> <!-- Secci\u00f3n de componentes --> <\/p>\n<div style='display: flex; flex-wrap: wrap; gap: 30px; margin-bottom: 30px;'>\n<div style='flex: 1 1 300px; min-width: 280px;'>\n<h3 style='font-size: 22px; border-bottom: 2px solid currentColor; padding-bottom: 5px; margin-top: 0; color: inherit; opacity: 0.8;'>Componentes incluidos<\/h3>\n<ul style='padding-left: 20px; font-size: 15px; color: inherit;'>\n<li style='margin-bottom: 5px;'>1 Panel de control de acceso NX1P<\/li>\n<li style='margin-bottom: 5px;'>1 Tarjeta de Expansi\u00f3n 1 Puerta <a style='color: #085eb9; text-decoration: none; font-weight: bold;' href='http:\/\/www.syscom.mx\/producto\/NXD1-HONEYWELL-67164.html'>NXD1<\/a><\/li>\n<li style='margin-bottom: 5px;'>2 Lectora de Proximidad OP10HONR<\/li>\n<\/ul><\/div>\n<\/p><\/div>\n<p> <!-- Secci\u00f3n de especificaciones --> <\/p>\n<div style='display: flex; flex-wrap: wrap; gap: 20px; margin-bottom: 30px;'>\n<div style='flex: 1 1 250px; border: 1px solid rgba(150&comma; 150&comma; 150&comma; 0.4); border-radius: 8px; overflow: hidden; display: flex; flex-direction: column;'>\n<div style='padding: 15px; border-bottom: 1px solid rgba(150&comma; 150&comma; 150&comma; 0.2); font-weight: bold; font-size: 18px; color: inherit;'>Especificaciones del kit<\/div>\n<div style='padding: 15px; color: inherit;'>\n<ul style='padding-left: 20px; margin: 0; font-size: 14px; list-style-type: disc;'>\n<li style='margin-bottom: 5px;'>10&comma;000 Tarjetas<\/li>\n<li style='margin-bottom: 5px;'>25&comma;000 Eventos<\/li>\n<li style='margin-bottom: 5px;'>Kit para 2 puertas<\/li>\n<li style='margin-bottom: 5px;'>Entrada de 2 lectoras (Wiegand)<\/li>\n<li style='margin-bottom: 5px;'>Gabinete de Pl\u00e1stico<\/li>\n<li style='margin-bottom: 5px;'>Alimentaci\u00f3n: PoE o 12VCC<\/li>\n<li style='margin-bottom: 5px;'>Dimensiones: 196.85 x 196.86 x 69.85 (mm)<\/li>\n<\/ul><\/div>\n<\/p><\/div>\n<\/p><\/div>\n<p> <!-- Secci\u00f3n de nota --> <\/p>\n<div style='display: flex; flex-wrap: wrap; gap: 30px; margin-bottom: 30px;'>\n<div style='flex: 1 1 300px; min-width: 280px;'>\n<h3 style='font-size: 22px; border-bottom: 2px solid currentColor; padding-bottom: 5px; margin-top: 0; color: inherit; opacity: 0.8;'>Nota importante<\/h3>\n<p style='font-size: 15px; color: inherit; margin-top: 0;'> Solo se da soporte al software suministrado con el equipo o proporcionado por SYSCOM y siempre y cuando se utilice el mismo motor de base de datos que se incluye. Cualquier otra implementaci\u00f3n hacia otro software u otra versi\u00f3n de base de datos&comma; es responsabilidad del integrador o desarrollador a cargo. <\/p>\n<\/p><\/div>\n<\/p><\/div>\n<p> <!-- Secci\u00f3n de im\u00e1genes --> <\/p>\n<div style='display: flex; flex-wrap: wrap; gap: 30px; margin-bottom: 30px;'>\n<div style='flex: 1 1 300px; min-width: 280px;'>\n<h3 style='font-size: 22px; border-bottom: 2px solid currentColor; padding-bottom: 5px; margin-top: 0; color: inherit; opacity: 0.8;'>Documentaci\u00f3n y recursos<\/h3>\n<div style='display: flex; flex-wrap: wrap; gap: 15px;'> <img style='width: 100%; height: auto; border: 1px solid rgba(150&comma;150&comma;150&comma;0.3); border-radius: 8px;' src='http:\/\/i.imgur.com\/rCnpLxB.jpg' alt=''> <\/div>\n<\/p><\/div>\n<\/p><\/div>\n<p> <!-- Separador final --> <\/p>\n<hr style='border: 0; border-top: 1px solid rgba(150&comma; 150&comma; 150&comma; 0.3); margin: 30px 0;'> <\/div>\n","protected":false},"excerpt":{"rendered":"<p>Kit de Control de Acceso con Controlador NETAXS(Interfaz WEB para 2 Puertas) \/ 2 Lectoras<\/p>\n","protected":false},"featured_media":31332,"comment_status":"open","ping_status":"closed","template":"","meta":[],"product_brand":[],"product_cat":[783],"product_tag":[785,209,784],"class_list":{"0":"post-31333","1":"product","2":"type-product","3":"status-publish","4":"has-post-thumbnail","6":"product_cat-controladores-de-acceso","7":"product_tag-controladores-de-acceso","8":"product_tag-honeywell","9":"product_tag-paneles-de-control-de-acceso","11":"first","12":"outofstock","13":"sale","14":"shipping-taxable","15":"purchasable","16":"product-type-simple"},"_links":{"self":[{"href":"https:\/\/soydeaqui.ddns.net\/pachuca\/index.php\/wp-json\/wp\/v2\/product\/31333","targetHints":{"allow":["GET"]}}],"collection":[{"href":"https:\/\/soydeaqui.ddns.net\/pachuca\/index.php\/wp-json\/wp\/v2\/product"}],"about":[{"href":"https:\/\/soydeaqui.ddns.net\/pachuca\/index.php\/wp-json\/wp\/v2\/types\/product"}],"replies":[{"embeddable":true,"href":"https:\/\/soydeaqui.ddns.net\/pachuca\/index.php\/wp-json\/wp\/v2\/comments?post=31333"}],"wp:featuredmedia":[{"embeddable":true,"href":"https:\/\/soydeaqui.ddns.net\/pachuca\/index.php\/wp-json\/wp\/v2\/media\/31332"}],"wp:attachment":[{"href":"https:\/\/soydeaqui.ddns.net\/pachuca\/index.php\/wp-json\/wp\/v2\/media?parent=31333"}],"wp:term":[{"taxonomy":"product_brand","embeddable":true,"href":"https:\/\/soydeaqui.ddns.net\/pachuca\/index.php\/wp-json\/wp\/v2\/product_brand?post=31333"},{"taxonomy":"product_cat","embeddable":true,"href":"https:\/\/soydeaqui.ddns.net\/pachuca\/index.php\/wp-json\/wp\/v2\/product_cat?post=31333"},{"taxonomy":"product_tag","embeddable":true,"href":"https:\/\/soydeaqui.ddns.net\/pachuca\/index.php\/wp-json\/wp\/v2\/product_tag?post=31333"}],"curies":[{"name":"wp","href":"https:\/\/api.w.org\/{rel}","templated":true}]}}