{"id":31312,"date":"2026-03-18T14:07:58","date_gmt":"2026-03-18T14:07:58","guid":{"rendered":"https:\/\/soydeaqui.ddns.net\/pachuca\/index.php\/producto\/tarjeta-electronica-de-control-para-motores-xbsiz1200\/"},"modified":"2026-03-18T14:08:03","modified_gmt":"2026-03-18T14:08:03","slug":"tarjeta-electronica-de-control-para-motores-xbsiz1200","status":"publish","type":"product","link":"https:\/\/soydeaqui.ddns.net\/pachuca\/index.php\/producto\/tarjeta-electronica-de-control-para-motores-xbsiz1200\/","title":{"rendered":"Tarjeta Electr\u00f3nica de Control Para Motores XBSIZ1200"},"content":{"rendered":"<div style='width: 100%; max-width: 1200px; margin: 0 auto; font-family: sans-serif; line-height: 1.6; color: inherit; background-color: transparent;'> <!-- Secci\u00f3n de descripci\u00f3n general --> <\/p>\n<div style='margin-bottom: 30px;'>\n<h2 style='font-size: 20px; margin-top: 0; color: inherit; opacity: 0.9;'>Descripci\u00f3n General<\/h2>\n<p style='font-size: 15px; color: inherit; margin-bottom: 15px;'>Tarjeta electr\u00f3nica de control para motores XBSIZ1200 de la Serie XB de motores corredizos&comma; dise\u00f1ada para automatizaci\u00f3n de rejas o portones. Ofrece alta eficiencia y seguridad en cualquier instalaci\u00f3n con su innovador sistema de bajo consumo y caracter\u00edsticas avanzadas de control.<\/p>\n<\/p><\/div>\n<p> <!-- Secci\u00f3n de caracter\u00edsticas principales --> <\/p>\n<div style='display: flex; flex-wrap: wrap; gap: 30px; margin-bottom: 30px;'>\n<div style='flex: 1 1 300px; min-width: 280px;'>\n<h3 style='font-size: 18px; border-bottom: 2px solid currentColor; padding-bottom: 5px; margin-top: 0; color: inherit; opacity: 0.8;'>Caracter\u00edsticas Principales<\/h3>\n<ul style='padding-left: 20px; font-size: 14px; color: inherit; list-style-type: disc;'>\n<li style='margin-bottom: 5px;'>Compatibilidad total con motores XSBiz1200<\/li>\n<li style='margin-bottom: 5px;'>Pantalla LCD de alta resoluci\u00f3n integrada<\/li>\n<li style='margin-bottom: 5px;'>Control de velocidad preciso hasta 1200 RPM<\/li>\n<li style='margin-bottom: 5px;'>Interfaz de usuario intuitiva y accesible<\/li>\n<li style='margin-bottom: 5px;'>Conectividad inal\u00e1mbrica para diagn\u00f3stico remoto<\/li>\n<\/ul><\/div>\n<\/p><\/div>\n<p> <!-- Secci\u00f3n de especificaciones t\u00e9cnicas --> <\/p>\n<div style='display: flex; flex-wrap: wrap; gap: 20px; margin-bottom: 30px;'>\n<div style='flex: 1 1 250px; border: 1px solid rgba(150&comma; 150&comma; 150&comma; 0.4); border-radius: 8px; overflow: hidden; display: flex; flex-direction: column;'>\n<div style='padding: 15px; border-bottom: 1px solid rgba(150&comma; 150&comma; 150&comma; 0.2); font-weight: bold; font-size: 16px; color: inherit;'>Especificaciones T\u00e9cnicas<\/div>\n<div style='padding: 15px; color: inherit;'>\n<ul style='padding-left: 20px; margin: 0; font-size: 14px; list-style-type: disc;'>\n<li style='margin-bottom: 5px;'><strong>Alimentaci\u00f3n:<\/strong> 110 a 120 Vca<\/li>\n<li style='margin-bottom: 5px;'><strong>Consumo de potencia del motor:<\/strong> 370 W<\/li>\n<li style='margin-bottom: 5px;'><strong>Grado de protecci\u00f3n:<\/strong> IP44<\/li>\n<li style='margin-bottom: 5px;'><strong>Rango de temperatura ambiental:<\/strong> -20 a 40 \u00b0C<\/li>\n<li style='margin-bottom: 5px;'><strong>Peso m\u00e1ximo de puerta y arrastre:<\/strong> 1200 kg<\/li>\n<\/ul><\/div>\n<\/p><\/div>\n<p> <!-- Secci\u00f3n de caracter\u00edsticas de seguridad --> <\/p>\n<div style='flex: 1 1 250px; border: 1px solid rgba(150&comma; 150&comma; 150&comma; 0.4); border-radius: 8px; overflow: hidden; display: flex; flex-direction: column;'>\n<div style='padding: 15px; border-bottom: 1px solid rgba(150&comma; 150&comma; 150&comma; 0.2); font-weight: bold; font-size: 16px; color: inherit;'>Caracter\u00edsticas de Seguridad<\/div>\n<div style='padding: 15px; color: inherit;'>\n<ul style='padding-left: 20px; margin: 0; font-size: 14px; list-style-type: disc;'>\n<li style='margin-bottom: 5px;'>Stop parcial<\/li>\n<li style='margin-bottom: 5px;'>Cierre autom\u00e1tico temporizado<\/li>\n<li style='margin-bottom: 5px;'>Final de carrera mec\u00e1nico<\/li>\n<li style='margin-bottom: 5px;'>Detecci\u00f3n electr\u00f3nica del obst\u00e1culo<\/li>\n<li style='margin-bottom: 5px;'>Desbloqueo de emergencia con llave personalizada<\/li>\n<\/ul><\/div>\n<\/p><\/div>\n<p> <!-- Secci\u00f3n de caracter\u00edsticas operativas --> <\/p>\n<div style='flex: 1 1 250px; border: 1px solid rgba(150&comma; 150&comma; 150&comma; 0.4); border-radius: 8px; overflow: hidden; display: flex; flex-direction: column;'>\n<div style='padding: 15px; border-bottom: 1px solid rgba(150&comma; 150&comma; 150&comma; 0.2); font-weight: bold; font-size: 16px; color: inherit;'>Caracter\u00edsticas Operativas<\/div>\n<div style='padding: 15px; color: inherit;'>\n<ul style='padding-left: 20px; margin: 0; font-size: 14px; list-style-type: disc;'>\n<li style='margin-bottom: 5px;'>Un s\u00f3lo paso de programaci\u00f3n con aprendizaje autom\u00e1tico de l\u00edmite de apertura y cierre<\/li>\n<li style='margin-bottom: 5px;'>Suave encendido electr\u00f3nico para inicio constante y sin problemas<\/li>\n<li style='margin-bottom: 5px;'>Llave de liberaci\u00f3n en caso de falla de energ\u00eda para desbloqueo<\/li>\n<li style='margin-bottom: 5px;'>F\u00e1cil mantenimiento e instalaci\u00f3n<\/li>\n<\/ul><\/div>\n<\/p><\/div>\n<\/p><\/div>\n<p> <!-- Separador --> <\/p>\n<hr style='border: 0; border-top: 1px solid rgba(150&comma; 150&comma; 150&comma; 0.3); margin: 30px 0;'> <\/div>\n","protected":false},"excerpt":{"rendered":"<p>Tarjeta Electr\u00f3nica de Control Para Motores XBSIZ1200<\/p>\n","protected":false},"featured_media":31311,"comment_status":"open","ping_status":"closed","template":"","meta":[],"product_brand":[],"product_cat":[750],"product_tag":[401,234,751],"class_list":{"0":"post-31312","1":"product","2":"type-product","3":"status-publish","4":"has-post-thumbnail","6":"product_cat-refacciones","7":"product_tag-acceso-vehicular","8":"product_tag-accesspro","9":"product_tag-refacciones","11":"first","12":"instock","13":"sale","14":"shipping-taxable","15":"purchasable","16":"product-type-simple"},"_links":{"self":[{"href":"https:\/\/soydeaqui.ddns.net\/pachuca\/index.php\/wp-json\/wp\/v2\/product\/31312","targetHints":{"allow":["GET"]}}],"collection":[{"href":"https:\/\/soydeaqui.ddns.net\/pachuca\/index.php\/wp-json\/wp\/v2\/product"}],"about":[{"href":"https:\/\/soydeaqui.ddns.net\/pachuca\/index.php\/wp-json\/wp\/v2\/types\/product"}],"replies":[{"embeddable":true,"href":"https:\/\/soydeaqui.ddns.net\/pachuca\/index.php\/wp-json\/wp\/v2\/comments?post=31312"}],"wp:featuredmedia":[{"embeddable":true,"href":"https:\/\/soydeaqui.ddns.net\/pachuca\/index.php\/wp-json\/wp\/v2\/media\/31311"}],"wp:attachment":[{"href":"https:\/\/soydeaqui.ddns.net\/pachuca\/index.php\/wp-json\/wp\/v2\/media?parent=31312"}],"wp:term":[{"taxonomy":"product_brand","embeddable":true,"href":"https:\/\/soydeaqui.ddns.net\/pachuca\/index.php\/wp-json\/wp\/v2\/product_brand?post=31312"},{"taxonomy":"product_cat","embeddable":true,"href":"https:\/\/soydeaqui.ddns.net\/pachuca\/index.php\/wp-json\/wp\/v2\/product_cat?post=31312"},{"taxonomy":"product_tag","embeddable":true,"href":"https:\/\/soydeaqui.ddns.net\/pachuca\/index.php\/wp-json\/wp\/v2\/product_tag?post=31312"}],"curies":[{"name":"wp","href":"https:\/\/api.w.org\/{rel}","templated":true}]}}