{"id":31285,"date":"2026-03-18T14:07:19","date_gmt":"2026-03-18T14:07:19","guid":{"rendered":"https:\/\/soydeaqui.ddns.net\/pachuca\/index.php\/producto\/barrera-vehicular-opcion-de-mastil-de-hasta-8-metros-motor-1hp-115v-uso-continuo-intensivo-5-anos-de-garantia\/"},"modified":"2026-03-18T14:07:31","modified_gmt":"2026-03-18T14:07:31","slug":"barrera-vehicular-opcion-de-mastil-de-hasta-8-metros-motor-1hp-115v-uso-continuo-intensivo-5-anos-de-garantia","status":"publish","type":"product","link":"https:\/\/soydeaqui.ddns.net\/pachuca\/index.php\/producto\/barrera-vehicular-opcion-de-mastil-de-hasta-8-metros-motor-1hp-115v-uso-continuo-intensivo-5-anos-de-garantia\/","title":{"rendered":"Barrera Vehicular \/ Opci\u00f3n de M\u00e1stil de hasta 8 Metros \/ Motor 1HP \/ 115v Uso Continuo Intensivo \/ 5 A\u00f1os de Garant\u00eda"},"content":{"rendered":"<div style='width: 100%; max-width: 1200px; margin: 0 auto; font-family: sans-serif; line-height: 1.6; color: inherit; background-color: transparent;'> <!-- Secci\u00f3n de caracter\u00edsticas principales --> <\/p>\n<div style='display: flex; flex-wrap: wrap; gap: 30px; margin-bottom: 30px;'>\n<div style='flex: 1 1 300px; min-width: 280px;'>\n<h3 style='font-size: 22px; border-bottom: 2px solid currentColor; padding-bottom: 5px; margin-top: 0; color: inherit; opacity: 0.8;'>Caracter\u00edsticas principales<\/h3>\n<ul style='padding-left: 20px; font-size: 15px; color: inherit;'>\n<li style='margin-bottom: 5px;'>Barrera de uso continuo con motor de 1 Hp<\/li>\n<li style='margin-bottom: 5px;'>Soporta brazo de hasta 8 metros<\/li>\n<li style='margin-bottom: 5px;'>Clase de operaci\u00f3n II&comma; III y IV (Seg\u00fan UL 325)<\/li>\n<\/ul><\/div>\n<div style='flex: 1 1 300px; min-width: 280px;'>\n<h3 style='font-size: 22px; border-bottom: 2px solid currentColor; padding-bottom: 5px; margin-top: 0; color: inherit; opacity: 0.8;'>Caracter\u00edsticas F\u00edsicas y El\u00e9ctricas<\/h3>\n<ul style='padding-left: 20px; font-size: 15px; color: inherit;'>\n<li style='margin-bottom: 5px;'>Alimentaci\u00f3n 115 Vac<\/li>\n<li style='margin-bottom: 5px;'>Dimensiones: 387.35 x 1105 x 394 mm<\/li>\n<li style='margin-bottom: 5px;'>Consumo de corriente de 5.4 Amp.<\/li>\n<\/ul><\/div>\n<div style='flex: 1 1 300px; min-width: 280px;'>\n<h3 style='font-size: 22px; border-bottom: 2px solid currentColor; padding-bottom: 5px; margin-top: 0; color: inherit; opacity: 0.8;'>Caracter\u00edsticas Destacadas<\/h3>\n<ul style='padding-left: 20px; font-size: 15px; color: inherit;'>\n<li style='margin-bottom: 5px;'>Garant\u00eda contra defectos de fabricaci\u00f3n.<\/li>\n<li style='margin-bottom: 5px;'>Interruptor de encendido \/ apagado integrado.<\/li>\n<li style='margin-bottom: 5px;'>Barrera Izquierda o derecha configurable en campo.<\/li>\n<\/ul><\/div>\n<\/p><\/div>\n<p> <!-- Secci\u00f3n de contenido principal --> <\/p>\n<div style='display: flex; flex-wrap: wrap; gap: 30px; margin-bottom: 30px;'>\n<div style='flex: 1 1 400px; min-width: 280px;'>\n<h2 style='font-size: 20px; margin-top: 0; color: inherit;'>Barrera Vehicular de uso continuo compatible con brazo de hasta 8 metros.<\/h2>\n<h2 style='font-size: 20px; margin-top: 0; color: inherit;'>El modelo 1602-090 contiene:<\/h2>\n<ul style='padding-left: 20px; font-size: 15px; color: inherit;'>\n<li style='margin-bottom: 5px;'>Barrera de uso continuo con motor de 1 Hp .<\/li>\n<li style='margin-bottom: 5px;'>Tapa para m\u00e1stil de pl\u00e1stico en color blanco.<\/li>\n<\/ul>\n<h2 style='font-size: 20px; margin-top: 0; color: inherit;'>Caracter\u00edsticas adicionales:<\/h2>\n<ul style='padding-left: 20px; font-size: 15px; color: inherit;'>\n<li style='margin-bottom: 5px;'>Programaci\u00f3n de limites magn\u00e9ticos<\/li>\n<li style='margin-bottom: 5px;'>Dos puertos para sensores de masa interconstruidos<\/li>\n<li style='margin-bottom: 5px;'>Cierre autom\u00e1tico programable<\/li>\n<li style='margin-bottom: 5px;'>Dos salidas de voltaje interconstruidas para la conexi\u00f3n de accesorios.<\/li>\n<li style='margin-bottom: 5px;'>Motor de 1 Hp para uso contin\u00fao.<\/li>\n<li style='margin-bottom: 5px;'>Opciones de brazo con iluminaci\u00f3n blanca o Rojo\/Verde (Se adquiere por separado)<\/li>\n<\/ul>\n<h2 style='font-size: 20px; margin-top: 0; color: inherit;'>Notas adicionales:<\/h2>\n<ul style='padding-left: 20px; font-size: 15px; color: inherit;'>\n<li style='margin-bottom: 5px;'><strong>El brazo se adquiere por separado<\/strong><\/li>\n<li style='margin-bottom: 5px;'>Garant\u00eda contra defectos de fabricaci\u00f3n.<\/li>\n<\/ul><\/div>\n<div style='flex: 1 1 400px; min-width: 280px;'> <img style='width: 100%; height: auto; border: 1px solid rgba(150&comma;150&comma;150&comma;0.3); border-radius: 8px;' src='https:\/\/ftp3.syscom.mx\/usuarios\/fotos\/1601080\/82901-16010803.png' alt=''> <\/div>\n<\/p><\/div>\n<p> <!-- Secci\u00f3n de componentes adicionales --> <\/p>\n<div style='margin: 30px 0; text-align: center;'>\n<h2 style='font-size: 20px; margin: 0; color: inherit;'>\u00bfQu\u00e9 componentes adicionales debe cotizar para armar un sistema completo?<\/h2>\n<\/p><\/div>\n<p> <!-- Paso 1 --> <\/p>\n<div style='margin: 30px 0; text-align: center;'>\n<h2 style='font-size: 18px; margin: 0 0 15px 0; color: inherit;'>Paso 1 Elegir un m\u00e1stil de acuerdo al ancho del carril<\/h2>\n<p style='margin: 5px 0; color: inherit;'><strong>Brazo octagonal de aluminio con iluminaci\u00f3n <\/strong><span style='color: #e74c3c; color: inherit;'>Rojo<\/span> \/ <span style='color: #18a085; color: inherit;'>Verde<\/span> de 20ft (6.09m) <span style='color: #3598db; color: inherit;'>1602-282<\/span>&comma; requiere una tira led de 20ft <span style='color: #3598db; color: inherit;'><strong>1602-292.<\/strong><\/span><\/p>\n<p style='margin: 5px 0; color: inherit;'><strong>Brazo octagonal de aluminio con iluminaci\u00f3n <\/strong><span style='color: #e74c3c; color: inherit;'>Rojo<\/span> \/ <span style='color: #18a085; color: inherit;'>Verde<\/span> de 24ft (7.31m) <span style='color: #2880b9; color: inherit;'>1602-284<\/span>&comma; requiere una tira led de 24ft <span style='color: #2880b9; color: inherit;'><strong>1602-294<\/strong><\/span>.<\/p>\n<p style='margin: 5px 0; color: inherit;'><strong>Brazo octagonal de aluminio con iluminaci\u00f3n <\/strong><span style='color: #e74c3c; color: inherit;'>Rojo<\/span> \/ <span style='color: #18a085; color: inherit;'>Verde<\/span> de 27ft (8.23m) <span style='color: #2880b9; color: inherit;'>1602-287<\/span>&comma; requiere una tira led de 27ft <span style='color: #2880b9; color: inherit;'><strong>1602-297.<\/strong><\/span><\/p>\n<p style='margin: 5px 0; color: inherit;'><strong>Brazo redondo de aluminio sin iluminaci\u00f3n de 20ft (6.09m) <\/strong><span style='color: #2880b9; color: inherit;'><strong>1602-162<\/strong><\/span><\/p>\n<p style='margin: 5px 0; color: inherit;'><strong>Brazo redondo de aluminio sin iluminaci\u00f3n de 24ft (7.31m) <\/strong><span style='color: #2880b9; color: inherit;'><strong>1602-164<\/strong><\/span><\/p>\n<p style='margin: 5px 0; color: inherit;'><strong>Brazo redondo de aluminio sin iluminaci\u00f3n de 27ft (8.23m) <\/strong><span style='color: #2880b9; color: inherit;'><strong>1602-166<\/strong><\/span><\/p>\n<p style='margin: 5px 0; color: inherit;'><strong>Brazo de madera de 20ft (6.09 m) 1602-340<\/strong>&comma; requiere un kit de instalaci\u00f3n <strong><span style='color: #2880b9; color: inherit;'>1602-041.<\/span><\/strong><\/p>\n<\/p><\/div>\n<p> <!-- Paso 2 --> <\/p>\n<div style='margin: 30px 0; text-align: center;'>\n<h2 style='font-size: 18px; margin: 0 0 15px 0; color: inherit;'>Paso 2 Elegir los elementos opcionales<\/h2>\n<p style='margin: 5px 0; color: inherit;'><strong>Sensor de masa<\/strong> original DKS <span style='color: #2880b9; color: inherit;'><strong>9410-010<\/strong><\/span>&comma; requiere un lazo magn\u00e9tico <strong><span style='color: #2880b9; color: inherit;'>SYSLM8<\/span><\/strong><\/p>\n<p style='margin: 5px 0; color: inherit;'><strong>Botonera triple de uso rudo<\/strong> para aplicaciones de acceso vehicular <strong><span style='color: #2880b9; color: inherit;'>XBSSW01<\/span><\/strong><\/p>\n<p style='margin: 5px 0; color: inherit;'><strong>Laser de seguridad<\/strong> para aplicaciones de acceso vehicular <strong><span style='color: #2880b9; color: inherit;'>10LZR-H100-KIT19327<\/span><\/strong><\/p>\n<p style='margin: 5px 0; color: inherit;'><strong>Sem\u00e1foro para barreras<\/strong> Doorking <span style='color: #2880b9; color: inherit;'><strong>1603-222<\/strong><\/span><\/p>\n<\/p><\/div>\n<p> <!-- Separador --> <\/p>\n<hr style='border: 0; border-top: 1px solid rgba(150&comma; 150&comma; 150&comma; 0.3); margin: 30px 0;'> <!-- Notas y recomendaciones --> <\/p>\n<div style='margin-bottom: 30px;'>\n<h1 style='font-size: 20px; margin-bottom: 15px; color: inherit;'>Notas y Recomendaciones Adicionales<\/h1>\n<ul style='padding-left: 20px; font-size: 15px; color: inherit;'>\n<li style='margin-bottom: 5px;'>Todos los componentes y accesorios se venden por separado.<\/li>\n<li style='margin-bottom: 5px;'>Los dispositivos de acceso vehicular requieren ser instalados por personal certificado.<\/li>\n<li style='margin-bottom: 5px;'>Los aplican para el modelo 1601-080.<\/li>\n<li style='margin-bottom: 5px;'>La garant\u00eda cubre espec\u00edficamente da\u00f1os y\/o mal funcionamiento derivados de un defecto de fabricaci\u00f3n en el producto.<\/li>\n<li style='margin-bottom: 5px;'>Cualquier da\u00f1o causado por una operaci\u00f3n o instalaci\u00f3n incorrecta&comma; invalida la p\u00f3liza de garant\u00eda del producto.<\/li>\n<li style='margin-bottom: 5px;'>El cumplimiento de la norma UL325 exige el uso de dispositivos de seguridad adicionales. Para mayor informaci\u00f3n puede consultar el siguiente enlace <a style='color: #3598db; text-decoration: none;' href='https:\/\/www.doorking.com\/safety\/ul-325' target='_blank' rel='noopener'>UL 325 Safety Standard<\/a><\/li>\n<li style='margin-bottom: 5px;'>Con el fin de asegurar una mejor protecci\u00f3n contra descargas el\u00e9ctricas&comma; es necesario conectar una linea de Tierra Fisica en las terminales designadas en la barrera vehicular&comma; as\u00ed como tambi\u00e9n debe agregar un dispositivo protector de linea contra descargas el\u00e9ctricas.<\/li>\n<\/ul><\/div>\n<p> <!-- Secci\u00f3n de videos --> <\/p>\n<div style='margin-bottom: 30px;'>\n<h2 style='text-align: center; font-size: 18px; margin-bottom: 20px; color: inherit;'>Videos relacionados<\/h2>\n<div style='display: flex; flex-wrap: wrap; gap: 20px; justify-content: center;'>\n<div style='flex: 1 1 300px; min-width: 280px;'>\n<div style='position: relative; padding-bottom: 56.25%; height: 0; overflow: hidden;'>   <\/div>\n<\/p><\/div>\n<div style='flex: 1 1 300px; min-width: 280px;'>\n<div style='position: relative; padding-bottom: 56.25%; height: 0; overflow: hidden;'>   <\/div>\n<\/p><\/div>\n<div style='flex: 1 1 300px; min-width: 280px;'>\n<div style='position: relative; padding-bottom: 56.25%; height: 0; overflow: hidden;'>   <\/div>\n<\/p><\/div>\n<div style='flex: 1 1 300px; min-width: 280px;'>\n<div style='position: relative; padding-bottom: 56.25%; height: 0; overflow: hidden;'>   <\/div>\n<\/p><\/div>\n<div style='flex: 1 1 300px; min-width: 280px;'>\n<div style='position: relative; padding-bottom: 56.25%; height: 0; overflow: hidden;'>   <\/div>\n<\/p><\/div>\n<div style='flex: 1 1 300px; min-width: 280px;'>\n<div style='position: relative; padding-bottom: 56.25%; height: 0; overflow: hidden;'>   <\/div>\n<\/p><\/div>\n<\/p><\/div>\n<\/p><\/div>\n<p> <!-- Nota final --> <\/p>\n<div style='margin-bottom: 30px; text-align: center;'>\n<h2 style='font-size: 16px; margin: 0; color: inherit;'>NOTA: Considerar descansabrazos <a style='color: #3598db; text-decoration: none;' href='https:\/\/www.syscom.mx\/principal\/searchcont?route=XB-POST-AccessPRO-Industrial-183352&#038;autodetect=xbpost' target='_blank' rel='noopener'>XB-POST<\/a> en brazos de 4 m o m\u00e1s para evitar da\u00f1o prematuro del mecanismo.<\/h2>\n<\/p><\/div>\n<\/p><\/div>\n","protected":false},"excerpt":{"rendered":"<p>Barrera Vehicular \/ Opci\u00f3n de M\u00e1stil de hasta 8 Metros \/ Motor 1HP \/ 115v Uso Continuo Intensivo \/ 5 A\u00f1os de Garant\u00eda<\/p>\n","protected":false},"featured_media":31284,"comment_status":"open","ping_status":"closed","template":"","meta":[],"product_brand":[],"product_cat":[748],"product_tag":[401,749,781],"class_list":{"0":"post-31285","1":"product","2":"type-product","3":"status-publish","4":"has-post-thumbnail","6":"product_cat-barreras-vehiculares","7":"product_tag-acceso-vehicular","8":"product_tag-barreras-vehiculares","9":"product_tag-dks-doorking","11":"first","12":"instock","13":"sale","14":"shipping-taxable","15":"purchasable","16":"product-type-simple"},"_links":{"self":[{"href":"https:\/\/soydeaqui.ddns.net\/pachuca\/index.php\/wp-json\/wp\/v2\/product\/31285","targetHints":{"allow":["GET"]}}],"collection":[{"href":"https:\/\/soydeaqui.ddns.net\/pachuca\/index.php\/wp-json\/wp\/v2\/product"}],"about":[{"href":"https:\/\/soydeaqui.ddns.net\/pachuca\/index.php\/wp-json\/wp\/v2\/types\/product"}],"replies":[{"embeddable":true,"href":"https:\/\/soydeaqui.ddns.net\/pachuca\/index.php\/wp-json\/wp\/v2\/comments?post=31285"}],"wp:featuredmedia":[{"embeddable":true,"href":"https:\/\/soydeaqui.ddns.net\/pachuca\/index.php\/wp-json\/wp\/v2\/media\/31284"}],"wp:attachment":[{"href":"https:\/\/soydeaqui.ddns.net\/pachuca\/index.php\/wp-json\/wp\/v2\/media?parent=31285"}],"wp:term":[{"taxonomy":"product_brand","embeddable":true,"href":"https:\/\/soydeaqui.ddns.net\/pachuca\/index.php\/wp-json\/wp\/v2\/product_brand?post=31285"},{"taxonomy":"product_cat","embeddable":true,"href":"https:\/\/soydeaqui.ddns.net\/pachuca\/index.php\/wp-json\/wp\/v2\/product_cat?post=31285"},{"taxonomy":"product_tag","embeddable":true,"href":"https:\/\/soydeaqui.ddns.net\/pachuca\/index.php\/wp-json\/wp\/v2\/product_tag?post=31285"}],"curies":[{"name":"wp","href":"https:\/\/api.w.org\/{rel}","templated":true}]}}