{"id":31261,"date":"2026-03-18T14:06:45","date_gmt":"2026-03-18T14:06:45","guid":{"rendered":"https:\/\/soydeaqui.ddns.net\/pachuca\/index.php\/producto\/video-intercomunicador-sip-para-boton-de-panico-poe-onvif-con-1-relevador-integrado\/"},"modified":"2026-03-18T14:06:52","modified_gmt":"2026-03-18T14:06:52","slug":"video-intercomunicador-sip-para-boton-de-panico-poe-onvif-con-1-relevador-integrado","status":"publish","type":"product","link":"https:\/\/soydeaqui.ddns.net\/pachuca\/index.php\/producto\/video-intercomunicador-sip-para-boton-de-panico-poe-onvif-con-1-relevador-integrado\/","title":{"rendered":"Video intercomunicador SIP para bot\u00f3n de p\u00e1nico, PoE, Onvif con 1 relevador integrado."},"content":{"rendered":"<div style='width: 100%; max-width: 1200px; margin: 0 auto; font-family: sans-serif; line-height: 1.6; color: inherit; background-color: transparent;'>\n<div style='display: flex; flex-wrap: wrap; gap: 30px; margin-bottom: 30px;'>\n<div style='flex: 1 1 300px; min-width: 280px;'>\n<h3 style='font-size: 22px; border-bottom: 2px solid currentColor; padding-bottom: 5px; margin-top: 0; color: inherit; opacity: 0.8;'>Caracter\u00edsticas principales<\/h3>\n<ul style='padding-left: 20px; font-size: 15px; color: inherit;'>\n<li style='margin-bottom: 5px;'>2 l\u00edneas SIP<\/li>\n<li style='margin-bottom: 5px;'>C\u00e1mara HD incorporada de 2 Megap\u00edxeles&comma; adopta el c\u00f3dec H.264<\/li>\n<li style='margin-bottom: 5px;'>Soporta ONVIF<\/li>\n<li style='margin-bottom: 5px;'>Cancelador (AEC) y bocina de 3W<\/li>\n<li style='margin-bottom: 5px;'>IP65 a prueba de agua y polvo<\/li>\n<li style='margin-bottom: 5px;'>Anticolisi\u00f3n IK10 con marco robusto de fundici\u00f3n de aluminio<\/li>\n<li style='margin-bottom: 5px;'>Alarma contra manipulaci\u00f3n indebida siempre que la cubierta est\u00e9 separada de la carcasa&comma; y reportando al centro de control al mismo tiempo<\/li>\n<li style='margin-bottom: 5px;'>-40 \u00b0C a 70 \u00b0C amplia gama adaptabilidad a la temperatura<\/li>\n<li style='margin-bottom: 5px;'>Compatible con las principales plataformas: Asterisk&comma; Broadsoft&comma; 3CX&comma; Metaswitch&comma; Elastix&comma; Avaya etc.<\/li>\n<li style='margin-bottom: 5px; font-weight: bold;'>Garant\u00eda: 1 a\u00f1o<\/li>\n<\/ul><\/div>\n<div style='flex: 1 1 300px; min-width: 280px;'>\n<h3 style='font-size: 22px; border-bottom: 2px solid currentColor; padding-bottom: 5px; margin-top: 0; color: inherit; opacity: 0.8;'>Caracter\u00edsticas F\u00edsicas y El\u00e9ctricas<\/h3>\n<ul style='padding-left: 20px; font-size: 15px; color: inherit;'>\n<li style='margin-bottom: 5px;'>Alimentaci\u00f3n v\u00eda PoE 802.3af o 12Vcc y 1.0A (fuente no incluida)<\/li>\n<li style='margin-bottom: 5px;'>Montaje en pared<\/li>\n<li style='margin-bottom: 5px;'>Nivel de protecci\u00f3n: IP65 e IK10<\/li>\n<li style='margin-bottom: 5px;'>Material: Aleaci\u00f3n de Aluminio<\/li>\n<li style='margin-bottom: 5px;'>Temperatura de operaci\u00f3n: -40\u00ba ~ 70\u00ba C (-40\u00ba ~ 158\u00ba F)<\/li>\n<li style='margin-bottom: 5px;'>Dimensiones: 223 \u00d7 130 \u00d7 74 mm<\/li>\n<li style='margin-bottom: 5px;'>1 puerto RJ45<\/li>\n<li style='margin-bottom: 5px;'>Peso 1&comma;800g<\/li>\n<\/ul><\/div>\n<div style='flex: 1 1 300px; min-width: 280px;'>\n<h3 style='font-size: 22px; border-bottom: 2px solid currentColor; padding-bottom: 5px; margin-top: 0; color: inherit; opacity: 0.8;'>Caracter\u00edsticas de Video y Red<\/h3>\n<ul style='padding-left: 20px; font-size: 15px; color: inherit;'>\n<li style='margin-bottom: 5px;'>C\u00e1mara de 2 Megap\u00edxeles<\/li>\n<li style='margin-bottom: 5px;'>Codec de video: H.264<\/li>\n<li style='margin-bottom: 5px;'>Resoluci\u00f3n: 1280 x <a href='mailto:720@25fps' style='color: inherit;'>720@25fps<\/a> y 704&#215;576(D1)@25fps<\/li>\n<li style='margin-bottom: 5px;'>\u00c1ngulo 112 (H) y 84 (V)<\/li>\n<li style='margin-bottom: 5px;'>Puerto 10\/100Mbps<\/li>\n<li style='margin-bottom: 5px;'>VPN: L2TP\/Open VPN<\/li>\n<li style='margin-bottom: 5px;'>VLAN<\/li>\n<li style='margin-bottom: 5px;'>QoS<\/li>\n<\/ul><\/div>\n<\/p><\/div>\n<hr style='border: 0; border-top: 1px solid rgba(150&comma; 150&comma; 150&comma; 0.3); margin: 30px 0;'>\n<div style='margin-bottom: 30px;'>\n<h2 style='font-size: 20px; margin-bottom: 15px;'>Topolog\u00eda de conexi\u00f3n de bot\u00f3n de p\u00e1nico<\/h2>\n<p> <img style='width: 100%; height: auto; border: 1px solid rgba(150&comma;150&comma;150&comma;0.3); border-radius: 8px;' src='https:\/\/ftp3.syscom.mx\/usuarios\/esanchez\/FANVIL\/i18s\/Captura%20de%20pantalla%202019-11-01%20a%20la%28s%29%2011.45.31.png' alt=''> <\/p>\n<p style='margin-top: 15px; font-size: 14px; color: inherit;'>* Se puede utilizar sin conmutador IP o con conmutador IP para funciones especiales (grupo de timbrado&comma; contestar desde el celular por medio de softphone&comma; etc.)<\/p>\n<\/p><\/div>\n<\/p><\/div>\n","protected":false},"excerpt":{"rendered":"<p>Video intercomunicador SIP para bot\u00f3n de p\u00e1nico, PoE, Onvif con 1 relevador integrado.<\/p>\n","protected":false},"featured_media":31260,"comment_status":"open","ping_status":"closed","template":"","meta":[],"product_brand":[],"product_cat":[907],"product_tag":[859,908,557],"class_list":{"0":"post-31261","1":"product","2":"type-product","3":"status-publish","4":"has-post-thumbnail","6":"product_cat-interfones","7":"product_tag-fanvil","8":"product_tag-interfones","9":"product_tag-videoporteros-e-interfonos","11":"first","12":"outofstock","13":"sale","14":"shipping-taxable","15":"purchasable","16":"product-type-simple"},"_links":{"self":[{"href":"https:\/\/soydeaqui.ddns.net\/pachuca\/index.php\/wp-json\/wp\/v2\/product\/31261","targetHints":{"allow":["GET"]}}],"collection":[{"href":"https:\/\/soydeaqui.ddns.net\/pachuca\/index.php\/wp-json\/wp\/v2\/product"}],"about":[{"href":"https:\/\/soydeaqui.ddns.net\/pachuca\/index.php\/wp-json\/wp\/v2\/types\/product"}],"replies":[{"embeddable":true,"href":"https:\/\/soydeaqui.ddns.net\/pachuca\/index.php\/wp-json\/wp\/v2\/comments?post=31261"}],"wp:featuredmedia":[{"embeddable":true,"href":"https:\/\/soydeaqui.ddns.net\/pachuca\/index.php\/wp-json\/wp\/v2\/media\/31260"}],"wp:attachment":[{"href":"https:\/\/soydeaqui.ddns.net\/pachuca\/index.php\/wp-json\/wp\/v2\/media?parent=31261"}],"wp:term":[{"taxonomy":"product_brand","embeddable":true,"href":"https:\/\/soydeaqui.ddns.net\/pachuca\/index.php\/wp-json\/wp\/v2\/product_brand?post=31261"},{"taxonomy":"product_cat","embeddable":true,"href":"https:\/\/soydeaqui.ddns.net\/pachuca\/index.php\/wp-json\/wp\/v2\/product_cat?post=31261"},{"taxonomy":"product_tag","embeddable":true,"href":"https:\/\/soydeaqui.ddns.net\/pachuca\/index.php\/wp-json\/wp\/v2\/product_tag?post=31261"}],"curies":[{"name":"wp","href":"https:\/\/api.w.org\/{rel}","templated":true}]}}