{"id":3121,"date":"2026-03-18T06:04:51","date_gmt":"2026-03-18T06:04:51","guid":{"rendered":"https:\/\/soydeaqui.ddns.net\/pachuca\/index.php\/producto\/ax-pro-camara-inalambrica-pir-6-anos-de-bateria-inmunidad-a-mascotas-rango-de-deteccion-de-12-mts-angulo-de-85-9-de-cobertura-montaje-universal-2\/"},"modified":"2026-03-18T06:04:51","modified_gmt":"2026-03-18T06:04:51","slug":"ax-pro-camara-inalambrica-pir-6-anos-de-bateria-inmunidad-a-mascotas-rango-de-deteccion-de-12-mts-angulo-de-85-9-de-cobertura-montaje-universal-2","status":"publish","type":"product","link":"https:\/\/soydeaqui.ddns.net\/pachuca\/index.php\/producto\/ax-pro-camara-inalambrica-pir-6-anos-de-bateria-inmunidad-a-mascotas-rango-de-deteccion-de-12-mts-angulo-de-85-9-de-cobertura-montaje-universal-2\/","title":{"rendered":"(AX PRO) C\u00c1MARA Inal\u00e1mbrica + PIR \/ 6 A\u00f1os de Bater\u00eda \/ Inmunidad a Mascotas \/ Rango de Detecci\u00f3n de 12 mts \/ Angulo de 85.9\u00b0 de Cobertura + Montaje Universal"},"content":{"rendered":"<div style='width: 100%; max-width: 1200px; margin: 0 auto; font-family: sans-serif; line-height: 1.6; color: inherit; background-color: transparent;'> <!-- Logo --> <\/p>\n<div style='text-align: center; margin: 30px 0;'> <img style='width: 45%; height: auto; border: 1px solid rgba(150&comma;150&comma;150&comma;0.3); border-radius: 8px;' src='https:\/\/ftp3.syscom.mx\/usuarios\/jsosa\/HIKVISION\/imagenes\/logo\/hikvision%20see%20far.png' alt='Logo Hikvision'> <\/div>\n<p> <!-- Video Principal --> <\/p>\n<div style='position: relative; padding-bottom: 56.25%; height: 0; overflow: hidden; margin-bottom: 30px;'>   <\/div>\n<p> <!-- Consideraciones --> <\/p>\n<div style='border-left: 5px solid #ff0000; border-radius: 8px; padding: 15px; margin-bottom: 30px; background-color: rgba(216&comma;216&comma;216&comma;0.1);'>\n<h3 style='font-size: 18px; margin-top: 0; color: inherit; opacity: 0.9;'>Consideraciones:<\/h3>\n<ul style='padding-left: 20px; font-size: 14px; color: inherit;'>\n<li>Las distancias de comunicaci\u00f3n entre los sensores y el panel pueden variar en cada instalaci\u00f3n por cuestiones como: ruido ambiental&comma; materiales y grosor de los muros&comma; ruido digital&comma; etc.<\/li>\n<\/ul><\/div>\n<p> <!-- Videos Secundarios --> <\/p>\n<div style='display: flex; flex-wrap: wrap; gap: 20px; margin-bottom: 30px;'>\n<div style='flex: 1 1 300px; min-width: 280px;'>\n<h4 style='text-align: center; font-size: 16px; margin-top: 0; color: inherit; opacity: 0.9;'>Configuraci\u00f3n de la alarma AX PRO de Hikvision<\/h4>\n<div style='position: relative; padding-bottom: 56.25%; height: 0; overflow: hidden;'>   <\/div>\n<\/p><\/div>\n<div style='flex: 1 1 300px; min-width: 280px;'>\n<h4 style='text-align: center; font-size: 16px; margin-top: 0; color: inherit; opacity: 0.9;'>Bienvenido al futuro con AX PRO Hikvision<\/h4>\n<div style='position: relative; padding-bottom: 56.25%; height: 0; overflow: hidden;'>   <\/div>\n<\/p><\/div>\n<div style='flex: 1 1 300px; min-width: 280px;'>\n<h4 style='text-align: center; font-size: 16px; margin-top: 0; color: inherit; opacity: 0.9;'>Sistema Robusto contra Intrusiones AX PRO<\/h4>\n<div style='position: relative; padding-bottom: 56.25%; height: 0; overflow: hidden;'>   <\/div>\n<\/p><\/div>\n<\/p><\/div>\n<p> <!-- Kit Incluye --> <\/p>\n<div style='text-align: center; margin-bottom: 30px;'>\n<h1 style='font-size: 24px; color: inherit; margin: 10px 0;'>DS-PDPC12P-EG2-WB\/UB<\/h1>\n<h3 style='font-size: 20px; color: inherit; margin: 10px 0;'>Kit incluye:<\/h3>\n<p style='margin: 10px 0;'><a style='color: inherit; text-decoration: underline;' href='https:\/\/www.syscom.mx\/producto\/DS-PDPC12P-EG2-WB-HIKVISION-189862.html' target='_blank' rel='noopener'>DS-PDPC12P-EG2-WB<\/a><\/p>\n<p style='margin: 10px 0;'><a style='color: inherit; text-decoration: underline;' href='https:\/\/www.syscom.mx\/producto\/DS-PDB-IN-U-HIKVISION-207035.html' target='_blank' rel='noopener'>DS-PDB-IN-U<\/a><\/p>\n<\/p><\/div>\n<p> <!-- Productos del Kit --> <\/p>\n<div style='display: flex; flex-wrap: wrap; gap: 30px; margin-bottom: 30px;'> <!-- DS-PDPC12P-EG2-WB --> <\/p>\n<div style='flex: 1 1 400px; min-width: 280px; border: 1px solid rgba(150&comma;150&comma;150&comma;0.3); border-radius: 8px; overflow: hidden;'>\n<div style='text-align: center; background-color: rgba(238&comma;238&comma;238&comma;0.8);'> <a style='display: block; padding: 15px;' href='https:\/\/www.syscom.mx\/producto\/DS-PDPC12P-EG2-WB-HIKVISION-189862.html' target='_blank' rel='noopener'> <img style='width: 100%; height: auto; border: none;' src='https:\/\/ftp3.syscom.mx\/usuarios\/fotos\/BancoFotografiasSyscom\/HIKVISION\/DSPDPC12PEG2WB\/DSPDPC12PEG2WB-p.PNG' alt='DS-PDPC12P-EG2-WB'> <\/a> <\/div>\n<div style='padding: 15px;'>\n<h4 style='margin-top: 0; margin-bottom: 10px; color: inherit; font-size: 18px;'> <a style='color: inherit; text-decoration: underline;' href='https:\/\/www.syscom.mx\/producto\/DS-PDPC12P-EG2-WB-HIKVISION-189862.html' target='_blank' rel='noopener'>DS-PDPC12P-EG2-WB<\/a> <\/h4>\n<h5 style='margin: 10px 0; color: rgba(128&comma;128&comma;128&comma;0.8); font-size: 16px;'>Caracter\u00edsticas:<\/h5>\n<ul style='padding-left: 20px; font-size: 14px; color: inherit;'>\n<li>Rango de detecci\u00f3n: 12 m.<\/li>\n<li>\u00c1ngulo de detecci\u00f3n: 85.9\u00b0<\/li>\n<li>Resoluci\u00f3n m\u00e1xima de la c\u00e1mara: 640 x 480.<\/li>\n<li>Voltaje de Operaci\u00f3n: 3 x <a style='color: inherit; text-decoration: underline;' href='https:\/\/www.syscom.mx\/producto\/CR123A-EPCOM-POWERLINE-13896.html' target='_blank' rel='noopener'>CR123A<\/a> (Incluida).<\/li>\n<\/ul><\/div>\n<\/p><\/div>\n<p> <!-- DS-PDB-IN-U --> <\/p>\n<div style='flex: 1 1 400px; min-width: 280px; border: 1px solid rgba(150&comma;150&comma;150&comma;0.3); border-radius: 8px; overflow: hidden;'>\n<div style='text-align: center; background-color: rgba(238&comma;238&comma;238&comma;0.8);'> <a style='display: block; padding: 15px;' href='https:\/\/www.syscom.mx\/producto\/DS-PDB-IN-U-HIKVISION-207035.html' target='_blank' rel='noopener'> <img style='width: 100%; height: auto; border: none;' src='https:\/\/ftp3.syscom.mx\/usuarios\/fotos\/BancoFotografiasSyscom\/HIKVISION\/DSPDBINU\/DSPDBINU-p.PNG' alt='DS-PDB-IN-U'> <\/a> <\/div>\n<div style='padding: 15px;'>\n<h4 style='margin-top: 0; margin-bottom: 10px; color: inherit; font-size: 18px;'> <a style='color: inherit; text-decoration: underline;' href='https:\/\/www.syscom.mx\/producto\/DS-PDB-IN-U-HIKVISION-207035.html' target='_blank' rel='noopener'>DS-PDB-IN-U<\/a> <\/h4>\n<h5 style='margin: 10px 0; color: rgba(128&comma;128&comma;128&comma;0.8); font-size: 16px;'>Caracter\u00edsticas:<\/h5>\n<ul style='padding-left: 20px; font-size: 14px; color: inherit;'>\n<li>Dimensiones: 29.3 x 53.2 x 35.5 mm<\/li>\n<li>Peso: 13 gramos.<\/li>\n<li>Instalaci\u00f3n en pared o techo.<\/li>\n<\/ul><\/div>\n<\/p><\/div>\n<\/p><\/div>\n<p> <!-- Diagrama Familia AX PRO --> <\/p>\n<div style='text-align: center; margin: 30px 0;'>\n<h2 style='font-size: 20px; margin-bottom: 15px; color: inherit; opacity: 0.9;'>Linea de Productos AX PRO<\/h2>\n<p> <a style='display: block;' href='https:\/\/www.syscom.mx\/principal\/listadoproductosazul\/intrusion-hikvision-paneles-de-alarma-y-accesorios-ax-pro-series-66286.html?ordenar=Precio_de_Menor_a_Mayor&#038;pag=1' target='_blank' rel='noopener'> <img style='width: 100%; height: auto; border: 1px solid rgba(150&comma;150&comma;150&comma;0.3); border-radius: 8px;' src='https:\/\/ftp3.syscom.mx\/usuarios\/jsosa\/HIKVISION\/alarmas\/AXPPRO\/banner\/AX%20PRO%20disgramas-hikvision.jpg' alt='Diagrama Familia AX PRO'> <\/a> <\/div>\n<p> <!-- Serie AX PRO --> <\/p>\n<div style='display: flex; flex-wrap: wrap; gap: 30px; margin-bottom: 30px;'>\n<div style='flex: 1 1 300px; min-width: 280px;'> <a style='display: block;' href='https:\/\/www.syscom.mx\/principal\/listadoproductosazul\/intrusion-hikvision-paneles-de-alarma-y-accesorios-ax-pro-series-66286.html?ordenar=Precio_de_Menor_a_Mayor&#038;pag=1' target='_blank' rel='noopener'> <img style='width: 100%; height: auto; border: 1px solid rgba(150&comma;150&comma;150&comma;0.3); border-radius: 8px;' src='https:\/\/ftp3.syscom.mx\/usuarios\/jsosa\/HIKVISION\/alarmas\/AXPPRO\/Serie%20AXPRO.png' alt='Serie AX PRO'> <\/a> <\/div>\n<div style='flex: 1 1 300px; min-width: 280px;'>\n<h2 style='font-size: 20px; margin-top: 0; color: inherit; opacity: 0.9;'>Serie AX PRO<\/h2>\n<p>\u00bfNecesita proteger su hogar&comma; oficina o tienda?<\/p>\n<p>\u00bfCansado de tantos cables y mucho tiempo de instalaci\u00f3n?<\/p>\n<p>\u00a1Utilice una soluci\u00f3n de alarma inal\u00e1mbrica profesional!<\/p>\n<p>Conozca todos los dispositivos que pueden integrar en la Serie AX PRO dando clic <a style='color: inherit; text-decoration: underline;' href='https:\/\/www.syscom.mx\/principal\/listadoproductosazul\/intrusion-hikvision-paneles-de-alarma-y-accesorios-ax-pro-series-66286.html?ordenar=Precio_de_Menor_a_Mayor&#038;pag=1' target='_blank' rel='noopener'><strong>aqu\u00ed<\/strong><\/a>.<\/p>\n<\/p><\/div>\n<\/p><\/div>\n<p> <!-- Videos de Configuraci\u00f3n --> <\/p>\n<div style='display: flex; flex-wrap: wrap; gap: 30px; margin-bottom: 30px;'>\n<div style='flex: 1 1 300px; min-width: 280px;'>\n<h3 style='text-align: center; font-size: 18px; margin-top: 0; color: inherit; opacity: 0.9;'>Alta del panel AX PRO en aplicaci\u00f3n Hik-Connect<\/h3>\n<div style='position: relative; padding-bottom: 56.25%; height: 0; overflow: hidden;'>   <\/div>\n<\/p><\/div>\n<div style='flex: 1 1 300px; min-width: 280px;'>\n<h3 style='text-align: center; font-size: 18px; margin-top: 0; color: inherit; opacity: 0.9;'>Reset del panel AX PRO por medio de bot\u00f3n<\/h3>\n<div style='position: relative; padding-bottom: 56.25%; height: 0; overflow: hidden;'>   <\/div>\n<\/p><\/div>\n<\/p><\/div>\n<p> <!-- Videos de Verificaci\u00f3n --> <\/p>\n<div style='display: flex; flex-wrap: wrap; gap: 30px; margin-bottom: 30px;'>\n<div style='flex: 1 1 300px; min-width: 280px;'>\n<h3 style='text-align: center; font-size: 18px; margin-top: 0; color: inherit; opacity: 0.9;'>Video Verificaci\u00f3n con PIR con C\u00e1mara DS-PDPC12P-EG2-WB<\/h3>\n<div style='position: relative; padding-bottom: 56.25%; height: 0; overflow: hidden;'>   <\/div>\n<\/p><\/div>\n<div style='flex: 1 1 300px; min-width: 280px;'>\n<h3 style='text-align: center; font-size: 18px; margin-top: 0; color: inherit; opacity: 0.9;'>Vinculo de Sensor Magn\u00e9tico con C\u00e1mara IP<\/h3>\n<div style='position: relative; padding-bottom: 56.25%; height: 0; overflow: hidden;'>   <\/div>\n<\/p><\/div>\n<\/p><\/div>\n<p> <!-- Diagrama de Aplicaci\u00f3n --> <\/p>\n<div style='text-align: center; margin: 30px 0;'>\n<h2 style='font-size: 20px; margin-bottom: 15px; color: inherit; opacity: 0.9;'>DIAGRAMA DE APLICACI\u00d3N<\/h2>\n<p> <img style='width: 100%; height: auto; border: 1px solid rgba(150&comma;150&comma;150&comma;0.3); border-radius: 8px;' src='https:\/\/ftp3.syscom.mx\/usuarios\/jsosa\/HIKVISION\/alarmas\/AXPPRO\/banner\/diagrama%20AX%20Pro.png' alt='Diagrama de Aplicaci\u00f3n'> <\/div>\n<p> <!-- Novedades --> <\/p>\n<h2 style='text-align: center; font-size: 20px; margin: 30px 0 20px; color: inherit; opacity: 0.9;'>NOVEDADES DE LA SERIE AX-PRO<\/h2>\n<p> <!-- Repetidor DS-PR1-WB --> <\/p>\n<div style='display: flex; flex-wrap: wrap; gap: 30px; margin-bottom: 30px;'>\n<div style='flex: 1 1 300px; min-width: 280px;'> <a style='display: block;' href='https:\/\/www.syscom.mx\/producto\/DS-PR1-WB-HIKVISION-191817.html' target='_blank' rel='noopener'> <img style='width: 100%; height: auto; border: 1px solid rgba(150&comma;150&comma;150&comma;0.3); border-radius: 8px;' src='https:\/\/ftp3.syscom.mx\/usuarios\/fotos\/BancoFotografiasSyscom\/HIKVISION\/DSPR1WB\/DSPR1WB-p.PNG' alt='DS-PR1-WB'> <\/a> <\/div>\n<div style='flex: 1 1 300px; min-width: 280px;'>\n<h2 style='font-size: 18px; margin-top: 0; color: inherit; opacity: 0.9;'>REPETIDOR DE SE\u00d1AL <a style='color: inherit; text-decoration: underline;' href='https:\/\/www.syscom.mx\/producto\/DS-PR1-WB-HIKVISION-191817.html' target='_blank' rel='noopener'>DS-PR1-WB<\/a><\/h2>\n<p style='margin: 10px 0;'><strong style='color: inherit;'>Aumenta la cobertura de tus dispositivos<\/strong><\/p>\n<p style='margin: 10px 0;'>Extiende la se\u00f1al de los dispositivos de la serie AXPRO&comma; recibe mensajes de alarma&comma; estado y control de los dispositivos y repite estos mensajes al panel de control.<\/p>\n<ul style='padding-left: 20px; font-size: 14px; color: inherit;'>\n<li style='margin: 5px 0;'><strong>\u2713<\/strong> Comunicaci\u00f3n inal\u00e1mbrica bidireccional de 433 MHz estable y segura.<\/li>\n<li style='margin: 5px 0;'><strong>\u2713<\/strong> Indicador LED&comma; muestra los diferentes estatus del dispositivo con f\u00e1cil comprensi\u00f3n.<\/li>\n<li style='margin: 5px 0;'><strong>\u2713<\/strong> Hasta 35 horas de respaldo de bater\u00eda despu\u00e9s de la p\u00e9rdida energ\u00eda principal.<\/li>\n<li style='margin: 5px 0;'><strong>\u2713<\/strong> Encuentra y conecta detectores autom\u00e1ticamente&comma; emparejamiento autom\u00e1tico inteligente.<\/li>\n<li style='margin: 5px 0;'><strong>\u2713<\/strong> F\u00e1cil instalaci\u00f3n debido nuevo dise\u00f1ado.<\/li>\n<\/ul><\/div>\n<\/p><\/div>\n<p> <!-- PIR con C\u00e1mara --> <\/p>\n<div style='display: flex; flex-wrap: wrap; gap: 30px; margin-bottom: 30px;'>\n<div style='flex: 1 1 300px; min-width: 280px;'>\n<h2 style='font-size: 18px; margin-top: 0; color: inherit; opacity: 0.9;'>DETECTOR PIR CON CAMARA INALAMBRICO <a style='color: inherit; text-decoration: underline;' href='https:\/\/www.syscom.mx\/producto\/DS-PDPC12P-EG2-WB-HIKVISION-189862.html' target='_blank' rel='noopener'>DS-PDPC12P-EG2-WB<\/a><\/h2>\n<p style='margin: 10px 0;'>Detector inal\u00e1mbrico bidireccional totalmente supervisado con c\u00e1mara incorporada de alta calidad que puede proporcionar una soluci\u00f3n ideal para la verificaci\u00f3n de video.<\/p>\n<ul style='padding-left: 20px; font-size: 14px; color: inherit;'>\n<li style='margin: 5px 0;'><strong>\u2713<\/strong> Rango de detecci\u00f3n: 12 m.<\/li>\n<li style='margin: 5px 0;'><strong>\u2713<\/strong> \u00c1ngulo de detecci\u00f3n: 85.9\u00b0.<\/li>\n<li style='margin: 5px 0;'><strong>\u2713<\/strong> Inmunidad contra mascotas: 30Kg.<\/li>\n<li style='margin: 5px 0;'><strong>\u2713<\/strong> Resoluci\u00f3n m\u00e1xima de la c\u00e1mara: 640 x 480.<\/li>\n<li style='margin: 5px 0;'><strong>\u2713<\/strong> Voltaje de Operaci\u00f3n: 3 x <a style='color: inherit; text-decoration: underline;' href='https:\/\/www.syscom.mx\/producto\/CR123A-EPCOM-POWERLINE-13896.html' target='_blank' rel='noopener'>CR123A<\/a> (Incluida).<\/li>\n<li style='margin: 5px 0;'><strong>\u2713<\/strong> Tiempo \u00fatil de la bater\u00eda: 6 a\u00f1os<\/li>\n<li style='margin: 5px 0;'><strong>\u2713<\/strong> Tamper antisabotaje.<\/li>\n<\/ul><\/div>\n<div style='flex: 1 1 300px; min-width: 280px;'> <a style='display: block;' href='https:\/\/www.syscom.mx\/producto\/DS-PDPC12P-EG2-WB-HIKVISION-189862.html' target='_blank' rel='noopener'> <img style='width: 100%; height: auto; border: 1px solid rgba(150&comma;150&comma;150&comma;0.3); border-radius: 8px;' src='https:\/\/ftp3.syscom.mx\/usuarios\/fotos\/BancoFotografiasSyscom\/HIKVISION\/DSPDPC12PEG2WB\/DSPDPC12PEG2WB-p.PNG' alt='DS-PDPC12P-EG2-WB'> <\/a> <\/div>\n<\/p><\/div>\n<p> <!-- Accesorios para Automatizaci\u00f3n --> <\/p>\n<h2 style='text-align: center; font-size: 20px; margin: 30px 0 20px; color: inherit; opacity: 0.9;'>ACCESORIOS PARA AUTOMATIZAR:<\/h2>\n<p> <!-- Accesorios DS-PM1-O1H-WB y DS-PM1-O1L-WB --> <\/p>\n<div style='display: flex; flex-wrap: wrap; gap: 30px; margin-bottom: 30px;'> <!-- DS-PM1-O1H-WB --> <\/p>\n<div style='flex: 1 1 300px; min-width: 280px;'>\n<div style='text-align: center; margin-bottom: 15px;'> <a style='display: block;' href='https:\/\/www.syscom.mx\/producto\/DS-PM1-O1H-WB-HIKVISION-191822.html' target='_blank' rel='noopener'> <img style='width: 60%; height: auto; margin: 0 auto; border: 1px solid rgba(150&comma;150&comma;150&comma;0.3); border-radius: 8px;' src='https:\/\/ftp3.syscom.mx\/usuarios\/fotos\/BancoFotografiasSyscom\/HIKVISION\/DSPM1O1HWB\/DSPM1O1HWB-p.PNG' alt='DS-PM1-O1H-WB'> <\/a> <\/div>\n<h3 style='font-size: 18px; margin-top: 0; margin-bottom: 10px; color: inherit;'> <a style='color: inherit; text-decoration: underline;' href='https:\/\/www.syscom.mx\/producto\/DS-PM1-O1H-WB-HIKVISION-191822.html' target='_blank' rel='noopener'>DS-PM1-O1H-WB<\/a> <\/h3>\n<ul style='padding-left: 20px; font-size: 14px; color: inherit;'>\n<li style='margin: 5px 0;'><strong>\u2713<\/strong> Comunicaci\u00f3n inal\u00e1mbrica bidireccional de 433 MHz \/ Cifrado AES-128.<\/li>\n<li style='margin: 5px 0;'><strong>\u2713<\/strong> Pantalla LED&comma; muestra el estado del dispositivo: encendido \/ apagado.<\/li>\n<li style='margin: 5px 0;'><strong>\u2713<\/strong> Dise\u00f1o de caja peque\u00f1a&comma; que se puede esconder f\u00e1cilmente.<\/li>\n<li style='margin: 5px 0;'><strong>\u2713<\/strong> Operaci\u00f3n de automatizaci\u00f3n&comma; bot\u00f3n de encendido\/apagado desde: aplicaci\u00f3n \/ control \/ teclado<\/li>\n<li style='margin: 5px 0;'><strong>\u2713<\/strong> Configuraci\u00f3n de escenarios por diferentes eventos.<\/li>\n<li style='margin: 5px 0;'><strong>\u2713<\/strong> 1 Salida de relevador: NO\/NC (100 a 240 VAC \/ Max. 13 A)<\/li>\n<li style='margin: 5px 0;'><strong>\u2713<\/strong> Voltaje de Operaci\u00f3n: 100 VCA a 240 VCA.<\/li>\n<li style='margin: 5px 0;'><strong>\u2713<\/strong> Temperatura de operaci\u00f3n: -10\u00b0 a 55\u00b0C.<\/li>\n<\/ul><\/div>\n<p> <!-- DS-PM1-O1L-WB --> <\/p>\n<div style='flex: 1 1 300px; min-width: 280px;'>\n<div style='text-align: center; margin-bottom: 15px;'> <a style='display: block;' href='https:\/\/www.syscom.mx\/producto\/DS-PM1-O1L-WB-HIKVISION-191819.html' target='_blank' rel='noopener'> <img style='width: 60%; height: auto; margin: 0 auto; border: 1px solid rgba(150&comma;150&comma;150&comma;0.3); border-radius: 8px;' src='https:\/\/ftp3.syscom.mx\/usuarios\/fotos\/BancoFotografiasSyscom\/HIKVISION\/DSPM1O1LWB\/DSPM1O1LWB-p.PNG' alt='DS-PM1-O1L-WB'> <\/a> <\/div>\n<h3 style='font-size: 18px; margin-top: 0; margin-bottom: 10px; color: inherit;'> <a style='color: inherit; text-decoration: underline;' href='https:\/\/www.syscom.mx\/producto\/DS-PM1-O1L-WB-HIKVISION-191819.html' target='_blank' rel='noopener'>DS-PM1-O1L-WB<\/a> <\/h3>\n<ul style='padding-left: 20px; font-size: 14px; color: inherit;'>\n<li style='margin: 5px 0;'><strong>\u2713<\/strong> Comunicaci\u00f3n inal\u00e1mbrica bidireccional de 433 MHz \/ Cifrado AES-128.<\/li>\n<li style='margin: 5px 0;'><strong>\u2713<\/strong> Pantalla LED&comma; muestra el estado del dispositivo: encendido \/ apagado.<\/li>\n<li style='margin: 5px 0;'><strong>\u2713<\/strong> Dise\u00f1o de caja peque\u00f1a&comma; que se puede esconder f\u00e1cilmente.<\/li>\n<li style='margin: 5px 0;'><strong>\u2713<\/strong> Operaci\u00f3n de automatizaci\u00f3n&comma; bot\u00f3n de encendido\/apagado desde: aplicaci\u00f3n \/ control \/ teclado<\/li>\n<li style='margin: 5px 0;'><strong>\u2713<\/strong> Configuraci\u00f3n de escenarios por diferentes eventos<\/li>\n<li style='margin: 5px 0;'><strong>\u2713<\/strong> Usando la entrada de alarma&comma; se puede utilizar como entrada de zona para el panel.<\/li>\n<li style='margin: 5px 0;'><strong>\u2713<\/strong> 1 Salida de relevador: NO\/NC (0 a 36Vcc \/ Max. 5 A).<\/li>\n<li style='margin: 5px 0;'><strong>\u2713<\/strong> 1 Entrada de alarma: NO\/NC.<\/li>\n<li style='margin: 5px 0;'><strong>\u2713<\/strong> Voltaje de Operaci\u00f3n: 7Vcc a 24 Vcc.<\/li>\n<li style='margin: 5px 0;'><strong>\u2713<\/strong> Temperatura de operaci\u00f3n: -10\u00b0 a 55\u00b0C.<\/li>\n<\/ul><\/div>\n<\/p><\/div>\n<p> <!-- Recursos Hikvision --> <\/p>\n<div style='text-align: center; margin: 40px 0 30px;'>\n<h2 style='font-size: 20px; margin-bottom: 20px; color: inherit; opacity: 0.9;'>Recursos<\/h2>\n<div style='display: flex; flex-wrap: wrap; gap: 20px; justify-content: center;'>\n<div style='flex: 1 1 300px; min-width: 250px;'> <a style='display: block;' href='https:\/\/www.hikvision.com\/es-la\/support\/download\/software\/ivms4200-series\/?q=serie%20ivms4200&#038;position=1' target='_blank' rel='noopener'> <img style='width: 100%; height: auto; border: 1px solid rgba(150&comma;150&comma;150&comma;0.3); border-radius: 8px;' src='https:\/\/ftp3.syscom.mx\/usuarios\/gmagos\/HIK\/IP\/IPC\/Imagenes%20pagina\/Descargas%20IVMS4200.jpg' alt='IVMS4200'> <\/a> <\/div>\n<div style='flex: 1 1 300px; min-width: 250px;'> <a style='display: block;' href='https:\/\/appstore.hikvision.com\/' target='_blank' rel='noopener'> <img style='width: 100%; height: auto; border: 1px solid rgba(150&comma;150&comma;150&comma;0.3); border-radius: 8px;' src='https:\/\/ftp3.syscom.mx\/usuarios\/gmagos\/HIK\/IP\/IPC\/Imagenes%20pagina\/Descargas%20de%20app.jpg' alt='App Store Hikvision'> <\/a> <\/div>\n<div style='flex: 1 1 300px; min-width: 250px;'> <a style='display: block;' href='https:\/\/ftp3.syscom.mx\/usuarios\/jsosa\/HIKVISION\/alarmas\/AXPPRO\/DSPWA48MWB\/DS-PWA48-M-WB.pdf' target='_blank' rel='noopener'> <img style='width: 100%; height: auto; border: 1px solid rgba(150&comma;150&comma;150&comma;0.3); border-radius: 8px;' src='https:\/\/ftp3.syscom.mx\/usuarios\/gmagos\/HIK\/IP\/IPC\/Imagenes%20pagina\/Descarga%20de%20PDF.jpg' alt='Manual PDF'> <\/a> <\/div>\n<\/p><\/div>\n<\/p><\/div>\n<p> <!-- Banner Final --> <\/p>\n<div style='text-align: center; margin: 30px 0;'> <a style='display: block;' href='https:\/\/www.syscom.mx\/principal\/promociones\/serie_ax_pro_alarmas_hikvision-5416.html?ordenar=Relevancia&#038;pag=1' target='_blank' rel='noopener'> <img style='width: 100%; height: auto; border: 1px solid rgba(150&comma;150&comma;150&comma;0.3); border-radius: 8px;' src='https:\/\/ftp3.syscom.mx\/usuarios\/jsosa\/HIKVISION\/alarmas\/AXPPRO\/banner\/HIKVISION-AXPRO-SERIES.jpg' alt='Serie AX PRO'> <\/a> <\/div>\n<\/p><\/div>\n","protected":false},"excerpt":{"rendered":"<p>(AX PRO) C\u00c1MARA Inal\u00e1mbrica + PIR \/ 6 A\u00f1os de Bater\u00eda \/ Inmunidad a Mascotas \/ Rango de Detecci\u00f3n de 12 mts \/ Angulo de 85.9\u00b0 de Cobertura + Montaje Universal<\/p>\n","protected":false},"featured_media":3120,"comment_status":"open","ping_status":"closed","template":"","meta":[],"product_brand":[],"product_cat":[68],"product_tag":[70,54,69],"class_list":{"0":"post-3121","1":"product","2":"type-product","3":"status-publish","4":"has-post-thumbnail","6":"product_cat-ax-pro-series","7":"product_tag-ax-pro-series","8":"product_tag-hikvision","9":"product_tag-paneles-de-alarma-y-accesorios-hikvision","11":"first","12":"outofstock","13":"sale","14":"shipping-taxable","15":"purchasable","16":"product-type-simple"},"_links":{"self":[{"href":"https:\/\/soydeaqui.ddns.net\/pachuca\/index.php\/wp-json\/wp\/v2\/product\/3121","targetHints":{"allow":["GET"]}}],"collection":[{"href":"https:\/\/soydeaqui.ddns.net\/pachuca\/index.php\/wp-json\/wp\/v2\/product"}],"about":[{"href":"https:\/\/soydeaqui.ddns.net\/pachuca\/index.php\/wp-json\/wp\/v2\/types\/product"}],"replies":[{"embeddable":true,"href":"https:\/\/soydeaqui.ddns.net\/pachuca\/index.php\/wp-json\/wp\/v2\/comments?post=3121"}],"wp:featuredmedia":[{"embeddable":true,"href":"https:\/\/soydeaqui.ddns.net\/pachuca\/index.php\/wp-json\/wp\/v2\/media\/3120"}],"wp:attachment":[{"href":"https:\/\/soydeaqui.ddns.net\/pachuca\/index.php\/wp-json\/wp\/v2\/media?parent=3121"}],"wp:term":[{"taxonomy":"product_brand","embeddable":true,"href":"https:\/\/soydeaqui.ddns.net\/pachuca\/index.php\/wp-json\/wp\/v2\/product_brand?post=3121"},{"taxonomy":"product_cat","embeddable":true,"href":"https:\/\/soydeaqui.ddns.net\/pachuca\/index.php\/wp-json\/wp\/v2\/product_cat?post=3121"},{"taxonomy":"product_tag","embeddable":true,"href":"https:\/\/soydeaqui.ddns.net\/pachuca\/index.php\/wp-json\/wp\/v2\/product_tag?post=3121"}],"curies":[{"name":"wp","href":"https:\/\/api.w.org\/{rel}","templated":true}]}}