{"id":31190,"date":"2026-03-18T14:05:07","date_gmt":"2026-03-18T14:05:07","guid":{"rendered":"https:\/\/soydeaqui.ddns.net\/pachuca\/index.php\/producto\/teclado-exterior-interior-antivandalico-3-relevadores-salida-wiegand-1200-usuarios\/"},"modified":"2026-03-18T14:05:13","modified_gmt":"2026-03-18T14:05:13","slug":"teclado-exterior-interior-antivandalico-3-relevadores-salida-wiegand-1200-usuarios","status":"publish","type":"product","link":"https:\/\/soydeaqui.ddns.net\/pachuca\/index.php\/producto\/teclado-exterior-interior-antivandalico-3-relevadores-salida-wiegand-1200-usuarios\/","title":{"rendered":"Teclado exterior\/interior antivand\u00e1lico, 3 relevadores, salida wiegand, 1200 usuarios"},"content":{"rendered":"<div style='width: 100%; max-width: 1200px; margin: 0 auto; font-family: sans-serif; line-height: 1.6; color: inherit; background-color: transparent;'> <!-- Secci\u00f3n de descripci\u00f3n principal --> <\/p>\n<div style='margin-bottom: 30px; font-size: 15px; color: inherit;'>\n<p style='margin: 0 0 15px 0;'>La serie ProKeypad es la combinaci\u00f3n de un teclado industrial robusto con una tarjeta de control para uso continuo por largos periodos de tiempo.<\/p>\n<p style='margin: 0 0 15px 0;'>Dise\u00f1os exclusivos de alt\u00edsima calidad y confiabilidad&comma; completos en funciones y extremadamente elegantes hacen a la serie ProKeypad la elecci\u00f3n segura para expertos en seguridad.<\/p>\n<ul style='padding-left: 20px; margin: 20px 0; font-size: 14px; color: inherit;'>\n<li style='margin-bottom: 5px;'>Para montaje en pared (incluye montaje)<\/li>\n<li style='margin-bottom: 5px;'>Soporta 1&comma;200 usuarios divididos en 3 grupos de acceso (1 por relay)<\/li>\n<ul style='padding-left: 20px; margin: 10px 0;'>\n<li style='margin-bottom: 5px;'>Grupo 1: 1&comma;000 usuarios<\/li>\n<li style='margin-bottom: 5px;'>Grupo 2: 100 usuarios<\/li>\n<li style='margin-bottom: 5px;'>Grupo 3: 100 usuarios<\/li>\n<\/ul>\n<li style='margin-bottom: 5px;'>Salida Wiegand compatible con paneles AccessPRO <a href='https:\/\/www.youtube.com\/watch?v=CyW7C3pWaLU' target='_blank' rel='noopener' style='color: inherit; text-decoration: underline;'>Ver video tutorial<\/a><\/li>\n<li style='margin-bottom: 5px;'>Luz posterior en los botones<\/li>\n<li style='margin-bottom: 5px;'>Switch Tamper interconstruido<\/li>\n<li style='margin-bottom: 5px;'>Funci\u00f3n esclusa (requiere 2 PROKEYPAD)<\/li>\n<li style='margin-bottom: 5px;'>2 entradas (Rex y sensor de puerta)<\/li>\n<li style='margin-bottom: 5px;'>3 salidas de relevador (1 por grupo)<\/li>\n<li style='margin-bottom: 5px;'>Funci\u00f3n de visitante (programe usuarios v\u00e1lidos por cierto per\u00edodo de tiempo)<\/li>\n<li style='margin-bottom: 5px;'>Antivand\u00e1lico<\/li>\n<li style='margin-bottom: 5px;'>Placa de acero inoxidable<\/li>\n<li style='margin-bottom: 5px;'>Voltaje de operaci\u00f3n: 12 &#8211; 24 Vcc autojustable (fuente no incluida)<\/li>\n<li style='margin-bottom: 5px;'>Dimensiones: 125 x 79 x 46\/54 mm&comma; 550 gr.<\/li>\n<\/ul>\n<p style='margin: 20px 0 0 0; font-size: 14px;'><strong>*1 A\u00f1o de Garant\u00eda.<\/strong><\/p>\n<\/p><\/div>\n<p> <!-- Secci\u00f3n de nota importante --> <\/p>\n<div style='margin-bottom: 30px; padding: 15px; border-left: 4px solid rgba(150&comma;150&comma;150&comma;0.5); background-color: rgba(150&comma;150&comma;150&comma;0.05);'>\n<p style='margin: 0; font-size: 14px; color: inherit;'><strong>NOTA:<\/strong> Para reestablecer la contrase\u00f1a utiliza 2828 en lugar de 8080.<\/p>\n<\/p><\/div>\n<p> <!-- Secci\u00f3n de video --> <\/p>\n<div style='margin-bottom: 30px;'>\n<div style='position: relative; padding-bottom: 56.25%; height: 0; overflow: hidden;'>   <\/div>\n<\/p><\/div>\n<p> <!-- Secci\u00f3n de texto adicional --> <\/p>\n<div style='margin-bottom: 30px; font-size: 15px; color: inherit;'>\n<p style='margin: 0 0 15px 0;'><strong>Teclado industrial para uso continuo<\/strong><\/p>\n<p style='margin: 0;'>Los teclados tradicionales no tienen la misma resistencia al uso que la l\u00ednea AccessPRO Industrial.<\/p>\n<\/p><\/div>\n<p> <!-- Mensaje de disponibilidad --> <\/p>\n<div style='margin-bottom: 30px; padding: 15px; background-color: rgba(255&comma; 0&comma; 0&comma; 0.05); border: 1px solid rgba(255&comma; 0&comma; 0&comma; 0.3); border-radius: 6px; text-align: center;'>\n<p style='margin: 0; font-weight: bold; color: inherit;'>****Hasta agotar existencias ****<\/p>\n<\/p><\/div>\n<\/p><\/div>\n","protected":false},"excerpt":{"rendered":"<p>Teclado exterior\/interior antivand\u00e1lico, 3 relevadores, salida wiegand, 1200 usuarios<\/p>\n","protected":false},"featured_media":31189,"comment_status":"open","ping_status":"closed","template":"","meta":[],"product_brand":[],"product_cat":[835],"product_tag":[865,836,62],"class_list":{"0":"post-31190","1":"product","2":"type-product","3":"status-publish","4":"has-post-thumbnail","6":"product_cat-todos-teclados-autonomos","7":"product_tag-accesspro-industrial","8":"product_tag-teclados-autonomos","9":"product_tag-todos","11":"first","12":"instock","13":"sale","14":"shipping-taxable","15":"purchasable","16":"product-type-simple"},"_links":{"self":[{"href":"https:\/\/soydeaqui.ddns.net\/pachuca\/index.php\/wp-json\/wp\/v2\/product\/31190","targetHints":{"allow":["GET"]}}],"collection":[{"href":"https:\/\/soydeaqui.ddns.net\/pachuca\/index.php\/wp-json\/wp\/v2\/product"}],"about":[{"href":"https:\/\/soydeaqui.ddns.net\/pachuca\/index.php\/wp-json\/wp\/v2\/types\/product"}],"replies":[{"embeddable":true,"href":"https:\/\/soydeaqui.ddns.net\/pachuca\/index.php\/wp-json\/wp\/v2\/comments?post=31190"}],"wp:featuredmedia":[{"embeddable":true,"href":"https:\/\/soydeaqui.ddns.net\/pachuca\/index.php\/wp-json\/wp\/v2\/media\/31189"}],"wp:attachment":[{"href":"https:\/\/soydeaqui.ddns.net\/pachuca\/index.php\/wp-json\/wp\/v2\/media?parent=31190"}],"wp:term":[{"taxonomy":"product_brand","embeddable":true,"href":"https:\/\/soydeaqui.ddns.net\/pachuca\/index.php\/wp-json\/wp\/v2\/product_brand?post=31190"},{"taxonomy":"product_cat","embeddable":true,"href":"https:\/\/soydeaqui.ddns.net\/pachuca\/index.php\/wp-json\/wp\/v2\/product_cat?post=31190"},{"taxonomy":"product_tag","embeddable":true,"href":"https:\/\/soydeaqui.ddns.net\/pachuca\/index.php\/wp-json\/wp\/v2\/product_tag?post=31190"}],"curies":[{"name":"wp","href":"https:\/\/api.w.org\/{rel}","templated":true}]}}