{"id":31166,"date":"2026-03-18T14:04:37","date_gmt":"2026-03-18T14:04:37","guid":{"rendered":"https:\/\/soydeaqui.ddns.net\/pachuca\/index.php\/producto\/lector-de-huella-sigma-lite-bio-con-lector-mifare-poe-ip65-aprobado-por-fbi\/"},"modified":"2026-03-18T14:04:41","modified_gmt":"2026-03-18T14:04:41","slug":"lector-de-huella-sigma-lite-bio-con-lector-mifare-poe-ip65-aprobado-por-fbi","status":"publish","type":"product","link":"https:\/\/soydeaqui.ddns.net\/pachuca\/index.php\/producto\/lector-de-huella-sigma-lite-bio-con-lector-mifare-poe-ip65-aprobado-por-fbi\/","title":{"rendered":"Lector de huella Sigma Lite BIO con lector Mifare PoE, IP65 aprobado por FBI"},"content":{"rendered":"<div style='width: 100%; max-width: 1200px; margin: 0 auto; font-family: sans-serif; line-height: 1.6; color: inherit; background-color: transparent;'> <!-- Imagen principal --> <\/p>\n<div style='margin-bottom: 30px;'> <img style='width: 100%; height: auto; border: 1px solid rgba(150&comma;150&comma;150&comma;0.3); border-radius: 8px;' src='https:\/\/ftp3.syscom.mx\/usuarios\/hsarabia\/IDEMIA\/02.jpg' alt=''> <\/div>\n<p> <!-- Descripci\u00f3n general --> <\/p>\n<div style='margin-bottom: 30px; font-size: 15px;'>\n<p>Concebidos con el mismo nivel de detalle y rendimiento que su predecesor&comma; los terminales MorphoAccess\u00ae SIGMA Lite est\u00e1n espec\u00edficamente dise\u00f1ados para ser instalados en superficies estrechas&comma; tales como marcos de puertas de cristal o aluminio&comma; torniquetes o en la estanter\u00eda para servidores de c\u00f3mputo. Con dos dise\u00f1os y varias opciones de lectores de tarjetas&comma; hay una variedad de modelos para abordar el m\u00e1s amplio rango de escenarios&comma; tanto en interiores como en exteriores.<\/p>\n<\/p><\/div>\n<p> <!-- Secci\u00f3n de caracter\u00edsticas principales --> <\/p>\n<div style='display: flex; flex-wrap: wrap; gap: 30px; margin-bottom: 30px;'>\n<div style='flex: 1 1 300px; min-width: 280px;'>\n<h3 style='font-size: 22px; border-bottom: 2px solid currentColor; padding-bottom: 5px; margin-top: 0; color: inherit; opacity: 0.8;'>Caracter\u00edsticas<\/h3>\n<ul style='padding-left: 20px; font-size: 15px; color: inherit;'>\n<li style='margin-bottom: 5px;'>Usuarios: 500<\/li>\n<li style='margin-bottom: 5px;'>Eventos 1 000 000<\/li>\n<li style='margin-bottom: 5px;'>Comunicaci\u00f3n TCP\/IP<\/li>\n<li style='margin-bottom: 5px;'>Relevador (COM&comma; NO\/NC)<\/li>\n<li style='margin-bottom: 5px;'>Alimentaci\u00f3n 12Vcc&comma; 500mAmp&comma; PoE<\/li>\n<li style='margin-bottom: 5px;'>Dimensiones 156 X 68 X 62 mm<\/li>\n<\/ul><\/div>\n<div style='flex: 1 1 300px; min-width: 280px;'>\n<h3 style='font-size: 22px; border-bottom: 2px solid currentColor; padding-bottom: 5px; margin-top: 0; color: inherit; opacity: 0.8;'>Caracter\u00edsticas biom\u00e9tricas<\/h3>\n<ul style='padding-left: 20px; font-size: 15px; color: inherit;'>\n<li style='margin-bottom: 5px;'>La tecnolog\u00eda de huella dactilar de Morpho est\u00e1 clasificada n\u00b01 en precisi\u00f3n por NIST<\/li>\n<li style='margin-bottom: 5px;'>Por medio de licencias&comma; Hasta 10&comma;000 usuarios (30&comma;000 plantillas biom\u00e9tricas) en modo identificaci\u00f3n 1:N<\/li>\n<li style='margin-bottom: 5px;'>Tiempo de identificaci\u00f3n de un segundo en 1:10&comma;000 usuarios&comma; usando licencias<\/li>\n<li style='margin-bottom: 5px;'>Su precisi\u00f3n se mantiene independientemente del n\u00famero de usuarios almacenados<\/li>\n<li style='margin-bottom: 5px;'>Sensor \u00f3ptico certificado PIV IQS por el FBI<\/li>\n<li style='margin-bottom: 5px;'><strong>Lector de proximidad multi (Mifare)<\/strong><\/li>\n<li style='margin-bottom: 5px;'><strong>IP65<\/strong> bajo techo<\/li>\n<li style='margin-bottom: 5px;'>Con LED multicolor azul\/verde\/rojo y zumbador (buzzer)<\/li>\n<\/ul><\/div>\n<\/p><\/div>\n<p> <!-- Secci\u00f3n de licencias --> <\/p>\n<div style='margin-bottom: 30px;'>\n<h3 style='font-size: 22px; border-bottom: 2px solid currentColor; padding-bottom: 5px; margin-top: 0; color: inherit; opacity: 0.8;'>Licencias de expansi\u00f3n de memoria<\/h3>\n<p style='margin-top: 0; font-size: 15px; color: inherit;'>237708350<br \/>Lic de Actualizacion a 3000 usuarios solo para SIGMALITE y SIGMALITEPLUS (una licencia por lectora)<\/p>\n<p style='margin-top: 0; font-size: 15px; color: inherit;'>293589574<br \/>Lic. de Actualizacion a 10 000 usuarios Para toda la linea SIGMA<br \/>(una licencia por lectora)<\/p>\n<\/p><\/div>\n<p> <!-- Secci\u00f3n de software --> <\/p>\n<div style='margin-bottom: 30px;'>\n<h3 style='font-size: 22px; border-bottom: 2px solid currentColor; padding-bottom: 5px; margin-top: 0; color: inherit; opacity: 0.8;'>Software<\/h3>\n<p style='margin-top: 0; font-size: 15px; color: inherit;'><strong>Morpho Manager licenciado<\/strong><\/p>\n<ul style='padding-left: 20px; font-size: 15px; color: inherit;'>\n<li style='margin-bottom: 5px;'>Gratuito para 5 terminales&comma; despu\u00e9s requiere licencia<\/li>\n<li style='margin-bottom: 5px;'>Licencia de 10 terminales modelo A00070702<\/li>\n<li style='margin-bottom: 5px;'>Licencia de 20 terminales modelo A00070703<\/li>\n<li style='margin-bottom: 5px;'>Licencia de 50 terminales modelo A00070704<\/li>\n<li style='margin-bottom: 5px;'>Licencia de 100 terminales modelo A00070707<\/li>\n<\/ul><\/div>\n<p> <!-- Nota importante --> <\/p>\n<div style='margin-bottom: 30px; font-size: 15px; color: inherit;'>\n<p><strong>Nota:<\/strong> Algunos modelos pueden llegar en color blanco o negro<\/p>\n<\/p><\/div>\n<p> <!-- Im\u00e1genes adicionales y video --> <\/p>\n<div style='display: flex; flex-wrap: wrap; gap: 20px; margin-bottom: 30px;'>\n<div style='flex: 1 1 300px; min-width: 280px;'> <img style='width: 100%; height: auto; border: 1px solid rgba(150&comma;150&comma;150&comma;0.3); border-radius: 8px;' src='https:\/\/ftp3.syscom.mx\/usuarios\/fotos\/293678636\/293678636.png' alt=''> <\/div>\n<div style='flex: 1 1 300px; min-width: 280px;'> <img style='width: 100%; height: auto; border: 1px solid rgba(150&comma;150&comma;150&comma;0.3); border-radius: 8px;' src='https:\/\/ftp3.syscom.mx\/usuarios\/hsarabia\/IDEMIA\/en%20el%20pie.jpg' alt=''> <\/div>\n<div style='flex: 1 1 100%;'> <!-- Video container --> <\/p>\n<div style='position: relative; padding-bottom: 56.25%; height: 0; overflow: hidden;'>   <\/div>\n<\/p><\/div>\n<\/p><\/div>\n<p> <!-- Requisito de enrolador --> <\/p>\n<div style='margin-bottom: 30px; font-size: 15px; color: inherit;'>\n<p>Se recomienda el enrolador <strong>MMPRO<\/strong> (se vende por separado)<\/p>\n<\/p><\/div>\n<p> <!-- Separador final --> <\/p>\n<hr style='border: 0; border-top: 1px solid rgba(150&comma; 150&comma; 150&comma; 0.3); margin: 30px 0;'> <\/div>\n","protected":false},"excerpt":{"rendered":"<p>Lector de huella Sigma Lite BIO con lector Mifare PoE, IP65 aprobado por FBI<\/p>\n","protected":false},"featured_media":31165,"comment_status":"open","ping_status":"closed","template":"","meta":[],"product_brand":[],"product_cat":[806],"product_tag":[744,794,807],"class_list":{"0":"post-31166","1":"product","2":"type-product","3":"status-publish","4":"has-post-thumbnail","6":"product_cat-para-control-de-acceso","7":"product_tag-biometricos","8":"product_tag-idemia-morpho","9":"product_tag-para-control-de-acceso","11":"first","12":"instock","13":"sale","14":"shipping-taxable","15":"purchasable","16":"product-type-simple"},"_links":{"self":[{"href":"https:\/\/soydeaqui.ddns.net\/pachuca\/index.php\/wp-json\/wp\/v2\/product\/31166","targetHints":{"allow":["GET"]}}],"collection":[{"href":"https:\/\/soydeaqui.ddns.net\/pachuca\/index.php\/wp-json\/wp\/v2\/product"}],"about":[{"href":"https:\/\/soydeaqui.ddns.net\/pachuca\/index.php\/wp-json\/wp\/v2\/types\/product"}],"replies":[{"embeddable":true,"href":"https:\/\/soydeaqui.ddns.net\/pachuca\/index.php\/wp-json\/wp\/v2\/comments?post=31166"}],"wp:featuredmedia":[{"embeddable":true,"href":"https:\/\/soydeaqui.ddns.net\/pachuca\/index.php\/wp-json\/wp\/v2\/media\/31165"}],"wp:attachment":[{"href":"https:\/\/soydeaqui.ddns.net\/pachuca\/index.php\/wp-json\/wp\/v2\/media?parent=31166"}],"wp:term":[{"taxonomy":"product_brand","embeddable":true,"href":"https:\/\/soydeaqui.ddns.net\/pachuca\/index.php\/wp-json\/wp\/v2\/product_brand?post=31166"},{"taxonomy":"product_cat","embeddable":true,"href":"https:\/\/soydeaqui.ddns.net\/pachuca\/index.php\/wp-json\/wp\/v2\/product_cat?post=31166"},{"taxonomy":"product_tag","embeddable":true,"href":"https:\/\/soydeaqui.ddns.net\/pachuca\/index.php\/wp-json\/wp\/v2\/product_tag?post=31166"}],"curies":[{"name":"wp","href":"https:\/\/api.w.org\/{rel}","templated":true}]}}