{"id":31126,"date":"2026-03-18T14:03:40","date_gmt":"2026-03-18T14:03:40","guid":{"rendered":"https:\/\/soydeaqui.ddns.net\/pachuca\/index.php\/producto\/lector-de-huella-serie-sigma-con-lector-iclass-tiempo-y-asistencia-ip65-poe\/"},"modified":"2026-03-18T14:03:47","modified_gmt":"2026-03-18T14:03:47","slug":"lector-de-huella-serie-sigma-con-lector-iclass-tiempo-y-asistencia-ip65-poe","status":"publish","type":"product","link":"https:\/\/soydeaqui.ddns.net\/pachuca\/index.php\/producto\/lector-de-huella-serie-sigma-con-lector-iclass-tiempo-y-asistencia-ip65-poe\/","title":{"rendered":"Lector de huella serie sigma con lector ICLASS \/ tiempo y asistencia \/ IP65 \/ PoE"},"content":{"rendered":"<div style='width: 100%; max-width: 1200px; margin: 0 auto; font-family: sans-serif; line-height: 1.6; color: inherit; background-color: transparent;'>\n<div style='display: flex; flex-wrap: wrap; gap: 30px; margin-bottom: 30px;'>\n<div style='flex: 1 1 300px; min-width: 280px;'> <img style='width: 100%; height: auto; border: 1px solid rgba(150&comma;150&comma;150&comma;0.3); border-radius: 8px;' src='https:\/\/ftp3.syscom.mx\/usuarios\/hsarabia\/IDEMIA\/01.jpg' alt=''> <\/div>\n<div style='flex: 1 1 300px; min-width: 280px;'>\n<p style='font-size: 15px; color: inherit;'>Adaptado para el control de acceso y las aplicaciones de control de asistencia&comma; el MorphoAccess\u00ae SIGMA (MA SIGMA) incorpora m\u00e1s de 20 patentes que dan continuidad a nuestro dominio de la identificaci\u00f3n biom\u00e9trica&comma; adem\u00e1s de ofrecer una serie de caracter\u00edsticas adicionales y una experiencia de uso refinada y agradable.<\/p>\n<ul style='padding-left: 20px; font-size: 15px; color: inherit;'>\n<li style='margin-bottom: 5px;'>Funciones dedicadas al control de asistencia<\/li>\n<li style='margin-bottom: 5px;'>Intuitivo&comma; uso similar a una tablet<\/li>\n<li style='margin-bottom: 5px;'>Funci\u00f3n de tv portero<\/li>\n<li style='margin-bottom: 5px;'>Detecci\u00f3n de dedo falso&comma; detecci\u00f3n de rostro y alerta de coacci\u00f3n<\/li>\n<li style='margin-bottom: 5px;'>Amplia gama de tecnolog\u00edas sin contacto incluyendo NFC <strong>(Opcional&comma; preguntar con ingenier\u00eda)<\/strong><\/li>\n<li style='margin-bottom: 5px;'>Nivel de protecci\u00f3n IP65 bajo techo<\/li>\n<li style='margin-bottom: 5px;'>Pantalla t\u00e1ctil<\/li>\n<\/ul><\/div>\n<\/p><\/div>\n<div style='display: flex; flex-wrap: wrap; gap: 20px; margin-bottom: 30px;'>\n<div style='flex: 1 1 250px; border: 1px solid rgba(150&comma; 150&comma; 150&comma; 0.4); border-radius: 8px; overflow: hidden; display: flex; flex-direction: column;'>\n<div style='padding: 15px; border-bottom: 1px solid rgba(150&comma; 150&comma; 150&comma; 0.2); font-weight: bold; font-size: 18px; color: inherit;'>Capacidad<\/div>\n<div style='padding: 15px; color: inherit;'>\n<ul style='padding-left: 20px; margin: 0; font-size: 14px; list-style-type: disc;'>\n<li style='margin-bottom: 5px;'>5000 usuarios (2 dedos + 1 en coacci\u00f3n cada uno)<\/li>\n<li style='margin-bottom: 5px;'>Memoria ampliable a 10&comma;000&comma; 50&comma;000 o 100&comma;000 usuarios mediante licencias<\/li>\n<li style='margin-bottom: 5px;'>1 mill\u00f3n de transacciones<\/li>\n<\/ul><\/div>\n<\/p><\/div>\n<div style='flex: 1 1 250px; border: 1px solid rgba(150&comma; 150&comma; 150&comma; 0.4); border-radius: 8px; overflow: hidden; display: flex; flex-direction: column;'>\n<div style='padding: 15px; border-bottom: 1px solid rgba(150&comma; 150&comma; 150&comma; 0.2); font-weight: bold; font-size: 18px; color: inherit;'>Conexi\u00f3n<\/div>\n<div style='padding: 15px; color: inherit;'>\n<ul style='padding-left: 20px; margin: 0; font-size: 14px; list-style-type: disc;'>\n<li style='margin-bottom: 5px;'>Puertos wiegand de entrada y salida<\/li>\n<li style='margin-bottom: 5px;'>Alimentaci\u00f3n 12-24 VDC<\/li>\n<li style='margin-bottom: 5px;'>Alimentaci\u00f3n PoE<\/li>\n<li style='margin-bottom: 5px;'>Comunicaci\u00f3n Ethernet<\/li>\n<\/ul><\/div>\n<\/p><\/div>\n<div style='flex: 1 1 250px; border: 1px solid rgba(150&comma; 150&comma; 150&comma; 0.4); border-radius: 8px; overflow: hidden; display: flex; flex-direction: column;'>\n<div style='padding: 15px; border-bottom: 1px solid rgba(150&comma; 150&comma; 150&comma; 0.2); font-weight: bold; font-size: 18px; color: inherit;'>Especificaciones<\/div>\n<div style='padding: 15px; color: inherit;'>\n<ul style='padding-left: 20px; margin: 0; font-size: 14px; list-style-type: disc;'>\n<li style='margin-bottom: 5px;'>Temperatura de operaci\u00f3n: -20\u00b0C a 60\u00b0C<\/li>\n<li style='margin-bottom: 5px;'>Grado de protecci\u00f3n: IP65 bajo techo<\/li>\n<li style='margin-bottom: 5px;'>Lector iCLASS<\/li>\n<\/ul><\/div>\n<\/p><\/div>\n<\/p><\/div>\n<hr style='border: 0; border-top: 1px solid rgba(150&comma; 150&comma; 150&comma; 0.3); margin: 30px 0;'>\n<div style='display: flex; flex-wrap: wrap; gap: 20px; margin-bottom: 30px;'>\n<div style='flex: 1 1 300px; min-width: 280px;'>\n<h3 style='font-size: 22px; border-bottom: 2px solid currentColor; padding-bottom: 5px; margin-top: 0; color: inherit; opacity: 0.8;'>Licencias de expansi\u00f3n de memoria<\/h3>\n<ul style='padding-left: 20px; font-size: 15px; color: inherit;'>\n<li style='margin-bottom: 5px;'>293589574 &#8211; Lic. de Actualizaci\u00f3n a 10&comma;000 usuarios Para toda la l\u00ednea SIGMA (una licencia por lectora)<\/li>\n<li style='margin-bottom: 5px;'>293654719 &#8211; Lic. de Actualizaci\u00f3n a 50&comma;000 usuarios solo para WR MA SIGMA (una licencia por lectora)<\/li>\n<li style='margin-bottom: 5px;'>293654727 &#8211; Lic. de Actualizaci\u00f3n a 100&comma;000 usuarios solo para WR MA SIGMA (una licencia por lectora)<\/li>\n<\/ul><\/div>\n<div style='flex: 1 1 300px; min-width: 280px;'>\n<h3 style='font-size: 22px; border-bottom: 2px solid currentColor; padding-bottom: 5px; margin-top: 0; color: inherit; opacity: 0.8;'>Software<\/h3>\n<p style='font-size: 15px; color: inherit;'><strong>Morpho Manager licenciado<\/strong><\/p>\n<ul style='padding-left: 20px; font-size: 15px; color: inherit;'>\n<li style='margin-bottom: 5px;'>Gratuito para 5 terminales&comma; despu\u00e9s requiere licencia<\/li>\n<li style='margin-bottom: 5px;'>Licencia de 10 terminales modelo A00070702<\/li>\n<li style='margin-bottom: 5px;'>Licencia de 20 terminales modelo A00070703<\/li>\n<li style='margin-bottom: 5px;'>Licencia de 50 terminales modelo A00070704<\/li>\n<li style='margin-bottom: 5px;'>Licencia de 100 terminales modelo A00070707<\/li>\n<\/ul><\/div>\n<\/p><\/div>\n<hr style='border: 0; border-top: 1px solid rgba(150&comma; 150&comma; 150&comma; 0.3); margin: 30px 0;'>\n<div style='display: flex; flex-wrap: wrap; gap: 20px; margin-bottom: 30px;'>\n<div style='flex: 1 1 300px; min-width: 280px;'>\n<p style='font-size: 15px; color: inherit;'><strong>Se recomienda el enrolador MMPRO<\/strong> (se vende por separado)<\/p>\n<\/p><\/div>\n<\/p><\/div>\n<div style='display: flex; flex-wrap: wrap; gap: 20px; margin-bottom: 30px;'>\n<div style='flex: 1 1 300px; min-width: 280px;'> <img style='width: 100%; height: auto; border: 1px solid rgba(150&comma;150&comma;150&comma;0.3); border-radius: 8px;' src='https:\/\/ftp3.syscom.mx\/usuarios\/fotos\/293638877\/293638877.png' alt=''> <\/div>\n<div style='flex: 1 1 300px; min-width: 280px;'> <img style='width: 100%; height: auto; border: 1px solid rgba(150&comma;150&comma;150&comma;0.3); border-radius: 8px;' src='https:\/\/ftp3.syscom.mx\/usuarios\/fotos\/293638877\/293638877-1.png' alt=''> <\/div>\n<\/p><\/div>\n<div style='position: relative; padding-bottom: 56.25%; height: 0; overflow: hidden; margin-bottom: 30px;'>   <\/div>\n<div style='display: flex; flex-wrap: wrap; gap: 20px; margin-bottom: 30px;'>\n<div style='flex: 1 1 300px; min-width: 280px;'> <img style='width: 100%; height: auto; border: 1px solid rgba(150&comma;150&comma;150&comma;0.3); border-radius: 8px;' src='https:\/\/ftp3.syscom.mx\/usuarios\/hsarabia\/IDEMIA\/en%20el%20pie.jpg' alt=''> <\/div>\n<\/p><\/div>\n<\/p><\/div>\n","protected":false},"excerpt":{"rendered":"<p>Lector de huella serie sigma con lector ICLASS \/ tiempo y asistencia \/ IP65 \/ PoE<\/p>\n","protected":false},"featured_media":31125,"comment_status":"open","ping_status":"closed","template":"","meta":[],"product_brand":[],"product_cat":[743],"product_tag":[744,794,745],"class_list":{"0":"post-31126","1":"product","2":"type-product","3":"status-publish","4":"has-post-thumbnail","6":"product_cat-para-tiempo-y-asistencia-checadores","7":"product_tag-biometricos","8":"product_tag-idemia-morpho","9":"product_tag-para-tiempo-y-asistencia-checadores","11":"first","12":"outofstock","13":"sale","14":"shipping-taxable","15":"purchasable","16":"product-type-simple"},"_links":{"self":[{"href":"https:\/\/soydeaqui.ddns.net\/pachuca\/index.php\/wp-json\/wp\/v2\/product\/31126","targetHints":{"allow":["GET"]}}],"collection":[{"href":"https:\/\/soydeaqui.ddns.net\/pachuca\/index.php\/wp-json\/wp\/v2\/product"}],"about":[{"href":"https:\/\/soydeaqui.ddns.net\/pachuca\/index.php\/wp-json\/wp\/v2\/types\/product"}],"replies":[{"embeddable":true,"href":"https:\/\/soydeaqui.ddns.net\/pachuca\/index.php\/wp-json\/wp\/v2\/comments?post=31126"}],"wp:featuredmedia":[{"embeddable":true,"href":"https:\/\/soydeaqui.ddns.net\/pachuca\/index.php\/wp-json\/wp\/v2\/media\/31125"}],"wp:attachment":[{"href":"https:\/\/soydeaqui.ddns.net\/pachuca\/index.php\/wp-json\/wp\/v2\/media?parent=31126"}],"wp:term":[{"taxonomy":"product_brand","embeddable":true,"href":"https:\/\/soydeaqui.ddns.net\/pachuca\/index.php\/wp-json\/wp\/v2\/product_brand?post=31126"},{"taxonomy":"product_cat","embeddable":true,"href":"https:\/\/soydeaqui.ddns.net\/pachuca\/index.php\/wp-json\/wp\/v2\/product_cat?post=31126"},{"taxonomy":"product_tag","embeddable":true,"href":"https:\/\/soydeaqui.ddns.net\/pachuca\/index.php\/wp-json\/wp\/v2\/product_tag?post=31126"}],"curies":[{"name":"wp","href":"https:\/\/api.w.org\/{rel}","templated":true}]}}