{"id":31091,"date":"2026-03-18T14:02:51","date_gmt":"2026-03-18T14:02:51","guid":{"rendered":"https:\/\/soydeaqui.ddns.net\/pachuca\/index.php\/producto\/piston-individual-para-puertas-abatibles-de-hasta-3-metros-y-300-kgs-pk03\/"},"modified":"2026-03-18T14:02:55","modified_gmt":"2026-03-18T14:02:55","slug":"piston-individual-para-puertas-abatibles-de-hasta-3-metros-y-300-kgs-pk03","status":"publish","type":"product","link":"https:\/\/soydeaqui.ddns.net\/pachuca\/index.php\/producto\/piston-individual-para-puertas-abatibles-de-hasta-3-metros-y-300-kgs-pk03\/","title":{"rendered":"Pist\u00f3n individual para puertas abatibles de hasta 3 metros y 300 Kgs (PK03)"},"content":{"rendered":"<div style='width: 100%; max-width: 1200px; margin: 0 auto; font-family: sans-serif; line-height: 1.6; color: inherit; background-color: transparent;'>\n<div style='display: flex; flex-wrap: wrap; gap: 30px; margin-bottom: 30px;'>\n<div style='flex: 1 1 300px; min-width: 280px;'>\n<h3 style='font-size: 22px; border-bottom: 2px solid currentColor; padding-bottom: 5px; margin-top: 0; color: inherit; opacity: 0.8;'>Caracter\u00edsticas principales<\/h3>\n<ul style='padding-left: 20px; font-size: 15px; color: inherit;'>\n<li style='margin-bottom: 5px;'><strong>Consumo del motor:<\/strong> 24 Vcc 40W&comma; 2A<\/li>\n<li style='margin-bottom: 5px;'><strong>Ancho m\u00e1ximo por hoja:<\/strong> 3 metros<\/li>\n<li style='margin-bottom: 5px;'><strong>Peso m\u00e1ximo de la hoja:<\/strong> 300 Kgs<\/li>\n<li style='margin-bottom: 5px;'><strong>Grado de protecci\u00f3n:<\/strong> IP 55<\/li>\n<li style='margin-bottom: 5px;'><strong>Rango de temperatura:<\/strong> -10 a 50 \u00b0C<\/li>\n<li style='margin-bottom: 5px;'><strong>Velocidad de apertura:<\/strong> 1.6 cm\/s<\/li>\n<li style='margin-bottom: 5px;'><strong>Ciclos diarios:<\/strong> Hasta 50<\/li>\n<li style='margin-bottom: 5px;'><strong>Garant\u00eda:<\/strong> 1 a\u00f1o<\/li>\n<\/ul><\/div>\n<div style='flex: 1 1 300px; min-width: 280px;'>\n<h3 style='font-size: 22px; border-bottom: 2px solid currentColor; padding-bottom: 5px; margin-top: 0; color: inherit; opacity: 0.8;'>Funcionalidades<\/h3>\n<ul style='padding-left: 20px; font-size: 15px; color: inherit;'>\n<li style='margin-bottom: 5px;'>Cierre autom\u00e1tico temporizado<\/li>\n<li style='margin-bottom: 5px;'>Paro por detecci\u00f3n de obst\u00e1culo<\/li>\n<li style='margin-bottom: 5px;'>Final de carrera electr\u00f3nico<\/li>\n<li style='margin-bottom: 5px;'>Detecci\u00f3n electr\u00f3nica del obst\u00e1culo<\/li>\n<li style='margin-bottom: 5px;'>Desbloqueo de emergencia con llave personalizada<\/li>\n<\/ul><\/div>\n<\/p><\/div>\n<div style='display: flex; flex-wrap: wrap; gap: 20px; margin-bottom: 30px;'>\n<div style='flex: 1 1 250px; border: 1px solid rgba(150&comma; 150&comma; 150&comma; 0.4); border-radius: 8px; overflow: hidden; display: flex; flex-direction: column;'>\n<div style='padding: 15px; border-bottom: 1px solid rgba(150&comma; 150&comma; 150&comma; 0.2); font-weight: bold; font-size: 18px; color: inherit;'>Especificaciones t\u00e9cnicas<\/div>\n<div style='padding: 15px; color: inherit;'>\n<ul style='padding-left: 20px; margin: 0; font-size: 14px; list-style-type: disc;'>\n<li style='margin-bottom: 5px;'><strong>Alimentaci\u00f3n:<\/strong> 110 a 120 Vca<\/li>\n<li style='margin-bottom: 5px;'><strong>Consumo de potencia:<\/strong> 40 W<\/li>\n<li style='margin-bottom: 5px;'><strong>Rango de temperatura:<\/strong> -20 a 40 \u00b0C<\/li>\n<li style='margin-bottom: 5px;'><strong>Grado de protecci\u00f3n:<\/strong> IP44<\/li>\n<\/ul><\/div>\n<\/p><\/div>\n<div style='flex: 1 1 250px; border: 1px solid rgba(150&comma; 150&comma; 150&comma; 0.4); border-radius: 8px; overflow: hidden; display: flex; flex-direction: column;'>\n<div style='padding: 15px; border-bottom: 1px solid rgba(150&comma; 150&comma; 150&comma; 0.2); font-weight: bold; font-size: 18px; color: inherit;'>Aplicaciones<\/div>\n<div style='padding: 15px; color: inherit;'>\n<ul style='padding-left: 20px; margin: 0; font-size: 14px; list-style-type: disc;'>\n<li style='margin-bottom: 5px;'>Puertas abatibles<\/li>\n<li style='margin-bottom: 5px;'>Rejas<\/li>\n<li style='margin-bottom: 5px;'>Portones<\/li>\n<\/ul><\/div>\n<\/p><\/div>\n<\/p><\/div>\n<div style='margin-bottom: 30px;'>\n<h3 style='font-size: 22px; border-bottom: 2px solid currentColor; padding-bottom: 5px; margin-top: 0; color: inherit; opacity: 0.8;'>Notas de instalaci\u00f3n<\/h3>\n<p style='font-size: 15px; color: inherit; margin-top: 15px; margin-bottom: 15px;'> <strong>*NOTA:<\/strong> El peso estimado de la puerta incluye el peso de la hoja&comma; m\u00e1s el peso de arrastre de la misma. <\/p>\n<p style='font-size: 15px; color: inherit; margin-top: 15px; margin-bottom: 15px;'> <strong>No incluye cuadro de mando<\/strong> (El modelo compatible es el XBSPK03CBOX) <\/p>\n<\/p><\/div>\n<hr style='border: 0; border-top: 1px solid rgba(150&comma; 150&comma; 150&comma; 0.3); margin: 30px 0;'> <\/div>\n","protected":false},"excerpt":{"rendered":"<p>Pist\u00f3n individual para puertas abatibles de hasta 3 metros y 300 Kgs (PK03)<\/p>\n","protected":false},"featured_media":31090,"comment_status":"open","ping_status":"closed","template":"","meta":[],"product_brand":[],"product_cat":[750],"product_tag":[401,234,751],"class_list":{"0":"post-31091","1":"product","2":"type-product","3":"status-publish","4":"has-post-thumbnail","6":"product_cat-refacciones","7":"product_tag-acceso-vehicular","8":"product_tag-accesspro","9":"product_tag-refacciones","11":"first","12":"instock","13":"sale","14":"shipping-taxable","15":"purchasable","16":"product-type-simple"},"_links":{"self":[{"href":"https:\/\/soydeaqui.ddns.net\/pachuca\/index.php\/wp-json\/wp\/v2\/product\/31091","targetHints":{"allow":["GET"]}}],"collection":[{"href":"https:\/\/soydeaqui.ddns.net\/pachuca\/index.php\/wp-json\/wp\/v2\/product"}],"about":[{"href":"https:\/\/soydeaqui.ddns.net\/pachuca\/index.php\/wp-json\/wp\/v2\/types\/product"}],"replies":[{"embeddable":true,"href":"https:\/\/soydeaqui.ddns.net\/pachuca\/index.php\/wp-json\/wp\/v2\/comments?post=31091"}],"wp:featuredmedia":[{"embeddable":true,"href":"https:\/\/soydeaqui.ddns.net\/pachuca\/index.php\/wp-json\/wp\/v2\/media\/31090"}],"wp:attachment":[{"href":"https:\/\/soydeaqui.ddns.net\/pachuca\/index.php\/wp-json\/wp\/v2\/media?parent=31091"}],"wp:term":[{"taxonomy":"product_brand","embeddable":true,"href":"https:\/\/soydeaqui.ddns.net\/pachuca\/index.php\/wp-json\/wp\/v2\/product_brand?post=31091"},{"taxonomy":"product_cat","embeddable":true,"href":"https:\/\/soydeaqui.ddns.net\/pachuca\/index.php\/wp-json\/wp\/v2\/product_cat?post=31091"},{"taxonomy":"product_tag","embeddable":true,"href":"https:\/\/soydeaqui.ddns.net\/pachuca\/index.php\/wp-json\/wp\/v2\/product_tag?post=31091"}],"curies":[{"name":"wp","href":"https:\/\/api.w.org\/{rel}","templated":true}]}}