{"id":3109,"date":"2026-03-18T06:04:44","date_gmt":"2026-03-18T06:04:44","guid":{"rendered":"https:\/\/soydeaqui.ddns.net\/pachuca\/index.php\/producto\/kit-hub-controlador-inteligente-para-dispositivos-zwave-zigbee-shelly-lutron-incluye-1-hub-2-apagadores-inteligentes-on-off-zwave\/"},"modified":"2026-03-18T06:04:44","modified_gmt":"2026-03-18T06:04:44","slug":"kit-hub-controlador-inteligente-para-dispositivos-zwave-zigbee-shelly-lutron-incluye-1-hub-2-apagadores-inteligentes-on-off-zwave","status":"publish","type":"product","link":"https:\/\/soydeaqui.ddns.net\/pachuca\/index.php\/producto\/kit-hub-controlador-inteligente-para-dispositivos-zwave-zigbee-shelly-lutron-incluye-1-hub-2-apagadores-inteligentes-on-off-zwave\/","title":{"rendered":"KIT HUB Controlador inteligente para dispositivos Zwave, Zigbee, Shelly, Lutron, incluye 1 HUB \/ 2 Apagadores inteligentes On\/Off Zwave"},"content":{"rendered":"<div style='width: 100%; max-width: 1200px; margin: 0 auto; font-family: sans-serif; line-height: 1.6; color: inherit; background-color: transparent;'>\n<div style='display: flex; flex-wrap: wrap; gap: 30px; margin-bottom: 30px;'>\n<div style='flex: 1 1 300px; min-width: 280px;'>\n<h3 style='font-size: 22px; border-bottom: 2px solid currentColor; padding-bottom: 5px; margin-top: 0; color: inherit; opacity: 0.8;'>Caracter\u00edsticas principales:<\/h3>\n<ul style='padding-left: 20px; font-size: 15px; color: inherit;'>\n<li style='margin-bottom: 5px;'>Configuracion de forma segura desde su hogar.<\/li>\n<li style='margin-bottom: 5px;'>Asegure su HUB con con contrase\u00f1a personalizada.<\/li>\n<li style='margin-bottom: 5px;'>Niveles de autorizaci\u00f3n para los usuarios.<\/li>\n<li style='margin-bottom: 5px;'>Inluye:<\/li>\n<li style='margin-bottom: 5px;'>1 HC7 HUB<\/li>\n<li style='margin-bottom: 5px;'>2 Apagadores Inteligentes Zwave 46562<\/li>\n<\/ul><\/div>\n<div style='flex: 1 1 300px; min-width: 280px;'>\n<h3 style='font-size: 22px; border-bottom: 2px solid currentColor; padding-bottom: 5px; margin-top: 0; color: inherit; opacity: 0.8;'>Caracter\u00edsticas F\u00edsicas y El\u00e9ctricas:<\/h3>\n<ul style='padding-left: 20px; font-size: 15px; color: inherit;'>\n<li style='margin-bottom: 5px;'>5V DC 1A<\/li>\n<li style='margin-bottom: 5px;'>Cable USB incluido 80 cm<\/li>\n<li style='margin-bottom: 5px;'>Puerto Ethernet Base 100-tx<\/li>\n<li style='margin-bottom: 5px;'>85mm x 85mm x 12 mm<\/li>\n<li style='margin-bottom: 5px;'>Antena Zwave<\/li>\n<li style='margin-bottom: 5px;'>Antena ZigBee<\/li>\n<li style='margin-bottom: 5px;'>Cobertura: 8 &#8211; 9 metros \/ recomendable tener el primer dispositivo Zwave bidireccional.<\/li>\n<\/ul><\/div>\n<div style='flex: 1 1 300px; min-width: 280px;'>\n<h3 style='font-size: 22px; border-bottom: 2px solid currentColor; padding-bottom: 5px; margin-top: 0; color: inherit; opacity: 0.8;'>Caracter\u00edsticas Destacadas:<\/h3>\n<ul style='padding-left: 20px; font-size: 15px; color: inherit;'>\n<li style='margin-bottom: 5px; text-align: justify;'>Acceda a sus dispositivos (Zwave&comma; ZigBee&comma; Shelly&comma; Lutron&comma; u otros) a trav\u00e9s de paneles personalizables en la App y plataforma.<\/li>\n<li style='margin-bottom: 5px; text-align: justify;'>App disponible para iOS y Android&comma; App Store \/ Google Play Store<\/li>\n<li style='margin-bottom: 5px; text-align: justify;'>Acceso por App gratis y tambien por medio de enlace web&comma; desde cualquier parte del mundo con una conexi\u00f3n a Internet.<\/li>\n<li style='margin-bottom: 5px;'><a href='https:\/\/docs.hubitat.com\/index.php?title=List_of_Compatible_Devices' style='color: inherit; text-decoration: underline;'>Lista de marcas compatibles<\/a><\/li>\n<li style='margin-bottom: 5px;'><a href='https:\/\/hubitat.com\/blogs\/home-automation-tutorials\/tagged\/getting-started' style='color: inherit; text-decoration: underline;'>Video tutoriales Hubitat<\/a><\/li>\n<li style='margin-bottom: 5px;'><a href='https:\/\/soporte.syscom.mx\/es\/collections\/82828-automatizacion-e-intrusion#hubitat' style='color: inherit; text-decoration: underline;'>Soporte Syscom<\/a><\/li>\n<\/ul><\/div>\n<\/p><\/div>\n<div style='width: 100%; text-align: center; margin: 30px 0;'> <strong>Experimente la automatizaci\u00f3n del hogar de una forma r\u00e1pida&comma; confiable y privada.<\/strong> <\/div>\n<div style='width: 100%; margin: 20px 0;'>\n<p style='margin-bottom: 15px;'>HUB Controlador inteligente para dispositivos Zwave&comma; Zigbee&comma; Shelly&comma; Lutron e integracion via Wifi con otras App&#8217;s.<\/p>\n<p style='margin-bottom: 15px;'>HUBITAT est\u00e1 cambiando la forma en que las personas viven y controlan sus dispositivos inteligentes. Les permite combinar ventanas de control&comma; conectibidad IoT en la nube \/ Internet.<\/p>\n<p>Dise\u00f1o compacto y estetico.<\/p>\n<\/p><\/div>\n<div style='width: 100%; text-align: center; margin: 30px 0;'> <strong>\u00bfComo funciona?<\/strong> <\/div>\n<div style='width: 100%; margin: 30px 0;'> <img style='width: 100%; height: auto; border: 1px solid rgba(150&comma;150&comma;150&comma;0.3); border-radius: 8px;' src='https:\/\/ftp3.syscom.mx\/usuarios\/fotos\/HC5\/177603-como_funiona_hubitat.png' alt=''> <\/div>\n<div style='width: 100%; display: flex; flex-wrap: wrap; gap: 20px; justify-content: center; margin: 30px 0;'> <img style='width: 100%; max-width: 400px; height: auto; border: 1px solid rgba(150&comma;150&comma;150&comma;0.3); border-radius: 8px;' src='https:\/\/ibb.co\/pZt1qfG' alt=''> <img style='width: 100%; max-width: 400px; height: auto; border: 1px solid rgba(150&comma;150&comma;150&comma;0.3); border-radius: 8px;' src='https:\/\/i.ibb.co\/nfHwp7Z\/layout2.jpg' alt='jasco'> <\/div>\n<div style='width: 100%; display: flex; flex-wrap: wrap; gap: 30px; justify-content: center; margin: 30px 0;'>\n<div style='position: relative; padding-bottom: 56.25%; height: 0; overflow: hidden; flex: 1 1 300px;'>   <\/div>\n<div style='position: relative; padding-bottom: 56.25%; height: 0; overflow: hidden; flex: 1 1 300px;'>   <\/div>\n<\/p><\/div>\n<hr style='border: 0; border-top: 1px solid rgba(150&comma; 150&comma; 150&comma; 0.3); margin: 30px 0;'> <\/div>\n","protected":false},"excerpt":{"rendered":"<p>KIT HUB Controlador inteligente para dispositivos Zwave, Zigbee, Shelly, Lutron, incluye 1 HUB \/ 2 Apagadores inteligentes On\/Off Zwave<\/p>\n","protected":false},"featured_media":3108,"comment_status":"open","ping_status":"closed","template":"","meta":[],"product_brand":[],"product_cat":[407],"product_tag":[408,163,180],"class_list":{"0":"post-3109","1":"product","2":"type-product","3":"status-publish","4":"has-post-thumbnail","6":"product_cat-automatizacion-z-wave","7":"product_tag-automatizacion-z-wave","8":"product_tag-hubitat-inc","9":"product_tag-total-connect-honeywell","11":"first","12":"outofstock","13":"sale","14":"shipping-taxable","15":"purchasable","16":"product-type-simple"},"_links":{"self":[{"href":"https:\/\/soydeaqui.ddns.net\/pachuca\/index.php\/wp-json\/wp\/v2\/product\/3109","targetHints":{"allow":["GET"]}}],"collection":[{"href":"https:\/\/soydeaqui.ddns.net\/pachuca\/index.php\/wp-json\/wp\/v2\/product"}],"about":[{"href":"https:\/\/soydeaqui.ddns.net\/pachuca\/index.php\/wp-json\/wp\/v2\/types\/product"}],"replies":[{"embeddable":true,"href":"https:\/\/soydeaqui.ddns.net\/pachuca\/index.php\/wp-json\/wp\/v2\/comments?post=3109"}],"wp:featuredmedia":[{"embeddable":true,"href":"https:\/\/soydeaqui.ddns.net\/pachuca\/index.php\/wp-json\/wp\/v2\/media\/3108"}],"wp:attachment":[{"href":"https:\/\/soydeaqui.ddns.net\/pachuca\/index.php\/wp-json\/wp\/v2\/media?parent=3109"}],"wp:term":[{"taxonomy":"product_brand","embeddable":true,"href":"https:\/\/soydeaqui.ddns.net\/pachuca\/index.php\/wp-json\/wp\/v2\/product_brand?post=3109"},{"taxonomy":"product_cat","embeddable":true,"href":"https:\/\/soydeaqui.ddns.net\/pachuca\/index.php\/wp-json\/wp\/v2\/product_cat?post=3109"},{"taxonomy":"product_tag","embeddable":true,"href":"https:\/\/soydeaqui.ddns.net\/pachuca\/index.php\/wp-json\/wp\/v2\/product_tag?post=3109"}],"curies":[{"name":"wp","href":"https:\/\/api.w.org\/{rel}","templated":true}]}}