{"id":31066,"date":"2026-03-18T14:02:15","date_gmt":"2026-03-18T14:02:15","guid":{"rendered":"https:\/\/soydeaqui.ddns.net\/pachuca\/index.php\/producto\/actualizacion-de-firmware-para-obtener-funcion-adms-en-biometricos-zkteco-biometrico-obtiene-compatibilidad-con-biotimepro\/"},"modified":"2026-03-18T14:02:16","modified_gmt":"2026-03-18T14:02:16","slug":"actualizacion-de-firmware-para-obtener-funcion-adms-en-biometricos-zkteco-biometrico-obtiene-compatibilidad-con-biotimepro","status":"publish","type":"product","link":"https:\/\/soydeaqui.ddns.net\/pachuca\/index.php\/producto\/actualizacion-de-firmware-para-obtener-funcion-adms-en-biometricos-zkteco-biometrico-obtiene-compatibilidad-con-biotimepro\/","title":{"rendered":"Actualizaci\u00f3n de Firmware para obtener funci\u00f3n ADMS en biometricos ZKTeco \/ Biometrico obtiene compatibilidad con BIOTIMEPRO"},"content":{"rendered":"<div style='width: 100%; max-width: 1200px; margin: 0 auto; font-family: sans-serif; line-height: 1.6; color: inherit; background-color: transparent;'>\n<div style='width: 100%; margin-bottom: 30px;'>\n<p style='margin: 0; font-size: 16px; color: inherit;'>Actualizacion de Firmware por biometrico para utilizar software BIOTIMEPRO<\/p>\n<\/p><\/div>\n<div style='display: flex; flex-wrap: wrap; gap: 30px; margin-bottom: 30px;'>\n<div style='flex: 1 1 300px; min-width: 280px;'>\n<h3 style='font-size: 22px; border-bottom: 2px solid currentColor; padding-bottom: 5px; margin-top: 0; color: inherit; opacity: 0.8;'> <a href='http:\/\/conocimiento.syscom.mx\/article\/zkteco-zktimeweb2-0-configuracion-adms-de-biometricos\/' target='_blank' rel='noopener' style='color: inherit; text-decoration: none; hover: text-decoration: underline;'> \u00bfC\u00f3mo realizo la configuraci\u00f3n de la funci\u00f3n ADMS? <\/a> <\/h3>\n<\/p><\/div>\n<\/p><\/div>\n<div style='display: flex; flex-wrap: wrap; gap: 20px; margin-bottom: 30px;'>\n<div style='flex: 1 1 300px; min-width: 280px;'>\n<div style='border: 1px solid rgba(150&comma; 150&comma; 150&comma; 0.4); border-radius: 8px; overflow: hidden; display: flex; flex-direction: column; height: 100%;'>\n<div style='padding: 15px; border-bottom: 1px solid rgba(150&comma; 150&comma; 150&comma; 0.2); font-weight: bold; font-size: 18px; color: inherit;'>Biometricos con firmware ADMS de F\u00e1brica<\/div>\n<div style='padding: 15px; color: inherit;'>\n<ul style='padding-left: 20px; margin: 0; font-size: 14px; list-style-type: disc;'>\n<li style='margin-bottom: 5px;'> <a href='https:\/\/www.syscom.mx\/producto\/MB-160-ZKTECO-87927.html' target='_blank' rel='noopener' style='color: inherit; text-decoration: none; hover: text-decoration: underline;'>MB160<\/a> <\/li>\n<li style='margin-bottom: 5px;'>ZKG1<\/li>\n<li style='margin-bottom: 5px;'>ZKG2<\/li>\n<li style='margin-bottom: 5px;'>ZKG3&comma; F22ID (Soportan DynDNS)<\/li>\n<\/ul><\/div>\n<\/p><\/div>\n<\/p><\/div>\n<div style='flex: 1 1 300px; min-width: 280px;'>\n<div style='border: 1px solid rgba(150&comma; 150&comma; 150&comma; 0.4); border-radius: 8px; overflow: hidden; display: flex; flex-direction: column; height: 100%;'>\n<div style='padding: 15px; border-bottom: 1px solid rgba(150&comma; 150&comma; 150&comma; 0.2); font-weight: bold; font-size: 18px; color: inherit;'>Biometricos con posibilidad de actualizar Firmware para obtener funci\u00f3n ADMS<\/div>\n<div style='padding: 15px; color: inherit;'>\n<ul style='padding-left: 20px; margin: 0; font-size: 14px; list-style-type: disc;'>\n<li style='margin-bottom: 5px;'>ICLOCK990<\/li>\n<li style='margin-bottom: 5px;'>FCX<\/li>\n<li style='margin-bottom: 5px;'>S-922<\/li>\n<\/ul>\n<p style='margin-top: 15px; margin-bottom: 0; color: inherit; font-size: 14px;'> <strong style='color: inherit;'>NO<\/strong> soportan DynDNS. <\/p>\n<\/p><\/div>\n<\/p><\/div>\n<\/p><\/div>\n<\/p><\/div>\n<div style='display: flex; flex-wrap: wrap; gap: 30px; margin-bottom: 30px;'>\n<div style='flex: 1 1 300px; min-width: 280px;'>\n<h3 style='font-size: 22px; border-bottom: 2px solid currentColor; padding-bottom: 5px; margin-top: 0; color: inherit; opacity: 0.8;'>Requisitos para actualizaci\u00f3n<\/h3>\n<ul style='padding-left: 20px; font-size: 15px; color: inherit;'>\n<li style='margin-bottom: 5px;'>N\u00famero de serie<\/li>\n<li style='margin-bottom: 5px;'>MAC Address<\/li>\n<li style='margin-bottom: 5px;'>Versi\u00f3n actual de Firmware<\/li>\n<\/ul><\/div>\n<\/p><\/div>\n<div style='width: 100%; margin-bottom: 30px;'>\n<p style='margin: 0; font-size: 15px; color: inherit;'> * La licencia se genera en un periodo de 1 a 3 d\u00edas h\u00e1biles una vez solicitada a Ingenier\u00eda. <\/p>\n<\/p><\/div>\n<\/p><\/div>\n","protected":false},"excerpt":{"rendered":"<p>Actualizaci\u00f3n de Firmware para obtener funci\u00f3n ADMS en biometricos ZKTeco \/ Biometrico obtiene compatibilidad con BIOTIMEPRO<\/p>\n","protected":false},"featured_media":31065,"comment_status":"open","ping_status":"closed","template":"","meta":[],"product_brand":[],"product_cat":[846],"product_tag":[792,847,844],"class_list":{"0":"post-31066","1":"product","2":"type-product","3":"status-publish","4":"has-post-thumbnail","6":"product_cat-tiempo-y-asistencia","7":"product_tag-software-de-asistencia","8":"product_tag-tiempo-y-asistencia","9":"product_tag-zkteco","11":"first","12":"instock","13":"sale","14":"shipping-taxable","15":"purchasable","16":"product-type-simple"},"_links":{"self":[{"href":"https:\/\/soydeaqui.ddns.net\/pachuca\/index.php\/wp-json\/wp\/v2\/product\/31066","targetHints":{"allow":["GET"]}}],"collection":[{"href":"https:\/\/soydeaqui.ddns.net\/pachuca\/index.php\/wp-json\/wp\/v2\/product"}],"about":[{"href":"https:\/\/soydeaqui.ddns.net\/pachuca\/index.php\/wp-json\/wp\/v2\/types\/product"}],"replies":[{"embeddable":true,"href":"https:\/\/soydeaqui.ddns.net\/pachuca\/index.php\/wp-json\/wp\/v2\/comments?post=31066"}],"wp:featuredmedia":[{"embeddable":true,"href":"https:\/\/soydeaqui.ddns.net\/pachuca\/index.php\/wp-json\/wp\/v2\/media\/31065"}],"wp:attachment":[{"href":"https:\/\/soydeaqui.ddns.net\/pachuca\/index.php\/wp-json\/wp\/v2\/media?parent=31066"}],"wp:term":[{"taxonomy":"product_brand","embeddable":true,"href":"https:\/\/soydeaqui.ddns.net\/pachuca\/index.php\/wp-json\/wp\/v2\/product_brand?post=31066"},{"taxonomy":"product_cat","embeddable":true,"href":"https:\/\/soydeaqui.ddns.net\/pachuca\/index.php\/wp-json\/wp\/v2\/product_cat?post=31066"},{"taxonomy":"product_tag","embeddable":true,"href":"https:\/\/soydeaqui.ddns.net\/pachuca\/index.php\/wp-json\/wp\/v2\/product_tag?post=31066"}],"curies":[{"name":"wp","href":"https:\/\/api.w.org\/{rel}","templated":true}]}}