{"id":3106,"date":"2026-03-18T06:04:41","date_gmt":"2026-03-18T06:04:41","guid":{"rendered":"https:\/\/soydeaqui.ddns.net\/pachuca\/index.php\/producto\/detector-de-movimiento-180-de-deteccion-panoramico-cableado-100-exterior-compatible-con-cualquier-panel-de-alarma-serie-shield\/"},"modified":"2026-03-18T06:04:43","modified_gmt":"2026-03-18T06:04:43","slug":"detector-de-movimiento-180-de-deteccion-panoramico-cableado-100-exterior-compatible-con-cualquier-panel-de-alarma-serie-shield","status":"publish","type":"product","link":"https:\/\/soydeaqui.ddns.net\/pachuca\/index.php\/producto\/detector-de-movimiento-180-de-deteccion-panoramico-cableado-100-exterior-compatible-con-cualquier-panel-de-alarma-serie-shield\/","title":{"rendered":"Detector de Movimiento \/ 180\u00b0 de Detecci\u00f3n \/ Panor\u00e1mico \/ Cableado \/ 100% Exterior \/ Compatible con cualquier panel de alarma\/ Serie SHIELD"},"content":{"rendered":"<div style='width: 100%; max-width: 1200px; margin: 0 auto; font-family: sans-serif; line-height: 1.6; color: inherit; background-color: transparent;'> <!-- T\u00edtulo principal --> <\/p>\n<div style='text-align: center; margin-bottom: 40px;'>\n<h1 style='font-size: 2.5rem; margin: 0; padding: 0; color: inherit; opacity: 0.9;'>\u00a1Deteccion externa de la que puede depender!<\/h1>\n<\/p><\/div>\n<p> <!-- Imagen principal --> <\/p>\n<div style='width: 100%; max-width: 620px; margin: 0 auto 40px; border: 1px solid rgba(150&comma;150&comma;150&comma;0.3); border-radius: 8px; overflow: hidden;'> <img style='width: 100%; height: auto; display: block;' src='https:\/\/www.optex.co.jp\/e\/products\/intrusion-detection\/passivesensor\/tdphtg00000019zi-img\/WX-SHIELD.jpg' alt='Detector de Movimiento WXSRDAM'> <\/div>\n<p> <!-- Descripci\u00f3n general --> <\/p>\n<div style='margin-bottom: 40px;'>\n<p style='font-size: 15px; color: inherit; text-align: justify;'>La serie <strong>OPTEX WXS<\/strong> es una familia de sensores SHIELD externos basados en los a\u00f1os de experiencia comprobada. La serie WXI utiliza tecnologias analogicas y digitales para detectar intrusos que se aproximan antes de que accedan a su area protegida. Con su amplio <strong>campo de vision de 180\u00b0<\/strong> y capacidades para adaptar su configuracion al entorno de su premisa&comma; la serie <strong>WXS<\/strong> proporcionara una solucion efectiva para sistemas de seguridad nuevos y existentes.<\/p>\n<\/p><\/div>\n<p> <!-- Video --> <\/p>\n<div style='position: relative; padding-bottom: 56.25%; height: 0; overflow: hidden; margin: 0 auto 40px; max-width: 620px;'>   <\/div>\n<p> <!-- Caracter\u00edsticas --> <\/p>\n<div style='margin-bottom: 40px;'>\n<h3 style='font-size: 22px; border-bottom: 2px solid currentColor; padding-bottom: 5px; margin-top: 0; color: inherit; opacity: 0.8;'>Caracter\u00edsticas<\/h3>\n<p> <!-- Lista de caracter\u00edsticas --> <\/p>\n<ul style='padding-left: 20px; font-size: 15px; color: inherit; margin-top: 20px;'>\n<li style='margin-bottom: 8px;'>180 grados de cobertura de pared a pared<\/li>\n<li style='margin-bottom: 8px;'>Salidas de alarma individuales<\/li>\n<li style='margin-bottom: 8px;'>Ajuste de sensado individual<\/li>\n<li style='margin-bottom: 8px;'>Detecci\u00f3n individual del tama\u00f1o del \u00e1rea<\/li>\n<li style='margin-bottom: 8px;'>Funci\u00f3n antienmascarimento digital IR de autoaprendizaje<\/li>\n<li style='margin-bottom: 8px;'>Cancelaci\u00f3n de luz solar<\/li>\n<li style='margin-bottom: 8px;'>Cancelaci\u00f3n de agua de lluvia e insectos<\/li>\n<li style='margin-bottom: 8px;'>Funcion l\u00f3gica AND para reducir falsas alarmas<\/li>\n<li style='margin-bottom: 8px;'>Persiana de enmascarimento de \u00e1rea<\/li>\n<li style='margin-bottom: 8px;'>Placa de enmascaramiento de \u00e1rea<\/li>\n<li style='margin-bottom: 8px;'>L\u00f3gica SMDA (Analisis Super Multidimensional)<\/li>\n<li style='margin-bottom: 8px;'>100% Exterior\/Interior<\/li>\n<\/ul><\/div>\n<p> <!-- Secci\u00f3n de caracter\u00edsticas detalladas --> <\/p>\n<div style='display: flex; flex-wrap: wrap; gap: 30px; margin-bottom: 40px;'>\n<div style='flex: 1 1 300px; min-width: 280px;'>\n<div style='width: 100%; border: 1px solid rgba(150&comma;150&comma;150&comma;0.4); border-radius: 8px; overflow: hidden;'>\n<div style='padding: 15px; border-bottom: 1px solid rgba(150&comma;150&comma;150&comma;0.2); font-weight: bold; font-size: 16px; color: inherit;'>Salidas de alarma individuales<\/div>\n<div style='padding: 15px; color: inherit;'> <img style='width: 100%; height: auto; border: 1px solid rgba(150&comma;150&comma;150&comma;0.3); border-radius: 8px; margin-bottom: 15px;' src='https:\/\/www.optex.co.jp\/e\/products\/intrusion-detection\/passivesensor\/tdphtg00000019ji-img\/tdphtg0000003pis.png' alt='Salidas de alarma'> La instalaci\u00f3n de un WXI detecta 2 detectores porque activa las se\u00f1ales de alarma tanto en el lado izquierdo como en el derecho individualmente. Por lo tanto&comma; es \u00fatil para la activaci\u00f3n de PTZ&comma; el reconocimiento de direcci\u00f3n y el cambio del patr\u00f3n de detecci\u00f3n de d\u00eda y de noche con un CP. <\/div>\n<\/p><\/div>\n<\/p><\/div>\n<div style='flex: 1 1 300px; min-width: 280px;'>\n<div style='width: 100%; border: 1px solid rgba(150&comma;150&comma;150&comma;0.4); border-radius: 8px; overflow: hidden;'>\n<div style='padding: 15px; border-bottom: 1px solid rgba(150&comma;150&comma;150&comma;0.2); font-weight: bold; font-size: 16px; color: inherit;'>Ajuste de sensibilidad individual<\/div>\n<div style='padding: 15px; color: inherit;'> <img style='width: 100%; height: auto; border: 1px solid rgba(150&comma;150&comma;150&comma;0.3); border-radius: 8px; margin-bottom: 15px;' src='https:\/\/www.optex.co.jp\/e\/products\/intrusion-detection\/passivesensor\/tdphtg00000019ji-img\/tdphtg0000003pio.png' alt='Ajuste de sensibilidad'> La sensibilidad de detecci\u00f3n se puede configurar en Alta&comma; Media y Baja mediante los interruptores izquierdo y derecho individualmente. <\/div>\n<\/p><\/div>\n<\/p><\/div>\n<div style='flex: 1 1 300px; min-width: 280px;'>\n<div style='width: 100%; border: 1px solid rgba(150&comma;150&comma;150&comma;0.4); border-radius: 8px; overflow: hidden;'>\n<div style='padding: 15px; border-bottom: 1px solid rgba(150&comma;150&comma;150&comma;0.2); font-weight: bold; font-size: 16px; color: inherit;'>Funci\u00f3n antienmascaramiento digital IR<\/div>\n<div style='padding: 15px; color: inherit;'> <img style='width: 100%; height: auto; border: 1px solid rgba(150&comma;150&comma;150&comma;0.3); border-radius: 8px; margin-bottom: 15px;' src='https:\/\/www.optex.co.jp\/e\/products\/intrusion-detection\/passivesensor\/tdphtg00000019ji-img\/tdphtg0000003phg.png' alt='Funci\u00f3n antienmascaramiento'> WXI detecta objetos que cubren la superficie de la lente. La funci\u00f3n antienmascaramiento digital IR optimiza el nivel de activaci\u00f3n de las salidas de problemas generadas por el enmascaramiento depende del estado de la superficie de la lente. Un ajuste bien calibrado tanto para el nivel de emisi\u00f3n como de recepci\u00f3n del LED IR que fluct\u00faa por temperatura contribuye a un antienmascaramiento estable. <\/div>\n<\/p><\/div>\n<\/p><\/div>\n<div style='flex: 1 1 300px; min-width: 280px;'>\n<div style='width: 100%; border: 1px solid rgba(150&comma;150&comma;150&comma;0.4); border-radius: 8px; overflow: hidden;'>\n<div style='padding: 15px; border-bottom: 1px solid rgba(150&comma;150&comma;150&comma;0.2); font-weight: bold; font-size: 16px; color: inherit;'>L\u00f3gica SMDA<\/div>\n<div style='padding: 15px; color: inherit;'> <img style='width: 100%; height: auto; border: 1px solid rgba(150&comma;150&comma;150&comma;0.3); border-radius: 8px; margin-bottom: 15px;' src='https:\/\/www.optex.co.jp\/e\/products\/intrusion-detection\/passivesensor\/tdphtg00000019ji-img\/tdphtg00000032ib.png' alt='L\u00f3gica SMDA'> Al analizar los patrones de detecci\u00f3n y la informaci\u00f3n ambiental&comma; SMDA mejora la inmunidad contra diversos factores de ruido&comma; como los cambios clim\u00e1ticos y la vegetaci\u00f3n&comma; y puede distinguir entre la causa de las falsas alarmas molestas y las intrusiones genuinas. <\/div>\n<\/p><\/div>\n<\/p><\/div>\n<div style='flex: 1 1 300px; min-width: 280px;'>\n<div style='width: 100%; border: 1px solid rgba(150&comma;150&comma;150&comma;0.4); border-radius: 8px; overflow: hidden;'>\n<div style='padding: 15px; border-bottom: 1px solid rgba(150&comma;150&comma;150&comma;0.2); font-weight: bold; font-size: 16px; color: inherit;'>Persiana de enmascaramiento de \u00e1rea<\/div>\n<div style='padding: 15px; color: inherit;'> <img style='width: 100%; height: auto; border: 1px solid rgba(150&comma;150&comma;150&comma;0.3); border-radius: 8px; margin-bottom: 15px;' src='https:\/\/www.optex.co.jp\/e\/products\/intrusion-detection\/passivesensor\/tdphtg00000019ji-img\/tdphtg0000003p9a.png' alt='Persiana de enmascaramiento'> Mediante el obturador giratorio de enmascaramiento del \u00e1rea deslizante&comma; se puede cambiar el tama\u00f1o de las \u00e1reas de detecci\u00f3n. <\/div>\n<\/p><\/div>\n<\/p><\/div>\n<div style='flex: 1 1 300px; min-width: 280px;'>\n<div style='width: 100%; border: 1px solid rgba(150&comma;150&comma;150&comma;0.4); border-radius: 8px; overflow: hidden;'>\n<div style='padding: 15px; border-bottom: 1px solid rgba(150&comma;150&comma;150&comma;0.2); font-weight: bold; font-size: 16px; color: inherit;'>Placa de enmascaramiento de \u00e1rea<\/div>\n<div style='padding: 15px; color: inherit;'> <img style='width: 100%; height: auto; border: 1px solid rgba(150&comma;150&comma;150&comma;0.3); border-radius: 8px; margin-bottom: 15px;' src='https:\/\/www.optex.co.jp\/e\/products\/intrusion-detection\/passivesensor\/tdphtg00000019ji-img\/tdphtg0000003paa.png' alt='Placa de enmascaramiento'> Las \u00e1reas de detecci\u00f3n no deseadas se pueden enmascarar con la placa de enmascaramiento del \u00e1rea incluida. <\/div>\n<\/p><\/div>\n<\/p><\/div>\n<\/p><\/div>\n<p> <!-- Aplicaciones --> <\/p>\n<div style='margin-bottom: 40px;'>\n<h3 style='font-size: 22px; border-bottom: 2px solid currentColor; padding-bottom: 5px; margin-top: 0; color: inherit; opacity: 0.8;'>Aplicaciones<\/h3>\n<p> <!-- Galer\u00eda de aplicaciones --> <\/p>\n<div style='display: flex; flex-wrap: wrap; gap: 20px; margin-top: 20px;'>\n<div style='flex: 1 1 300px; min-width: 280px;'> <img style='width: 100%; height: auto; border: 1px solid rgba(150&comma;150&comma;150&comma;0.3); border-radius: 8px; margin-bottom: 10px;' src='https:\/\/www.optex.co.jp\/e\/products\/intrusion-detection\/passivesensor\/tdphtg00000019ji-img\/image_01.jpg' alt='Aplicaci\u00f3n Residencial'> <\/p>\n<p style='font-weight: bold; text-align: center; margin: 0;'>Residencial<\/p>\n<\/p><\/div>\n<div style='flex: 1 1 300px; min-width: 280px;'> <img style='width: 100%; height: auto; border: 1px solid rgba(150&comma;150&comma;150&comma;0.3); border-radius: 8px; margin-bottom: 10px;' src='https:\/\/www.optex.co.jp\/e\/products\/intrusion-detection\/passivesensor\/tdphtg00000019ji-img\/tdphtg00000019qp.png' alt='Aplicaci\u00f3n en Techos'> <\/p>\n<p style='font-weight: bold; text-align: center; margin: 0;'>Techos<\/p>\n<\/p><\/div>\n<div style='flex: 1 1 300px; min-width: 280px;'> <img style='width: 100%; height: auto; border: 1px solid rgba(150&comma;150&comma;150&comma;0.3); border-radius: 8px; margin-bottom: 10px;' src='https:\/\/www.optex.co.jp\/e\/products\/intrusion-detection\/passivesensor\/tdphtg00000019ji-img\/tdphtg00000019qt.png' alt='Aplicaci\u00f3n en Subestaciones'> <\/p>\n<p style='font-weight: bold; text-align: center; margin: 0;'>Subestaciones<\/p>\n<\/p><\/div>\n<\/p><\/div>\n<\/p><\/div>\n<\/p><\/div>\n","protected":false},"excerpt":{"rendered":"<p>Detector de Movimiento \/ 180\u00b0 de Detecci\u00f3n \/ Panor\u00e1mico \/ Cableado \/ 100% Exterior \/ Compatible con cualquier panel de alarma\/ Serie SHIELD<\/p>\n","protected":false},"featured_media":3105,"comment_status":"open","ping_status":"closed","template":"","meta":[],"product_brand":[],"product_cat":[202],"product_tag":[19,203,106],"class_list":{"0":"post-3106","1":"product","2":"type-product","3":"status-publish","4":"has-post-thumbnail","6":"product_cat-movimiento-para-exterior","7":"product_tag-detectores-sensores","8":"product_tag-movimiento-para-exterior","9":"product_tag-optex","11":"first","12":"outofstock","13":"sale","14":"shipping-taxable","15":"purchasable","16":"product-type-simple"},"_links":{"self":[{"href":"https:\/\/soydeaqui.ddns.net\/pachuca\/index.php\/wp-json\/wp\/v2\/product\/3106","targetHints":{"allow":["GET"]}}],"collection":[{"href":"https:\/\/soydeaqui.ddns.net\/pachuca\/index.php\/wp-json\/wp\/v2\/product"}],"about":[{"href":"https:\/\/soydeaqui.ddns.net\/pachuca\/index.php\/wp-json\/wp\/v2\/types\/product"}],"replies":[{"embeddable":true,"href":"https:\/\/soydeaqui.ddns.net\/pachuca\/index.php\/wp-json\/wp\/v2\/comments?post=3106"}],"wp:featuredmedia":[{"embeddable":true,"href":"https:\/\/soydeaqui.ddns.net\/pachuca\/index.php\/wp-json\/wp\/v2\/media\/3105"}],"wp:attachment":[{"href":"https:\/\/soydeaqui.ddns.net\/pachuca\/index.php\/wp-json\/wp\/v2\/media?parent=3106"}],"wp:term":[{"taxonomy":"product_brand","embeddable":true,"href":"https:\/\/soydeaqui.ddns.net\/pachuca\/index.php\/wp-json\/wp\/v2\/product_brand?post=3106"},{"taxonomy":"product_cat","embeddable":true,"href":"https:\/\/soydeaqui.ddns.net\/pachuca\/index.php\/wp-json\/wp\/v2\/product_cat?post=3106"},{"taxonomy":"product_tag","embeddable":true,"href":"https:\/\/soydeaqui.ddns.net\/pachuca\/index.php\/wp-json\/wp\/v2\/product_tag?post=3106"}],"curies":[{"name":"wp","href":"https:\/\/api.w.org\/{rel}","templated":true}]}}