{"id":3101,"date":"2026-03-18T06:04:39","date_gmt":"2026-03-18T06:04:39","guid":{"rendered":"https:\/\/soydeaqui.ddns.net\/pachuca\/index.php\/producto\/cordless-handheld-vacuum-vl726\/"},"modified":"2026-03-18T06:04:39","modified_gmt":"2026-03-18T06:04:39","slug":"cordless-handheld-vacuum-vl726","status":"publish","type":"product","link":"https:\/\/soydeaqui.ddns.net\/pachuca\/index.php\/producto\/cordless-handheld-vacuum-vl726\/","title":{"rendered":"CORDLESS HANDHELD VACUUM VL726"},"content":{"rendered":"<div style='width: 100%; max-width: 1200px; margin: 0 auto; font-family: sans-serif; line-height: 1.6; color: inherit; background-color: transparent;'>\n<div style='display: flex; flex-wrap: wrap; gap: 30px; margin-bottom: 30px;'>\n<div style='flex: 1 1 300px; min-width: 280px;'>\n<h3 style='font-size: 22px; border-bottom: 2px solid currentColor; padding-bottom: 5px; margin-top: 0; color: inherit; opacity: 0.8;'>Caracter\u00edsticas<\/h3>\n<ul style='padding-left: 20px; font-size: 15px; color: inherit;'>\n<li style='margin-bottom: 5px;'><strong>Capacidad de polvo:<\/strong> 0.5L<\/li>\n<li style='margin-bottom: 5px;'><strong>Vac\u00edo:<\/strong> 5kpa<\/li>\n<li style='margin-bottom: 5px;'><strong>Voltaje:<\/strong> 100~240V 50\/60Hz<\/li>\n<li style='margin-bottom: 5px;'><strong>Salida:<\/strong> 12.5 V CC 1000 mA<\/li>\n<li style='margin-bottom: 5px;'><strong>Bater\u00eda:<\/strong> 2000 mah*3&comma; 11.1 V<\/li>\n<li style='margin-bottom: 5px;'><strong>Motor:<\/strong> Motor cepillado<\/li>\n<li style='margin-bottom: 5px;'><strong>Potencia del motor:<\/strong> 100W<\/li>\n<li style='margin-bottom: 5px;'><strong>Tiempo de carga:<\/strong> 2.5-3 horas<\/li>\n<li style='margin-bottom: 5px;'><strong>Tiempo de trabajo:<\/strong> 20 minutos<\/li>\n<li style='margin-bottom: 5px;'><strong>Peso de la unidad:<\/strong> 0.66kgs<\/li>\n<li style='margin-bottom: 5px;'><strong>Dimensiones:<\/strong> 36.5x10x11.7cm<\/li>\n<\/ul><\/div>\n<div style='flex: 1 1 300px; min-width: 280px;'>\n<h3 style='font-size: 22px; border-bottom: 2px solid currentColor; padding-bottom: 5px; margin-top: 0; color: inherit; opacity: 0.8;'>Accesorios incluidos<\/h3>\n<ul style='padding-left: 20px; font-size: 15px; color: inherit;'>\n<li style='margin-bottom: 5px;'>Filtro HEPA de papel * 2<\/li>\n<li style='margin-bottom: 5px;'>Filtro de nailon * 3<\/li>\n<li style='margin-bottom: 5px;'>Boquilla para hendiduras * 1<\/li>\n<li style='margin-bottom: 5px;'>Cepillo para polvo * 1<\/li>\n<li style='margin-bottom: 5px;'>Cepillo de filtro * 1<\/li>\n<li style='margin-bottom: 5px;'>Gu\u00eda del usuario * 1<\/li>\n<li style='margin-bottom: 5px;'>Adaptador de CA Cargador * 1<\/li>\n<\/ul><\/div>\n<div style='flex: 1 1 300px; min-width: 280px;'>\n<h3 style='font-size: 22px; border-bottom: 2px solid currentColor; padding-bottom: 5px; margin-top: 0; color: inherit; opacity: 0.8;'>Especificaciones de empaque<\/h3>\n<ul style='padding-left: 20px; font-size: 15px; color: inherit;'>\n<li style='margin-bottom: 5px;'><strong>Medidas caja individual:<\/strong> 37x11x13cm<\/li>\n<li style='margin-bottom: 5px;'><strong>Peso por caja:<\/strong> 1.1kgs<\/li>\n<li style='margin-bottom: 5px;'><strong>Piezas por caja de exportaci\u00f3n:<\/strong> 12 piezas<\/li>\n<li style='margin-bottom: 5px;'><strong>Dimensiones caja exportaci\u00f3n:<\/strong> 43x49x39cm<\/li>\n<li style='margin-bottom: 5px;'><strong>Peso caja exportaci\u00f3n:<\/strong> 13KGS<\/li>\n<\/ul><\/div>\n<\/p><\/div>\n<div style='display: flex; flex-wrap: wrap; gap: 20px; margin-bottom: 30px;'>\n<div style='flex: 1 1 250px; border: 1px solid rgba(150&comma; 150&comma; 150&comma; 0.4); border-radius: 8px; overflow: hidden; display: flex; flex-direction: column;'>\n<div style='padding: 15px; border-bottom: 1px solid rgba(150&comma; 150&comma; 150&comma; 0.2); font-weight: bold; font-size: 18px; color: inherit;'>Dise\u00f1o inal\u00e1mbrico<\/div>\n<div style='padding: 15px; color: inherit;'>\n<p style='margin: 0 0 10px 0; font-size: 14px;'>La aspiradora de mano no tiene cables ni complicaciones&comma; lo que permite liberar el movimiento para limpiar las escaleras&comma; la cocina&comma; el autom\u00f3vil o las esquinas de dif\u00edcil acceso. Es liviana y port\u00e1til para la limpieza del hogar y el autom\u00f3vil.<\/p>\n<\/p><\/div>\n<\/p><\/div>\n<div style='flex: 1 1 250px; border: 1px solid rgba(150&comma; 150&comma; 150&comma; 0.4); border-radius: 8px; overflow: hidden; display: flex; flex-direction: column;'>\n<div style='padding: 15px; border-bottom: 1px solid rgba(150&comma; 150&comma; 150&comma; 0.2); font-weight: bold; font-size: 18px; color: inherit;'>Filtro HEPA mejorado<\/div>\n<div style='padding: 15px; color: inherit;'>\n<p style='margin: 0 0 10px 0; font-size: 14px;'>Cuenta con filtros HEPA mejorados con una envoltura de filtro premium dise\u00f1ada para prolongar la vida \u00fatil y evitar eficazmente la obstrucci\u00f3n de los filtros&comma; garantizando una succi\u00f3n \u00f3ptima. La mano de obra exquisita con notable durabilidad brinda una experiencia de usuario excepcional.<\/p>\n<\/p><\/div>\n<\/p><\/div>\n<div style='flex: 1 1 250px; border: 1px solid rgba(150&comma; 150&comma; 150&comma; 0.4); border-radius: 8px; overflow: hidden; display: flex; flex-direction: column;'>\n<div style='padding: 15px; border-bottom: 1px solid rgba(150&comma; 150&comma; 150&comma; 0.2); font-weight: bold; font-size: 18px; color: inherit;'>Carga r\u00e1pida<\/div>\n<div style='padding: 15px; color: inherit;'>\n<p style='margin: 0 0 10px 0; font-size: 14px;'>Incorpora la \u00faltima tecnolog\u00eda de carga r\u00e1pida y la \u00faltima generaci\u00f3n de bater\u00edas recargables. Se carga completamente en 2.5-3 horas y funciona durante aproximadamente 20 minutos (el tiempo puede variar seg\u00fan la carga de limpieza).<\/p>\n<\/p><\/div>\n<\/p><\/div>\n<div style='flex: 1 1 250px; border: 1px solid rgba(150&comma; 150&comma; 150&comma; 0.4); border-radius: 8px; overflow: hidden; display: flex; flex-direction: column;'>\n<div style='padding: 15px; border-bottom: 1px solid rgba(150&comma; 150&comma; 150&comma; 0.2); font-weight: bold; font-size: 18px; color: inherit;'>Caracter\u00edsticas adicionales<\/div>\n<div style='padding: 15px; color: inherit;'>\n<p style='margin: 0 0 10px 0; font-size: 14px;'>Viene con boquilla para grietas y herramienta de cepillo para diferentes necesidades de limpieza. Incluye luz LED incorporada para facilitar la limpieza en \u00e1reas oscuras.<\/p>\n<\/p><\/div>\n<\/p><\/div>\n<div style='flex: 1 1 250px; border: 1px solid rgba(150&comma; 150&comma; 150&comma; 0.4); border-radius: 8px; overflow: hidden; display: flex; flex-direction: column;'>\n<div style='padding: 15px; border-bottom: 1px solid rgba(150&comma; 150&comma; 150&comma; 0.2); font-weight: bold; font-size: 18px; color: inherit;'>Servicio postventa<\/div>\n<div style='padding: 15px; color: inherit;'>\n<p style='margin: 0 0 10px 0; font-size: 14px;'>Si tiene alguna consulta sobre FIREEGG&comma; cont\u00e1ctenos para obtener asistencia. Nuestro producto est\u00e1 asegurado por AIG&comma; garantizando su uso diario con total seguridad.<\/p>\n<\/p><\/div>\n<\/p><\/div>\n<div style='flex: 1 1 250px; border: 1px solid rgba(150&comma; 150&comma; 150&comma; 0.4); border-radius: 8px; overflow: hidden; display: flex; flex-direction: column;'>\n<div style='padding: 15px; border-bottom: 1px solid rgba(150&comma; 150&comma; 150&comma; 0.2); font-weight: bold; font-size: 18px; color: inherit;'>Certificaciones<\/div>\n<div style='padding: 15px; color: inherit;'>\n<p style='margin: 0 0 10px 0; font-size: 14px;'>Cuenta con certificaciones: patente de dise\u00f1o UL\/FCC\/PSE\/UKCA\/IC\/CE\/USA<\/p>\n<\/p><\/div>\n<\/p><\/div>\n<\/p><\/div>\n<hr style='border: 0; border-top: 1px solid rgba(150&comma; 150&comma; 150&comma; 0.3); margin: 30px 0;'> <\/div>\n","protected":false},"excerpt":{"rendered":"<p>CORDLESS HANDHELD VACUUM VL726<\/p>\n","protected":false},"featured_media":32,"comment_status":"open","ping_status":"closed","template":"","meta":[],"product_brand":[],"product_cat":[98],"product_tag":[30,99,450],"class_list":{"0":"post-3101","1":"product","2":"type-product","3":"status-publish","4":"has-post-thumbnail","6":"product_cat-climatizacion","7":"product_tag-automatizacion-casa-inteligente","8":"product_tag-climatizacion","9":"product_tag-fireegg","11":"first","12":"outofstock","13":"sale","14":"shipping-taxable","15":"purchasable","16":"product-type-simple"},"_links":{"self":[{"href":"https:\/\/soydeaqui.ddns.net\/pachuca\/index.php\/wp-json\/wp\/v2\/product\/3101","targetHints":{"allow":["GET"]}}],"collection":[{"href":"https:\/\/soydeaqui.ddns.net\/pachuca\/index.php\/wp-json\/wp\/v2\/product"}],"about":[{"href":"https:\/\/soydeaqui.ddns.net\/pachuca\/index.php\/wp-json\/wp\/v2\/types\/product"}],"replies":[{"embeddable":true,"href":"https:\/\/soydeaqui.ddns.net\/pachuca\/index.php\/wp-json\/wp\/v2\/comments?post=3101"}],"wp:featuredmedia":[{"embeddable":true,"href":"https:\/\/soydeaqui.ddns.net\/pachuca\/index.php\/wp-json\/wp\/v2\/media\/32"}],"wp:attachment":[{"href":"https:\/\/soydeaqui.ddns.net\/pachuca\/index.php\/wp-json\/wp\/v2\/media?parent=3101"}],"wp:term":[{"taxonomy":"product_brand","embeddable":true,"href":"https:\/\/soydeaqui.ddns.net\/pachuca\/index.php\/wp-json\/wp\/v2\/product_brand?post=3101"},{"taxonomy":"product_cat","embeddable":true,"href":"https:\/\/soydeaqui.ddns.net\/pachuca\/index.php\/wp-json\/wp\/v2\/product_cat?post=3101"},{"taxonomy":"product_tag","embeddable":true,"href":"https:\/\/soydeaqui.ddns.net\/pachuca\/index.php\/wp-json\/wp\/v2\/product_tag?post=3101"}],"curies":[{"name":"wp","href":"https:\/\/api.w.org\/{rel}","templated":true}]}}