{"id":3092,"date":"2026-03-18T06:04:33","date_gmt":"2026-03-18T06:04:33","guid":{"rendered":"https:\/\/soydeaqui.ddns.net\/pachuca\/index.php\/producto\/aspirador-de-mano-inalambrico-vl189\/"},"modified":"2026-03-18T06:04:33","modified_gmt":"2026-03-18T06:04:33","slug":"aspirador-de-mano-inalambrico-vl189","status":"publish","type":"product","link":"https:\/\/soydeaqui.ddns.net\/pachuca\/index.php\/producto\/aspirador-de-mano-inalambrico-vl189\/","title":{"rendered":"ASPIRADOR DE MANO INAL\u00c1MBRICO VL189"},"content":{"rendered":"<div style='width: 100%; max-width: 1200px; margin: 0 auto; font-family: sans-serif; line-height: 1.6; color: inherit; background-color: transparent;'>\n<div style='display: flex; flex-wrap: wrap; gap: 30px; margin-bottom: 30px;'>\n<div style='flex: 1 1 300px; min-width: 280px;'>\n<h3 style='font-size: 22px; border-bottom: 2px solid currentColor; padding-bottom: 5px; margin-top: 0; color: inherit; opacity: 0.8;'>Caracter\u00edsticas Principales<\/h3>\n<ul style='padding-left: 20px; font-size: 15px; color: inherit;'>\n<li style='margin-bottom: 5px;'><strong>Capacidad de polvo:<\/strong> 0.5L<\/li>\n<li style='margin-bottom: 5px;'><strong>Vac\u00edo:<\/strong> 5kpa<\/li>\n<li style='margin-bottom: 5px;'><strong>Tipo de motor:<\/strong> Motor cepillado<\/li>\n<li style='margin-bottom: 5px;'><strong>Potencia del motor:<\/strong> 100W<\/li>\n<li style='margin-bottom: 5px;'><strong>Tiempo de carga:<\/strong> 2.5-3 horas<\/li>\n<li style='margin-bottom: 5px;'><strong>Tiempo de trabajo:<\/strong> 20 minutos<\/li>\n<li style='margin-bottom: 5px;'><strong>Peso:<\/strong> 0.66kgs<\/li>\n<li style='margin-bottom: 5px;'><strong>Dimensiones:<\/strong> 36.5x10x11.7cm<\/li>\n<\/ul><\/div>\n<div style='flex: 1 1 300px; min-width: 280px;'>\n<h3 style='font-size: 22px; border-bottom: 2px solid currentColor; padding-bottom: 5px; margin-top: 0; color: inherit; opacity: 0.8;'>Especificaciones T\u00e9cnicas<\/h3>\n<ul style='padding-left: 20px; font-size: 15px; color: inherit;'>\n<li style='margin-bottom: 5px;'><strong>Adaptador de carga:<\/strong> Entrada: 100~240V 50\/60Hz&comma; Salida: 12.5V DC 1000mA<\/li>\n<li style='margin-bottom: 5px;'><strong>Bater\u00eda:<\/strong> 2000mAh x3&comma; 11.1V<\/li>\n<li style='margin-bottom: 5px;'><strong>Dimensiones de caja:<\/strong> 37x11x13cm<\/li>\n<li style='margin-bottom: 5px;'><strong>Peso por caja:<\/strong> 1.1kgs<\/p>\n<li style='margin-bottom: 5px;'><strong>Piezas por caja de exportaci\u00f3n:<\/strong> 12 piezas<\/li>\n<li style='margin-bottom: 5px;'><strong>Dimensiones caja de exportaci\u00f3n:<\/strong> 43x49x39cm<\/li>\n<li style='margin-bottom: 5px;'><strong>Peso caja de exportaci\u00f3n:<\/strong> 13KGS<\/li>\n<\/ul><\/div>\n<div style='flex: 1 1 300px; min-width: 280px;'>\n<h3 style='font-size: 22px; border-bottom: 2px solid currentColor; padding-bottom: 5px; margin-top: 0; color: inherit; opacity: 0.8;'>Certificaciones<\/h3>\n<ul style='padding-left: 20px; font-size: 15px; color: inherit;'>\n<li style='margin-bottom: 5px;'>UL<\/li>\n<li style='margin-bottom: 5px;'>FCC<\/li>\n<li style='margin-bottom: 5px;'>PSE<\/li>\n<li style='margin-bottom: 5px;'>UKCA<\/li>\n<li style='margin-bottom: 5px;'>IC<\/li>\n<li style='margin-bottom: 5px;'>CE<\/li>\n<li style='margin-bottom: 5px;'>USA<\/li>\n<\/ul><\/div>\n<\/p><\/div>\n<div style='display: flex; flex-wrap: wrap; gap: 20px; margin-bottom: 30px;'>\n<div style='flex: 1 1 250px; border: 1px solid rgba(150&comma; 150&comma; 150&comma; 0.4); border-radius: 8px; overflow: hidden; display: flex; flex-direction: column;'>\n<div style='padding: 15px; border-bottom: 1px solid rgba(150&comma; 150&comma; 150&comma; 0.2); font-weight: bold; font-size: 18px; color: inherit;'>Dise\u00f1o Inal\u00e1mbrico<\/div>\n<div style='padding: 15px; color: inherit;'>\n<p style='margin: 0 0 10px 0; font-size: 14px;'>Esta aspiradora de mano (VL188-N) no tiene cables ni complicaciones&comma; lo que permite un movimiento libre para limpiar escaleras&comma; cocina&comma; autom\u00f3vil o esquinas de dif\u00edcil acceso. Su dise\u00f1o liviano y port\u00e1til facilita la limpieza en hogar y veh\u00edculo.<\/p>\n<\/p><\/div>\n<\/p><\/div>\n<div style='flex: 1 1 250px; border: 1px solid rgba(150&comma; 150&comma; 150&comma; 0.4); border-radius: 8px; overflow: hidden; display: flex; flex-direction: column;'>\n<div style='padding: 15px; border-bottom: 1px solid rgba(150&comma; 150&comma; 150&comma; 0.2); font-weight: bold; font-size: 18px; color: inherit;'>Filtro HEPA Mejorado<\/div>\n<div style='padding: 15px; color: inherit;'>\n<p style='margin: 0 0 10px 0; font-size: 14px;'>Cuenta con filtros HEPA mejorados con envoltura premium que prolongan la vida \u00fatil y evitan obstrucciones manteniendo una succi\u00f3n \u00f3ptima. La excelente mano de obra y durabilidad ofrecen una experiencia de usuario superior.<\/p>\n<\/p><\/div>\n<\/p><\/div>\n<div style='flex: 1 1 250px; border: 1px solid rgba(150&comma; 150&comma; 150&comma; 0.4); border-radius: 8px; overflow: hidden; display: flex; flex-direction: column;'>\n<div style='padding: 15px; border-bottom: 1px solid rgba(150&comma; 150&comma; 150&comma; 0.2); font-weight: bold; font-size: 18px; color: inherit;'>Carga R\u00e1pida<\/div>\n<div style='padding: 15px; color: inherit;'>\n<p style='margin: 0 0 10px 0; font-size: 14px;'>Incorpora tecnolog\u00eda de carga r\u00e1pida y bater\u00edas recargables avanzadas. Se carga completamente en 2.5-3 horas y ofrece hasta 20 minutos de funcionamiento (tiempo variable seg\u00fan carga de limpieza).<\/p>\n<\/p><\/div>\n<\/p><\/div>\n<div style='flex: 1 1 250px; border: 1px solid rgba(150&comma; 150&comma; 150&comma; 0.4); border-radius: 8px; overflow: hidden; display: flex; flex-direction: column;'>\n<div style='padding: 15px; border-bottom: 1px solid rgba(150&comma; 150&comma; 150&comma; 0.2); font-weight: bold; font-size: 18px; color: inherit;'>Accesorios Incluidos<\/div>\n<div style='padding: 15px; color: inherit;'>\n<ul style='padding-left: 20px; margin: 0; font-size: 14px; list-style-type: disc;'>\n<li style='margin-bottom: 5px;'>Filtro HEPA de papel x2<\/li>\n<li style='margin-bottom: 5px;'>Filtro de nailon x3<\/li>\n<li style='margin-bottom: 5px;'>Boquilla para hendiduras x1<\/li>\n<li style='margin-bottom: 5px;'>Cepillo para polvo x1<\/li>\n<li style='margin-bottom: 5px;'>Cepillo de filtro x1<\/li>\n<li style='margin-bottom: 5px;'>Gu\u00eda del usuario x1<\/li>\n<li style='margin-bottom: 5px;'>Adaptador de CA Cargador x1<\/li>\n<\/ul><\/div>\n<\/p><\/div>\n<div style='flex: 1 1 250px; border: 1px solid rgba(150&comma; 150&comma; 150&comma; 0.4); border-radius: 8px; overflow: hidden; display: flex; flex-direction: column;'>\n<div style='padding: 15px; border-bottom: 1px solid rgba(150&comma; 150&comma; 150&comma; 0.2); font-weight: bold; font-size: 18px; color: inherit;'>Caracter\u00edsticas Adicionales<\/div>\n<div style='padding: 15px; color: inherit;'>\n<ul style='padding-left: 20px; margin: 0; font-size: 14px; list-style-type: disc;'>\n<li style='margin-bottom: 5px;'>Boquilla para grietas y herramienta de cepillo para diferentes necesidades<\/li>\n<li style='margin-bottom: 5px;'>Luz LED incorporada para limpieza en \u00e1reas oscuras<\/li>\n<\/ul><\/div>\n<\/p><\/div>\n<div style='flex: 1 1 250px; border: 1px solid rgba(150&comma; 150&comma; 150&comma; 0.4); border-radius: 8px; overflow: hidden; display: flex; flex-direction: column;'>\n<div style='padding: 15px; border-bottom: 1px solid rgba(150&comma; 150&comma; 150&comma; 0.2); font-weight: bold; font-size: 18px; color: inherit;'>Servicio Postventa<\/div>\n<div style='padding: 15px; color: inherit;'>\n<p style='margin: 0 0 10px 0; font-size: 14px;'>Si tiene cualquier consulta o problema con el producto&comma; cont\u00e1ctenos para asistencia. El producto est\u00e1 asegurado por AIG&comma; garantizando protecci\u00f3n para su uso diario.<\/p>\n<\/p><\/div>\n<\/p><\/div>\n<\/p><\/div>\n<hr style='border: 0; border-top: 1px solid rgba(150&comma; 150&comma; 150&comma; 0.3); margin: 30px 0;'> <\/div>\n","protected":false},"excerpt":{"rendered":"<p>ASPIRADOR DE MANO INAL\u00c1MBRICO VL189<\/p>\n","protected":false},"featured_media":32,"comment_status":"open","ping_status":"closed","template":"","meta":[],"product_brand":[],"product_cat":[98],"product_tag":[30,99,63],"class_list":{"0":"post-3092","1":"product","2":"type-product","3":"status-publish","4":"has-post-thumbnail","6":"product_cat-climatizacion","7":"product_tag-automatizacion-casa-inteligente","8":"product_tag-climatizacion","9":"product_tag-syscom","11":"first","12":"outofstock","13":"sale","14":"shipping-taxable","15":"purchasable","16":"product-type-simple"},"_links":{"self":[{"href":"https:\/\/soydeaqui.ddns.net\/pachuca\/index.php\/wp-json\/wp\/v2\/product\/3092","targetHints":{"allow":["GET"]}}],"collection":[{"href":"https:\/\/soydeaqui.ddns.net\/pachuca\/index.php\/wp-json\/wp\/v2\/product"}],"about":[{"href":"https:\/\/soydeaqui.ddns.net\/pachuca\/index.php\/wp-json\/wp\/v2\/types\/product"}],"replies":[{"embeddable":true,"href":"https:\/\/soydeaqui.ddns.net\/pachuca\/index.php\/wp-json\/wp\/v2\/comments?post=3092"}],"wp:featuredmedia":[{"embeddable":true,"href":"https:\/\/soydeaqui.ddns.net\/pachuca\/index.php\/wp-json\/wp\/v2\/media\/32"}],"wp:attachment":[{"href":"https:\/\/soydeaqui.ddns.net\/pachuca\/index.php\/wp-json\/wp\/v2\/media?parent=3092"}],"wp:term":[{"taxonomy":"product_brand","embeddable":true,"href":"https:\/\/soydeaqui.ddns.net\/pachuca\/index.php\/wp-json\/wp\/v2\/product_brand?post=3092"},{"taxonomy":"product_cat","embeddable":true,"href":"https:\/\/soydeaqui.ddns.net\/pachuca\/index.php\/wp-json\/wp\/v2\/product_cat?post=3092"},{"taxonomy":"product_tag","embeddable":true,"href":"https:\/\/soydeaqui.ddns.net\/pachuca\/index.php\/wp-json\/wp\/v2\/product_tag?post=3092"}],"curies":[{"name":"wp","href":"https:\/\/api.w.org\/{rel}","templated":true}]}}