{"id":3091,"date":"2026-03-18T06:04:32","date_gmt":"2026-03-18T06:04:32","guid":{"rendered":"https:\/\/soydeaqui.ddns.net\/pachuca\/index.php\/producto\/aspirador-de-mano-inalambrico-vl106\/"},"modified":"2026-03-18T06:04:33","modified_gmt":"2026-03-18T06:04:33","slug":"aspirador-de-mano-inalambrico-vl106","status":"publish","type":"product","link":"https:\/\/soydeaqui.ddns.net\/pachuca\/index.php\/producto\/aspirador-de-mano-inalambrico-vl106\/","title":{"rendered":"ASPIRADOR DE MANO INAL\u00c1MBRICO VL106"},"content":{"rendered":"<div style='width: 100%; max-width: 1200px; margin: 0 auto; font-family: sans-serif; line-height: 1.6; color: inherit; background-color: transparent;'>\n<div style='display: flex; flex-wrap: wrap; gap: 30px; margin-bottom: 30px;'>\n<div style='flex: 1 1 300px; min-width: 280px;'>\n<h3 style='font-size: 22px; border-bottom: 2px solid currentColor; padding-bottom: 5px; margin-top: 0; color: inherit; opacity: 0.8;'>Especificaciones T\u00e9cnicas<\/h3>\n<ul style='padding-left: 20px; font-size: 15px; color: inherit;'>\n<li style='margin-bottom: 5px;'><strong>Capacidad de polvo:<\/strong> 0.5L<\/li>\n<li style='margin-bottom: 5px;'><strong>Vac\u00edo:<\/strong> 5kpa<\/li>\n<li style='margin-bottom: 5px;'><strong>Adaptador de carga de CA:<\/strong> Entrada: 100~240V 50\/60Hz<\/li>\n<li style='margin-bottom: 5px;'><strong>Adaptador de carga de CA:<\/strong> Salida: 12.5 V CC 1000 mA<\/li>\n<li style='margin-bottom: 5px;'><strong>BATER\u00cdA:<\/strong> 2000 mah*3&comma; 11.1 V<\/li>\n<li style='margin-bottom: 5px;'><strong>MOTOR:<\/strong> Motor cepillado<\/li>\n<li style='margin-bottom: 5px;'><strong>Vatio del motor:<\/strong> 100W<\/li>\n<li style='margin-bottom: 5px;'><strong>TIEMPO DE CARGA:<\/strong> 2.5-3 horas<\/li>\n<li style='margin-bottom: 5px;'><strong>TIEMPO DE TRABAJO:<\/strong> 20m<\/li>\n<li style='margin-bottom: 5px;'><strong>PESO DE LA UNIDAD:<\/strong> 0.66kgs<\/li>\n<li style='margin-bottom: 5px;'><strong>TAMA\u00d1O DE LA UNIDAD:<\/strong> 36.5x10x11.7cm<\/li>\n<li style='margin-bottom: 5px;'><strong>PESO POR PAQUETE DE CAJA \u00daNICA MO:<\/strong> 1.1kgs<\/li>\n<li style='margin-bottom: 5px;'><strong>PIESES POR CAJA DE EXPORTACI\u00d3N:<\/strong> 12 piezas por caja<\/li>\n<li style='margin-bottom: 5px;'><strong>TAMA\u00d1O DE LA CAJA DE EXPORTACI\u00d3N:<\/strong> 43x49x39cm&comma; 13KGS por caja<\/li>\n<\/ul><\/div>\n<div style='flex: 1 1 300px; min-width: 280px;'>\n<h3 style='font-size: 22px; border-bottom: 2px solid currentColor; padding-bottom: 5px; margin-top: 0; color: inherit; opacity: 0.8;'>Caracter\u00edsticas Destacadas<\/h3>\n<ul style='padding-left: 20px; font-size: 15px; color: inherit;'>\n<li style='margin-bottom: 5px;'><strong>DISE\u00d1O INAL\u00c1MBRICO:<\/strong> Esta aspiradora de mano (VL188-N) no tiene cables ni complicaciones&comma; lo que puede liberar su movimiento para limpiar las escaleras&comma; la cocina&comma; el autom\u00f3vil o las esquinas de dif\u00edcil acceso.<\/li>\n<li style='margin-bottom: 5px;'><strong>FILTRO HEPA MEJORADO:<\/strong> La aspiradora de mano VacLife cuenta con filtros HEPA mejorados con una envoltura de filtro premium que est\u00e1 dise\u00f1ada para prolongar a\u00fan m\u00e1s la vida \u00fatil y evitar eficazmente la obstrucci\u00f3n de los filtros al tiempo que garantiza una succi\u00f3n en perfectas condiciones.<\/li>\n<li style='margin-bottom: 5px;'><strong>CARGA R\u00c1PIDA:<\/strong> Adoptada la \u00faltima tecnolog\u00eda de carga r\u00e1pida y la \u00faltima generaci\u00f3n de bater\u00edas recargables&comma; esta peque\u00f1a aspiradora se puede cargar completamente en 2.5-3 horas y funcionar durante unos 20 minutos.<\/li>\n<li style='margin-bottom: 5px;'><strong>ACCESORIOS INCLUIDOS:<\/strong> Filtro HEPA de papel * 2&comma; Filtro de nailon * 3&comma; Boquilla para hendiduras * 1&comma; Cepillo para polvo * 1&comma; Cepillo de filtro * 1&comma; Gu\u00eda del usuario * 1&comma; Adaptador de CA Cargador * 1<\/li>\n<li style='margin-bottom: 5px;'><strong>SERVICIO POSTVENTA:<\/strong> Si tiene alguna pregunta o problema sobre Vaclife&comma; comun\u00edquese con nosotros para obtener ayuda. Nuestro producto ha sido asegurado por AIG.<\/li>\n<li style='margin-bottom: 5px;'><strong>CERTIFICADOS:<\/strong> UL\/FCC\/PSE\/UKCA\/IC\/CE\/USA<\/li>\n<\/ul><\/div>\n<\/p><\/div>\n<div style='display: flex; flex-wrap: wrap; gap: 20px; margin-bottom: 30px;'>\n<div style='flex: 1 1 250px; border: 1px solid rgba(150&comma; 150&comma; 150&comma; 0.4); border-radius: 8px; overflow: hidden; display: flex; flex-direction: column;'>\n<div style='padding: 15px; border-bottom: 1px solid rgba(150&comma; 150&comma; 150&comma; 0.2); font-weight: bold; font-size: 18px; color: inherit;'>Accesorios Incluidos<\/div>\n<div style='padding: 15px; color: inherit;'>\n<ul style='padding-left: 20px; margin: 0; font-size: 14px; list-style-type: disc;'>\n<li style='margin-bottom: 5px;'>Filtro HEPA de papel * 2<\/li>\n<li style='margin-bottom: 5px;'>Filtro de nailon * 3<\/li>\n<li style='margin-bottom: 5px;'>Boquilla para hendiduras * 1<\/li>\n<li style='margin-bottom: 5px;'>Cepillo para polvo * 1<\/li>\n<li style='margin-bottom: 5px;'>Cepillo de filtro * 1<\/li>\n<li style='margin-bottom: 5px;'>Gu\u00eda del usuario * 1<\/li>\n<li style='margin-bottom: 5px;'>Adaptador de CA Cargador * 1<\/li>\n<\/ul><\/div>\n<\/p><\/div>\n<div style='flex: 1 1 250px; border: 1px solid rgba(150&comma; 150&comma; 150&comma; 0.4); border-radius: 8px; overflow: hidden; display: flex; flex-direction: column;'>\n<div style='padding: 15px; border-bottom: 1px solid rgba(150&comma; 150&comma; 150&comma; 0.2); font-weight: bold; font-size: 18px; color: inherit;'>Aplicaciones<\/div>\n<div style='padding: 15px; color: inherit;'>\n<ul style='padding-left: 20px; margin: 0; font-size: 14px; list-style-type: disc;'>\n<li style='margin-bottom: 5px;'>Sistemas de monitoreo y grabaci\u00f3n de CCTV<\/li>\n<li style='margin-bottom: 5px;'>Biometricos de Control de Acceso<\/li>\n<li style='margin-bottom: 5px;'>Varios<\/li>\n<\/ul><\/div>\n<\/p><\/div>\n<div style='flex: 1 1 250px; border: 1px solid rgba(150&comma; 150&comma; 150&comma; 0.4); border-radius: 8px; overflow: hidden; display: flex; flex-direction: column;'>\n<div style='padding: 15px; border-bottom: 1px solid rgba(150&comma; 150&comma; 150&comma; 0.2); font-weight: bold; font-size: 18px; color: inherit;'>Especificaciones F\u00edsicas<\/div>\n<div style='padding: 15px; color: inherit;'>\n<ul style='padding-left: 20px; margin: 0; font-size: 14px; list-style-type: disc;'>\n<li style='margin-bottom: 5px;'>Entrada: Conector a Vca<\/li>\n<li style='margin-bottom: 5px;'>Salida: Jack macho Vcc<\/li>\n<li style='margin-bottom: 5px;'>Material: Pl\u00e1stico ABS<\/li>\n<li style='margin-bottom: 5px;'>Color: Negro<\/li>\n<li style='margin-bottom: 5px;'>Temperatura de operaci\u00f3n: 0\u00b0C a 40\u00b0C<\/li>\n<li style='margin-bottom: 5px;'>Dimensiones (L x W x H): 70 x 65 x 24 mm<\/li>\n<li style='margin-bottom: 5px;'>Garant\u00eda: 1 A\u00f1o<\/li>\n<\/ul><\/div>\n<\/p><\/div>\n<div style='flex: 1 1 250px; border: 1px solid rgba(150&comma; 150&comma; 150&comma; 0.4); border-radius: 8px; overflow: hidden; display: flex; flex-direction: column;'>\n<div style='padding: 15px; border-bottom: 1px solid rgba(150&comma; 150&comma; 150&comma; 0.2); font-weight: bold; font-size: 18px; color: inherit;'>Caracter\u00edsticas del Adaptador<\/div>\n<div style='padding: 15px; color: inherit;'>\n<ul style='padding-left: 20px; margin: 0; font-size: 14px; list-style-type: disc;'>\n<li style='margin-bottom: 5px;'>Voltaje de entrada: 100-240 Vca<\/li>\n<li style='margin-bottom: 5px;'>Voltaje de salida: 12 Vcc +\/- 5%<\/li>\n<li style='margin-bottom: 5px;'>Corriente de salida: 1 Amper<\/li>\n<li style='margin-bottom: 5px;'>Frecuencia nominal: 47-63 Hz<\/li>\n<\/ul><\/div>\n<\/p><\/div>\n<\/p><\/div>\n<div style='display: flex; flex-wrap: wrap; gap: 20px; margin-bottom: 30px;'>\n<div style='flex: 1 1 300px; min-width: 280px;'>\n<h3 style='font-size: 22px; border-bottom: 2px solid currentColor; padding-bottom: 5px; margin-top: 0; color: inherit; opacity: 0.8;'>Observaciones<\/h3>\n<p style='font-size: 15px; color: inherit;'>La aspiradora de mano es liviana y port\u00e1til para la limpieza del hogar y el autom\u00f3vil. Viene con una boquilla para grietas y una herramienta de cepillo para satisfacer diferentes necesidades de limpieza. Una luz LED incorporada es f\u00e1cil de limpiar en las esquinas oscuras. Solo tenga la seguridad de que su uso diario de este producto est\u00e1 debidamente protegido.<\/p>\n<\/p><\/div>\n<\/p><\/div>\n<div style='display: flex; flex-wrap: wrap; gap: 20px; margin-bottom: 30px;'>\n<div style='flex: 1 1 300px; min-width: 280px;'>\n<h3 style='font-size: 22px; border-bottom: 2px solid currentColor; padding-bottom: 5px; margin-top: 0; color: inherit; opacity: 0.8;'>Im\u00e1genes del Producto<\/h3>\n<div style='display: grid; grid-template-columns: repeat(auto-fill&comma; minmax(200px&comma; 1fr)); gap: 15px; margin-top: 15px;'> <img style='width: 100%; height: auto; border: 1px solid rgba(150&comma;150&comma;150&comma;0.3); border-radius: 8px;' src='https:\/\/ftp3.syscom.mx\/usuarios\/fotos\/BancoFotografiasSyscom\/EPCOMPOWERLINE\/PLDC1000\/PLDC1000-FRENTE-l.PNG' alt='Frente del adaptador PLDC1000'> <img style='width: 100%; height: auto; border: 1px solid rgba(150&comma;150&comma;150&comma;0.3); border-radius: 8px;' src='https:\/\/ftp3.syscom.mx\/usuarios\/fotos\/BancoFotografiasSyscom\/EPCOMPOWERLINE\/PLDC1000\/PLDC1000-LAT-IZQ-l.PNG' alt='Vista lateral izquierda del adaptador PLDC1000'> <img style='width: 100%; height: auto; border: 1px solid rgba(150&comma;150&comma;150&comma;0.3); border-radius: 8px;' src='https:\/\/ftp3.syscom.mx\/usuarios\/fotos\/BancoFotografiasSyscom\/EPCOMPOWERLINE\/PLDC1000\/PLDC1000-LAT-DER-l.PNG' alt='Vista lateral derecha del adaptador PLDC1000'> <\/div>\n<\/p><\/div>\n<\/p><\/div>\n<hr style='border: 0; border-top: 1px solid rgba(150&comma; 150&comma; 150&comma; 0.3); margin: 30px 0;'> <\/div>\n","protected":false},"excerpt":{"rendered":"<p>ASPIRADOR DE MANO INAL\u00c1MBRICO VL106<\/p>\n","protected":false},"featured_media":32,"comment_status":"open","ping_status":"closed","template":"","meta":[],"product_brand":[],"product_cat":[98],"product_tag":[30,99,450],"class_list":{"0":"post-3091","1":"product","2":"type-product","3":"status-publish","4":"has-post-thumbnail","6":"product_cat-climatizacion","7":"product_tag-automatizacion-casa-inteligente","8":"product_tag-climatizacion","9":"product_tag-fireegg","11":"first","12":"outofstock","13":"sale","14":"shipping-taxable","15":"purchasable","16":"product-type-simple"},"_links":{"self":[{"href":"https:\/\/soydeaqui.ddns.net\/pachuca\/index.php\/wp-json\/wp\/v2\/product\/3091","targetHints":{"allow":["GET"]}}],"collection":[{"href":"https:\/\/soydeaqui.ddns.net\/pachuca\/index.php\/wp-json\/wp\/v2\/product"}],"about":[{"href":"https:\/\/soydeaqui.ddns.net\/pachuca\/index.php\/wp-json\/wp\/v2\/types\/product"}],"replies":[{"embeddable":true,"href":"https:\/\/soydeaqui.ddns.net\/pachuca\/index.php\/wp-json\/wp\/v2\/comments?post=3091"}],"wp:featuredmedia":[{"embeddable":true,"href":"https:\/\/soydeaqui.ddns.net\/pachuca\/index.php\/wp-json\/wp\/v2\/media\/32"}],"wp:attachment":[{"href":"https:\/\/soydeaqui.ddns.net\/pachuca\/index.php\/wp-json\/wp\/v2\/media?parent=3091"}],"wp:term":[{"taxonomy":"product_brand","embeddable":true,"href":"https:\/\/soydeaqui.ddns.net\/pachuca\/index.php\/wp-json\/wp\/v2\/product_brand?post=3091"},{"taxonomy":"product_cat","embeddable":true,"href":"https:\/\/soydeaqui.ddns.net\/pachuca\/index.php\/wp-json\/wp\/v2\/product_cat?post=3091"},{"taxonomy":"product_tag","embeddable":true,"href":"https:\/\/soydeaqui.ddns.net\/pachuca\/index.php\/wp-json\/wp\/v2\/product_tag?post=3091"}],"curies":[{"name":"wp","href":"https:\/\/api.w.org\/{rel}","templated":true}]}}