{"id":30867,"date":"2026-03-18T13:57:17","date_gmt":"2026-03-18T13:57:17","guid":{"rendered":"https:\/\/soydeaqui.ddns.net\/pachuca\/index.php\/producto\/checador-de-huella-y-tarjetas-para-tiempo-y-asistencia-con-bateria-de-respaldo-comunicacion-tcp-ip-salida-de-relevador-para-cerradura\/"},"modified":"2026-03-18T13:57:25","modified_gmt":"2026-03-18T13:57:25","slug":"checador-de-huella-y-tarjetas-para-tiempo-y-asistencia-con-bateria-de-respaldo-comunicacion-tcp-ip-salida-de-relevador-para-cerradura","status":"publish","type":"product","link":"https:\/\/soydeaqui.ddns.net\/pachuca\/index.php\/producto\/checador-de-huella-y-tarjetas-para-tiempo-y-asistencia-con-bateria-de-respaldo-comunicacion-tcp-ip-salida-de-relevador-para-cerradura\/","title":{"rendered":"Checador de Huella y Tarjetas para Tiempo y Asistencia con Bater\u00eda de Respaldo\/ Comunicaci\u00f3n TCP\/IP \/  Salida de relevador para cerradura"},"content":{"rendered":"<div style='width: 100%; max-width: 1200px; margin: 0 auto; font-family: sans-serif; line-height: 1.6; color: inherit;'>\n<div style='display: flex; flex-wrap: wrap; gap: 30px; margin-bottom: 30px;'>\n<div style='flex: 1 1 300px; min-width: 280px;'>\n<p style='font-size: 15px; color: inherit;'>El K30 es una elegante terminal de Tiempo y Asistencia con funciones b\u00e1sicas de control de acceso. Permite la administraci\u00f3n de cerraduras el\u00e9ctricas y botones de salida.<\/p>\n<\/p><\/div>\n<div style='flex: 1 1 300px; min-width: 280px;'>\n<p style='font-size: 15px; color: inherit;'>La comunicaci\u00f3n TCP\/IP y el puerto USB permiten la gesti\u00f3n de datos de forma muy sencilla&comma; adem\u00e1s incorpora una bater\u00eda de respaldo con lo que se elimina el problema de fallos de electricidad.<\/p>\n<\/p><\/div>\n<\/p><\/div>\n<div style='display: flex; flex-wrap: wrap; gap: 20px; margin-bottom: 30px;'>\n<div style='flex: 1 1 300px; min-width: 280px;'>\n<div style='border: 1px solid rgba(150&comma; 150&comma; 150&comma; 0.4); border-radius: 8px; overflow: hidden; display: flex; flex-direction: column;'>\n<div style='padding: 15px; border-bottom: 1px solid rgba(150&comma; 150&comma; 150&comma; 0.2); font-weight: bold; font-size: 18px; color: inherit;'>Equipo para Control de Acceso \/ Tiempo y Asistencia<\/div>\n<div style='padding: 15px; color: inherit;'>\n<ul style='padding-left: 20px; margin: 0; font-size: 14px; list-style-type: disc;'>\n<li style='margin-bottom: 5px;'>Reportes de entrada y salida de personal por horarios (Directo a Excel y utilizando el software)<\/li>\n<li style='margin-bottom: 5px;'>Registro de usuarios directamente en la terminal o mediante software*<\/li>\n<li style='margin-bottom: 5px;'>Salida de relevador para control de chapas magn\u00e9ticas y contrachapas sin necesidad de relevador adicional<\/li>\n<li style='margin-bottom: 5px;'>M\u00e9todos de verificaci\u00f3n combinables<\/li>\n<\/ul><\/div>\n<\/p><\/div>\n<\/p><\/div>\n<div style='flex: 1 1 300px; min-width: 280px;'>\n<div style='border: 1px solid rgba(150&comma; 150&comma; 150&comma; 0.4); border-radius: 8px; overflow: hidden; display: flex; flex-direction: column;'>\n<div style='padding: 15px; border-bottom: 1px solid rgba(150&comma; 150&comma; 150&comma; 0.2); font-weight: bold; font-size: 18px; color: inherit;'>Especificaciones T\u00e9cnicas<\/div>\n<div style='padding: 15px; color: inherit;'>\n<ul style='padding-left: 20px; margin: 0; font-size: 14px; list-style-type: disc;'>\n<li style='margin-bottom: 5px;'>Memoria: 1000 Huellas \/ 80&comma;000 Eventos<\/li>\n<li style='margin-bottom: 5px;'>Comunicaci\u00f3n: USB (Reportes en Excel)<\/li>\n<li style='margin-bottom: 5px;'>Alimentaci\u00f3n: 12 V CD&comma; 1.5Amp (NO INCLUIDA)<\/li>\n<li style='margin-bottom: 5px;'>Temperatura: 0 \u00b0C &#8211; 45 \u00b0C<\/li>\n<li style='margin-bottom: 5px;'>Dimensiones: 183 x 135 x 36 mm<\/li>\n<\/ul><\/div>\n<\/p><\/div>\n<\/p><\/div>\n<div style='flex: 1 1 300px; min-width: 280px;'>\n<div style='border: 1px solid rgba(150&comma; 150&comma; 150&comma; 0.4); border-radius: 8px; overflow: hidden; display: flex; flex-direction: column;'>\n<div style='padding: 15px; border-bottom: 1px solid rgba(150&comma; 150&comma; 150&comma; 0.2); font-weight: bold; font-size: 18px; color: inherit;'>Caracter\u00edsticas Destacadas<\/div>\n<div style='padding: 15px; color: inherit;'>\n<ul style='padding-left: 20px; margin: 0; font-size: 14px; list-style-type: disc;'>\n<li style='margin-bottom: 5px;'>Bot\u00f3n de inicio<\/li>\n<li style='margin-bottom: 5px;'>Lector de tarjetas de proximidad de 125 KHz<\/li>\n<li style='margin-bottom: 5px;'>Salida de relevador<\/li>\n<li style='margin-bottom: 5px;'>Terminal para bot\u00f3n de salida REX<\/li>\n<li style='margin-bottom: 5px;'>Bater\u00eda de respaldo de 2Ah<\/li>\n<li style='margin-bottom: 5px;'>SOFTWARE ZKTimeNET3.0 REQUIERE LICENCIA<\/li>\n<\/ul>\n<p style='margin-top: 15px; font-size: 14px; color: inherit;'><strong>Nota:<\/strong> No es posible sincronizar huellas del software al dispositivo&comma; se requiere realizarlo mediante una memoria USB<\/p>\n<\/p><\/div>\n<\/p><\/div>\n<\/p><\/div>\n<\/p><\/div>\n<hr style='border: 0; border-top: 1px solid rgba(150&comma; 150&comma; 150&comma; 0.3); margin: 30px 0;'> <\/div>\n","protected":false},"excerpt":{"rendered":"<p>Checador de Huella y Tarjetas para Tiempo y Asistencia con Bater\u00eda de Respaldo\/ Comunicaci\u00f3n TCP\/IP \/  Salida de relevador para cerradura<\/p>\n","protected":false},"featured_media":30866,"comment_status":"open","ping_status":"closed","template":"","meta":[],"product_brand":[],"product_cat":[465],"product_tag":[466,467,844],"class_list":{"0":"post-30867","1":"product","2":"type-product","3":"status-publish","4":"has-post-thumbnail","6":"product_cat-proximidad-125-khz","7":"product_tag-lectoras-y-tarjetas","8":"product_tag-proximidad-125-khz","9":"product_tag-zkteco","11":"first","12":"outofstock","13":"sale","14":"shipping-taxable","15":"purchasable","16":"product-type-simple"},"_links":{"self":[{"href":"https:\/\/soydeaqui.ddns.net\/pachuca\/index.php\/wp-json\/wp\/v2\/product\/30867","targetHints":{"allow":["GET"]}}],"collection":[{"href":"https:\/\/soydeaqui.ddns.net\/pachuca\/index.php\/wp-json\/wp\/v2\/product"}],"about":[{"href":"https:\/\/soydeaqui.ddns.net\/pachuca\/index.php\/wp-json\/wp\/v2\/types\/product"}],"replies":[{"embeddable":true,"href":"https:\/\/soydeaqui.ddns.net\/pachuca\/index.php\/wp-json\/wp\/v2\/comments?post=30867"}],"wp:featuredmedia":[{"embeddable":true,"href":"https:\/\/soydeaqui.ddns.net\/pachuca\/index.php\/wp-json\/wp\/v2\/media\/30866"}],"wp:attachment":[{"href":"https:\/\/soydeaqui.ddns.net\/pachuca\/index.php\/wp-json\/wp\/v2\/media?parent=30867"}],"wp:term":[{"taxonomy":"product_brand","embeddable":true,"href":"https:\/\/soydeaqui.ddns.net\/pachuca\/index.php\/wp-json\/wp\/v2\/product_brand?post=30867"},{"taxonomy":"product_cat","embeddable":true,"href":"https:\/\/soydeaqui.ddns.net\/pachuca\/index.php\/wp-json\/wp\/v2\/product_cat?post=30867"},{"taxonomy":"product_tag","embeddable":true,"href":"https:\/\/soydeaqui.ddns.net\/pachuca\/index.php\/wp-json\/wp\/v2\/product_tag?post=30867"}],"curies":[{"name":"wp","href":"https:\/\/api.w.org\/{rel}","templated":true}]}}