{"id":30865,"date":"2026-03-18T13:57:15","date_gmt":"2026-03-18T13:57:15","guid":{"rendered":"https:\/\/soydeaqui.ddns.net\/pachuca\/index.php\/producto\/licencia-de-software-zk-timenet-3-0-enterprise-hasta-2000-usuarios\/"},"modified":"2026-03-18T13:57:16","modified_gmt":"2026-03-18T13:57:16","slug":"licencia-de-software-zk-timenet-3-0-enterprise-hasta-2000-usuarios","status":"publish","type":"product","link":"https:\/\/soydeaqui.ddns.net\/pachuca\/index.php\/producto\/licencia-de-software-zk-timenet-3-0-enterprise-hasta-2000-usuarios\/","title":{"rendered":"Licencia de software ZK TimeNet 3.0 Enterprise. Hasta 2000 Usuarios"},"content":{"rendered":"<div style='width: 100%; max-width: 1200px; margin: 0 auto; font-family: sans-serif; line-height: 1.6; color: inherit; background-color: transparent;'> <!-- Im\u00e1genes del producto --> <\/p>\n<div style='display: flex; flex-wrap: wrap; gap: 20px; margin-bottom: 30px;'>\n<div style='flex: 1 1 300px; min-width: 280px;'> <img style='width: 100%; height: auto; border: 1px solid rgba(150&comma;150&comma;150&comma;0.3); border-radius: 8px;' src='https:\/\/ftp3.syscom.mx\/usuarios\/fmedina\/erp-images\/zktimenet3_00.png' alt=''> <\/div>\n<div style='flex: 1 1 300px; min-width: 280px;'> <img style='width: 100%; height: auto; border: 1px solid rgba(150&comma;150&comma;150&comma;0.3); border-radius: 8px;' src='https:\/\/ftp3.syscom.mx\/usuarios\/fmedina\/erp-images\/zktimenet3_02.png' alt=''> <\/div>\n<\/p><\/div>\n<p> <!-- Secci\u00f3n de implementaci\u00f3n --> <\/p>\n<div style='margin-bottom: 30px;'>\n<h3 style='font-size: 22px; border-bottom: 2px solid currentColor; padding-bottom: 5px; margin-top: 0; color: inherit; opacity: 0.8;'>\u00bfD\u00f3nde se puede implementar?<\/h3>\n<p style='color: inherit;'> Podemos utilizar \u00e9ste software en cualquier aplicaci\u00f3n en la cual necesitemos llevar un registro de eventos y poder realizar un balance de los mismos&comma; por ejemplo: <\/p>\n<ul style='padding-left: 20px; font-size: 15px; color: inherit;'>\n<li style='margin-bottom: 5px;'>Monitoreo en tiempo real del estado del empleado (si registr\u00f3 entrada&comma; o no han tenido ning\u00fan registro).<\/li>\n<li style='margin-bottom: 5px;'>M\u00e1s de 15 reportes diferentes (Registros&comma; Asistencia&comma; Retardos&comma; Salidas tempranas&comma; etc).<\/li>\n<li style='margin-bottom: 5px;'>Administraci\u00f3n de horarios nocturnos&comma; descansos&comma; etc.<\/li>\n<li style='margin-bottom: 5px;'>Configuraci\u00f3n de turnos.<\/li>\n<\/ul><\/div>\n<p> <!-- Link de activaci\u00f3n de licencia --> <\/p>\n<div style='margin-bottom: 30px;'>\n<h3 style='font-size: 18px; color: inherit;'> <a href='http:\/\/soporte.syscom.mx\/control-de-acceso\/zkteco-activacion-de-zktimenet-30' target='_blank' rel='noopener' style='color: inherit; text-decoration: underline;'> \u00bfC\u00f3mo solicito la activaci\u00f3n de mi Licencia? <\/a> <\/h3>\n<\/p><\/div>\n<p> <!-- Imagen promocional --> <\/p>\n<div style='margin-bottom: 30px;'> <a href='https:\/\/www.syscom.mx\/principal\/promociones\/zkteco-1753.html?ordenar=Relevancia' target='_blank' rel='noopener' style='text-decoration: none;'> <img style='width: 100%; height: auto; border: 1px solid rgba(150&comma;150&comma;150&comma;0.3); border-radius: 8px;' src='https:\/\/ftp3.syscom.mx\/usuarios\/fmedina\/erp-images\/zktn3_001.jpg' alt=''> <\/a> <\/div>\n<p> <!-- Requerimientos m\u00ednimos --> <\/p>\n<div style='margin-bottom: 30px;'>\n<h3 style='font-size: 22px; border-bottom: 2px solid currentColor; padding-bottom: 5px; margin-top: 0; margin-bottom: 15px; color: inherit; opacity: 0.8;'>Requerimientos M\u00ednimos<\/h3>\n<ul style='padding-left: 20px; font-size: 15px; color: inherit;'>\n<li style='margin-bottom: 5px;'>CPU Intel Core i3<\/li>\n<li style='margin-bottom: 5px;'>4 Gb de RAM<\/li>\n<li style='margin-bottom: 5px;'>500 Gb de disco duro<\/li>\n<li style='margin-bottom: 5px;'><strong>Windows 7\/8\/8.1\/10 Profesional de 32 o 64 bits<\/strong> (No compatible con otras versiones de Windows&comma; Mac o Linux)<\/li>\n<li style='margin-bottom: 5px;'><strong>No compatible con m\u00e1quinas o servidores virtuales<\/strong><\/li>\n<\/ul><\/div>\n<p> <!-- Notas importantes --> <\/p>\n<div style='margin-bottom: 30px;'>\n<h3 style='font-size: 22px; border-bottom: 2px solid currentColor; padding-bottom: 5px; margin-top: 0; margin-bottom: 15px; color: inherit; opacity: 0.8;'>Notas importantes<\/h3>\n<ul style='padding-left: 20px; font-size: 15px; color: inherit;'>\n<li style='margin-bottom: 5px;'><strong>Se proporciona de 5 a 7 d\u00edas h\u00e1biles&comma; despu\u00e9s de ser solicitada la licencia<\/strong> (vigencia 3 a\u00f1os)<\/li>\n<li style='margin-bottom: 5px;'>El software no es transferible de computadora (de da\u00f1arse la computadora ser\u00e1 necesario adquirir otra licencia) (la computadora se puede formatear si se utiliza el mismo disco de instalaci\u00f3n)<\/li>\n<li style='margin-bottom: 5px;'>La garant\u00eda es de un a\u00f1o (no aplica si se est\u00e1 fuera de especificaci\u00f3n) y aplica un reemplazo \u00fanico de licencia<\/li>\n<li style='margin-bottom: 5px;'>El software puede presentar cambios sin previo aviso<\/li>\n<li style='margin-bottom: 5px;'><strong>El software NO es cliente servidor<\/strong> (solo trabaja con una computadora y una base de datos)<\/li>\n<li style='margin-bottom: 5px;'><strong>Las licencias NO son acumulables<\/strong> (en caso de crecimiento de licencias preguntar al departamento de Ingenier\u00eda)<\/li>\n<li><strong>M\u00e1ximo 50 dispositivos<\/strong><\/li>\n<\/ul><\/div>\n<p> <!-- Separador final --> <\/p>\n<hr style='border: 0; border-top: 1px solid rgba(150&comma; 150&comma; 150&comma; 0.3); margin: 30px 0;'> <\/div>\n","protected":false},"excerpt":{"rendered":"<p>Licencia de software ZK TimeNet 3.0 Enterprise. Hasta 2000 Usuarios<\/p>\n","protected":false},"featured_media":30864,"comment_status":"open","ping_status":"closed","template":"","meta":[],"product_brand":[],"product_cat":[846],"product_tag":[792,847,844],"class_list":{"0":"post-30865","1":"product","2":"type-product","3":"status-publish","4":"has-post-thumbnail","6":"product_cat-tiempo-y-asistencia","7":"product_tag-software-de-asistencia","8":"product_tag-tiempo-y-asistencia","9":"product_tag-zkteco","11":"first","12":"outofstock","13":"sale","14":"shipping-taxable","15":"purchasable","16":"product-type-simple"},"_links":{"self":[{"href":"https:\/\/soydeaqui.ddns.net\/pachuca\/index.php\/wp-json\/wp\/v2\/product\/30865","targetHints":{"allow":["GET"]}}],"collection":[{"href":"https:\/\/soydeaqui.ddns.net\/pachuca\/index.php\/wp-json\/wp\/v2\/product"}],"about":[{"href":"https:\/\/soydeaqui.ddns.net\/pachuca\/index.php\/wp-json\/wp\/v2\/types\/product"}],"replies":[{"embeddable":true,"href":"https:\/\/soydeaqui.ddns.net\/pachuca\/index.php\/wp-json\/wp\/v2\/comments?post=30865"}],"wp:featuredmedia":[{"embeddable":true,"href":"https:\/\/soydeaqui.ddns.net\/pachuca\/index.php\/wp-json\/wp\/v2\/media\/30864"}],"wp:attachment":[{"href":"https:\/\/soydeaqui.ddns.net\/pachuca\/index.php\/wp-json\/wp\/v2\/media?parent=30865"}],"wp:term":[{"taxonomy":"product_brand","embeddable":true,"href":"https:\/\/soydeaqui.ddns.net\/pachuca\/index.php\/wp-json\/wp\/v2\/product_brand?post=30865"},{"taxonomy":"product_cat","embeddable":true,"href":"https:\/\/soydeaqui.ddns.net\/pachuca\/index.php\/wp-json\/wp\/v2\/product_cat?post=30865"},{"taxonomy":"product_tag","embeddable":true,"href":"https:\/\/soydeaqui.ddns.net\/pachuca\/index.php\/wp-json\/wp\/v2\/product_tag?post=30865"}],"curies":[{"name":"wp","href":"https:\/\/api.w.org\/{rel}","templated":true}]}}