{"id":30828,"date":"2026-03-18T13:56:26","date_gmt":"2026-03-18T13:56:26","guid":{"rendered":"https:\/\/soydeaqui.ddns.net\/pachuca\/index.php\/producto\/impresora-de-alta-capacidad-de-impresion-de-credenciales-super-rapida-3-6-seg-en-impresion-monocromatica\/"},"modified":"2026-03-18T13:56:29","modified_gmt":"2026-03-18T13:56:29","slug":"impresora-de-alta-capacidad-de-impresion-de-credenciales-super-rapida-3-6-seg-en-impresion-monocromatica","status":"publish","type":"product","link":"https:\/\/soydeaqui.ddns.net\/pachuca\/index.php\/producto\/impresora-de-alta-capacidad-de-impresion-de-credenciales-super-rapida-3-6-seg-en-impresion-monocromatica\/","title":{"rendered":"Impresora de Alta Capacidad de impresi\u00f3n de Credenciales, Super R\u00e1pida, 3.6 seg en impresi\u00f3n Monocrom\u00e1tica"},"content":{"rendered":"<div style='width: 100%; max-width: 1200px; margin: 0 auto; font-family: sans-serif; line-height: 1.6; color: inherit; background-color: transparent;'>\n<div style='display: flex; flex-wrap: wrap; gap: 30px; margin-bottom: 30px;'>\n<div style='flex: 1 1 300px; min-width: 280px;'>\n<h3 style='font-size: 22px; border-bottom: 2px solid currentColor; padding-bottom: 5px; margin-top: 0; color: inherit; opacity: 0.8;'>Descripci\u00f3n<\/h3>\n<p style='font-size: 15px; color: inherit; margin-top: 0;'>SMART-70 consta de 5 m\u00f3dulos opcionales diferentes (Hopper de entrada&comma; impresora&comma; Flipper h\u00edbrido&comma; laminador&comma; hopper de salida) que se pueden configurar en diferentes combinaciones seg\u00fan los diferentes requisitos del cliente. Los m\u00f3dulos necesarios se pueden agregar f\u00e1cilmente para extender funciones dependiendo de sus necesidades.<\/p>\n<\/p><\/div>\n<\/p><\/div>\n<div style='display: flex; flex-wrap: wrap; gap: 20px; margin-bottom: 30px;'>\n<div style='flex: 1 1 250px; border: 1px solid rgba(150&comma; 150&comma; 150&comma; 0.4); border-radius: 8px; overflow: hidden; display: flex; flex-direction: column;'>\n<div style='padding: 15px; border-bottom: 1px solid rgba(150&comma; 150&comma; 150&comma; 0.2); font-weight: bold; font-size: 18px; color: inherit;'>Especificaciones<\/div>\n<div style='padding: 15px; color: inherit;'>\n<ul style='padding-left: 20px; margin: 0; font-size: 14px; list-style-type: disc;'>\n<li style='margin-bottom: 5px;'><strong>Velocidad de impresi\u00f3n en Monocrom\u00e1tico:<\/strong> 1&comma;000 tarjetas\/hora (3.6 seg\/tarjeta).<\/li>\n<li style='margin-bottom: 5px;'><strong>Velocidad de impresi\u00f3n en YMCKO:<\/strong> 225 tarjetas\/hora (18 seg\/tarjeta).<\/li>\n<li style='margin-bottom: 5px;'><strong>Capacidad de impresi\u00f3n:<\/strong> 500 tarjetas se pueden imprimir&comma; laminar continuamente.<\/li>\n<li style='margin-bottom: 5px;'><strong>Tipo de Impresi\u00f3n:<\/strong> Directa por sublimaci\u00f3n.<\/li>\n<li style='margin-bottom: 5px;'><strong>\u00c1rea de Impresi\u00f3n:<\/strong> De extremo a extremo.<\/li>\n<li style='margin-bottom: 5px;'><strong>Tama\u00f1o de las Tarjetas compatibles:<\/strong> ISO CR80 (54 mm x 86 mm \/ 2.12\u00b4 x 3.38\u00b4).<\/li>\n<li style='margin-bottom: 5px;'><strong>Tipo de tarjetas:<\/strong> PVC&comma; PVC compuesto&comma; PET.<\/li>\n<li style='margin-bottom: 5px;'><strong>Capacidad de tarjetas de Entrada:<\/strong> 500 tarjetas (Requiere m\u00f3dulo 651156).<\/li>\n<li style='margin-bottom: 5px;'><strong>Capacidad de tarjetas de Salida:<\/strong> 100 tarjetas (existe m\u00f3dulo opcional para soportar 500 tarjetas).<\/li>\n<li style='margin-bottom: 5px;'><strong>Plataformas soportadas:<\/strong> Microsoft Windows 2000 \/ 2003 \/ XP \/ Vista\/ 7 \/ 8 \/&comma; Mac OS&comma; Linux.<\/li>\n<\/ul><\/div>\n<\/p><\/div>\n<div style='flex: 1 1 250px; border: 1px solid rgba(150&comma; 150&comma; 150&comma; 0.4); border-radius: 8px; overflow: hidden; display: flex; flex-direction: column;'>\n<div style='padding: 15px; border-bottom: 1px solid rgba(150&comma; 150&comma; 150&comma; 0.2); font-weight: bold; font-size: 18px; color: inherit;'>M\u00f3dulos Adicionales<\/div>\n<div style='padding: 15px; color: inherit;'>\n<ul style='padding-left: 20px; margin: 0; font-size: 14px; list-style-type: disc;'>\n<li style='margin-bottom: 5px;'>651155 &#8211; M\u00f3dulo de Volteo Autom\u00e1tico<\/li>\n<li style='margin-bottom: 5px;'>651157 &#8211; M\u00f3dulo de laminaci\u00f3n<\/li>\n<li style='margin-bottom: 5px;'>651156 &#8211; M\u00f3dulo de Entrada de tarjetas<\/li>\n<\/ul><\/div>\n<\/p><\/div>\n<div style='flex: 1 1 250px; border: 1px solid rgba(150&comma; 150&comma; 150&comma; 0.4); border-radius: 8px; overflow: hidden; display: flex; flex-direction: column;'>\n<div style='padding: 15px; border-bottom: 1px solid rgba(150&comma; 150&comma; 150&comma; 0.2); font-weight: bold; font-size: 18px; color: inherit;'>Consumibles<\/div>\n<div style='padding: 15px; color: inherit;'>\n<ul style='padding-left: 20px; margin: 0; font-size: 14px; list-style-type: disc;'>\n<li style='margin-bottom: 5px;'>659111 &#8211; Cinta impresi\u00f3n YMCKOP<\/li>\n<li style='margin-bottom: 5px;'>659121 &#8211; Cinta de laminaci\u00f3n con holograma<\/li>\n<\/ul><\/div>\n<\/p><\/div>\n<\/p><\/div>\n<div style='display: flex; flex-wrap: wrap; gap: 15px; margin-bottom: 30px;'>\n<div style='flex: 1 1 100%;'>\n<h3 style='font-size: 22px; border-bottom: 2px solid currentColor; padding-bottom: 5px; margin-top: 0; color: inherit; opacity: 0.8;'>Im\u00e1genes<\/h3>\n<\/p><\/div>\n<div style='flex: 1 1 48%; min-width: 300px;'> <img style='width: 100%; height: auto; border: 1px solid rgba(150&comma;150&comma;150&comma;0.3); border-radius: 8px;' src='http:\/\/ftp3.syscom.mx\/usuarios\/fotos\/651159\/651159_1.png' alt=''> <\/div>\n<div style='flex: 1 1 48%; min-width: 300px;'> <img style='width: 100%; height: auto; border: 1px solid rgba(150&comma;150&comma;150&comma;0.3); border-radius: 8px;' src='http:\/\/ftp3.syscom.mx\/usuarios\/fotos\/651159\/651159_2.png' alt=''> <\/div>\n<div style='flex: 1 1 30%; min-width: 280px;'> <img style='width: 100%; height: auto; border: 1px solid rgba(150&comma;150&comma;150&comma;0.3); border-radius: 8px;' src='http:\/\/ftp3.syscom.mx\/usuarios\/fotos\/651155_6_7_9\/651156.png' alt=''> <\/div>\n<div style='flex: 1 1 30%; min-width: 280px;'> <img style='width: 100%; height: auto; border: 1px solid rgba(150&comma;150&comma;150&comma;0.3); border-radius: 8px;' src='http:\/\/ftp3.syscom.mx\/usuarios\/fotos\/651155_6_7_9\/651156_1.png' alt=''> <\/div>\n<div style='flex: 1 1 30%; min-width: 280px;'> <img style='width: 100%; height: auto; border: 1px solid rgba(150&comma;150&comma;150&comma;0.3); border-radius: 8px;' src='http:\/\/ftp3.syscom.mx\/usuarios\/fotos\/651155_6_7_9\/651156_2.png' alt=''> <\/div>\n<div style='flex: 1 1 30%; min-width: 280px;'> <img style='width: 100%; height: auto; border: 1px solid rgba(150&comma;150&comma;150&comma;0.3); border-radius: 8px;' src='http:\/\/ftp3.syscom.mx\/usuarios\/fotos\/651155_6_7_9\/651156_3.png' alt=''> <\/div>\n<div style='flex: 1 1 30%; min-width: 280px;'> <img style='width: 100%; height: auto; border: 1px solid rgba(150&comma;150&comma;150&comma;0.3); border-radius: 8px;' src='http:\/\/ftp3.syscom.mx\/usuarios\/fotos\/651155_6_7_9\/651156_4.png' alt=''> <\/div>\n<\/p><\/div>\n<hr style='border: 0; border-top: 1px solid rgba(150&comma; 150&comma; 150&comma; 0.3); margin: 30px 0;'> <\/div>\n","protected":false},"excerpt":{"rendered":"<p>Impresora de Alta Capacidad de impresi\u00f3n de Credenciales, Super R\u00e1pida, 3.6 seg en impresi\u00f3n Monocrom\u00e1tica<\/p>\n","protected":false},"featured_media":30827,"comment_status":"open","ping_status":"closed","template":"","meta":[],"product_brand":[],"product_cat":[823],"product_tag":[812,824,62],"class_list":{"0":"post-30828","1":"product","2":"type-product","3":"status-publish","4":"has-post-thumbnail","6":"product_cat-todos-identificacion-y-credencializacion","7":"product_tag-identificacion-y-credencializacion","8":"product_tag-idp","9":"product_tag-todos","11":"first","12":"outofstock","13":"sale","14":"shipping-taxable","15":"purchasable","16":"product-type-simple"},"_links":{"self":[{"href":"https:\/\/soydeaqui.ddns.net\/pachuca\/index.php\/wp-json\/wp\/v2\/product\/30828","targetHints":{"allow":["GET"]}}],"collection":[{"href":"https:\/\/soydeaqui.ddns.net\/pachuca\/index.php\/wp-json\/wp\/v2\/product"}],"about":[{"href":"https:\/\/soydeaqui.ddns.net\/pachuca\/index.php\/wp-json\/wp\/v2\/types\/product"}],"replies":[{"embeddable":true,"href":"https:\/\/soydeaqui.ddns.net\/pachuca\/index.php\/wp-json\/wp\/v2\/comments?post=30828"}],"wp:featuredmedia":[{"embeddable":true,"href":"https:\/\/soydeaqui.ddns.net\/pachuca\/index.php\/wp-json\/wp\/v2\/media\/30827"}],"wp:attachment":[{"href":"https:\/\/soydeaqui.ddns.net\/pachuca\/index.php\/wp-json\/wp\/v2\/media?parent=30828"}],"wp:term":[{"taxonomy":"product_brand","embeddable":true,"href":"https:\/\/soydeaqui.ddns.net\/pachuca\/index.php\/wp-json\/wp\/v2\/product_brand?post=30828"},{"taxonomy":"product_cat","embeddable":true,"href":"https:\/\/soydeaqui.ddns.net\/pachuca\/index.php\/wp-json\/wp\/v2\/product_cat?post=30828"},{"taxonomy":"product_tag","embeddable":true,"href":"https:\/\/soydeaqui.ddns.net\/pachuca\/index.php\/wp-json\/wp\/v2\/product_tag?post=30828"}],"curies":[{"name":"wp","href":"https:\/\/api.w.org\/{rel}","templated":true}]}}