{"id":30806,"date":"2026-03-18T13:55:53","date_gmt":"2026-03-18T13:55:53","guid":{"rendered":"https:\/\/soydeaqui.ddns.net\/pachuca\/index.php\/producto\/sistema-automatizado-para-la-apertura-y-cierre-de-puertas-de-hasta-110-cm-80kg\/"},"modified":"2026-03-18T13:55:54","modified_gmt":"2026-03-18T13:55:54","slug":"sistema-automatizado-para-la-apertura-y-cierre-de-puertas-de-hasta-110-cm-80kg","status":"publish","type":"product","link":"https:\/\/soydeaqui.ddns.net\/pachuca\/index.php\/producto\/sistema-automatizado-para-la-apertura-y-cierre-de-puertas-de-hasta-110-cm-80kg\/","title":{"rendered":"Sistema automatizado para la apertura y cierre de puertas de hasta 110 cm\/ 80Kg"},"content":{"rendered":"<div style='width: 100%; max-width: 1200px; margin: 0 auto; font-family: sans-serif; line-height: 1.6; color: inherit; background-color: transparent;'>\n<div style='display: flex; flex-direction: column; gap: 30px;'>\n<div style='width: 100%;'> <img style='width: 100%; height: auto; border: 1px solid rgba(150&comma;150&comma;150&comma;0.3); border-radius: 8px;' src='http:\/\/ftp3.syscom.mx\/usuarios\/fotos\/TSCOMP\/69999-dorma-kaba-logo-data.gif' alt=''> <\/p>\n<p style='margin-top: 20px; font-size: 16px; color: inherit;'>PORTEO es la novedosa y c\u00f3moda manera de abrir puertas sin esfuerzo y cerrarlas de modo autom\u00e1tico.<\/p>\n<div style='display: flex; flex-wrap: wrap; gap: 20px; margin-top: 20px;'>\n<div style='flex: 1 1 250px; border: 1px solid rgba(150&comma; 150&comma; 150&comma; 0.4); border-radius: 8px; overflow: hidden; display: flex; flex-direction: column;'>\n<div style='padding: 15px; border-bottom: 1px solid rgba(150&comma; 150&comma; 150&comma; 0.2); font-weight: bold; font-size: 18px; color: inherit;'>Caracter\u00edsticas principales<\/div>\n<div style='padding: 15px; color: inherit;'>\n<ul style='padding-left: 20px; margin: 0; font-size: 14px; list-style-type: disc;'>\n<li style='margin-bottom: 5px;'>Para uso en puertas de hasta 1100 mm<\/li>\n<li style='margin-bottom: 5px;'>Peso M\u00e1ximo de la puerta: 80 Kgs<\/li>\n<li style='margin-bottom: 5px;'>Tiempo de apertura (0 &#8211; 90\u00b0) ajustable: 5 a 10 seg.<\/li>\n<li style='margin-bottom: 5px;'>Tiempo de cierre (0 &#8211; 90\u00b0) ajustable: 5 a 10 seg.<\/li>\n<li style='margin-bottom: 5px;'>Tiempo de permanecer abierta la puerta ajustable: 5 a 30 seg. (en modo PowerLess)<\/li>\n<li style='margin-bottom: 5px;'>\u00c1ngulo de Apertura ajustable m\u00e1x: 110 \u00b0<\/li>\n<li style='margin-bottom: 5px;'>Dimensiones: 60x 530 x 80 mm<\/li>\n<li style='margin-bottom: 5px;'>Peso: 3.2 Kg.<\/li>\n<li style='margin-bottom: 5px;'>Alimentaci\u00f3n: 110 VCA<\/li>\n<li style='margin-bottom: 5px;'>Modo de protecci\u00f3n: IP20<\/li>\n<li style='margin-bottom: 5px;'>Certificado CE<\/li>\n<\/ul><\/div>\n<\/p><\/div>\n<div style='flex: 1 1 250px; border: 1px solid rgba(150&comma; 150&comma; 150&comma; 0.4); border-radius: 8px; overflow: hidden; display: flex; flex-direction: column;'>\n<div style='padding: 15px; border-bottom: 1px solid rgba(150&comma; 150&comma; 150&comma; 0.2); font-weight: bold; font-size: 18px; color: inherit;'>Funciones del sistema<\/div>\n<div style='padding: 15px; color: inherit;'>\n<ul style='padding-left: 20px; margin: 0; font-size: 14px; list-style-type: disc;'>\n<li style='margin-bottom: 5px;'><strong>PowerLess:<\/strong> Apertura de puerta manual sin esfuerzo. El cierre de la puerta sucede de modo autom\u00e1tico y se regula seg\u00fan el tiempo&comma; ajustado individualmente&comma; que debe permanecer la puerta abierta.<\/li>\n<li style='margin-bottom: 5px;'><strong>Push&#038;Go:<\/strong> Tras una apertura manual hasta 3\u00b0 se dispara la apertura autom\u00e1tica de la puerta. PORTEO abre y cierra la puerta de forma autom\u00e1tica seg\u00fan el tiempo previamente ajustado que debe permanecer abierta.<\/li>\n<li style='margin-bottom: 5px;'><strong>PowerMotion:<\/strong> Apertura autom\u00e1tica de la puerta&comma; cierre autom\u00e1tico de la puerta en combinaci\u00f3n con cerraderos el\u00e9ctricos y generadores de impulsos externos&comma; como un bot\u00f3n. Una vez transmitido el pulso la puerta se abre tras la liberaci\u00f3n del cerrojo el\u00e9ctrico y&comma; transcurrido el tiempo de permanencia previamente ajustado&comma; se cierra de modo autom\u00e1tico.<\/li>\n<li style='margin-bottom: 5px;'><strong>PermanentOpen:<\/strong> Con esta funci\u00f3n es posible mantener la puerta abierta. Permanece as\u00ed hasta no recibir una se\u00f1al.<\/li>\n<\/ul><\/div>\n<\/p><\/div>\n<\/p><\/div>\n<div style='margin-top: 30px; text-align: center; font-weight: bold; font-size: 16px; color: inherit;'> Producto sobre pedido <\/div>\n<div style='margin-top: 30px; display: grid; grid-template-columns: repeat(auto-fill&comma; minmax(280px&comma; 1fr)); gap: 20px;'> <img style='width: 100%; height: auto; border: 1px solid rgba(150&comma;150&comma;150&comma;0.3); border-radius: 8px;' src='http:\/\/ftp3.syscom.mx\/usuarios\/fotos\/60020001\/60020001_4.png' alt=''> <img style='width: 100%; height: auto; border: 1px solid rgba(150&comma;150&comma;150&comma;0.3); border-radius: 8px;' src='http:\/\/ftp3.syscom.mx\/usuarios\/fotos\/60020001\/60020001_3.png' alt=''> <img style='width: 100%; height: auto; border: 1px solid rgba(150&comma;150&comma;150&comma;0.3); border-radius: 8px;' src='http:\/\/ftp3.syscom.mx\/usuarios\/fotos\/60020001\/60020001_2.png' alt=''> <img style='width: 100%; height: auto; border: 1px solid rgba(150&comma;150&comma;150&comma;0.3); border-radius: 8px;' src='http:\/\/ftp3.syscom.mx\/usuarios\/fotos\/60020001\/60020001_1.png' alt=''> <\/div>\n<div style='margin-top: 30px;'>\n<div style='position: relative; padding-bottom: 56.25%; height: 0; overflow: hidden; margin-bottom: 30px;'>   <\/div>\n<\/p><\/div>\n<\/p><\/div>\n<\/p><\/div>\n<\/p><\/div>\n","protected":false},"excerpt":{"rendered":"<p>Sistema automatizado para la apertura y cierre de puertas de hasta 110 cm\/ 80Kg<\/p>\n","protected":false},"featured_media":30805,"comment_status":"open","ping_status":"closed","template":"","meta":[],"product_brand":[],"product_cat":[815],"product_tag":[93,816,480],"class_list":{"0":"post-30806","1":"product","2":"type-product","3":"status-publish","4":"has-post-thumbnail","6":"product_cat-cierrapuertas","7":"product_tag-accesorios","8":"product_tag-cierrapuertas","9":"product_tag-dormakaba","11":"first","12":"outofstock","13":"sale","14":"shipping-taxable","15":"purchasable","16":"product-type-simple"},"_links":{"self":[{"href":"https:\/\/soydeaqui.ddns.net\/pachuca\/index.php\/wp-json\/wp\/v2\/product\/30806","targetHints":{"allow":["GET"]}}],"collection":[{"href":"https:\/\/soydeaqui.ddns.net\/pachuca\/index.php\/wp-json\/wp\/v2\/product"}],"about":[{"href":"https:\/\/soydeaqui.ddns.net\/pachuca\/index.php\/wp-json\/wp\/v2\/types\/product"}],"replies":[{"embeddable":true,"href":"https:\/\/soydeaqui.ddns.net\/pachuca\/index.php\/wp-json\/wp\/v2\/comments?post=30806"}],"wp:featuredmedia":[{"embeddable":true,"href":"https:\/\/soydeaqui.ddns.net\/pachuca\/index.php\/wp-json\/wp\/v2\/media\/30805"}],"wp:attachment":[{"href":"https:\/\/soydeaqui.ddns.net\/pachuca\/index.php\/wp-json\/wp\/v2\/media?parent=30806"}],"wp:term":[{"taxonomy":"product_brand","embeddable":true,"href":"https:\/\/soydeaqui.ddns.net\/pachuca\/index.php\/wp-json\/wp\/v2\/product_brand?post=30806"},{"taxonomy":"product_cat","embeddable":true,"href":"https:\/\/soydeaqui.ddns.net\/pachuca\/index.php\/wp-json\/wp\/v2\/product_cat?post=30806"},{"taxonomy":"product_tag","embeddable":true,"href":"https:\/\/soydeaqui.ddns.net\/pachuca\/index.php\/wp-json\/wp\/v2\/product_tag?post=30806"}],"curies":[{"name":"wp","href":"https:\/\/api.w.org\/{rel}","templated":true}]}}