{"id":30800,"date":"2026-03-18T13:55:44","date_gmt":"2026-03-18T13:55:44","guid":{"rendered":"https:\/\/soydeaqui.ddns.net\/pachuca\/index.php\/producto\/kit-de-brazos-para-automatizar-portones-vehiculares-abatibles-de-2-hojas-3-mts-300-kg-uso-solo-residencial-compatible-con-respaldo-de-energia\/"},"modified":"2026-03-18T13:55:50","modified_gmt":"2026-03-18T13:55:50","slug":"kit-de-brazos-para-automatizar-portones-vehiculares-abatibles-de-2-hojas-3-mts-300-kg-uso-solo-residencial-compatible-con-respaldo-de-energia","status":"publish","type":"product","link":"https:\/\/soydeaqui.ddns.net\/pachuca\/index.php\/producto\/kit-de-brazos-para-automatizar-portones-vehiculares-abatibles-de-2-hojas-3-mts-300-kg-uso-solo-residencial-compatible-con-respaldo-de-energia\/","title":{"rendered":"Kit de brazos para automatizar portones vehiculares abatibles de 2 hojas\/ 3 Mts \/ 300 Kg \/ Uso solo residencial \/ Compatible con respaldo de energ\u00eda"},"content":{"rendered":"<div style='width: 100%; max-width: 1200px; margin: 0 auto; font-family: sans-serif; line-height: 1.6; color: inherit; background-color: transparent;'>\n<div style='display: flex; flex-wrap: wrap; gap: 30px; margin-bottom: 30px;'>\n<div style='flex: 1 1 300px; min-width: 280px;'>\n<h3 style='font-size: 22px; border-bottom: 2px solid currentColor; padding-bottom: 5px; margin-top: 0; color: inherit; opacity: 0.8;'>Caracter\u00edsticas principales:<\/h3>\n<ul style='padding-left: 20px; font-size: 15px; color: inherit;'>\n<li style='margin-bottom: 5px;'>Ancho m\u00e1ximo de la hoja 3 mts.<\/li>\n<li style='margin-bottom: 5px;'>Peso m\u00e1ximo de la hoja 300 kgs.<\/li>\n<li style='margin-bottom: 5px;'>Grado de protecci\u00f3n IP55.<\/li>\n<li style='margin-bottom: 5px;'>Velocidad de apertura: 1.6cm\/s.<\/li>\n<\/ul><\/div>\n<div style='flex: 1 1 300px; min-width: 280px;'>\n<h3 style='font-size: 22px; border-bottom: 2px solid currentColor; padding-bottom: 5px; margin-top: 0; color: inherit; opacity: 0.8;'>Caracter\u00edsticas F\u00edsicas y El\u00e9ctricas:<\/h3>\n<ul style='padding-left: 20px; font-size: 15px; color: inherit;'>\n<li style='margin-bottom: 5px;'>Voltaje de Alimentaci\u00f3n para cuadro de mando 110VCA.<\/li>\n<li style='margin-bottom: 5px;'>Consumo del motor: 24Vcc 40W&comma; 2A.<\/li>\n<li style='margin-bottom: 5px;'>Temperatura de operaci\u00f3n: -10 a 50 \u00b0C.<\/li>\n<li style='margin-bottom: 5px;'>Soporta 2 bater\u00edas PL712 para respaldo en caso de cortes de energ\u00eda (No incluye gabinete para las bater\u00edas) (No incluye bater\u00edas).<\/li>\n<\/ul><\/div>\n<div style='flex: 1 1 300px; min-width: 280px;'>\n<h3 style='font-size: 22px; border-bottom: 2px solid currentColor; padding-bottom: 5px; margin-top: 0; color: inherit; opacity: 0.8;'>Caracter\u00edsticas Destacadas:<\/h3>\n<ul style='padding-left: 20px; font-size: 15px; color: inherit;'>\n<li style='margin-bottom: 5px;'><strong>Hasta 50 ciclos de apertura y cierre por d\u00eda.<\/strong><\/li>\n<li style='margin-bottom: 5px;'><strong>Soporta un m\u00e1ximo de 5 controles inal\u00e1mbricos.<\/strong><\/li>\n<li style='margin-bottom: 5px;'>Incluye 2 controles remotos en el paquete.<\/li>\n<li style='margin-bottom: 5px;'>Incluye accesorios de instalaci\u00f3n<\/li>\n<\/ul><\/div>\n<\/p><\/div>\n<hr style='border: 0; border-top: 1px solid rgba(150&comma; 150&comma; 150&comma; 0.3); margin: 30px 0;'>\n<div style='width: 100%; margin-bottom: 30px;'> <img style='width: 100%; height: auto; border: 1px solid rgba(150&comma;150&comma;150&comma;0.3); border-radius: 8px; display: block; margin: 0 auto;' src='https:\/\/ftp3.syscom.mx\/usuarios\/fotos\/XBSPK03\/78530-accesorios_pk03.png' alt='Accesorios PK03'> <\/div>\n<hr style='border: 0; border-top: 1px solid rgba(150&comma; 150&comma; 150&comma; 0.3); margin: 30px 0;'>\n<div style='width: 100%; margin-bottom: 30px;'>\n<h2 style='font-size: 20px; text-align: center; color: inherit; margin-bottom: 20px;'>\u00bfQu\u00e9 accesorios puedo agregar a mi instalaci\u00f3n?<\/h2>\n<p style='text-align: center; margin: 8px 0;'><strong>XBS-SW01<\/strong> Botonera triple para aplicaciones de acceso vehicular<\/p>\n<p style='text-align: center; margin: 8px 0;'><strong>XB-REC2<\/strong> o <strong>XB-REC3<\/strong> Receptores externos para controles remotos AccessPRO<\/p>\n<p style='text-align: center; margin: 8px 0;'><strong>XTB-23<\/strong> Control remoto de llavero o <strong>XBT-18-BC<\/strong> Control remoto con clip para visera de autom\u00f3vil<\/p>\n<p style='text-align: center; margin: 8px 0;'><strong>XB-WT-01<\/strong> Bot\u00f3n inal\u00e1mbrico de pared<\/p>\n<p style='text-align: center; margin: 8px 0;'><strong>XBS-IR-33<\/strong> Fotocelda inal\u00e1mbrica con alcance de 10 metros<\/p>\n<p style='text-align: center; margin: 8px 0;'><strong>XB-LAMP<\/strong> L\u00e1mpara preventiva para XBS-PK-03<\/p>\n<p style='text-align: center; margin: 8px 0;'><strong>XBS-ELOCK<\/strong> Cerradura el\u00e9ctrica para puertas abatibles<\/p>\n<\/p><\/div>\n<hr style='border: 0; border-top: 1px solid rgba(150&comma; 150&comma; 150&comma; 0.3); margin: 30px 0;'>\n<div style='width: 100%; margin-bottom: 30px;'>\n<h2 style='font-size: 20px; text-align: center; color: inherit; margin-bottom: 20px;'>Notas adicionales:<\/h2>\n<p style='text-align: center; margin: 8px 0;'>El equipo soporta un m\u00e1ximo de 5 controles inal\u00e1mbricos considerando un solo bot\u00f3n por control. Si requiere agregar una cantidad mayor de controles remotos&comma; deber\u00e1 a\u00f1adir un receptor inal\u00e1mbrico XBREC2 (400 controles por receptor m\u00e1ximo).<\/p>\n<p style='text-align: center; margin: 8px 0;'>Considere que factores como las condiciones de viento&comma; as\u00ed como las condiciones f\u00edsicas de la puerta y bisagras pueden reducir dr\u00e1sticamente el peso de la puerta.<\/p>\n<p style='text-align: center; margin: 8px 0;'>contra defectos de fabricaci\u00f3n.<\/p>\n<p style='text-align: center; margin: 8px 0;'>La serie XB para puertas abatibles es ampliamente recomendada para aplicaciones de tipo Residencial con bajo flujo vehicular.<\/p>\n<p style='text-align: center; margin: 8px 0;'>El peso estimado de la puerta incluye el peso de la hoja&comma; m\u00e1s el peso de arrastre de la misma.<\/p>\n<\/p><\/div>\n<hr style='border: 0; border-top: 1px solid rgba(150&comma; 150&comma; 150&comma; 0.3); margin: 30px 0;'>\n<div style='width: 100%; margin-bottom: 30px;'> <img style='width: 100%; height: auto; border: 1px solid rgba(150&comma;150&comma;150&comma;0.3); border-radius: 8px; display: block; margin: 0 auto;' src='https:\/\/ftp3.syscom.mx\/usuarios\/anavarrete\/Accesspro\/PK0311.png' alt='Instalaciones'> <\/div>\n<hr style='border: 0; border-top: 1px solid rgba(150&comma; 150&comma; 150&comma; 0.3); margin: 30px 0;'>\n<div style='display: flex; flex-wrap: wrap; gap: 20px; justify-content: center; margin-bottom: 30px;'>\n<div style='position: relative; padding-bottom: 56.25%; height: 0; overflow: hidden; flex: 1 1 300px; max-width: 560px;'>   <\/div>\n<div style='position: relative; padding-bottom: 56.25%; height: 0; overflow: hidden; flex: 1 1 300px; max-width: 560px;'>   <\/div>\n<div style='position: relative; padding-bottom: 56.25%; height: 0; overflow: hidden; flex: 1 1 300px; max-width: 560px;'>   <\/div>\n<\/p><\/div>\n<hr style='border: 0; border-top: 1px solid rgba(150&comma; 150&comma; 150&comma; 0.3); margin: 30px 0;'>\n<div style='width: 100%; margin-bottom: 30px;'>\n<p style='text-align: center; margin: 8px 0;'><span style='font-size: 14pt;'>Es importante tener en cuenta la resistencia que el viento puede generar en los portones sin ranuras de ventilaci\u00f3n al operar los motores en apertura y cierre de puertas abatibles. Recomendamos considerar la instalaci\u00f3n de rejillas que permitan la adecuada ventilaci\u00f3n para facilitar el correcto funcionamiento de los dispositivos.<\/span><\/p>\n<\/p><\/div>\n<hr style='border: 0; border-top: 1px solid rgba(150&comma; 150&comma; 150&comma; 0.3); margin: 30px 0;'>\n<div style='width: 100%;'> <img style='width: 100%; height: auto; border: 1px solid rgba(150&comma;150&comma;150&comma;0.3); border-radius: 8px; display: block; margin: 0 auto;' src='https:\/\/ftp3.syscom.mx\/usuarios\/fotos\/XBSPK03\/78530-banner_comunello.png' alt='Comunello'> <\/div>\n<\/p><\/div>\n","protected":false},"excerpt":{"rendered":"<p>Kit de brazos para automatizar portones vehiculares abatibles de 2 hojas\/ 3 Mts \/ 300 Kg \/ Uso solo residencial \/ Compatible con respaldo de energ\u00eda<\/p>\n","protected":false},"featured_media":30799,"comment_status":"open","ping_status":"closed","template":"","meta":[],"product_brand":[],"product_cat":[821],"product_tag":[401,234,822],"class_list":{"0":"post-30800","1":"product","2":"type-product","3":"status-publish","4":"has-post-thumbnail","6":"product_cat-puertas-abatibles","7":"product_tag-acceso-vehicular","8":"product_tag-accesspro","9":"product_tag-puertas-abatibles","11":"first","12":"instock","13":"sale","14":"shipping-taxable","15":"purchasable","16":"product-type-simple"},"_links":{"self":[{"href":"https:\/\/soydeaqui.ddns.net\/pachuca\/index.php\/wp-json\/wp\/v2\/product\/30800","targetHints":{"allow":["GET"]}}],"collection":[{"href":"https:\/\/soydeaqui.ddns.net\/pachuca\/index.php\/wp-json\/wp\/v2\/product"}],"about":[{"href":"https:\/\/soydeaqui.ddns.net\/pachuca\/index.php\/wp-json\/wp\/v2\/types\/product"}],"replies":[{"embeddable":true,"href":"https:\/\/soydeaqui.ddns.net\/pachuca\/index.php\/wp-json\/wp\/v2\/comments?post=30800"}],"wp:featuredmedia":[{"embeddable":true,"href":"https:\/\/soydeaqui.ddns.net\/pachuca\/index.php\/wp-json\/wp\/v2\/media\/30799"}],"wp:attachment":[{"href":"https:\/\/soydeaqui.ddns.net\/pachuca\/index.php\/wp-json\/wp\/v2\/media?parent=30800"}],"wp:term":[{"taxonomy":"product_brand","embeddable":true,"href":"https:\/\/soydeaqui.ddns.net\/pachuca\/index.php\/wp-json\/wp\/v2\/product_brand?post=30800"},{"taxonomy":"product_cat","embeddable":true,"href":"https:\/\/soydeaqui.ddns.net\/pachuca\/index.php\/wp-json\/wp\/v2\/product_cat?post=30800"},{"taxonomy":"product_tag","embeddable":true,"href":"https:\/\/soydeaqui.ddns.net\/pachuca\/index.php\/wp-json\/wp\/v2\/product_tag?post=30800"}],"curies":[{"name":"wp","href":"https:\/\/api.w.org\/{rel}","templated":true}]}}