{"id":30792,"date":"2026-03-18T13:55:35","date_gmt":"2026-03-18T13:55:35","guid":{"rendered":"https:\/\/soydeaqui.ddns.net\/pachuca\/index.php\/producto\/operador-para-puertas-corredizas-1200-kgs-aprendizaje-automatico-de-finales-de-carrera-facil-instalacion\/"},"modified":"2026-03-18T13:55:42","modified_gmt":"2026-03-18T13:55:42","slug":"operador-para-puertas-corredizas-1200-kgs-aprendizaje-automatico-de-finales-de-carrera-facil-instalacion","status":"publish","type":"product","link":"https:\/\/soydeaqui.ddns.net\/pachuca\/index.php\/producto\/operador-para-puertas-corredizas-1200-kgs-aprendizaje-automatico-de-finales-de-carrera-facil-instalacion\/","title":{"rendered":"Operador para puertas corredizas \/ 1200 kgs \/ Aprendizaje autom\u00e1tico de finales de carrera \/ F\u00e1cil instalaci\u00f3n"},"content":{"rendered":"<div style='width: 100%; max-width: 1200px; margin: 0 auto; font-family: sans-serif; line-height: 1.6; color: inherit; background-color: transparent;'> <!-- Secci\u00f3n de caracter\u00edsticas principales --> <\/p>\n<div style='display: flex; flex-wrap: wrap; gap: 30px; margin-bottom: 30px;'>\n<div style='flex: 1 1 300px; min-width: 280px;'>\n<h3 style='font-size: 22px; border-bottom: 2px solid currentColor; padding-bottom: 5px; margin-top: 0; color: inherit; opacity: 0.8;'>Caracter\u00edsticas principales:<\/h3>\n<ul style='padding-left: 20px; font-size: 15px; color: inherit;'>\n<li style='margin-bottom: 5px;'>Peso m\u00e1ximo de la hoja 1200 kg<\/li>\n<li style='margin-bottom: 5px;'>Cuadro de mando incluido<\/li>\n<li style='margin-bottom: 5px;'>Cierre autom\u00e1tico ajustable<\/li>\n<\/ul><\/div>\n<div style='flex: 1 1 300px; min-width: 280px;'>\n<h3 style='font-size: 22px; border-bottom: 2px solid currentColor; padding-bottom: 5px; margin-top: 0; color: inherit; opacity: 0.8;'>Caracter\u00edsticas F\u00edsicas y El\u00e9ctricas:<\/h3>\n<ul style='padding-left: 20px; font-size: 15px; color: inherit;'>\n<li style='margin-bottom: 5px;'>Alimentaci\u00f3n 110V<\/li>\n<li style='margin-bottom: 5px;'>Consumo de corriente: 3A<\/li>\n<li style='margin-bottom: 5px;'>Potencia 370W<\/li>\n<\/ul><\/div>\n<div style='flex: 1 1 300px; min-width: 280px;'>\n<h3 style='font-size: 22px; border-bottom: 2px solid currentColor; padding-bottom: 5px; margin-top: 0; color: inherit; opacity: 0.8;'>Caracter\u00edsticas Destacadas:<\/h3>\n<ul style='padding-left: 20px; font-size: 15px; color: inherit;'>\n<li style='margin-bottom: 5px;'>Motor de cremallera<\/li>\n<li style='margin-bottom: 5px;'>Tiempo de vida \u00fatil del motor 3000 hrs<\/li>\n<li style='margin-bottom: 5px;'>Grado de protecci\u00f3n IP44<\/li>\n<\/ul><\/div>\n<\/p><\/div>\n<p> <!-- Separador --> <\/p>\n<hr style='border: 0; border-top: 1px solid rgba(150&comma; 150&comma; 150&comma; 0.3); margin: 30px 0;'> <!-- Secci\u00f3n de contenido con imagen y descripci\u00f3n --> <\/p>\n<div style='display: flex; flex-wrap: wrap; gap: 30px; margin-bottom: 30px;'>\n<div style='flex: 1 1 400px; min-width: 280px;'> <img style='width: 100%; height: auto; border: 1px solid rgba(150&comma;150&comma;150&comma;0.3); border-radius: 8px;' src='https:\/\/ftp3.syscom.mx\/usuarios\/fotos\/XBSIZ1200\/78536-instalaci\u00f3n_xbsiz1200-1.png' alt=''> <\/div>\n<div style='flex: 1 1 400px; min-width: 280px;'>\n<p style='font-size: 16px; color: inherit;'>Operador para puertas corredizas&comma; especial para uso en residencias o peque\u00f1os estacionamientos privados.<\/p>\n<h3 style='font-size: 20px; border-bottom: 2px solid currentColor; padding-bottom: 5px; margin-top: 0; color: inherit; opacity: 0.8;'>Caracter\u00edsticas<\/h3>\n<ul style='padding-left: 20px; font-size: 15px; color: inherit;'>\n<li style='margin-bottom: 5px;'>Torque m\u00e1ximo 110 Nm<\/li>\n<li style='margin-bottom: 5px;'>Peso: 15Kgs.<\/li>\n<li style='margin-bottom: 5px;'>Temperatura de operaci\u00f3n: -20 a 40 \u00b0C&comma; incluye protecci\u00f3n t\u00e9rmica<\/li>\n<li style='margin-bottom: 5px;'>Tiempo de vida \u00fatil del motor: 3000 hrs<\/li>\n<li style='margin-bottom: 5px;'>Longitud m\u00e1xima de la hoja 10 metros<\/li>\n<li style='margin-bottom: 5px;'>Soporta un m\u00e1ximo de 5 controles inal\u00e1mbricos&comma; incluye 2 controles XBT23 en el paquete<\/li>\n<li style='margin-bottom: 5px;'>L\u00edmites de carrera magn\u00e9ticos<\/li>\n<\/ul><\/div>\n<\/p><\/div>\n<p> <!-- Separador --> <\/p>\n<hr style='border: 0; border-top: 1px solid rgba(150&comma; 150&comma; 150&comma; 0.3); margin: 30px 0;'> <!-- Secci\u00f3n de requerimientos y accesorios --> <\/p>\n<div style='display: flex; flex-wrap: wrap; gap: 30px; margin-bottom: 30px;'>\n<div style='flex: 1 1 400px; min-width: 280px;'>\n<h3 style='font-size: 20px; border-bottom: 2px solid currentColor; padding-bottom: 5px; margin-top: 0; color: inherit; opacity: 0.8;'>Requiere:<\/h3>\n<ul style='padding-left: 20px; font-size: 15px; color: inherit;'>\n<li style='margin-bottom: 5px;'><strong>XBS-R01<\/strong> Cremallera de acero m\u00f3dulo M4. Se vende por tramos de <strong>1 metro<\/strong><\/li>\n<li style='margin-bottom: 5px;'>La cantidad depende del tama\u00f1o de la puerta<\/li>\n<\/ul>\n<h3 style='font-size: 20px; border-bottom: 2px solid currentColor; padding-bottom: 5px; margin-top: 20px; color: inherit; opacity: 0.8;'>Accesorios opcionales:<\/h3>\n<ul style='padding-left: 20px; font-size: 15px; color: inherit;'>\n<li style='margin-bottom: 5px;'><strong>XB-WT-01<\/strong> Bot\u00f3n inal\u00e1mbrico de pared compatible con XB-REC2<\/li>\n<li style='margin-bottom: 5px;'><strong>XBS-SW-01<\/strong> Botonera triple de uso rudo<\/li>\n<li style='margin-bottom: 5px;'><strong>XB-REC2<\/strong> Receptor inal\u00e1mbrico externo de dos canales<\/li>\n<li style='margin-bottom: 5px;'><strong>XB-T23 o XB-T18-BC<\/strong> Control remoto inal\u00e1mbrico compatible con XB-REC2<\/li>\n<li style='margin-bottom: 5px;'><strong>XBS-25-MRF<\/strong> Fotocelda infrarroja \/ Alcance hasta 25 mts<\/li>\n<li style='margin-bottom: 5px;'><strong>XB-T18-BC<\/strong> Control remoto con clip para visera<\/li>\n<\/ul><\/div>\n<div style='flex: 1 1 400px; min-width: 280px;'> <img style='width: 100%; height: auto; border: 1px solid rgba(150&comma;150&comma;150&comma;0.3); border-radius: 8px;' src='https:\/\/ftp3.syscom.mx\/usuarios\/fotos\/XBSIZ1200\/78536-1200.png' alt=''> <\/div>\n<\/p><\/div>\n<p> <!-- Separador --> <\/p>\n<hr style='border: 0; border-top: 1px solid rgba(150&comma; 150&comma; 150&comma; 0.3); margin: 30px 0;'> <!-- Secci\u00f3n de videos --> <\/p>\n<div style='display: flex; flex-wrap: wrap; gap: 30px; margin-bottom: 30px;'>\n<div style='flex: 1 1 300px; min-width: 280px;'>\n<div style='position: relative; padding-bottom: 56.25%; height: 0; overflow: hidden; margin-bottom: 30px;'>   <\/div>\n<\/p><\/div>\n<div style='flex: 1 1 300px; min-width: 280px;'>\n<div style='position: relative; padding-bottom: 56.25%; height: 0; overflow: hidden; margin-bottom: 30px;'>   <\/div>\n<\/p><\/div>\n<div style='flex: 1 1 300px; min-width: 280px;'>\n<div style='position: relative; padding-bottom: 56.25%; height: 0; overflow: hidden; margin-bottom: 30px;'>   <\/div>\n<\/p><\/div>\n<\/p><\/div>\n<p> <!-- Notas finales --> <\/p>\n<div style='margin-top: 30px;'>\n<p style='text-align: center; font-size: 14px; color: inherit; opacity: 0.8; margin-bottom: 10px;'> *NOTA: El peso estimado de la puerta incluye el peso de la hoja&comma; m\u00e1s el peso de arrastre de la misma. El equipo soporta un m\u00e1ximo de 5 controles inal\u00e1mbricos considerando un solo bot\u00f3n por control. Si requiere agregar una cantidad mayor de controles remotos&comma; deber\u00e1 a\u00f1adir un receptor inal\u00e1mbrico XBREC2 (400 controles por receptor m\u00e1ximo). <\/p>\n<p style='text-align: center; font-size: 14px; color: inherit; opacity: 0.8;'> contra defectos de fabrica. <\/p>\n<\/p><\/div>\n<\/p><\/div>\n","protected":false},"excerpt":{"rendered":"<p>Operador para puertas corredizas \/ 1200 kgs \/ Aprendizaje autom\u00e1tico de finales de carrera \/ F\u00e1cil instalaci\u00f3n<\/p>\n","protected":false},"featured_media":30791,"comment_status":"open","ping_status":"closed","template":"","meta":[],"product_brand":[],"product_cat":[860],"product_tag":[401,234,861],"class_list":{"0":"post-30792","1":"product","2":"type-product","3":"status-publish","4":"has-post-thumbnail","6":"product_cat-puertas-corredizas","7":"product_tag-acceso-vehicular","8":"product_tag-accesspro","9":"product_tag-puertas-corredizas","11":"first","12":"instock","13":"sale","14":"shipping-taxable","15":"purchasable","16":"product-type-simple"},"_links":{"self":[{"href":"https:\/\/soydeaqui.ddns.net\/pachuca\/index.php\/wp-json\/wp\/v2\/product\/30792","targetHints":{"allow":["GET"]}}],"collection":[{"href":"https:\/\/soydeaqui.ddns.net\/pachuca\/index.php\/wp-json\/wp\/v2\/product"}],"about":[{"href":"https:\/\/soydeaqui.ddns.net\/pachuca\/index.php\/wp-json\/wp\/v2\/types\/product"}],"replies":[{"embeddable":true,"href":"https:\/\/soydeaqui.ddns.net\/pachuca\/index.php\/wp-json\/wp\/v2\/comments?post=30792"}],"wp:featuredmedia":[{"embeddable":true,"href":"https:\/\/soydeaqui.ddns.net\/pachuca\/index.php\/wp-json\/wp\/v2\/media\/30791"}],"wp:attachment":[{"href":"https:\/\/soydeaqui.ddns.net\/pachuca\/index.php\/wp-json\/wp\/v2\/media?parent=30792"}],"wp:term":[{"taxonomy":"product_brand","embeddable":true,"href":"https:\/\/soydeaqui.ddns.net\/pachuca\/index.php\/wp-json\/wp\/v2\/product_brand?post=30792"},{"taxonomy":"product_cat","embeddable":true,"href":"https:\/\/soydeaqui.ddns.net\/pachuca\/index.php\/wp-json\/wp\/v2\/product_cat?post=30792"},{"taxonomy":"product_tag","embeddable":true,"href":"https:\/\/soydeaqui.ddns.net\/pachuca\/index.php\/wp-json\/wp\/v2\/product_tag?post=30792"}],"curies":[{"name":"wp","href":"https:\/\/api.w.org\/{rel}","templated":true}]}}