{"id":30743,"date":"2026-03-18T13:54:33","date_gmt":"2026-03-18T13:54:33","guid":{"rendered":"https:\/\/soydeaqui.ddns.net\/pachuca\/index.php\/producto\/fuente-de-poder-para-smart30-smart50-smart31-smart51-2\/"},"modified":"2026-03-18T13:54:34","modified_gmt":"2026-03-18T13:54:34","slug":"fuente-de-poder-para-smart30-smart50-smart31-smart51-2","status":"publish","type":"product","link":"https:\/\/soydeaqui.ddns.net\/pachuca\/index.php\/producto\/fuente-de-poder-para-smart30-smart50-smart31-smart51-2\/","title":{"rendered":"Fuente de Poder para SMART30\/SMART50\/SMART31\/SMART51"},"content":{"rendered":"<div style='width: 100%; max-width: 1200px; margin: 0 auto; font-family: sans-serif; line-height: 1.6; color: inherit; background-color: transparent;'> <!-- Secci\u00f3n de caracter\u00edsticas principales --> <\/p>\n<div style='display: flex; flex-wrap: wrap; gap: 30px; margin-bottom: 30px;'>\n<div style='flex: 1 1 300px; min-width: 280px;'>\n<h3 style='font-size: 22px; border-bottom: 2px solid currentColor; padding-bottom: 5px; margin-top: 0; color: inherit; opacity: 0.8;'>Caracter\u00edsticas Principales<\/h3>\n<ul style='padding-left: 20px; font-size: 15px; color: inherit;'>\n<li style='margin-bottom: 5px;'>Voltaje de entrada: 110VCA<\/li>\n<li style='margin-bottom: 5px;'>Voltaje de salida: 24 VCC<\/li>\n<li style='margin-bottom: 5px;'>Producto sobre pedido<\/li>\n<\/ul><\/div>\n<\/p><\/div>\n<p> <!-- Secci\u00f3n de especificaciones t\u00e9cnicas --> <\/p>\n<div style='display: flex; flex-wrap: wrap; gap: 20px; margin-bottom: 30px;'>\n<div style='flex: 1 1 250px; border: 1px solid rgba(150&comma; 150&comma; 150&comma; 0.4); border-radius: 8px; overflow: hidden; display: flex; flex-direction: column;'>\n<div style='padding: 15px; border-bottom: 1px solid rgba(150&comma; 150&comma; 150&comma; 0.2); font-weight: bold; font-size: 18px; color: inherit;'>Especificaciones T\u00e9cnicas<\/div>\n<div style='padding: 15px; color: inherit;'>\n<ul style='padding-left: 20px; margin: 0; font-size: 14px; list-style-type: disc;'>\n<li style='margin-bottom: 5px;'>Sistema de impresi\u00f3n: Dye-Sublimation<\/li>\n<li style='margin-bottom: 5px;'>\u00c1rea de impresi\u00f3n: Edge to Edge<\/li>\n<li style='margin-bottom: 5px;'>Resoluci\u00f3n: 300dpi<\/li>\n<li style='margin-bottom: 5px;'>Memoria: 64MB RAM<\/li>\n<li style='margin-bottom: 5px;'>Panel de control: 1 Bot\u00f3n LED<\/li>\n<li style='margin-bottom: 5px;'>Sistema de alimentaci\u00f3n de tarjetas: Autom\u00e1tico<\/li>\n<li style='margin-bottom: 5px;'>Tama\u00f1o de tarjeta: ISO CR80 (54mm x 86mm \/ 2.12&#8217;x 3.38&#8242;)<\/li>\n<li style='margin-bottom: 5px;'>Espesor de tarjeta: 0.38mm (15mil)&comma; 0.76mm (30mil)<\/li>\n<li style='margin-bottom: 5px;'>Tipo de tarjeta: PVC&comma; PET&comma; Composite PVC<\/li>\n<\/ul><\/div>\n<\/p><\/div>\n<p> <!-- Secci\u00f3n de capacidades --> <\/p>\n<div style='flex: 1 1 250px; border: 1px solid rgba(150&comma; 150&comma; 150&comma; 0.4); border-radius: 8px; overflow: hidden; display: flex; flex-direction: column;'>\n<div style='padding: 15px; border-bottom: 1px solid rgba(150&comma; 150&comma; 150&comma; 0.2); font-weight: bold; font-size: 18px; color: inherit;'>Capacidades<\/div>\n<div style='padding: 15px; color: inherit;'>\n<ul style='padding-left: 20px; margin: 0; font-size: 14px; list-style-type: disc;'>\n<li style='margin-bottom: 5px;'>Velocidad de impresi\u00f3n monocrom\u00e1tica: 5 seg.\/tarjeta (720 tarjetas\/hora)<\/li>\n<li style='margin-bottom: 5px;'>Velocidad de impresi\u00f3n YMCKO: Max. 23 seg.\/tarjeta (156 tarjetas\/hora)<\/li>\n<li style='margin-bottom: 5px;'>Capacidad de entrada: 80 tarjetas<\/li>\n<li style='margin-bottom: 5px;'>Capacidad de salida: 25 tarjetas<\/li>\n<\/ul><\/div>\n<\/p><\/div>\n<p> <!-- Secci\u00f3n de conectividad --> <\/p>\n<div style='flex: 1 1 250px; border: 1px solid rgba(150&comma; 150&comma; 150&comma; 0.4); border-radius: 8px; overflow: hidden; display: flex; flex-direction: column;'>\n<div style='padding: 15px; border-bottom: 1px solid rgba(150&comma; 150&comma; 150&comma; 0.2); font-weight: bold; font-size: 18px; color: inherit;'>Conectividad<\/div>\n<div style='padding: 15px; color: inherit;'>\n<ul style='padding-left: 20px; margin: 0; font-size: 14px; list-style-type: disc;'>\n<li style='margin-bottom: 5px;'>USB<\/li>\n<li style='margin-bottom: 5px;'>Ethernet (Opcional)<\/li>\n<li style='margin-bottom: 5px;'>Fuente de poder: Voltaje libre (AC100\/200V&comma; 50~60Hz)<\/li>\n<li style='margin-bottom: 5px;'>Consumo de potencia: 48W<\/li>\n<\/ul><\/div>\n<\/p><\/div>\n<p> <!-- Secci\u00f3n de opciones de codificaci\u00f3n --> <\/p>\n<div style='flex: 1 1 250px; border: 1px solid rgba(150&comma; 150&comma; 150&comma; 0.4); border-radius: 8px; overflow: hidden; display: flex; flex-direction: column;'>\n<div style='padding: 15px; border-bottom: 1px solid rgba(150&comma; 150&comma; 150&comma; 0.2); font-weight: bold; font-size: 18px; color: inherit;'>Opciones de Codificaci\u00f3n<\/div>\n<div style='padding: 15px; color: inherit;'>\n<ul style='padding-left: 20px; margin: 0; font-size: 14px; list-style-type: disc;'>\n<li style='margin-bottom: 5px;'>Magnetic Stripe: ISO7811 (Track I&comma; II&comma; III Read\/Write&comma; HiCo\/LoCo)&comma; JIS II<\/li>\n<li style='margin-bottom: 5px;'>Contacto: ISO 7816 (ID-1)<\/li>\n<li style='margin-bottom: 5px;'>Sin contacto: MIFARE&comma; ISO 14443 (Type A\/B)&comma; ISO 15693&comma; DESFire&comma; iCLASS<\/li>\n<\/ul><\/div>\n<\/p><\/div>\n<p> <!-- Secci\u00f3n de dimensiones y peso --> <\/p>\n<div style='flex: 1 1 250px; border: 1px solid rgba(150&comma; 150&comma; 150&comma; 0.4); border-radius: 8px; overflow: hidden; display: flex; flex-direction: column;'>\n<div style='padding: 15px; border-bottom: 1px solid rgba(150&comma; 150&comma; 150&comma; 0.2); font-weight: bold; font-size: 18px; color: inherit;'>Dimensiones y Peso<\/div>\n<div style='padding: 15px; color: inherit;'>\n<ul style='padding-left: 20px; margin: 0; font-size: 14px; list-style-type: disc;'>\n<li style='margin-bottom: 5px;'>Mil\u00edmetros (Ancho x Largo x Alto): 172 x 377 x 190<\/li>\n<li style='margin-bottom: 5px;'>Pulgadas (Ancho x Largo x Alto): 6.8 x 14.8 x 7.5<\/li>\n<li style='margin-bottom: 5px;'>Peso: 3.4 Kg \/ 7.5 lbs<\/li>\n<\/ul><\/div>\n<\/p><\/div>\n<p> <!-- Secci\u00f3n de entornos operativos --> <\/p>\n<div style='flex: 1 1 250px; border: 1px solid rgba(150&comma; 150&comma; 150&comma; 0.4); border-radius: 8px; overflow: hidden; display: flex; flex-direction: column;'>\n<div style='padding: 15px; border-bottom: 1px solid rgba(150&comma; 150&comma; 150&comma; 0.2); font-weight: bold; font-size: 18px; color: inherit;'>Entornos Operativos<\/div>\n<div style='padding: 15px; color: inherit;'>\n<ul style='padding-left: 20px; margin: 0; font-size: 14px; list-style-type: disc;'>\n<li style='margin-bottom: 5px;'>Temperatura: 15~35\u2103<\/li>\n<li style='margin-bottom: 5px;'>Humedad: 35~70% RH<\/li>\n<\/ul><\/div>\n<\/p><\/div>\n<p> <!-- Secci\u00f3n de compatibilidad --> <\/p>\n<div style='flex: 1 1 250px; border: 1px solid rgba(150&comma; 150&comma; 150&comma; 0.4); border-radius: 8px; overflow: hidden; display: flex; flex-direction: column;'>\n<div style='padding: 15px; border-bottom: 1px solid rgba(150&comma; 150&comma; 150&comma; 0.2); font-weight: bold; font-size: 18px; color: inherit;'>Compatibilidad<\/div>\n<div style='padding: 15px; color: inherit;'>\n<ul style='padding-left: 20px; margin: 0; font-size: 14px; list-style-type: disc;'>\n<li style='margin-bottom: 5px;'>Microsoft Windows 2000\/2003\/XP\/Vista\/7\/8\/10<\/li>\n<li style='margin-bottom: 5px;'>Mac OS<\/li>\n<li style='margin-bottom: 5px;'>Linux<\/li>\n<\/ul><\/div>\n<\/p><\/div>\n<\/p><\/div>\n<p> <!-- Separador --> <\/p>\n<hr style='border: 0; border-top: 1px solid rgba(150&comma; 150&comma; 150&comma; 0.3); margin: 30px 0;'> <!-- Secci\u00f3n de caracter\u00edsticas adicionales --> <\/p>\n<div style='display: flex; flex-wrap: wrap; gap: 30px; margin-bottom: 30px;'>\n<div style='flex: 1 1 300px; min-width: 280px;'>\n<h3 style='font-size: 22px; border-bottom: 2px solid currentColor; padding-bottom: 5px; margin-top: 0; color: inherit; opacity: 0.8;'>Caracter\u00edsticas Adicionales<\/h3>\n<ul style='padding-left: 20px; font-size: 15px; color: inherit;'>\n<li style='margin-bottom: 5px;'>Impresi\u00f3n de color y monocrom\u00e1tica de una sola cara<\/li>\n<li style='margin-bottom: 5px;'>Bot\u00f3n LED para operaci\u00f3n frontal<\/li>\n<li style='margin-bottom: 5px;'>Baja seguridad de costo con impresi\u00f3n UV<\/li>\n<li style='margin-bottom: 5px;'>M\u00f3dulos actualizables: Flipper y Ethernet<\/li>\n<li style='margin-bottom: 5px;'>Tecnolog\u00eda FINE\u2122 Imaging para alta calidad de imagen<\/li>\n<li style='margin-bottom: 5px;'>Funci\u00f3n de verificaci\u00f3n de contrase\u00f1a para autenticaci\u00f3n de administrador y usuario<\/li>\n<li style='margin-bottom: 5px;'>Soporta protocolo SSL (Secure Socket Layer) en comunicaciones Ethernet<\/li>\n<li style='margin-bottom: 5px;'>Soporta protocolo OCP (Open Card Print) para codificaci\u00f3n y impresi\u00f3n por comandos<\/li>\n<\/ul><\/div>\n<\/p><\/div>\n<p> <!-- Separador --> <\/p>\n<hr style='border: 0; border-top: 1px solid rgba(150&comma; 150&comma; 150&comma; 0.3); margin: 30px 0;'> <!-- Secci\u00f3n de aplicaciones --> <\/p>\n<div style='display: flex; flex-wrap: wrap; gap: 30px; margin-bottom: 30px;'>\n<div style='flex: 1 1 300px; min-width: 280px;'>\n<h3 style='font-size: 22px; border-bottom: 2px solid currentColor; padding-bottom: 5px; margin-top: 0; color: inherit; opacity: 0.8;'>Aplicaciones<\/h3>\n<ul style='padding-left: 20px; font-size: 15px; color: inherit;'>\n<li style='margin-bottom: 5px;'>Tarjetas de identificaci\u00f3n de empleados<\/li>\n<li style='margin-bottom: 5px;'>Tarjetas de estudiante<\/li>\n<li style='margin-bottom: 5px;'>Tarjetas de pago<\/li>\n<li style='margin-bottom: 5px;'>Tarjetas de salud<\/li>\n<li style='margin-bottom: 5px;'>Tarjetas de acceso a instalaciones<\/li>\n<li style='margin-bottom: 5px;'>Tarjetas de lealtad<\/li>\n<li style='margin-bottom: 5px;'>Tarjetas de transporte<\/li>\n<li style='margin-bottom: 5px;'>Tarjetas de eventos<\/li>\n<\/ul><\/div>\n<\/p><\/div>\n<p> <!-- Separador --> <\/p>\n<hr style='border: 0; border-top: 1px solid rgba(150&comma; 150&comma; 150&comma; 0.3); margin: 30px 0;'> <!-- Secci\u00f3n de certificaciones --> <\/p>\n<div style='display: flex; flex-wrap: wrap; gap: 30px; margin-bottom: 30px;'>\n<div style='flex: 1 1 300px; min-width: 280px;'>\n<h3 style='font-size: 22px; border-bottom: 2px solid currentColor; padding-bottom: 5px; margin-top: 0; color: inherit; opacity: 0.8;'>Certificaciones<\/h3>\n<p style='font-size: 15px; color: inherit;'>Las especificaciones y disponibilidad pueden cambiar sin previo aviso.<\/p>\n<\/p><\/div>\n<\/p><\/div>\n<\/p><\/div>\n","protected":false},"excerpt":{"rendered":"<p>Fuente de Poder para SMART30\/SMART50\/SMART31\/SMART51<\/p>\n","protected":false},"featured_media":30742,"comment_status":"open","ping_status":"closed","template":"","meta":[],"product_brand":[],"product_cat":[755],"product_tag":[756,824,751],"class_list":{"0":"post-30743","1":"product","2":"type-product","3":"status-publish","4":"has-post-thumbnail","6":"product_cat-general","7":"product_tag-general","8":"product_tag-idp","9":"product_tag-refacciones","11":"first","12":"outofstock","13":"sale","14":"shipping-taxable","15":"purchasable","16":"product-type-simple"},"_links":{"self":[{"href":"https:\/\/soydeaqui.ddns.net\/pachuca\/index.php\/wp-json\/wp\/v2\/product\/30743","targetHints":{"allow":["GET"]}}],"collection":[{"href":"https:\/\/soydeaqui.ddns.net\/pachuca\/index.php\/wp-json\/wp\/v2\/product"}],"about":[{"href":"https:\/\/soydeaqui.ddns.net\/pachuca\/index.php\/wp-json\/wp\/v2\/types\/product"}],"replies":[{"embeddable":true,"href":"https:\/\/soydeaqui.ddns.net\/pachuca\/index.php\/wp-json\/wp\/v2\/comments?post=30743"}],"wp:featuredmedia":[{"embeddable":true,"href":"https:\/\/soydeaqui.ddns.net\/pachuca\/index.php\/wp-json\/wp\/v2\/media\/30742"}],"wp:attachment":[{"href":"https:\/\/soydeaqui.ddns.net\/pachuca\/index.php\/wp-json\/wp\/v2\/media?parent=30743"}],"wp:term":[{"taxonomy":"product_brand","embeddable":true,"href":"https:\/\/soydeaqui.ddns.net\/pachuca\/index.php\/wp-json\/wp\/v2\/product_brand?post=30743"},{"taxonomy":"product_cat","embeddable":true,"href":"https:\/\/soydeaqui.ddns.net\/pachuca\/index.php\/wp-json\/wp\/v2\/product_cat?post=30743"},{"taxonomy":"product_tag","embeddable":true,"href":"https:\/\/soydeaqui.ddns.net\/pachuca\/index.php\/wp-json\/wp\/v2\/product_tag?post=30743"}],"curies":[{"name":"wp","href":"https:\/\/api.w.org\/{rel}","templated":true}]}}