{"id":30666,"date":"2026-03-18T13:52:49","date_gmt":"2026-03-18T13:52:49","guid":{"rendered":"https:\/\/soydeaqui.ddns.net\/pachuca\/index.php\/producto\/tarjeta-modular-con-capacidad-para-dos-lectoras-de-la-serie-pw6000-para-prowatch\/"},"modified":"2026-03-18T13:52:50","modified_gmt":"2026-03-18T13:52:50","slug":"tarjeta-modular-con-capacidad-para-dos-lectoras-de-la-serie-pw6000-para-prowatch","status":"publish","type":"product","link":"https:\/\/soydeaqui.ddns.net\/pachuca\/index.php\/producto\/tarjeta-modular-con-capacidad-para-dos-lectoras-de-la-serie-pw6000-para-prowatch\/","title":{"rendered":"Tarjeta modular con capacidad para dos lectoras de la serie PW6000 para PROWATCH"},"content":{"rendered":"<div style='width: 100%; max-width: 1200px; margin: 0 auto; font-family: sans-serif; line-height: 1.6; color: inherit; background-color: transparent;'> <!-- Imagen principal --> <\/p>\n<div style='margin-bottom: 30px;'> <img style='width: 100%; height: auto; border: 1px solid rgba(150&comma;150&comma;150&comma;0.3); border-radius: 8px;' src='https:\/\/ftp3.syscom.mx\/usuarios\/vestrada\/Imagenes\/HoneyWell.JPG' alt=''> <\/div>\n<p> <!-- Descripci\u00f3n general --> <\/p>\n<div style='margin-bottom: 30px;'>\n<div style='padding: 15px; border-left: 5px solid #e74c3c; border-radius: 5px; box-shadow: 2px 2px 10px rgba(216&comma;216&comma;216&comma;0.3); -webkit-box-shadow: 2px 2px 10px rgba(216&comma;216&comma;216&comma;0.3);'> <span style='font-size: 14pt; font-weight: bold; color: inherit;'> El sistema de control de acceso de la serie PW6000 es una arquitectura de hardware avanzada capaz de proporcionar soluciones para aplicaciones de grandes empresas. Los controladores de la serie PW admiten una combinaci\u00f3n de I \/ O y placas lectoras para monitorear los puntos de entrada de alarma&comma; los puntos de salida de rel\u00e9 y la interfaz con lectores de control de acceso. Al ofrecer un dise\u00f1o modular&comma; el sistema se puede adaptar para satisfacer una amplia gama de aplicaciones mientras se optimizan los costos y la instalaci\u00f3n. <\/span> <\/div>\n<\/p><\/div>\n<p> <!-- Secci\u00f3n de caracter\u00edsticas --> <\/p>\n<div style='display: flex; flex-wrap: wrap; gap: 30px; margin-bottom: 30px;'>\n<div style='flex: 1 1 300px; min-width: 280px;'>\n<div style='padding: 15px; border-left: 5px solid #e74c3c; border-radius: 5px; box-shadow: 2px 2px 10px rgba(216&comma;216&comma;216&comma;0.3); -webkit-box-shadow: 2px 2px 10px rgba(216&comma;216&comma;216&comma;0.3);'>\n<h3 style='font-size: 18px; margin-top: 0; margin-bottom: 15px; color: inherit; font-weight: bold;'>Caracter\u00edsticas principales:<\/h3>\n<ul style='padding-left: 20px; font-size: 15px; color: inherit; list-style-type: disc;'>\n<li style='margin-bottom: 5px;'>Soporta 2 Lectores por Wiegand<\/li>\n<li style='margin-bottom: 5px;'>8 Entradas Digitales<\/li>\n<li style='margin-bottom: 5px;'>6 Salidas de Relevador<\/li>\n<li style='margin-bottom: 5px;'>OSDP(V2) SCP<\/li>\n<\/ul><\/div>\n<\/p><\/div>\n<div style='flex: 1 1 300px; min-width: 280px;'>\n<div style='padding: 15px; border-left: 5px solid #e74c3c; border-radius: 5px; box-shadow: 2px 2px 10px rgba(216&comma;216&comma;216&comma;0.3); -webkit-box-shadow: 2px 2px 10px rgba(216&comma;216&comma;216&comma;0.3);'>\n<h3 style='font-size: 18px; margin-top: 0; margin-bottom: 15px; color: inherit; font-weight: bold;'>Caracter\u00edsticas F\u00edsicas y El\u00e9ctricas:<\/h3>\n<ul style='padding-left: 20px; font-size: 15px; color: inherit; list-style-type: disc;'>\n<li style='margin-bottom: 5px;'>Corriente Primaria:12 &#8211; 24 Vcc 650mA max<\/li>\n<li style='margin-bottom: 5px;'>Temperatura de Operaci\u00f3n: 0-49 \u00b0C<\/li>\n<li style='margin-bottom: 5px;'>Humedad de Operaci\u00f3n: 5 a 85% RHNC<\/li>\n<li style='margin-bottom: 5px;'>Dimensiones: 230 x 140 x 25mm<\/li>\n<\/ul><\/div>\n<\/p><\/div>\n<div style='flex: 1 1 300px; min-width: 280px;'>\n<div style='padding: 15px; border-left: 5px solid #e74c3c; border-radius: 5px; box-shadow: 2px 2px 10px rgba(216&comma;216&comma;216&comma;0.3); -webkit-box-shadow: 2px 2px 10px rgba(216&comma;216&comma;216&comma;0.3);'>\n<h3 style='font-size: 18px; margin-top: 0; margin-bottom: 15px; color: inherit; font-weight: bold;'>Caracter\u00edsticas Destacadas:<\/h3>\n<p style='margin: 0; font-size: 15px; color: inherit;'> Los controladores inteligentes brindan potencia y flexibilidad con un sistema operativo Linux integrado&comma; un procesador mejorado y una mayor memoria&comma; as\u00ed como un chip criptogr\u00e1fico integrado que agrega una capa adicional de seguridad a los datos confidenciales. <\/p>\n<\/p><\/div>\n<\/p><\/div>\n<\/p><\/div>\n<p> <!-- Imagen de caracter\u00edsticas --> <\/p>\n<div style='margin-bottom: 30px;'> <img style='width: 100%; height: auto; border: 1px solid rgba(150&comma;150&comma;150&comma;0.3); border-radius: 8px;' src='https:\/\/ftp3.syscom.mx\/usuarios\/vestrada\/Imagenes\/Caracteristicas.JPG' alt=''> <\/div>\n<\/p><\/div>\n","protected":false},"excerpt":{"rendered":"<p>Tarjeta modular con capacidad para dos lectoras de la serie PW6000 para PROWATCH<\/p>\n","protected":false},"featured_media":32,"comment_status":"open","ping_status":"closed","template":"","meta":[],"product_brand":[],"product_cat":[783],"product_tag":[785,209,784],"class_list":{"0":"post-30666","1":"product","2":"type-product","3":"status-publish","4":"has-post-thumbnail","6":"product_cat-controladores-de-acceso","7":"product_tag-controladores-de-acceso","8":"product_tag-honeywell","9":"product_tag-paneles-de-control-de-acceso","11":"first","12":"outofstock","13":"sale","14":"shipping-taxable","15":"purchasable","16":"product-type-simple"},"_links":{"self":[{"href":"https:\/\/soydeaqui.ddns.net\/pachuca\/index.php\/wp-json\/wp\/v2\/product\/30666","targetHints":{"allow":["GET"]}}],"collection":[{"href":"https:\/\/soydeaqui.ddns.net\/pachuca\/index.php\/wp-json\/wp\/v2\/product"}],"about":[{"href":"https:\/\/soydeaqui.ddns.net\/pachuca\/index.php\/wp-json\/wp\/v2\/types\/product"}],"replies":[{"embeddable":true,"href":"https:\/\/soydeaqui.ddns.net\/pachuca\/index.php\/wp-json\/wp\/v2\/comments?post=30666"}],"wp:featuredmedia":[{"embeddable":true,"href":"https:\/\/soydeaqui.ddns.net\/pachuca\/index.php\/wp-json\/wp\/v2\/media\/32"}],"wp:attachment":[{"href":"https:\/\/soydeaqui.ddns.net\/pachuca\/index.php\/wp-json\/wp\/v2\/media?parent=30666"}],"wp:term":[{"taxonomy":"product_brand","embeddable":true,"href":"https:\/\/soydeaqui.ddns.net\/pachuca\/index.php\/wp-json\/wp\/v2\/product_brand?post=30666"},{"taxonomy":"product_cat","embeddable":true,"href":"https:\/\/soydeaqui.ddns.net\/pachuca\/index.php\/wp-json\/wp\/v2\/product_cat?post=30666"},{"taxonomy":"product_tag","embeddable":true,"href":"https:\/\/soydeaqui.ddns.net\/pachuca\/index.php\/wp-json\/wp\/v2\/product_tag?post=30666"}],"curies":[{"name":"wp","href":"https:\/\/api.w.org\/{rel}","templated":true}]}}