{"id":30657,"date":"2026-03-18T13:52:36","date_gmt":"2026-03-18T13:52:36","guid":{"rendered":"https:\/\/soydeaqui.ddns.net\/pachuca\/index.php\/producto\/fuente-de-alimentacion-de-12-y-24-vcc-para-torniquetes-xt1000-xt5000-y-xt7000\/"},"modified":"2026-03-18T13:52:36","modified_gmt":"2026-03-18T13:52:36","slug":"fuente-de-alimentacion-de-12-y-24-vcc-para-torniquetes-xt1000-xt5000-y-xt7000","status":"publish","type":"product","link":"https:\/\/soydeaqui.ddns.net\/pachuca\/index.php\/producto\/fuente-de-alimentacion-de-12-y-24-vcc-para-torniquetes-xt1000-xt5000-y-xt7000\/","title":{"rendered":"Fuente de alimentaci\u00f3n de 12 y 24 Vcc para torniquetes XT1000, XT5000 y XT7000"},"content":{"rendered":"<div style='width: 100%; max-width: 1200px; margin: 0 auto; font-family: sans-serif; line-height: 1.6; color: inherit; background-color: transparent;'> <!-- Secci\u00f3n de caracter\u00edsticas --> <\/p>\n<div style='display: flex; flex-wrap: wrap; gap: 30px; margin-bottom: 30px;'>\n<div style='flex: 1 1 300px; min-width: 280px;'>\n<h3 style='font-size: 22px; border-bottom: 2px solid currentColor; padding-bottom: 5px; margin-top: 0; color: inherit; opacity: 0.8;'>Caracter\u00edsticas<\/h3>\n<ul style='padding-left: 20px; font-size: 15px; color: inherit;'>\n<li style='margin-bottom: 5px;'>Mecanismo de aleaci\u00f3n de acero que previene el desgaste mec\u00e1nico<\/li>\n<li style='margin-bottom: 5px;'>Carcasa y brazos fabricados en acero inoxidable SUS304<\/li>\n<li style='margin-bottom: 5px;'>Electroimanes de bloqueo que operan solo cuando son activados<\/li>\n<li style='margin-bottom: 5px;'>Mecanismo compacto con larga vida del aceite lubricante<\/li>\n<li style='margin-bottom: 5px;'>Componentes electr\u00f3nicos de alta calidad<\/li>\n<li style='margin-bottom: 5px;'>Sistema de ca\u00edda de brazos en caso de emergencia<\/li>\n<li style='margin-bottom: 5px;'>Dise\u00f1o sin tornillos expuestos para mayor seguridad<\/li>\n<li style='margin-bottom: 5px;'>Operaci\u00f3n dise\u00f1ada para aplicaciones de alto flujo de personas<\/li>\n<li style='margin-bottom: 5px;'>Se\u00f1alizaci\u00f3n para indicar acceso autorizado y direcci\u00f3n de movimiento<\/li>\n<li style='margin-bottom: 5px;'>Dise\u00f1o amigable para lectores de tarjeta o huella digital<\/li>\n<\/ul><\/div>\n<div style='flex: 1 1 300px; min-width: 280px;'>\n<h3 style='font-size: 22px; border-bottom: 2px solid currentColor; padding-bottom: 5px; margin-top: 0; color: inherit; opacity: 0.8;'>Especificaciones T\u00e9cnicas<\/h3>\n<ul style='padding-left: 20px; font-size: 15px; color: inherit;'>\n<li style='margin-bottom: 5px;'><strong>Voltaje de entrada:<\/strong> 110 V&comma; 60 Hz<\/li>\n<li style='margin-bottom: 5px;'><strong>Potencia:<\/strong> 60 W<\/li>\n<li style='margin-bottom: 5px;'><strong>Ambiente de operaci\u00f3n:<\/strong> Interior y exterior<\/li>\n<li style='margin-bottom: 5px;'><strong>Temperatura de operaci\u00f3n:<\/strong> -28 a 60 \u00baC<\/li>\n<li style='margin-bottom: 5px;'><strong>Humedad de operaci\u00f3n:<\/strong> 5 a 85 %<\/li>\n<li style='margin-bottom: 5px;'><strong>\u00cdndice de protecci\u00f3n:<\/strong> IP54<\/li>\n<li style='margin-bottom: 5px;'><strong>Longitud del brazo:<\/strong> 500 mm<\/li>\n<li style='margin-bottom: 5px;'><strong>Peso neto:<\/strong> 34 kg<\/li>\n<li style='margin-bottom: 5px;'><strong>Peso bruto:<\/strong> 40 kg<\/li>\n<li style='margin-bottom: 5px;'><strong>Flujo de usuarios:<\/strong> 25 a 48 usuarios por minuto<\/li>\n<\/ul><\/div>\n<\/p><\/div>\n<p> <!-- Secci\u00f3n de dimensiones --> <\/p>\n<div style='display: flex; flex-wrap: wrap; gap: 20px; margin-bottom: 30px;'>\n<div style='flex: 1 1 250px; border: 1px solid rgba(150&comma; 150&comma; 150&comma; 0.4); border-radius: 8px; overflow: hidden; display: flex; flex-direction: column;'>\n<div style='padding: 15px; border-bottom: 1px solid rgba(150&comma; 150&comma; 150&comma; 0.2); font-weight: bold; font-size: 18px; color: inherit;'>Dimensiones<\/div>\n<div style='padding: 15px; color: inherit;'>\n<ul style='padding-left: 20px; margin: 0; font-size: 14px; list-style-type: disc;'>\n<li style='margin-bottom: 5px;'><strong>Largo:<\/strong> 1&comma;110 mm<\/li>\n<li style='margin-bottom: 5px;'><strong>Ancho:<\/strong> 260 mm<\/li>\n<li style='margin-bottom: 5px;'><strong>Altura:<\/strong> 980 mm<\/li>\n<\/ul><\/div>\n<\/p><\/div>\n<div style='flex: 1 1 250px; border: 1px solid rgba(150&comma; 150&comma; 150&comma; 0.4); border-radius: 8px; overflow: hidden; display: flex; flex-direction: column;'>\n<div style='padding: 15px; border-bottom: 1px solid rgba(150&comma; 150&comma; 150&comma; 0.2); font-weight: bold; font-size: 18px; color: inherit;'>Tama\u00f1o del empaque<\/div>\n<div style='padding: 15px; color: inherit;'>\n<ul style='padding-left: 20px; margin: 0; font-size: 14px; list-style-type: disc;'>\n<li style='margin-bottom: 5px;'><strong>Largo:<\/strong> 1&comma;200 mm<\/li>\n<li style='margin-bottom: 5px;'><strong>Ancho:<\/strong> 380 mm<\/li>\n<li style='margin-bottom: 5px;'><strong>Altura:<\/strong> 1&comma;080 mm<\/li>\n<\/ul><\/div>\n<\/p><\/div>\n<div style='flex: 1 1 250px; border: 1px solid rgba(150&comma; 150&comma; 150&comma; 0.4); border-radius: 8px; overflow: hidden; display: flex; flex-direction: column;'>\n<div style='padding: 15px; border-bottom: 1px solid rgba(150&comma; 150&comma; 150&comma; 0.2); font-weight: bold; font-size: 18px; color: inherit;'>Carga m\u00e1xima<\/div>\n<div style='padding: 15px; color: inherit;'>\n<ul style='padding-left: 20px; margin: 0; font-size: 14px; list-style-type: disc;'>\n<li style='margin-bottom: 5px;'><strong>Centro:<\/strong> 80 kg<\/li>\n<li style='margin-bottom: 5px;'><strong>Final:<\/strong> 40 kg<\/li>\n<\/ul><\/div>\n<\/p><\/div>\n<\/p><\/div>\n<p> <!-- Secci\u00f3n de aplicaciones --> <\/p>\n<div style='margin-bottom: 30px;'>\n<h3 style='font-size: 22px; border-bottom: 2px solid currentColor; padding-bottom: 5px; margin-top: 0; color: inherit; opacity: 0.8;'>Aplicaciones<\/h3>\n<ul style='padding-left: 20px; font-size: 15px; color: inherit;'>\n<li style='margin-bottom: 5px;'>Escuelas<\/li>\n<li style='margin-bottom: 5px;'>Metros<\/li>\n<li style='margin-bottom: 5px;'>Taquillas<\/li>\n<li style='margin-bottom: 5px;'>Estadios<\/li>\n<li style='margin-bottom: 5px;'>Ferias<\/li>\n<li style='margin-bottom: 5px;'>Salas de exhibici\u00f3n<\/li>\n<li style='margin-bottom: 5px;'>Expos<\/li>\n<li style='margin-bottom: 5px;'>Aeropuertos<\/li>\n<\/ul><\/div>\n<p> <!-- Secci\u00f3n de integraci\u00f3n --> <\/p>\n<div style='margin-bottom: 30px;'>\n<h3 style='font-size: 22px; border-bottom: 2px solid currentColor; padding-bottom: 5px; margin-top: 0; color: inherit; opacity: 0.8;'>F\u00e1cil Integraci\u00f3n<\/h3>\n<ul style='padding-left: 20px; font-size: 15px; color: inherit;'>\n<li style='margin-bottom: 5px;'>Placa de instalaci\u00f3n de lector flexible<\/li>\n<li style='margin-bottom: 5px;'>Interfaz el\u00e9ctrica est\u00e1ndar para dispositivos de terceros<\/li>\n<li style='margin-bottom: 5px;'>Mecanismo compacto para integraci\u00f3n de otros dispositivos<\/li>\n<\/ul><\/div>\n<p> <!-- Separador --> <\/p>\n<hr style='border: 0; border-top: 1px solid rgba(150&comma; 150&comma; 150&comma; 0.3); margin: 30px 0;'> <\/div>\n","protected":false},"excerpt":{"rendered":"<p>Fuente de alimentaci\u00f3n de 12 y 24 Vcc para torniquetes XT1000, XT5000 y XT7000<\/p>\n","protected":false},"featured_media":30656,"comment_status":"open","ping_status":"closed","template":"","meta":[],"product_brand":[],"product_cat":[755],"product_tag":[234,756,751],"class_list":{"0":"post-30657","1":"product","2":"type-product","3":"status-publish","4":"has-post-thumbnail","6":"product_cat-general","7":"product_tag-accesspro","8":"product_tag-general","9":"product_tag-refacciones","11":"first","12":"outofstock","13":"sale","14":"shipping-taxable","15":"purchasable","16":"product-type-simple"},"_links":{"self":[{"href":"https:\/\/soydeaqui.ddns.net\/pachuca\/index.php\/wp-json\/wp\/v2\/product\/30657","targetHints":{"allow":["GET"]}}],"collection":[{"href":"https:\/\/soydeaqui.ddns.net\/pachuca\/index.php\/wp-json\/wp\/v2\/product"}],"about":[{"href":"https:\/\/soydeaqui.ddns.net\/pachuca\/index.php\/wp-json\/wp\/v2\/types\/product"}],"replies":[{"embeddable":true,"href":"https:\/\/soydeaqui.ddns.net\/pachuca\/index.php\/wp-json\/wp\/v2\/comments?post=30657"}],"wp:featuredmedia":[{"embeddable":true,"href":"https:\/\/soydeaqui.ddns.net\/pachuca\/index.php\/wp-json\/wp\/v2\/media\/30656"}],"wp:attachment":[{"href":"https:\/\/soydeaqui.ddns.net\/pachuca\/index.php\/wp-json\/wp\/v2\/media?parent=30657"}],"wp:term":[{"taxonomy":"product_brand","embeddable":true,"href":"https:\/\/soydeaqui.ddns.net\/pachuca\/index.php\/wp-json\/wp\/v2\/product_brand?post=30657"},{"taxonomy":"product_cat","embeddable":true,"href":"https:\/\/soydeaqui.ddns.net\/pachuca\/index.php\/wp-json\/wp\/v2\/product_cat?post=30657"},{"taxonomy":"product_tag","embeddable":true,"href":"https:\/\/soydeaqui.ddns.net\/pachuca\/index.php\/wp-json\/wp\/v2\/product_tag?post=30657"}],"curies":[{"name":"wp","href":"https:\/\/api.w.org\/{rel}","templated":true}]}}