{"id":30636,"date":"2026-03-18T13:52:08","date_gmt":"2026-03-18T13:52:08","guid":{"rendered":"https:\/\/soydeaqui.ddns.net\/pachuca\/index.php\/producto\/motor-para-puertas-corredizas-800-kgs-motor-brushless-cierre-automatico-auto-aprendizaje-de-finales-de-carrera\/"},"modified":"2026-03-18T13:52:14","modified_gmt":"2026-03-18T13:52:14","slug":"motor-para-puertas-corredizas-800-kgs-motor-brushless-cierre-automatico-auto-aprendizaje-de-finales-de-carrera","status":"publish","type":"product","link":"https:\/\/soydeaqui.ddns.net\/pachuca\/index.php\/producto\/motor-para-puertas-corredizas-800-kgs-motor-brushless-cierre-automatico-auto-aprendizaje-de-finales-de-carrera\/","title":{"rendered":"Motor para puertas corredizas \/ 800 kgs \/ Motor brushless \/ Cierre autom\u00e1tico \/ auto aprendizaje de finales de carrera"},"content":{"rendered":"<div style='width: 100%; max-width: 1200px; margin: 0 auto; font-family: sans-serif; line-height: 1.6; color: inherit; background-color: transparent;'>\n<div style='display: flex; flex-wrap: wrap; gap: 30px; margin-bottom: 30px;'>\n<div style='flex: 1 1 300px; min-width: 280px;'>\n<h3 style='font-size: 22px; border-bottom: 2px solid currentColor; padding-bottom: 5px; margin-top: 0; color: inherit; opacity: 0.8;'>Caracter\u00edsticas principales:<\/h3>\n<ul style='padding-left: 20px; font-size: 15px; color: inherit;'>\n<li style='margin-bottom: 5px;'>Peso m\u00e1ximo de la hoja 800 kg.<\/li>\n<li style='margin-bottom: 5px;'>Cuadro de mando inclu\u00eddo.<\/li>\n<li style='margin-bottom: 5px;'>Cierre autom\u00e1tico ajustable.<\/li>\n<li style='margin-bottom: 5px;'>Incluye 2 controles XBT23.<\/li>\n<li style='margin-bottom: 5px;'>Tiempo de vida utill del motor 3000 hrs.<\/li>\n<\/ul><\/div>\n<div style='flex: 1 1 300px; min-width: 280px;'>\n<h3 style='font-size: 22px; border-bottom: 2px solid currentColor; padding-bottom: 5px; margin-top: 0; color: inherit; opacity: 0.8;'>Caracter\u00edsticas F\u00edsicas y El\u00e9ctricas:<\/h3>\n<ul style='padding-left: 20px; font-size: 15px; color: inherit;'>\n<li style='margin-bottom: 5px;'>Alimentaci\u00f3n: 110 Vac.<\/li>\n<li style='margin-bottom: 5px;'>Consumo de corriente: 8A.<\/li>\n<li style='margin-bottom: 5px;'>Potencia: 280W.<\/li>\n<li style='margin-bottom: 5px;'>Medidas de empaque 38 x 33 x 30 cms.<\/li>\n<li style='margin-bottom: 5px;'>Medidas del operador 30 x 26 x 25 cms.<\/li>\n<\/ul><\/div>\n<div style='flex: 1 1 300px; min-width: 280px;'>\n<h3 style='font-size: 22px; border-bottom: 2px solid currentColor; padding-bottom: 5px; margin-top: 0; color: inherit; opacity: 0.8;'>Caracter\u00edsticas Destacadas:<\/h3>\n<ul style='padding-left: 20px; font-size: 15px; color: inherit;'>\n<li style='margin-bottom: 5px;'>Motor de cremallera.<\/li>\n<li style='margin-bottom: 5px;'>Tiempo de vida \u00fatil del motor 3000 hrs.<\/li>\n<li style='margin-bottom: 5px;'>Grado de protecci\u00f3n IP44.<\/li>\n<li style='margin-bottom: 5px;'>Torque m\u00e1ximo de 110 Nm.<\/li>\n<li style='margin-bottom: 5px;'>Temperatura de operaci\u00f3n de -20 a 55 \u00b0C.<\/li>\n<\/ul><\/div>\n<\/p><\/div>\n<hr style='border: 0; border-top: 1px solid rgba(150&comma; 150&comma; 150&comma; 0.3); margin: 30px 0;'>\n<div style='margin-bottom: 30px;'>\n<h3 style='font-size: 22px; border-bottom: 2px solid currentColor; padding-bottom: 5px; margin-top: 0; color: inherit; opacity: 0.8; text-align: center;'>\u00bfQu\u00e9 equipos necesito para una instalaci\u00f3n?<\/h3>\n<div style='display: flex; flex-direction: column; gap: 15px; margin-top: 20px;'>\n<div style='padding: 10px; border-left: 4px solid #0091ff; background-color: rgba(0&comma; 145&comma; 255&comma; 0.05); color: inherit;'> <strong>XBS-CANAC-800<\/strong> Motor para puertas corredizas de 800kgs <\/div>\n<div style='padding: 10px; border-left: 4px solid #0091ff; background-color: rgba(0&comma; 145&comma; 255&comma; 0.05); color: inherit;'> <strong>XBS-R01<\/strong> Cremallera de acero modulo 4 (Se vende por tramos de 1 metro) cantidad depende del tama\u00f1o de la puerta <\/div>\n<\/p><\/div>\n<\/p><\/div>\n<hr style='border: 0; border-top: 1px solid rgba(150&comma; 150&comma; 150&comma; 0.3); margin: 30px 0;'>\n<div style='margin-bottom: 30px;'>\n<h3 style='font-size: 22px; border-bottom: 2px solid currentColor; padding-bottom: 5px; margin-top: 0; color: inherit; opacity: 0.8; text-align: center;'>\u00bfQu\u00e9 accesorios opcionales puedo agregar a mi instalaci\u00f3n?<\/h3>\n<div style='display: flex; flex-direction: column; gap: 15px; margin-top: 20px;'>\n<div style='padding: 10px; border-left: 4px solid #0091ff; background-color: rgba(0&comma; 145&comma; 255&comma; 0.05); color: inherit;'> <strong>XB-WT-01<\/strong> Bot\u00f3n inal\u00e1mbrico de pared compatible con XB-REC2 <\/div>\n<div style='padding: 10px; border-left: 4px solid #0091ff; background-color: rgba(0&comma; 145&comma; 255&comma; 0.05); color: inherit;'> <strong>XBS-SW-01<\/strong> Botonera triple de uso rudo <\/div>\n<div style='padding: 10px; border-left: 4px solid #0091ff; background-color: rgba(0&comma; 145&comma; 255&comma; 0.05); color: inherit;'> <strong>XB-REC2<\/strong> Receptor inal\u00e1mbrico externo de dos canales <\/div>\n<div style='padding: 10px; border-left: 4px solid #0091ff; background-color: rgba(0&comma; 145&comma; 255&comma; 0.05); color: inherit;'> <strong>XB-T23<\/strong> Control remoto inal\u00e1mbrico compatible con XB-REC2 <\/div>\n<div style='padding: 10px; border-left: 4px solid #0091ff; background-color: rgba(0&comma; 145&comma; 255&comma; 0.05); color: inherit;'> <strong>XBS-25-MRF<\/strong> Fotocelda infrarroja \/ Alcance hasta 25 mts <\/div>\n<\/p><\/div>\n<\/p><\/div>\n<hr style='border: 0; border-top: 1px solid rgba(150&comma; 150&comma; 150&comma; 0.3); margin: 30px 0;'>\n<div style='margin-bottom: 30px;'>\n<h3 style='font-size: 22px; border-bottom: 2px solid currentColor; padding-bottom: 5px; margin-top: 0; color: inherit; opacity: 0.8; text-align: center;'>Videos de configuraciones y ajustes<\/h3>\n<div style='display: flex; flex-wrap: wrap; gap: 20px; justify-content: center; margin-top: 20px;'>\n<div style='position: relative; padding-bottom: 56.25%; height: 0; overflow: hidden; flex: 1 1 300px; max-width: 560px;'>   <\/div>\n<div style='position: relative; padding-bottom: 56.25%; height: 0; overflow: hidden; flex: 1 1 300px; max-width: 560px;'>   <\/div>\n<div style='position: relative; padding-bottom: 56.25%; height: 0; overflow: hidden; flex: 1 1 300px; max-width: 560px;'>   <\/div>\n<\/p><\/div>\n<\/p><\/div>\n<hr style='border: 0; border-top: 1px solid rgba(150&comma; 150&comma; 150&comma; 0.3); margin: 30px 0;'>\n<div style='margin-bottom: 30px;'>\n<div style='padding: 15px; border-left: 4px solid #0091ff; background-color: rgba(0&comma; 145&comma; 255&comma; 0.05); color: inherit;'> <strong>*NOTA:<\/strong> El peso estimado de la puerta incluye el peso de la hoja&comma; m\u00e1s el peso de arrastre de la misma. El equipo soporta un m\u00e1ximo de 5 controles inal\u00e1mbricos considerando un solo bot\u00f3n por control. Si requiere agregar una cantidad mayor de controles remotos&comma; deber\u00e1 a\u00f1adir un receptor inal\u00e1mbrico XBREC2 (400 controles por receptor m\u00e1ximo). <\/div>\n<\/p><\/div>\n<div style='margin-bottom: 30px;'>\n<div style='padding: 15px; border-left: 4px solid #0091ff; background-color: rgba(0&comma; 145&comma; 255&comma; 0.05); color: inherit;'> <strong>Equipo con 1 a\u00f1o de garantia contra defectos de fabricaci\u00f3n.<\/strong> <\/div>\n<\/p><\/div>\n<hr style='border: 0; border-top: 1px solid rgba(150&comma; 150&comma; 150&comma; 0.3); margin: 30px 0;'>\n<div style='margin-bottom: 30px;'> <img style='width: 100%; height: auto; border: 1px solid rgba(150&comma;150&comma;150&comma;0.3); border-radius: 8px;' src='https:\/\/ftp3.syscom.mx\/usuarios\/fotos\/XBSCANAC800\/89073-comunello-corrediza.jpg' alt='Rodamientos Comunello'> <\/div>\n<\/p><\/div>\n","protected":false},"excerpt":{"rendered":"<p>Motor para puertas corredizas \/ 800 kgs \/ Motor brushless \/ Cierre autom\u00e1tico \/ auto aprendizaje de finales de carrera<\/p>\n","protected":false},"featured_media":30635,"comment_status":"open","ping_status":"closed","template":"","meta":[],"product_brand":[],"product_cat":[860],"product_tag":[401,234,861],"class_list":{"0":"post-30636","1":"product","2":"type-product","3":"status-publish","4":"has-post-thumbnail","6":"product_cat-puertas-corredizas","7":"product_tag-acceso-vehicular","8":"product_tag-accesspro","9":"product_tag-puertas-corredizas","11":"first","12":"instock","13":"sale","14":"shipping-taxable","15":"purchasable","16":"product-type-simple"},"_links":{"self":[{"href":"https:\/\/soydeaqui.ddns.net\/pachuca\/index.php\/wp-json\/wp\/v2\/product\/30636","targetHints":{"allow":["GET"]}}],"collection":[{"href":"https:\/\/soydeaqui.ddns.net\/pachuca\/index.php\/wp-json\/wp\/v2\/product"}],"about":[{"href":"https:\/\/soydeaqui.ddns.net\/pachuca\/index.php\/wp-json\/wp\/v2\/types\/product"}],"replies":[{"embeddable":true,"href":"https:\/\/soydeaqui.ddns.net\/pachuca\/index.php\/wp-json\/wp\/v2\/comments?post=30636"}],"wp:featuredmedia":[{"embeddable":true,"href":"https:\/\/soydeaqui.ddns.net\/pachuca\/index.php\/wp-json\/wp\/v2\/media\/30635"}],"wp:attachment":[{"href":"https:\/\/soydeaqui.ddns.net\/pachuca\/index.php\/wp-json\/wp\/v2\/media?parent=30636"}],"wp:term":[{"taxonomy":"product_brand","embeddable":true,"href":"https:\/\/soydeaqui.ddns.net\/pachuca\/index.php\/wp-json\/wp\/v2\/product_brand?post=30636"},{"taxonomy":"product_cat","embeddable":true,"href":"https:\/\/soydeaqui.ddns.net\/pachuca\/index.php\/wp-json\/wp\/v2\/product_cat?post=30636"},{"taxonomy":"product_tag","embeddable":true,"href":"https:\/\/soydeaqui.ddns.net\/pachuca\/index.php\/wp-json\/wp\/v2\/product_tag?post=30636"}],"curies":[{"name":"wp","href":"https:\/\/api.w.org\/{rel}","templated":true}]}}