{"id":30622,"date":"2026-03-18T13:51:47","date_gmt":"2026-03-18T13:51:47","guid":{"rendered":"https:\/\/soydeaqui.ddns.net\/pachuca\/index.php\/producto\/biometrico-multi-espectral-con-sensor-venus-y-lector-iclass-se-ip65\/"},"modified":"2026-03-18T13:51:48","modified_gmt":"2026-03-18T13:51:48","slug":"biometrico-multi-espectral-con-sensor-venus-y-lector-iclass-se-ip65","status":"publish","type":"product","link":"https:\/\/soydeaqui.ddns.net\/pachuca\/index.php\/producto\/biometrico-multi-espectral-con-sensor-venus-y-lector-iclass-se-ip65\/","title":{"rendered":"Biometrico Multi espectral con sensor venus y lector iClass SE \/ IP65"},"content":{"rendered":"<div style='width: 100%; max-width: 1200px; margin: 0 auto; font-family: sans-serif; line-height: 1.6; color: inherit; background-color: transparent;'> <!-- Descripci\u00f3n principal --> <\/p>\n<div style='margin-bottom: 30px;'>\n<p style='margin: 0 0 15px 0; color: inherit; font-size: 15px; line-height: 1.6;'>Utilizando lo mejor de sus clase en detecci\u00f3n de huellas&comma; el IDT se convierte en la mejor soluci\u00f3n multiprop\u00f3sito con recursos computacionales integrados de avanzada tecnolog\u00eda.<\/p>\n<p style='margin: 0 0 15px 0; color: inherit; font-size: 15px; line-height: 1.6;'>El IDT GATE tiene la opci\u00f3n de llevar integrado el sensor Mercury o el sensor Venus para la detecci\u00f3n de las huellas&comma; ambos con la tecnolog\u00eda de sensores Ludimign Futronic FS850.<\/p>\n<p style='margin: 0 0 15px 0; color: inherit; font-size: 15px; line-height: 1.6;'>Esta terminal integra una base de datos SQLite encriptada (AES128)&comma; con informaci\u00f3n de los usuarios y privilegios&comma; grupos&comma; zonas y m\u00e1s.<\/p>\n<p style='margin: 0; color: inherit; font-size: 15px; line-height: 1.6;'>El IDT GATE garantiza la identificaci\u00f3n en los ambientes m\u00e1s hostiles&comma; y la integraci\u00f3n con los diferentes sistemas en el mercado.<\/p>\n<\/p><\/div>\n<p> <!-- Secci\u00f3n de caracter\u00edsticas --> <\/p>\n<div style='display: flex; flex-wrap: wrap; gap: 30px; margin-bottom: 30px;'>\n<div style='flex: 1 1 300px; min-width: 280px;'>\n<h3 style='font-size: 22px; border-bottom: 2px solid currentColor; padding-bottom: 5px; margin-top: 0; color: inherit; opacity: 0.8;'>Caracter\u00edsticas principales<\/h3>\n<ul style='padding-left: 20px; font-size: 15px; color: inherit; list-style-type: disc;'>\n<li style='margin-bottom: 5px;'>Opciones de comunicaci\u00f3n: LAN&comma; RS485<\/li>\n<li style='margin-bottom: 5px;'>Detecci\u00f3n de dedos falsos<\/li>\n<li style='margin-bottom: 5px;'>Entrada y salida wiegand (26 \u2013 64 bits)<\/li>\n<li style='margin-bottom: 5px;'>Sensor multi espectral<\/li>\n<li style='margin-bottom: 5px;'>Lector de proximidad: iClass SE<\/li>\n<li style='margin-bottom: 5px;'>Capacidad de usuarios 1:5000 expandible a 1:10000 en modo stand alone<\/li>\n<li style='margin-bottom: 5px;'>Bit\u00e1cora de transacciones: 500&comma;000 eventos en memoria<\/li>\n<li style='margin-bottom: 5px;'>Indicador de energ\u00eda: Indicador LED naranja<\/li>\n<li style='margin-bottom: 5px;'>Certificaciones aprobadas: FCC&comma; CE&comma; RoHS&comma; IP65<\/li>\n<li style='margin-bottom: 5px;'>2 botones de funci\u00f3n<\/li>\n<li style='margin-bottom: 5px;'>2 entradas (tamper y monitor)<\/li>\n<li style='margin-bottom: 5px;'>LEDs indicadores del estatus de la verificaci\u00f3n: Autorizada&comma; Fallo&comma; Restringido<\/li>\n<li style='margin-bottom: 5px;'>2 relevadores para acceso: soporta chapas electromagn\u00e9ticas y contrachapas el\u00e9ctricas<\/li>\n<li style='margin-bottom: 5px;'>4 LEDs funcionales y 4 LEDs en display<\/li>\n<li style='margin-bottom: 5px;'>Entrada de energ\u00eda protegida<\/li>\n<li style='margin-bottom: 5px;'>Temperatura de operaci\u00f3n: 0 \u2013 60\u00b0C<\/li>\n<\/ul><\/div>\n<p> <!-- Modos de verificaci\u00f3n --> <\/p>\n<div style='flex: 1 1 300px; min-width: 280px;'>\n<h3 style='font-size: 22px; border-bottom: 2px solid currentColor; padding-bottom: 5px; margin-top: 0; color: inherit; opacity: 0.8;'>Modos de verificaci\u00f3n<\/h3>\n<ul style='padding-left: 20px; font-size: 15px; color: inherit; list-style-type: disc;'>\n<li style='margin-bottom: 5px;'>Solo huella&comma; solo tarjeta<\/li>\n<li style='margin-bottom: 5px;'>Smart card y\/o huella<\/li>\n<li style='margin-bottom: 5px;'>Huella y\/o tarjeta wiegand<\/li>\n<li style='margin-bottom: 5px;'>PIN (lector wiegand)<\/li>\n<\/ul><\/div>\n<\/p><\/div>\n<p> <!-- Videos --> <\/p>\n<div style='display: flex; flex-wrap: wrap; gap: 20px; margin-bottom: 30px;'>\n<div style='flex: 1 1 560px; min-width: 300px;'>\n<div style='position: relative; padding-bottom: 56.25%; height: 0; overflow: hidden;'>   <\/div>\n<\/p><\/div>\n<div style='flex: 1 1 560px; min-width: 300px;'>\n<div style='position: relative; padding-bottom: 56.25%; height: 0; overflow: hidden;'>   <\/div>\n<\/p><\/div>\n<div style='flex: 1 1 560px; min-width: 300px;'>\n<div style='position: relative; padding-bottom: 56.25%; height: 0; overflow: hidden;'>   <\/div>\n<\/p><\/div>\n<\/p><\/div>\n<\/p><\/div>\n","protected":false},"excerpt":{"rendered":"<p>Biometrico Multi espectral con sensor venus y lector iClass SE \/ IP65<\/p>\n","protected":false},"featured_media":30621,"comment_status":"open","ping_status":"closed","template":"","meta":[],"product_brand":[],"product_cat":[806],"product_tag":[744,960,807],"class_list":{"0":"post-30622","1":"product","2":"type-product","3":"status-publish","4":"has-post-thumbnail","6":"product_cat-para-control-de-acceso","7":"product_tag-biometricos","8":"product_tag-identytech","9":"product_tag-para-control-de-acceso","11":"first","12":"outofstock","13":"sale","14":"shipping-taxable","15":"purchasable","16":"product-type-simple"},"_links":{"self":[{"href":"https:\/\/soydeaqui.ddns.net\/pachuca\/index.php\/wp-json\/wp\/v2\/product\/30622","targetHints":{"allow":["GET"]}}],"collection":[{"href":"https:\/\/soydeaqui.ddns.net\/pachuca\/index.php\/wp-json\/wp\/v2\/product"}],"about":[{"href":"https:\/\/soydeaqui.ddns.net\/pachuca\/index.php\/wp-json\/wp\/v2\/types\/product"}],"replies":[{"embeddable":true,"href":"https:\/\/soydeaqui.ddns.net\/pachuca\/index.php\/wp-json\/wp\/v2\/comments?post=30622"}],"wp:featuredmedia":[{"embeddable":true,"href":"https:\/\/soydeaqui.ddns.net\/pachuca\/index.php\/wp-json\/wp\/v2\/media\/30621"}],"wp:attachment":[{"href":"https:\/\/soydeaqui.ddns.net\/pachuca\/index.php\/wp-json\/wp\/v2\/media?parent=30622"}],"wp:term":[{"taxonomy":"product_brand","embeddable":true,"href":"https:\/\/soydeaqui.ddns.net\/pachuca\/index.php\/wp-json\/wp\/v2\/product_brand?post=30622"},{"taxonomy":"product_cat","embeddable":true,"href":"https:\/\/soydeaqui.ddns.net\/pachuca\/index.php\/wp-json\/wp\/v2\/product_cat?post=30622"},{"taxonomy":"product_tag","embeddable":true,"href":"https:\/\/soydeaqui.ddns.net\/pachuca\/index.php\/wp-json\/wp\/v2\/product_tag?post=30622"}],"curies":[{"name":"wp","href":"https:\/\/api.w.org\/{rel}","templated":true}]}}