{"id":30607,"date":"2026-03-18T13:51:23","date_gmt":"2026-03-18T13:51:23","guid":{"rendered":"https:\/\/soydeaqui.ddns.net\/pachuca\/index.php\/producto\/licencia-cliente-adicional-de-aurora-de-keyscan\/"},"modified":"2026-03-18T13:51:24","modified_gmt":"2026-03-18T13:51:24","slug":"licencia-cliente-adicional-de-aurora-de-keyscan","status":"publish","type":"product","link":"https:\/\/soydeaqui.ddns.net\/pachuca\/index.php\/producto\/licencia-cliente-adicional-de-aurora-de-keyscan\/","title":{"rendered":"Licencia Cliente adicional de Aurora de Keyscan"},"content":{"rendered":"<div style='width: 100%; max-width: 1200px; margin: 0 auto; font-family: sans-serif; line-height: 1.6; color: inherit; background-color: transparent;'>\n<div style='display: flex; flex-wrap: wrap; gap: 30px; margin-bottom: 30px;'>\n<div style='flex: 1 1 300px; min-width: 280px;'> <img style='width: 100%; height: auto; border: 1px solid rgba(150&comma;150&comma;150&comma;0.3); border-radius: 8px;' src='http:\/\/ftp3.syscom.mx\/usuarios\/fotos\/TSCOMP\/69999-dorma-kaba-logo-data.gif' alt=''> <\/p>\n<p style='font-size: 15px; color: inherit; margin-top: 20px; margin-bottom: 20px;'>El software Aurora cuenta con m\u00f3dulos opcionales con licencia y complemento para una mejor integraci\u00f3n y la funcionalidad general del sistema.<\/p>\n<p>Los m\u00f3dulos opcionales con licencia se instalan durante el proceso de instalaci\u00f3n de Aurora.<\/p>\n<p>Al activar cualquier m\u00f3dulo opcional con licencia para su uso&comma; es necesario registrar el n\u00famero de licencia de un m\u00f3dulo&comma; siempre y cuando usted compre el m\u00f3dulo.<\/p>\n<div style='margin-top: 20px; margin-bottom: 30px;'>\n<ul style='padding-left: 20px; margin: 0; font-size: 15px; color: inherit; list-style-type: disc;'>\n<li style='margin-bottom: 5px;'>Capacidad para procesar 45&comma;000 tarjetas&comma; (con una expansi\u00f3n a 90&comma;000*)<\/li>\n<li style='margin-bottom: 5px;'>10 grupos asignados a un solo poseedor de tarjetas.<\/li>\n<li style='margin-bottom: 5px;'>Posibilidad de asignar m\u00faltiples tarjetas a un solo usuario.<\/li>\n<li style='margin-bottom: 5px;'>Campos opcionales ilimitados&comma; definidos por el usuario<\/li>\n<li style='margin-bottom: 5px;'>Impresionante comunicaci\u00f3n global entre paneles.<\/li>\n<li style='margin-bottom: 5px;'>Nueva estructura de comunicaci\u00f3n con m\u00faltiples hilos de ejecuci\u00f3n.<\/li>\n<li style='margin-bottom: 5px;'>M\u00f3dulos opcionales y adicionales con licencia para una mejor funcionalidad.<\/li>\n<li style='margin-bottom: 5px;'><strong>Este m\u00f3dulo es solo la estaci\u00f3n cliente&comma; requiere <a href='https:\/\/www.syscom.mx\/principal\/searchcont?route=AURORADOR-DORMAKABA-88925&#038;autodetect=aurora' target='_blank' rel='noopener' style='color: inherit; text-decoration: underline;'>AURORADOR<\/a><\/strong>.<\/li>\n<\/ul><\/div>\n<div style='margin-top: 20px;'>\n<p style='font-size: 15px; color: inherit; margin: 0;'><strong>Producto sobre pedido<\/strong><\/p>\n<\/p><\/div>\n<\/p><\/div>\n<\/p><\/div>\n<\/p><\/div>\n","protected":false},"excerpt":{"rendered":"<p>Licencia Cliente adicional de Aurora de Keyscan<\/p>\n","protected":false},"featured_media":30606,"comment_status":"open","ping_status":"closed","template":"","meta":[],"product_brand":[],"product_cat":[783],"product_tag":[785,867,784],"class_list":{"0":"post-30607","1":"product","2":"type-product","3":"status-publish","4":"has-post-thumbnail","6":"product_cat-controladores-de-acceso","7":"product_tag-controladores-de-acceso","8":"product_tag-keyscan-dormakaba","9":"product_tag-paneles-de-control-de-acceso","11":"first","12":"outofstock","13":"sale","14":"shipping-taxable","15":"purchasable","16":"product-type-simple"},"_links":{"self":[{"href":"https:\/\/soydeaqui.ddns.net\/pachuca\/index.php\/wp-json\/wp\/v2\/product\/30607","targetHints":{"allow":["GET"]}}],"collection":[{"href":"https:\/\/soydeaqui.ddns.net\/pachuca\/index.php\/wp-json\/wp\/v2\/product"}],"about":[{"href":"https:\/\/soydeaqui.ddns.net\/pachuca\/index.php\/wp-json\/wp\/v2\/types\/product"}],"replies":[{"embeddable":true,"href":"https:\/\/soydeaqui.ddns.net\/pachuca\/index.php\/wp-json\/wp\/v2\/comments?post=30607"}],"wp:featuredmedia":[{"embeddable":true,"href":"https:\/\/soydeaqui.ddns.net\/pachuca\/index.php\/wp-json\/wp\/v2\/media\/30606"}],"wp:attachment":[{"href":"https:\/\/soydeaqui.ddns.net\/pachuca\/index.php\/wp-json\/wp\/v2\/media?parent=30607"}],"wp:term":[{"taxonomy":"product_brand","embeddable":true,"href":"https:\/\/soydeaqui.ddns.net\/pachuca\/index.php\/wp-json\/wp\/v2\/product_brand?post=30607"},{"taxonomy":"product_cat","embeddable":true,"href":"https:\/\/soydeaqui.ddns.net\/pachuca\/index.php\/wp-json\/wp\/v2\/product_cat?post=30607"},{"taxonomy":"product_tag","embeddable":true,"href":"https:\/\/soydeaqui.ddns.net\/pachuca\/index.php\/wp-json\/wp\/v2\/product_tag?post=30607"}],"curies":[{"name":"wp","href":"https:\/\/api.w.org\/{rel}","templated":true}]}}