{"id":30592,"date":"2026-03-18T13:51:02","date_gmt":"2026-03-18T13:51:02","guid":{"rendered":"https:\/\/soydeaqui.ddns.net\/pachuca\/index.php\/producto\/software-para-sistemas-de-gestion-de-control-de-acceso-aurora-de-keyscan\/"},"modified":"2026-03-18T13:51:02","modified_gmt":"2026-03-18T13:51:02","slug":"software-para-sistemas-de-gestion-de-control-de-acceso-aurora-de-keyscan","status":"publish","type":"product","link":"https:\/\/soydeaqui.ddns.net\/pachuca\/index.php\/producto\/software-para-sistemas-de-gestion-de-control-de-acceso-aurora-de-keyscan\/","title":{"rendered":"Software para sistemas de gesti\u00f3n de control de acceso Aurora de Keyscan"},"content":{"rendered":"<div style='width: 100%; max-width: 1200px; margin: 0 auto; font-family: sans-serif; line-height: 1.6; color: inherit; background-color: transparent;'> <!-- Logo --> <\/p>\n<div style='text-align: center; margin-bottom: 30px;'> <img style='width: 400px; height: 42px; border: 1px solid rgba(150&comma;150&comma;150&comma;0.3); border-radius: 8px;' src='http:\/\/ftp3.syscom.mx\/usuarios\/fotos\/TSCOMP\/69999-dorma-kaba-logo-data.gif' alt='Logo'> <\/div>\n<p> <!-- Contenido principal --> <\/p>\n<div style='display: flex; flex-direction: column; gap: 20px;'>\n<div>\n<p style='margin: 0 0 15px 0; color: inherit;'>Para Keyscan&comma; Aurora representa el amanecer de una nueva era en el control de acceso. Es la culminaci\u00f3n de m\u00e1s de 25 a\u00f1os dedicados al control de acceso.<\/p>\n<p style='margin: 0 0 15px 0; color: inherit;'>Aurora pone a su disposici\u00f3n el poder de procesamiento y capacidades superiores de la nueva l\u00ednea de unidades de control de acceso de Keyscan. Con una interfaz totalmente redise\u00f1ada&comma; Aurora le ofrece una experiencia nueva&comma; que arraiga el compromiso de Keyscan con la innovaci\u00f3n y las ideas vanguardistas.<\/p>\n<p style='margin: 0 0 15px 0; color: inherit;'>Aurora brinda caracter\u00edsticas y capacidades impresionantes como:<\/p>\n<\/p><\/div>\n<p> <!-- Lista de caracter\u00edsticas --> <\/p>\n<ul style='padding-left: 20px; font-size: 15px; color: inherit; list-style-type: disc;'>\n<li style='margin-bottom: 8px;'>Capacidad para procesar 45&comma;000 tarjetas&comma; (con una expansi\u00f3n a 90&comma;000*)<\/li>\n<li style='margin-bottom: 8px;'>10 grupos asignados a un solo poseedor de tarjetas.<\/li>\n<li style='margin-bottom: 8px;'>Posibilidad de asignar m\u00faltiples tarjetas a un solo usuario.<\/li>\n<li style='margin-bottom: 8px;'>Campos opcionales ilimitados&comma; definidos por el usuario<\/li>\n<li style='margin-bottom: 8px;'>Impresionante comunicaci\u00f3n global entre paneles.<\/li>\n<li style='margin-bottom: 8px;'>Nueva estructura de comunicaci\u00f3n con m\u00faltiples hilos de ejecuci\u00f3n.<\/li>\n<li style='margin-bottom: 8px;'>M\u00f3dulos opcionales y adicionales con licencia para una mejor funcionalidad.<\/li>\n<li style='margin-bottom: 8px;'>Soporta hasta 75 paneles.<\/li>\n<li style='margin-bottom: 8px;'>256 Horarios y 511 Grupos de Acceso.<\/li>\n<li style='margin-bottom: 8px;'>Funci\u00f3n antipassback: Permisivo&comma; Restrictivo y Castigado por tiempo.<\/li>\n<li style='margin-bottom: 8px;'>Conozca los <a href='http:\/\/conocimiento.syscom.mx\/article\/formatos-compatibles-con-aurora-keyscan\/' target='_blank' rel='noopener' style='color: inherit; text-decoration: underline;'>formatos<\/a> de tarjetas compatibles con Keyscan.<\/li>\n<li style='margin-bottom: 8px;'><strong>Licencia Cliente Adicional:<\/strong> <a href='https:\/\/www.syscom.mx\/producto\/AURCL1-DORMAKABA-88920.html' target='_blank' rel='noopener' style='color: inherit; text-decoration: underline;'>AURCL1<\/a><\/li>\n<li style='margin-bottom: 8px;'><strong>Licencia Cliente-WEB:<\/strong> <a href='https:\/\/www.syscom.mx\/producto\/AURWEB-DORMAKABA-88924.html' target='_blank' rel='noopener' style='color: inherit; text-decoration: underline;'>AURWEB<\/a><\/li>\n<li style='margin-bottom: 8px;'>Descargue el software <a href='https:\/\/drive.google.com\/open?id=1JuxewHLNZzRs2HDpphLnugO4qqXPJrBt' target='_blank' rel='noopener' style='color: inherit; text-decoration: underline;'>aqu\u00ed<\/a> luego activese al comprar la licencia.<\/li>\n<\/ul>\n<p> <!-- Nota --> <\/p>\n<div style='background-color: #ffffff; color: #111827; padding: 15px; border-left: 4px solid #d1d5db; margin: 20px 0;'>\n<p style='margin: 0; font-weight: bold; color: inherit;'>NOTA: Ser\u00e1 necesario registrar su licencia en: <a href='http:\/\/keyscanregistration.ca\/' target='_blank' rel='noopener' style='color: inherit; text-decoration: underline;'>http:\/\/keyscanregistration.ca\/<\/a> para que esta sea v\u00e1lida.<\/p>\n<\/p><\/div>\n<p> <!-- Advertencia --> <\/p>\n<div style='background-color: #ffffff; color: #111827; padding: 15px; border-left: 4px solid #d1d5db; margin: 20px 0;'>\n<p style='margin: 0; font-weight: bold; color: inherit;'>Producto sobre pedido&comma; Soporte T\u00e9cnico Solo en Personal Certificado KEYSCAN<\/p>\n<\/p><\/div>\n<\/p><\/div>\n<\/p><\/div>\n","protected":false},"excerpt":{"rendered":"<p>Software para sistemas de gesti\u00f3n de control de acceso Aurora de Keyscan<\/p>\n","protected":false},"featured_media":30591,"comment_status":"open","ping_status":"closed","template":"","meta":[],"product_brand":[],"product_cat":[783],"product_tag":[785,867,784],"class_list":{"0":"post-30592","1":"product","2":"type-product","3":"status-publish","4":"has-post-thumbnail","6":"product_cat-controladores-de-acceso","7":"product_tag-controladores-de-acceso","8":"product_tag-keyscan-dormakaba","9":"product_tag-paneles-de-control-de-acceso","11":"first","12":"outofstock","13":"sale","14":"shipping-taxable","15":"purchasable","16":"product-type-simple"},"_links":{"self":[{"href":"https:\/\/soydeaqui.ddns.net\/pachuca\/index.php\/wp-json\/wp\/v2\/product\/30592","targetHints":{"allow":["GET"]}}],"collection":[{"href":"https:\/\/soydeaqui.ddns.net\/pachuca\/index.php\/wp-json\/wp\/v2\/product"}],"about":[{"href":"https:\/\/soydeaqui.ddns.net\/pachuca\/index.php\/wp-json\/wp\/v2\/types\/product"}],"replies":[{"embeddable":true,"href":"https:\/\/soydeaqui.ddns.net\/pachuca\/index.php\/wp-json\/wp\/v2\/comments?post=30592"}],"wp:featuredmedia":[{"embeddable":true,"href":"https:\/\/soydeaqui.ddns.net\/pachuca\/index.php\/wp-json\/wp\/v2\/media\/30591"}],"wp:attachment":[{"href":"https:\/\/soydeaqui.ddns.net\/pachuca\/index.php\/wp-json\/wp\/v2\/media?parent=30592"}],"wp:term":[{"taxonomy":"product_brand","embeddable":true,"href":"https:\/\/soydeaqui.ddns.net\/pachuca\/index.php\/wp-json\/wp\/v2\/product_brand?post=30592"},{"taxonomy":"product_cat","embeddable":true,"href":"https:\/\/soydeaqui.ddns.net\/pachuca\/index.php\/wp-json\/wp\/v2\/product_cat?post=30592"},{"taxonomy":"product_tag","embeddable":true,"href":"https:\/\/soydeaqui.ddns.net\/pachuca\/index.php\/wp-json\/wp\/v2\/product_tag?post=30592"}],"curies":[{"name":"wp","href":"https:\/\/api.w.org\/{rel}","templated":true}]}}